{"id":205,"date":"2022-02-04T16:11:45","date_gmt":"2022-02-04T16:11:45","guid":{"rendered":"https:\/\/multisite.labocosmetica.it\/en\/?page_id=205"},"modified":"2023-01-17T08:25:59","modified_gmt":"2023-01-17T08:25:59","slug":"uber-uns","status":"publish","type":"page","link":"https:\/\/multisite.labocosmetica.it\/de\/uber-uns\/","title":{"rendered":"\u00dcber uns"},"content":{"rendered":"\t\t<div data-elementor-type=\"wp-page\" data-elementor-id=\"205\" class=\"elementor elementor-205\" data-elementor-post-type=\"page\">\n\t\t\t\t\t\t<div class=\"elementor-inner\">\n\t\t\t\t<div class=\"elementor-section-wrap\">\n\t\t\t\t\t\t\t\t\t<section class=\"has_eae_slider elementor-section elementor-top-section elementor-element elementor-element-70ebcd1 elementor-section-full_width elementor-section-height-default elementor-section-height-default\" data-id=\"70ebcd1\" data-element_type=\"section\" data-settings=\"{&quot;jet_parallax_layout_list&quot;:[],&quot;background_background&quot;:&quot;classic&quot;}\">\n\t\t\t\t\t\t<div class=\"elementor-container elementor-column-gap-default\">\n\t\t\t\t\t\t\t<div class=\"elementor-row\">\n\t\t\t\t\t<div class=\"has_eae_slider elementor-column elementor-col-100 elementor-top-column elementor-element elementor-element-3c4cd68\" data-id=\"3c4cd68\" data-element_type=\"column\">\n\t\t\t<div class=\"elementor-column-wrap elementor-element-populated\">\n\t\t\t\t\t\t\t<div class=\"elementor-widget-wrap\">\n\t\t\t\t\t\t<div class=\"elementor-element elementor-element-ba388d5 elementor-widget elementor-widget-heading\" data-id=\"ba388d5\" data-element_type=\"widget\" data-widget_type=\"heading.default\">\n\t\t\t\t<div class=\"elementor-widget-container\">\n\t\t\t<h2 class=\"elementor-heading-title elementor-size-default\">LEIDENSCHAFT UND INNOVATION<\/h2>\t\t<\/div>\n\t\t\t\t<\/div>\n\t\t\t\t<section class=\"has_eae_slider elementor-section elementor-inner-section elementor-element elementor-element-af1dfe3 elementor-section-full_width elementor-reverse-tablet elementor-reverse-mobile elementor-section-height-default elementor-section-height-default\" data-id=\"af1dfe3\" data-element_type=\"section\" data-settings=\"{&quot;jet_parallax_layout_list&quot;:[]}\">\n\t\t\t\t\t\t<div class=\"elementor-container elementor-column-gap-default\">\n\t\t\t\t\t\t\t<div class=\"elementor-row\">\n\t\t\t\t\t<div class=\"has_eae_slider elementor-column elementor-col-50 elementor-inner-column elementor-element elementor-element-1174bb8\" data-id=\"1174bb8\" data-element_type=\"column\" data-settings=\"{&quot;background_background&quot;:&quot;classic&quot;}\">\n\t\t\t<div class=\"elementor-column-wrap elementor-element-populated\">\n\t\t\t\t\t\t\t<div class=\"elementor-widget-wrap\">\n\t\t\t\t\t\t<div class=\"elementor-element elementor-element-a3b8482 elementor-widget elementor-widget-heading\" data-id=\"a3b8482\" data-element_type=\"widget\" data-widget_type=\"heading.default\">\n\t\t\t\t<div class=\"elementor-widget-container\">\n\t\t\t<h2 class=\"elementor-heading-title elementor-size-default\">Die Essenz der Produkte von #Labocosmetica<\/h2>\t\t<\/div>\n\t\t\t\t<\/div>\n\t\t\t\t<div class=\"elementor-element elementor-element-4c97a18 elementor-widget elementor-widget-text-editor\" data-id=\"4c97a18\" data-element_type=\"widget\" data-widget_type=\"text-editor.default\">\n\t\t\t\t<div class=\"elementor-widget-container\">\n\t\t\t\t\t\t\t\t<div class=\"elementor-text-editor elementor-clearfix\">\n\t\t\t\t<p><strong>Ein Konzentrat aus Technologie<\/strong>, Innovation und Anwendungstechniken f\u00fcr diejenigen, die das Maximum f\u00fcr die Pflege und den Schutz ihres Fahrzeugs verlangen: Das ist <strong>#Labocosmetica<\/strong>, ein sehr hochwertiges Programm zusammengestellt von spezifischen Produkten f\u00fcr die Autoaufbereitung, die innovative Disziplin, die in der Lage ist, allen Oberfl\u00e4chen ihren Glanz zur\u00fcckzugeben und sie im Laufe der Zeit zu sch\u00fctzen.<\/p><p><strong>Geboren aus der tiefen Leidenschaft<\/strong>, die das Unternehmen seit jeher mit der Welt der <strong>Autopflege<\/strong> verbindet, wurde die Linie <strong>#Labocosmetica<\/strong> geschaffen, um den Anforderungen von professionelle Detaillierer, bis heute ist es ein Bezugspunkt f\u00fcr alle Enthusiasten auf internationaler Ebene geworden.<\/p><p><strong>#Labocosmetica-Produkte<\/strong> werden in den <strong>Forschungs-<\/strong> und <strong>Entwicklungs-<\/strong> <strong>Labors<\/strong> des Unternehmens <strong>entwickelt<\/strong> und sind alle <strong>hergestellt in Italien<\/strong>. Die enge Zusammenarbeit mit professionellen Detailern hat es erm\u00f6glicht, ein Sortiment zu schaffen, das die Behandlungszeiten optimiert und gleichzeitig immer ein hervorragendes Finish in jeder der 5 Phasen garantiert, die den Detailing-Prozess garantieren: Waschen, Dekontamination, Polieren, Schutz und Pflege.<\/p><p>Es geht nicht nur um Produkte, sondern auch um Schulungen. <strong>#Labocosmetica<\/strong> bietet einen spezifischen Schulungskurs an, der darauf ausgelegt ist, die Techniken der <strong>Autoaufbereitung<\/strong> zu kennen und zu vertiefen. Mit dem breiten Angebot an <a href=\"https:\/\/detailingschool.it\/\" target=\"_blank\" rel=\"noopener\"><strong>Detailing<\/strong> <strong>School<\/strong> <strong>Kursen <\/strong><\/a>, Profis und Enthusiasten k\u00f6nnen alle Techniken dieser au\u00dfergew\u00f6hnlichen Disziplin erlernen, um eine Detaillierung nach den Regeln der Kunst durchzuf\u00fchren, an allen Innen- und Au\u00dfenteilen an jedem Ort, an welchem \u200b\u200bAuto.<\/p>\t\t\t\t\t<\/div>\n\t\t\t\t\t\t<\/div>\n\t\t\t\t<\/div>\n\t\t\t\t\t\t<\/div>\n\t\t\t\t\t<\/div>\n\t\t<\/div>\n\t\t\t\t<div class=\"has_eae_slider elementor-column elementor-col-50 elementor-inner-column elementor-element elementor-element-bf0940e\" data-id=\"bf0940e\" data-element_type=\"column\">\n\t\t\t<div class=\"elementor-column-wrap elementor-element-populated\">\n\t\t\t\t\t\t\t<div class=\"elementor-widget-wrap\">\n\t\t\t\t\t\t<div class=\"elementor-element elementor-element-15f4bcf elementor-widget elementor-widget-video\" data-id=\"15f4bcf\" data-element_type=\"widget\" data-settings=\"{&quot;youtube_url&quot;:&quot;https:\\\/\\\/youtu.be\\\/Aka65mcrmjs&quot;,&quot;yt_privacy&quot;:&quot;yes&quot;,&quot;autoplay&quot;:&quot;yes&quot;,&quot;play_on_mobile&quot;:&quot;yes&quot;,&quot;mute&quot;:&quot;yes&quot;,&quot;video_type&quot;:&quot;youtube&quot;,&quot;controls&quot;:&quot;yes&quot;}\" data-widget_type=\"video.default\">\n\t\t\t\t<div class=\"elementor-widget-container\">\n\t\t\t\t\t<div class=\"elementor-wrapper elementor-open-inline\">\n\t\t\t<div class=\"elementor-video\"><\/div>\t\t<\/div>\n\t\t\t\t<\/div>\n\t\t\t\t<\/div>\n\t\t\t\t\t\t<\/div>\n\t\t\t\t\t<\/div>\n\t\t<\/div>\n\t\t\t\t\t\t\t\t<\/div>\n\t\t\t\t\t<\/div>\n\t\t<\/section>\n\t\t\t\t\t\t<\/div>\n\t\t\t\t\t<\/div>\n\t\t<\/div>\n\t\t\t\t\t\t\t\t<\/div>\n\t\t\t\t\t<\/div>\n\t\t<\/section>\n\t\t\t\t\t\t\t\t\t<\/div>\n\t\t\t<\/div>\n\t\t\t\t\t<\/div>\n\t\t","protected":false},"excerpt":{"rendered":"<p>LEIDENSCHAFT UND INNOVATION Die Essenz der Produkte von #Labocosmetica Ein Konzentrat aus Technologie, Innovation und Anwendungstechniken f\u00fcr diejenigen, die das Maximum f\u00fcr die Pflege und den Schutz ihres Fahrzeugs verlangen: Das ist #Labocosmetica, ein sehr hochwertiges Programm zusammengestellt von spezifischen Produkten f\u00fcr die Autoaufbereitung, die innovative Disziplin, die in der Lage ist, allen Oberfl\u00e4chen ihren&#8230;<\/p>\n","protected":false},"author":1,"featured_media":0,"parent":0,"menu_order":0,"comment_status":"closed","ping_status":"closed","template":"","meta":{"_kad_post_transparent":"","_kad_post_title":"hide","_kad_post_layout":"fullwidth","_kad_post_sidebar_id":"","_kad_post_content_style":"unboxed","_kad_post_vertical_padding":"hide","_kad_post_feature":"hide","_kad_post_feature_position":"","_kad_post_header":false,"_kad_post_footer":false,"footnotes":""},"class_list":["post-205","page","type-page","status-publish","hentry"],"acf":[],"yoast_head":"<!-- This site is optimized with the Yoast SEO Premium plugin v18.5 (Yoast SEO v20.11) - https:\/\/yoast.com\/wordpress\/plugins\/seo\/ -->\n<title>\u00dcber uns - #Labocosmetica<\/title>\n<meta name=\"description\" content=\"Entdecken Sie die Essenz der Produkte von Labocosmetica. Ein Konzentrat aus Technologie, Innovation und Anwendungstechniken f\u00fcr Spezialisten, die das Maximum f\u00fcr die Pflege und den Schutz ihres Fahrzeugs verlangen.\" \/>\n<meta name=\"robots\" content=\"index, follow, max-snippet:-1, max-image-preview:large, max-video-preview:-1\" \/>\n<link rel=\"canonical\" href=\"https:\/\/multisite.labocosmetica.it\/de\/uber-uns\/\" \/>\n<meta property=\"og:locale\" content=\"de_DE\" \/>\n<meta property=\"og:type\" content=\"article\" \/>\n<meta property=\"og:title\" content=\"\u00dcber uns\" \/>\n<meta property=\"og:description\" content=\"Entdecken Sie die Essenz der Produkte von Labocosmetica. Ein Konzentrat aus Technologie, Innovation und Anwendungstechniken f\u00fcr Spezialisten, die das Maximum f\u00fcr die Pflege und den Schutz ihres Fahrzeugs verlangen.\" \/>\n<meta property=\"og:url\" content=\"https:\/\/multisite.labocosmetica.it\/de\/uber-uns\/\" \/>\n<meta property=\"og:site_name\" content=\"#LABOCOSMETICA - DE - NEW\" \/>\n<meta property=\"article:modified_time\" content=\"2023-01-17T08:25:59+00:00\" \/>\n<meta name=\"twitter:card\" content=\"summary_large_image\" \/>\n<meta name=\"twitter:label1\" content=\"Gesch\u00e4tzte Lesezeit\" \/>\n\t<meta name=\"twitter:data1\" content=\"2\u00a0Minuten\" \/>\n<script type=\"application\/ld+json\" class=\"yoast-schema-graph\">{\"@context\":\"https:\/\/schema.org\",\"@graph\":[{\"@type\":\"WebPage\",\"@id\":\"https:\/\/multisite.labocosmetica.it\/de\/uber-uns\/\",\"url\":\"https:\/\/multisite.labocosmetica.it\/de\/uber-uns\/\",\"name\":\"\u00dcber uns - #Labocosmetica\",\"isPartOf\":{\"@id\":\"https:\/\/multisite.labocosmetica.it\/de\/#website\"},\"datePublished\":\"2022-02-04T16:11:45+00:00\",\"dateModified\":\"2023-01-17T08:25:59+00:00\",\"description\":\"Entdecken Sie die Essenz der Produkte von Labocosmetica. Ein Konzentrat aus Technologie, Innovation und Anwendungstechniken f\u00fcr Spezialisten, die das Maximum f\u00fcr die Pflege und den Schutz ihres Fahrzeugs verlangen.\",\"breadcrumb\":{\"@id\":\"https:\/\/multisite.labocosmetica.it\/de\/uber-uns\/#breadcrumb\"},\"inLanguage\":\"de\",\"potentialAction\":[{\"@type\":\"ReadAction\",\"target\":[\"https:\/\/multisite.labocosmetica.it\/de\/uber-uns\/\"]}]},{\"@type\":\"BreadcrumbList\",\"@id\":\"https:\/\/multisite.labocosmetica.it\/de\/uber-uns\/#breadcrumb\",\"itemListElement\":[{\"@type\":\"ListItem\",\"position\":1,\"name\":\"Home\",\"item\":\"https:\/\/multisite.labocosmetica.it\/de\/\"},{\"@type\":\"ListItem\",\"position\":2,\"name\":\"\u00dcber uns\"}]},{\"@type\":\"WebSite\",\"@id\":\"https:\/\/multisite.labocosmetica.it\/de\/#website\",\"url\":\"https:\/\/multisite.labocosmetica.it\/de\/\",\"name\":\"#LABOCOSMETICA - DE - NEW\",\"description\":\"For the best hands, for the best cars\",\"potentialAction\":[{\"@type\":\"SearchAction\",\"target\":{\"@type\":\"EntryPoint\",\"urlTemplate\":\"https:\/\/multisite.labocosmetica.it\/de\/?s={search_term_string}\"},\"query-input\":\"required name=search_term_string\"}],\"inLanguage\":\"de\"}]}<\/script>\n<!-- \/ Yoast SEO Premium plugin. -->","yoast_head_json":{"title":"\u00dcber uns - #Labocosmetica","description":"Entdecken Sie die Essenz der Produkte von Labocosmetica. Ein Konzentrat aus Technologie, Innovation und Anwendungstechniken f\u00fcr Spezialisten, die das Maximum f\u00fcr die Pflege und den Schutz ihres Fahrzeugs verlangen.","robots":{"index":"index","follow":"follow","max-snippet":"max-snippet:-1","max-image-preview":"max-image-preview:large","max-video-preview":"max-video-preview:-1"},"canonical":"https:\/\/multisite.labocosmetica.it\/de\/uber-uns\/","og_locale":"de_DE","og_type":"article","og_title":"\u00dcber uns","og_description":"Entdecken Sie die Essenz der Produkte von Labocosmetica. Ein Konzentrat aus Technologie, Innovation und Anwendungstechniken f\u00fcr Spezialisten, die das Maximum f\u00fcr die Pflege und den Schutz ihres Fahrzeugs verlangen.","og_url":"https:\/\/multisite.labocosmetica.it\/de\/uber-uns\/","og_site_name":"#LABOCOSMETICA - DE - NEW","article_modified_time":"2023-01-17T08:25:59+00:00","twitter_card":"summary_large_image","twitter_misc":{"Gesch\u00e4tzte Lesezeit":"2\u00a0Minuten"},"schema":{"@context":"https:\/\/schema.org","@graph":[{"@type":"WebPage","@id":"https:\/\/multisite.labocosmetica.it\/de\/uber-uns\/","url":"https:\/\/multisite.labocosmetica.it\/de\/uber-uns\/","name":"\u00dcber uns - #Labocosmetica","isPartOf":{"@id":"https:\/\/multisite.labocosmetica.it\/de\/#website"},"datePublished":"2022-02-04T16:11:45+00:00","dateModified":"2023-01-17T08:25:59+00:00","description":"Entdecken Sie die Essenz der Produkte von Labocosmetica. Ein Konzentrat aus Technologie, Innovation und Anwendungstechniken f\u00fcr Spezialisten, die das Maximum f\u00fcr die Pflege und den Schutz ihres Fahrzeugs verlangen.","breadcrumb":{"@id":"https:\/\/multisite.labocosmetica.it\/de\/uber-uns\/#breadcrumb"},"inLanguage":"de","potentialAction":[{"@type":"ReadAction","target":["https:\/\/multisite.labocosmetica.it\/de\/uber-uns\/"]}]},{"@type":"BreadcrumbList","@id":"https:\/\/multisite.labocosmetica.it\/de\/uber-uns\/#breadcrumb","itemListElement":[{"@type":"ListItem","position":1,"name":"Home","item":"https:\/\/multisite.labocosmetica.it\/de\/"},{"@type":"ListItem","position":2,"name":"\u00dcber uns"}]},{"@type":"WebSite","@id":"https:\/\/multisite.labocosmetica.it\/de\/#website","url":"https:\/\/multisite.labocosmetica.it\/de\/","name":"#LABOCOSMETICA - DE - NEW","description":"For the best hands, for the best cars","potentialAction":[{"@type":"SearchAction","target":{"@type":"EntryPoint","urlTemplate":"https:\/\/multisite.labocosmetica.it\/de\/?s={search_term_string}"},"query-input":"required name=search_term_string"}],"inLanguage":"de"}]}},"_links":{"self":[{"href":"https:\/\/multisite.labocosmetica.it\/de\/wp-json\/wp\/v2\/pages\/205","targetHints":{"allow":["GET"]}}],"collection":[{"href":"https:\/\/multisite.labocosmetica.it\/de\/wp-json\/wp\/v2\/pages"}],"about":[{"href":"https:\/\/multisite.labocosmetica.it\/de\/wp-json\/wp\/v2\/types\/page"}],"author":[{"embeddable":true,"href":"https:\/\/multisite.labocosmetica.it\/de\/wp-json\/wp\/v2\/users\/1"}],"replies":[{"embeddable":true,"href":"https:\/\/multisite.labocosmetica.it\/de\/wp-json\/wp\/v2\/comments?post=205"}],"version-history":[{"count":58,"href":"https:\/\/multisite.labocosmetica.it\/de\/wp-json\/wp\/v2\/pages\/205\/revisions"}],"predecessor-version":[{"id":4408,"href":"https:\/\/multisite.labocosmetica.it\/de\/wp-json\/wp\/v2\/pages\/205\/revisions\/4408"}],"wp:attachment":[{"href":"https:\/\/multisite.labocosmetica.it\/de\/wp-json\/wp\/v2\/media?parent=205"}],"curies":[{"name":"wp","href":"https:\/\/api.w.org\/{rel}","templated":true}]}}