{"id":2165,"date":"2022-02-25T11:29:51","date_gmt":"2022-02-25T11:29:51","guid":{"rendered":"https:\/\/multisite.labocosmetica.it\/en\/?post_type=product&#038;p=2165"},"modified":"2023-01-17T09:16:56","modified_gmt":"2023-01-17T09:16:56","slug":"lubrifica-500ml-schmiermittel-zum-klettern-und-schleifen","status":"publish","type":"product","link":"https:\/\/multisite.labocosmetica.it\/de\/product\/lubrifica-500ml-schmiermittel-zum-klettern-und-schleifen\/","title":{"rendered":"#LUBRIFICA"},"content":{"rendered":"<p>Innovative Formel: Erzeugt ein antihaftendes und geschmiertes Kissen, das die Reibung minimiert und es dem Tonriegel erm\u00f6glicht, sicher \u00fcber die Oberfl\u00e4che zu gleiten, Kratzer oder Wirbel zu vermeiden und maximale Effizienz und Schmierung selbst bei extrem abrasiven Tonst\u00e4ben, Tonhandschuhen oder Tonbl\u00f6cken aufrechtzuerhalten.<\/p>\n<p>Hohe Schmierung: Dank seiner starken Schmiereigenschaften ist es auch ideal zum Schleifen oder Polieren. Es kann auch zum Grundieren des Pads vor und w\u00e4hrend des Polierens verwendet werden, um die Arbeitszeit zu verl\u00e4ngern; und erleichtern die Arbeit mit stark abrasiven Verbindungen.<\/p>\n<p>Es hinterl\u00e4sst keine R\u00fcckst\u00e4nde, Flecken oder Schlieren: Ideal zum Reinigen der Oberfl\u00e4che nach dem Polieren, da es keine R\u00fcckst\u00e4nde hinterl\u00e4sst und das Fahrzeug nach Gebrauch nicht abgesp\u00fclt werden muss.<br \/>\nEs enth\u00e4lt keine Silane und beeintr\u00e4chtigt daher nicht den Polierzyklus und das Auftragen von Schutzfilmen.<br \/>\nHohe Reinigungskapazit\u00e4t: Erm\u00f6glicht die Reinigung der Oberfl\u00e4che von Staub und R\u00fcckst\u00e4nden, die w\u00e4hrend der Polierphase entstehen, ohne Spuren oder Streifen zu hinterlassen.<br \/>\nFrei von Farbpigmenten: Ideal zum Aufbringen von Glasfolien.<br \/>\nIdeal zum Auftragen von PPF: Seine Formel erleichtert das Auftragen von Anti-Stein-Schutzfolien und ver\u00e4ndert die Farbe nicht.<\/p>\n","protected":false},"excerpt":{"rendered":"<p>LUBRICANT FOR CLAYING AND SANDING<\/p>\n","protected":false},"featured_media":2345,"comment_status":"open","ping_status":"closed","template":"","meta":{"_kad_post_transparent":"default","_kad_post_title":"","_kad_post_layout":"default","_kad_post_sidebar_id":"","_kad_post_content_style":"default","_kad_post_vertical_padding":"default","_kad_post_feature":"","_kad_post_feature_position":"","_kad_post_header":false,"_kad_post_footer":false},"product_cat":[89,90,87],"product_tag":[],"class_list":["post-2165","product","type-product","status-publish","has-post-thumbnail","hentry","product_cat-dekontamination","product_cat-korrektur-und-polieren","product_cat-wartung","wvs-archive-product-wrapper","entry","content-bg","loop-entry"],"acf":[],"yoast_head":"<!-- This site is optimized with the Yoast SEO Premium plugin v18.5 (Yoast SEO v20.11) - https:\/\/yoast.com\/wordpress\/plugins\/seo\/ -->\n<title>#Lubrifica 500ml | Schmiermittel zum Klettern und Schleifen<\/title>\n<meta name=\"description\" content=\"#Lubrifica 500ml #Labocosmetica ist ein Autoschmiermittel, das besonders f\u00fcr Tonstange, Tonhandschuh oder Tonblock und f\u00fcr die Schleifphase geeignet ist. Das Produkt l\u00e4sst die Tonstange leicht rutschen, l\u00f6st keine Streifen frei und eignet sich ideal zum Reinigen der Oberfl\u00e4che nach dem Polieren.\" \/>\n<meta name=\"robots\" content=\"index, follow, max-snippet:-1, max-image-preview:large, max-video-preview:-1\" \/>\n<link rel=\"canonical\" href=\"https:\/\/multisite.labocosmetica.it\/de\/product\/lubrifica-500ml-schmiermittel-zum-klettern-und-schleifen\/\" \/>\n<meta property=\"og:locale\" content=\"de_DE\" \/>\n<meta property=\"og:type\" content=\"article\" \/>\n<meta property=\"og:title\" content=\"#LUBRIFICA\" \/>\n<meta property=\"og:description\" content=\"#Lubrifica 500ml #Labocosmetica ist ein Autoschmiermittel, das besonders f\u00fcr Tonstange, Tonhandschuh oder Tonblock und f\u00fcr die Schleifphase geeignet ist. Das Produkt l\u00e4sst die Tonstange leicht rutschen, l\u00f6st keine Streifen frei und eignet sich ideal zum Reinigen der Oberfl\u00e4che nach dem Polieren.\" \/>\n<meta property=\"og:url\" content=\"https:\/\/multisite.labocosmetica.it\/de\/product\/lubrifica-500ml-schmiermittel-zum-klettern-und-schleifen\/\" \/>\n<meta property=\"og:site_name\" content=\"#LABOCOSMETICA - DE - NEW\" \/>\n<meta property=\"article:modified_time\" content=\"2023-01-17T09:16:56+00:00\" \/>\n<meta property=\"og:image\" content=\"https:\/\/multisite.labocosmetica.it\/de\/wp-content\/uploads\/sites\/13\/2022\/02\/LUBRIFICA.jpg\" \/>\n\t<meta property=\"og:image:width\" content=\"800\" \/>\n\t<meta property=\"og:image:height\" content=\"800\" \/>\n\t<meta property=\"og:image:type\" content=\"image\/jpeg\" \/>\n<meta name=\"twitter:card\" content=\"summary_large_image\" \/>\n<meta name=\"twitter:label1\" content=\"Gesch\u00e4tzte Lesezeit\" \/>\n\t<meta name=\"twitter:data1\" content=\"1\u00a0Minute\" \/>\n<script type=\"application\/ld+json\" class=\"yoast-schema-graph\">{\"@context\":\"https:\/\/schema.org\",\"@graph\":[{\"@type\":\"WebPage\",\"@id\":\"https:\/\/multisite.labocosmetica.it\/de\/product\/lubrifica-500ml-schmiermittel-zum-klettern-und-schleifen\/\",\"url\":\"https:\/\/multisite.labocosmetica.it\/de\/product\/lubrifica-500ml-schmiermittel-zum-klettern-und-schleifen\/\",\"name\":\"#Lubrifica 500ml | Schmiermittel zum Klettern und Schleifen\",\"isPartOf\":{\"@id\":\"https:\/\/multisite.labocosmetica.it\/de\/#website\"},\"datePublished\":\"2022-02-25T11:29:51+00:00\",\"dateModified\":\"2023-01-17T09:16:56+00:00\",\"description\":\"#Lubrifica 500ml #Labocosmetica ist ein Autoschmiermittel, das besonders f\u00fcr Tonstange, Tonhandschuh oder Tonblock und f\u00fcr die Schleifphase geeignet ist. Das Produkt l\u00e4sst die Tonstange leicht rutschen, l\u00f6st keine Streifen frei und eignet sich ideal zum Reinigen der Oberfl\u00e4che nach dem Polieren.\",\"breadcrumb\":{\"@id\":\"https:\/\/multisite.labocosmetica.it\/de\/product\/lubrifica-500ml-schmiermittel-zum-klettern-und-schleifen\/#breadcrumb\"},\"inLanguage\":\"de\",\"potentialAction\":[{\"@type\":\"ReadAction\",\"target\":[\"https:\/\/multisite.labocosmetica.it\/de\/product\/lubrifica-500ml-schmiermittel-zum-klettern-und-schleifen\/\"]}]},{\"@type\":\"BreadcrumbList\",\"@id\":\"https:\/\/multisite.labocosmetica.it\/de\/product\/lubrifica-500ml-schmiermittel-zum-klettern-und-schleifen\/#breadcrumb\",\"itemListElement\":[{\"@type\":\"ListItem\",\"position\":1,\"name\":\"Home\",\"item\":\"https:\/\/multisite.labocosmetica.it\/de\/\"},{\"@type\":\"ListItem\",\"position\":2,\"name\":\"Shop\",\"item\":\"https:\/\/multisite.labocosmetica.it\/de\/shop\/\"},{\"@type\":\"ListItem\",\"position\":3,\"name\":\"#LUBRIFICA\"}]},{\"@type\":\"WebSite\",\"@id\":\"https:\/\/multisite.labocosmetica.it\/de\/#website\",\"url\":\"https:\/\/multisite.labocosmetica.it\/de\/\",\"name\":\"#LABOCOSMETICA - DE - NEW\",\"description\":\"For the best hands, for the best cars\",\"potentialAction\":[{\"@type\":\"SearchAction\",\"target\":{\"@type\":\"EntryPoint\",\"urlTemplate\":\"https:\/\/multisite.labocosmetica.it\/de\/?s={search_term_string}\"},\"query-input\":\"required name=search_term_string\"}],\"inLanguage\":\"de\"}]}<\/script>\n<!-- \/ Yoast SEO Premium plugin. -->","yoast_head_json":{"title":"#Lubrifica 500ml | Schmiermittel zum Klettern und Schleifen","description":"#Lubrifica 500ml #Labocosmetica ist ein Autoschmiermittel, das besonders f\u00fcr Tonstange, Tonhandschuh oder Tonblock und f\u00fcr die Schleifphase geeignet ist. Das Produkt l\u00e4sst die Tonstange leicht rutschen, l\u00f6st keine Streifen frei und eignet sich ideal zum Reinigen der Oberfl\u00e4che nach dem Polieren.","robots":{"index":"index","follow":"follow","max-snippet":"max-snippet:-1","max-image-preview":"max-image-preview:large","max-video-preview":"max-video-preview:-1"},"canonical":"https:\/\/multisite.labocosmetica.it\/de\/product\/lubrifica-500ml-schmiermittel-zum-klettern-und-schleifen\/","og_locale":"de_DE","og_type":"article","og_title":"#LUBRIFICA","og_description":"#Lubrifica 500ml #Labocosmetica ist ein Autoschmiermittel, das besonders f\u00fcr Tonstange, Tonhandschuh oder Tonblock und f\u00fcr die Schleifphase geeignet ist. Das Produkt l\u00e4sst die Tonstange leicht rutschen, l\u00f6st keine Streifen frei und eignet sich ideal zum Reinigen der Oberfl\u00e4che nach dem Polieren.","og_url":"https:\/\/multisite.labocosmetica.it\/de\/product\/lubrifica-500ml-schmiermittel-zum-klettern-und-schleifen\/","og_site_name":"#LABOCOSMETICA - DE - NEW","article_modified_time":"2023-01-17T09:16:56+00:00","og_image":[{"width":800,"height":800,"url":"https:\/\/multisite.labocosmetica.it\/de\/wp-content\/uploads\/sites\/13\/2022\/02\/LUBRIFICA.jpg","type":"image\/jpeg"}],"twitter_card":"summary_large_image","twitter_misc":{"Gesch\u00e4tzte Lesezeit":"1\u00a0Minute"},"schema":{"@context":"https:\/\/schema.org","@graph":[{"@type":"WebPage","@id":"https:\/\/multisite.labocosmetica.it\/de\/product\/lubrifica-500ml-schmiermittel-zum-klettern-und-schleifen\/","url":"https:\/\/multisite.labocosmetica.it\/de\/product\/lubrifica-500ml-schmiermittel-zum-klettern-und-schleifen\/","name":"#Lubrifica 500ml | Schmiermittel zum Klettern und Schleifen","isPartOf":{"@id":"https:\/\/multisite.labocosmetica.it\/de\/#website"},"datePublished":"2022-02-25T11:29:51+00:00","dateModified":"2023-01-17T09:16:56+00:00","description":"#Lubrifica 500ml #Labocosmetica ist ein Autoschmiermittel, das besonders f\u00fcr Tonstange, Tonhandschuh oder Tonblock und f\u00fcr die Schleifphase geeignet ist. Das Produkt l\u00e4sst die Tonstange leicht rutschen, l\u00f6st keine Streifen frei und eignet sich ideal zum Reinigen der Oberfl\u00e4che nach dem Polieren.","breadcrumb":{"@id":"https:\/\/multisite.labocosmetica.it\/de\/product\/lubrifica-500ml-schmiermittel-zum-klettern-und-schleifen\/#breadcrumb"},"inLanguage":"de","potentialAction":[{"@type":"ReadAction","target":["https:\/\/multisite.labocosmetica.it\/de\/product\/lubrifica-500ml-schmiermittel-zum-klettern-und-schleifen\/"]}]},{"@type":"BreadcrumbList","@id":"https:\/\/multisite.labocosmetica.it\/de\/product\/lubrifica-500ml-schmiermittel-zum-klettern-und-schleifen\/#breadcrumb","itemListElement":[{"@type":"ListItem","position":1,"name":"Home","item":"https:\/\/multisite.labocosmetica.it\/de\/"},{"@type":"ListItem","position":2,"name":"Shop","item":"https:\/\/multisite.labocosmetica.it\/de\/shop\/"},{"@type":"ListItem","position":3,"name":"#LUBRIFICA"}]},{"@type":"WebSite","@id":"https:\/\/multisite.labocosmetica.it\/de\/#website","url":"https:\/\/multisite.labocosmetica.it\/de\/","name":"#LABOCOSMETICA - DE - NEW","description":"For the best hands, for the best cars","potentialAction":[{"@type":"SearchAction","target":{"@type":"EntryPoint","urlTemplate":"https:\/\/multisite.labocosmetica.it\/de\/?s={search_term_string}"},"query-input":"required name=search_term_string"}],"inLanguage":"de"}]}},"_links":{"self":[{"href":"https:\/\/multisite.labocosmetica.it\/de\/wp-json\/wp\/v2\/product\/2165","targetHints":{"allow":["GET"]}}],"collection":[{"href":"https:\/\/multisite.labocosmetica.it\/de\/wp-json\/wp\/v2\/product"}],"about":[{"href":"https:\/\/multisite.labocosmetica.it\/de\/wp-json\/wp\/v2\/types\/product"}],"replies":[{"embeddable":true,"href":"https:\/\/multisite.labocosmetica.it\/de\/wp-json\/wp\/v2\/comments?post=2165"}],"wp:featuredmedia":[{"embeddable":true,"href":"https:\/\/multisite.labocosmetica.it\/de\/wp-json\/wp\/v2\/media\/2345"}],"wp:attachment":[{"href":"https:\/\/multisite.labocosmetica.it\/de\/wp-json\/wp\/v2\/media?parent=2165"}],"wp:term":[{"taxonomy":"product_cat","embeddable":true,"href":"https:\/\/multisite.labocosmetica.it\/de\/wp-json\/wp\/v2\/product_cat?post=2165"},{"taxonomy":"product_tag","embeddable":true,"href":"https:\/\/multisite.labocosmetica.it\/de\/wp-json\/wp\/v2\/product_tag?post=2165"}],"curies":[{"name":"wp","href":"https:\/\/api.w.org\/{rel}","templated":true}]}}