{"id":3156,"date":"2022-03-14T16:15:36","date_gmt":"2022-03-14T16:15:36","guid":{"rendered":"https:\/\/multisite.labocosmetica.it\/en\/?post_type=product&#038;p=3156"},"modified":"2023-03-17T09:15:59","modified_gmt":"2023-03-17T09:15:59","slug":"kit-coating-sam-hpc-high-hydrophobic-nano-keramikschild","status":"publish","type":"product","link":"https:\/\/multisite.labocosmetica.it\/de\/product\/kit-coating-sam-hpc-high-hydrophobic-nano-keramikschild\/","title":{"rendered":"#SAM + #HPC"},"content":{"rendered":"<p><strong>#SAM<\/strong> ist eine Art eigenst\u00e4ndige Beschichtung, die dank der zugrunde liegenden Self Assembled Monolayer-Technologie als Einzelschicht aufgetragen werden kann und einen effektiven chemisch-physikalischen Schutz auf jeder Art von Karosserie garantiert. <strong>#SAM<\/strong>, einmal auf die Oberfl\u00e4che aufgetragen, bildet spontan eine Beschichtung dank der chemischen Absorption und Selbstorganisation organischer Molek\u00fcle, die aus reaktiven <strong>\u201eKopfgruppen\u201c<\/strong> und aus chemischen Gruppen, die als \u201efunktionelle\u201c ausgew\u00e4hlt werden (funktionalisierte Molek\u00fcle), bestehen, um die zu erhalten beste Balance zwischen physischem Schutz und hydrophober Leistung.<br \/>\nDie Anwendung auf speziell vorbereiteten Oberfl\u00e4chen ist notwendig, um die oberfl\u00e4chenaktiven Stellen zu \u201ebefreien\u201c, mit denen <strong>#SAM<\/strong> eine stabile chemische Bindung eingehen wird, und so die bestm\u00f6gliche Ausbeute in Bezug auf Wirksamkeit und Haltbarkeit zu erzielen.<\/p>\n<p><strong>#HPC<\/strong> ebnet den Weg zu einer neuen Kategorie von Beschichtungen f\u00fcr \u00dcberz\u00fcge. Dank seines Nanotechnologie-Hydrogel-Systems bildet es eine hydrophobe Membran mit einer Polymermatrix, die aus <strong>\u201eBausteinen\u201c<\/strong> besteht, die sich bei Raumtemperatur vernetzen und direkt auf der Oberfl\u00e4che verankern und eine sehr widerstandsf\u00e4hige und elastische Schicht erzeugen.<\/p>\n<p><strong>#HPC<\/strong> ist best\u00e4ndig gegen chemische und salzhaltige Aggressionen sowie gegen UV-Strahlen, die Korrosion und nicht entfernbare Flecken verursachen, und hat auch Antifouling-Eigenschaften. Seine Besonderheit ist seine antistatische und schmutzabweisende Eigenschaft, die es Ihnen erm\u00f6glicht, das Auto l\u00e4nger sauber zu halten.<\/p>\n<p>Die <strong>#HPC<\/strong>-Beschichtung kann allein oder als sch\u00fctzende Deckschicht auf die anderen Beschichtungen der <strong>#Labocosmetica<\/strong>-Linie aufgetragen werden.<\/p>\n<p>Die Polymermembran von <strong>#HPC<\/strong> verleiht einen dreidimensionalen Glanz, der einen tiefen Glanz garantiert und die Farbe des Lacks verst\u00e4rkt.<\/p>\n<p>Sicherheit: Es ist PFAS-frei und entspricht dem Gehalt an fl\u00fcchtigen organischen Bestandteilen (VOCs) gem\u00e4\u00df der Richtlinie 2004\/42\/EG und der Analysemethode gem\u00e4\u00df UNI EN ISO 11890-1:2008.<\/p>\n","protected":false},"excerpt":{"rendered":"<p>#SAM ist eine Art eigenst\u00e4ndige Beschichtung, die dank der zugrunde liegenden Self Assembled Monolayer-Technologie als Einzelschicht aufgetragen werden kann und einen effektiven chemisch-physikalischen Schutz auf jeder Art von Karosserie garantiert. #SAM, einmal auf die Oberfl\u00e4che aufgetragen, bildet spontan eine Beschichtung dank der chemischen Absorption und Selbstorganisation organischer Molek\u00fcle, die aus reaktiven \u201eKopfgruppen\u201c und aus chemischen&#8230;<\/p>\n","protected":false},"featured_media":4482,"comment_status":"open","ping_status":"closed","template":"","meta":{"_kad_post_transparent":"default","_kad_post_title":"","_kad_post_layout":"default","_kad_post_sidebar_id":"","_kad_post_content_style":"default","_kad_post_vertical_padding":"default","_kad_post_feature":"","_kad_post_feature_position":"","_kad_post_header":false,"_kad_post_footer":false},"product_cat":[88],"product_tag":[],"class_list":["post-3156","product","type-product","status-publish","has-post-thumbnail","hentry","product_cat-schutz","wvs-archive-product-wrapper","entry","content-bg","loop-entry"],"acf":[],"yoast_head":"<!-- This site is optimized with the Yoast SEO Premium plugin v18.5 (Yoast SEO v20.11) - https:\/\/yoast.com\/wordpress\/plugins\/seo\/ -->\n<title>Kit -Beschichtung #sam #HPC High hydrophobic Nano Keramikschild | #Labocosmetica<\/title>\n<meta name=\"description\" content=\"Beschichtungskit #sam #HPC #labocosmetics | #Sam Keramikhydrophobe eigenst\u00e4ndige Beschichtung garantiert einen wirksamen chemisch-physischen Schutz f\u00fcr alle Arten von K\u00f6rperarbeit. #HPC dank seiner Nano-Hydro-Gel-Systemtechnologie schafft eine hydrophobe Polymermatrixmembran.\" \/>\n<meta name=\"robots\" content=\"index, follow, max-snippet:-1, max-image-preview:large, max-video-preview:-1\" \/>\n<link rel=\"canonical\" href=\"https:\/\/multisite.labocosmetica.it\/de\/product\/kit-coating-sam-hpc-high-hydrophobic-nano-keramikschild\/\" \/>\n<meta property=\"og:locale\" content=\"de_DE\" \/>\n<meta property=\"og:type\" content=\"article\" \/>\n<meta property=\"og:title\" content=\"#SAM + #HPC\" \/>\n<meta property=\"og:description\" content=\"Beschichtungskit #sam #HPC #labocosmetics | #Sam Keramikhydrophobe eigenst\u00e4ndige Beschichtung garantiert einen wirksamen chemisch-physischen Schutz f\u00fcr alle Arten von K\u00f6rperarbeit. #HPC dank seiner Nano-Hydro-Gel-Systemtechnologie schafft eine hydrophobe Polymermatrixmembran.\" \/>\n<meta property=\"og:url\" content=\"https:\/\/multisite.labocosmetica.it\/de\/product\/kit-coating-sam-hpc-high-hydrophobic-nano-keramikschild\/\" \/>\n<meta property=\"og:site_name\" content=\"#LABOCOSMETICA - DE - NEW\" \/>\n<meta property=\"article:modified_time\" content=\"2023-03-17T09:15:59+00:00\" \/>\n<meta property=\"og:image\" content=\"https:\/\/multisite.labocosmetica.it\/de\/wp-content\/uploads\/sites\/13\/2022\/03\/sam-hpc-labocosmetica-High-hydrophobic-Nano-Keramikschild.jpg\" \/>\n\t<meta property=\"og:image:width\" content=\"1200\" \/>\n\t<meta property=\"og:image:height\" content=\"1200\" \/>\n\t<meta property=\"og:image:type\" content=\"image\/jpeg\" \/>\n<meta name=\"twitter:card\" content=\"summary_large_image\" \/>\n<meta name=\"twitter:label1\" content=\"Gesch\u00e4tzte Lesezeit\" \/>\n\t<meta name=\"twitter:data1\" content=\"2\u00a0Minuten\" \/>\n<script type=\"application\/ld+json\" class=\"yoast-schema-graph\">{\"@context\":\"https:\/\/schema.org\",\"@graph\":[{\"@type\":\"WebPage\",\"@id\":\"https:\/\/multisite.labocosmetica.it\/de\/product\/kit-coating-sam-hpc-high-hydrophobic-nano-keramikschild\/\",\"url\":\"https:\/\/multisite.labocosmetica.it\/de\/product\/kit-coating-sam-hpc-high-hydrophobic-nano-keramikschild\/\",\"name\":\"Kit -Beschichtung #sam #HPC High hydrophobic Nano Keramikschild | #Labocosmetica\",\"isPartOf\":{\"@id\":\"https:\/\/multisite.labocosmetica.it\/de\/#website\"},\"datePublished\":\"2022-03-14T16:15:36+00:00\",\"dateModified\":\"2023-03-17T09:15:59+00:00\",\"description\":\"Beschichtungskit #sam #HPC #labocosmetics | #Sam Keramikhydrophobe eigenst\u00e4ndige Beschichtung garantiert einen wirksamen chemisch-physischen Schutz f\u00fcr alle Arten von K\u00f6rperarbeit. #HPC dank seiner Nano-Hydro-Gel-Systemtechnologie schafft eine hydrophobe Polymermatrixmembran.\",\"breadcrumb\":{\"@id\":\"https:\/\/multisite.labocosmetica.it\/de\/product\/kit-coating-sam-hpc-high-hydrophobic-nano-keramikschild\/#breadcrumb\"},\"inLanguage\":\"de\",\"potentialAction\":[{\"@type\":\"ReadAction\",\"target\":[\"https:\/\/multisite.labocosmetica.it\/de\/product\/kit-coating-sam-hpc-high-hydrophobic-nano-keramikschild\/\"]}]},{\"@type\":\"BreadcrumbList\",\"@id\":\"https:\/\/multisite.labocosmetica.it\/de\/product\/kit-coating-sam-hpc-high-hydrophobic-nano-keramikschild\/#breadcrumb\",\"itemListElement\":[{\"@type\":\"ListItem\",\"position\":1,\"name\":\"Home\",\"item\":\"https:\/\/multisite.labocosmetica.it\/de\/\"},{\"@type\":\"ListItem\",\"position\":2,\"name\":\"Shop\",\"item\":\"https:\/\/multisite.labocosmetica.it\/de\/shop\/\"},{\"@type\":\"ListItem\",\"position\":3,\"name\":\"#SAM + #HPC\"}]},{\"@type\":\"WebSite\",\"@id\":\"https:\/\/multisite.labocosmetica.it\/de\/#website\",\"url\":\"https:\/\/multisite.labocosmetica.it\/de\/\",\"name\":\"#LABOCOSMETICA - DE - NEW\",\"description\":\"For the best hands, for the best cars\",\"potentialAction\":[{\"@type\":\"SearchAction\",\"target\":{\"@type\":\"EntryPoint\",\"urlTemplate\":\"https:\/\/multisite.labocosmetica.it\/de\/?s={search_term_string}\"},\"query-input\":\"required name=search_term_string\"}],\"inLanguage\":\"de\"}]}<\/script>\n<!-- \/ Yoast SEO Premium plugin. -->","yoast_head_json":{"title":"Kit -Beschichtung #sam #HPC High hydrophobic Nano Keramikschild | #Labocosmetica","description":"Beschichtungskit #sam #HPC #labocosmetics | #Sam Keramikhydrophobe eigenst\u00e4ndige Beschichtung garantiert einen wirksamen chemisch-physischen Schutz f\u00fcr alle Arten von K\u00f6rperarbeit. #HPC dank seiner Nano-Hydro-Gel-Systemtechnologie schafft eine hydrophobe Polymermatrixmembran.","robots":{"index":"index","follow":"follow","max-snippet":"max-snippet:-1","max-image-preview":"max-image-preview:large","max-video-preview":"max-video-preview:-1"},"canonical":"https:\/\/multisite.labocosmetica.it\/de\/product\/kit-coating-sam-hpc-high-hydrophobic-nano-keramikschild\/","og_locale":"de_DE","og_type":"article","og_title":"#SAM + #HPC","og_description":"Beschichtungskit #sam #HPC #labocosmetics | #Sam Keramikhydrophobe eigenst\u00e4ndige Beschichtung garantiert einen wirksamen chemisch-physischen Schutz f\u00fcr alle Arten von K\u00f6rperarbeit. #HPC dank seiner Nano-Hydro-Gel-Systemtechnologie schafft eine hydrophobe Polymermatrixmembran.","og_url":"https:\/\/multisite.labocosmetica.it\/de\/product\/kit-coating-sam-hpc-high-hydrophobic-nano-keramikschild\/","og_site_name":"#LABOCOSMETICA - DE - NEW","article_modified_time":"2023-03-17T09:15:59+00:00","og_image":[{"width":1200,"height":1200,"url":"https:\/\/multisite.labocosmetica.it\/de\/wp-content\/uploads\/sites\/13\/2022\/03\/sam-hpc-labocosmetica-High-hydrophobic-Nano-Keramikschild.jpg","type":"image\/jpeg"}],"twitter_card":"summary_large_image","twitter_misc":{"Gesch\u00e4tzte Lesezeit":"2\u00a0Minuten"},"schema":{"@context":"https:\/\/schema.org","@graph":[{"@type":"WebPage","@id":"https:\/\/multisite.labocosmetica.it\/de\/product\/kit-coating-sam-hpc-high-hydrophobic-nano-keramikschild\/","url":"https:\/\/multisite.labocosmetica.it\/de\/product\/kit-coating-sam-hpc-high-hydrophobic-nano-keramikschild\/","name":"Kit -Beschichtung #sam #HPC High hydrophobic Nano Keramikschild | #Labocosmetica","isPartOf":{"@id":"https:\/\/multisite.labocosmetica.it\/de\/#website"},"datePublished":"2022-03-14T16:15:36+00:00","dateModified":"2023-03-17T09:15:59+00:00","description":"Beschichtungskit #sam #HPC #labocosmetics | #Sam Keramikhydrophobe eigenst\u00e4ndige Beschichtung garantiert einen wirksamen chemisch-physischen Schutz f\u00fcr alle Arten von K\u00f6rperarbeit. #HPC dank seiner Nano-Hydro-Gel-Systemtechnologie schafft eine hydrophobe Polymermatrixmembran.","breadcrumb":{"@id":"https:\/\/multisite.labocosmetica.it\/de\/product\/kit-coating-sam-hpc-high-hydrophobic-nano-keramikschild\/#breadcrumb"},"inLanguage":"de","potentialAction":[{"@type":"ReadAction","target":["https:\/\/multisite.labocosmetica.it\/de\/product\/kit-coating-sam-hpc-high-hydrophobic-nano-keramikschild\/"]}]},{"@type":"BreadcrumbList","@id":"https:\/\/multisite.labocosmetica.it\/de\/product\/kit-coating-sam-hpc-high-hydrophobic-nano-keramikschild\/#breadcrumb","itemListElement":[{"@type":"ListItem","position":1,"name":"Home","item":"https:\/\/multisite.labocosmetica.it\/de\/"},{"@type":"ListItem","position":2,"name":"Shop","item":"https:\/\/multisite.labocosmetica.it\/de\/shop\/"},{"@type":"ListItem","position":3,"name":"#SAM + #HPC"}]},{"@type":"WebSite","@id":"https:\/\/multisite.labocosmetica.it\/de\/#website","url":"https:\/\/multisite.labocosmetica.it\/de\/","name":"#LABOCOSMETICA - DE - NEW","description":"For the best hands, for the best cars","potentialAction":[{"@type":"SearchAction","target":{"@type":"EntryPoint","urlTemplate":"https:\/\/multisite.labocosmetica.it\/de\/?s={search_term_string}"},"query-input":"required name=search_term_string"}],"inLanguage":"de"}]}},"_links":{"self":[{"href":"https:\/\/multisite.labocosmetica.it\/de\/wp-json\/wp\/v2\/product\/3156","targetHints":{"allow":["GET"]}}],"collection":[{"href":"https:\/\/multisite.labocosmetica.it\/de\/wp-json\/wp\/v2\/product"}],"about":[{"href":"https:\/\/multisite.labocosmetica.it\/de\/wp-json\/wp\/v2\/types\/product"}],"replies":[{"embeddable":true,"href":"https:\/\/multisite.labocosmetica.it\/de\/wp-json\/wp\/v2\/comments?post=3156"}],"wp:featuredmedia":[{"embeddable":true,"href":"https:\/\/multisite.labocosmetica.it\/de\/wp-json\/wp\/v2\/media\/4482"}],"wp:attachment":[{"href":"https:\/\/multisite.labocosmetica.it\/de\/wp-json\/wp\/v2\/media?parent=3156"}],"wp:term":[{"taxonomy":"product_cat","embeddable":true,"href":"https:\/\/multisite.labocosmetica.it\/de\/wp-json\/wp\/v2\/product_cat?post=3156"},{"taxonomy":"product_tag","embeddable":true,"href":"https:\/\/multisite.labocosmetica.it\/de\/wp-json\/wp\/v2\/product_tag?post=3156"}],"curies":[{"name":"wp","href":"https:\/\/api.w.org\/{rel}","templated":true}]}}