{"id":3161,"date":"2022-03-14T16:25:26","date_gmt":"2022-03-14T16:25:26","guid":{"rendered":"https:\/\/multisite.labocosmetica.it\/en\/?post_type=product&#038;p=3161"},"modified":"2023-01-17T09:50:13","modified_gmt":"2023-01-17T09:50:13","slug":"kit-coating-stc-hpc-nano-hybrid-keramik-autolackschutz","status":"publish","type":"product","link":"https:\/\/multisite.labocosmetica.it\/de\/product\/kit-coating-stc-hpc-nano-hybrid-keramik-autolackschutz\/","title":{"rendered":"#STC + #HPC"},"content":{"rendered":"<p><strong>#STC besteht zu 70 % aus einer physikalischen und zu 30 %<\/strong> aus einer chemischen Beschichtung. Es handelt sich um eine <strong>COMPLETE SEALANT PROTECTIVE<\/strong> Keramikbehandlung, die einen lang anhaltenden Schutz gew\u00e4hrleistet, indem sie eine hohe Best\u00e4ndigkeit gegen Kratzer, Verunreinigungen wie Streusalz, Teer, sauren Regen, Luftverschmutzung und UV-Strahlen bietet. Dank seiner Eigenschaften macht es die behandelte Oberfl\u00e4che leicht abwaschbar und verleiht der Karosserie eine lebendige Farbe, einen tiefen und dreidimensionalen Glanz.<\/p>\n<p><strong>#HPC<\/strong> ebnet den Weg zu einer neuen Kategorie von Beschichtungen f\u00fcr \u00dcberz\u00fcge. Dank seines Nanotechnologie-Hydrogel-Systems bildet es eine hydrophobe Membran mit einer Polymermatrix, die aus \u201eBausteinen\u201c besteht, die sich bei Raumtemperatur vernetzen und direkt auf der Oberfl\u00e4che verankern und eine sehr widerstandsf\u00e4hige und elastische Schicht erzeugen.<\/p>\n<p><strong>#HPC<\/strong> ist best\u00e4ndig gegen chemische und salzhaltige Aggressionen sowie gegen UV-Strahlen, die Korrosion und nicht entfernbare Flecken verursachen, und hat auch Antifouling-Eigenschaften. Seine Besonderheit ist seine antistatische und schmutzabweisende Eigenschaft, die es Ihnen erm\u00f6glicht, das Auto l\u00e4nger sauber zu halten.<\/p>\n<p><strong>SCHUTZ STC+ HPC 6 Jahre | 90.000 km (mit Wartungsprogramm)<\/strong><\/p>\n<p>Sicherheit: Es ist <strong>PFAS-frei<\/strong> und entspricht dem Gehalt an fl\u00fcchtigen organischen Bestandteilen (VOCs) gem\u00e4\u00df der Richtlinie 2004\/42\/EG und der Analysemethode gem\u00e4\u00df UNI EN ISO 11890-1:2008.<\/p>\n","protected":false},"excerpt":{"rendered":"<p>AUTHORIZED USERS ONLY<\/p>\n","protected":false},"featured_media":3171,"comment_status":"open","ping_status":"closed","template":"","meta":{"_kad_post_transparent":"default","_kad_post_title":"","_kad_post_layout":"default","_kad_post_sidebar_id":"","_kad_post_content_style":"default","_kad_post_vertical_padding":"default","_kad_post_feature":"","_kad_post_feature_position":"","_kad_post_header":false,"_kad_post_footer":false},"product_cat":[88],"product_tag":[],"class_list":["post-3161","product","type-product","status-publish","has-post-thumbnail","hentry","product_cat-schutz","wvs-archive-product-wrapper","entry","content-bg","loop-entry"],"acf":[],"yoast_head":"<!-- This site is optimized with the Yoast SEO Premium plugin v18.5 (Yoast SEO v20.11) - https:\/\/yoast.com\/wordpress\/plugins\/seo\/ -->\n<title>Kit -Beschichtung #sam #HPC High hydrophobic Nano Keramikschild | #Labocosmetica Kit -Beschichtung #STC #HPC Nano Hybrid Keramikauto -Farbschutz | #Labocosmetica<\/title>\n<meta name=\"description\" content=\"Kit -Beschichtung #STC #HPC #labocosmetica Pro, #STC Permanent Nano Ceramic Car Coating 70% physikalischer und 30% Chemikalie, H\u00e4rte, Flexibilit\u00e4t und sehr reflektierendes glasartiges Glanz. #HPC mit Nanohydro-Gel-System erzeugt eine hydrophobe Polymermatrixmembran.\" \/>\n<meta name=\"robots\" content=\"index, follow, max-snippet:-1, max-image-preview:large, max-video-preview:-1\" \/>\n<link rel=\"canonical\" href=\"https:\/\/multisite.labocosmetica.it\/de\/product\/kit-coating-stc-hpc-nano-hybrid-keramik-autolackschutz\/\" \/>\n<meta property=\"og:locale\" content=\"de_DE\" \/>\n<meta property=\"og:type\" content=\"article\" \/>\n<meta property=\"og:title\" content=\"#STC + #HPC\" \/>\n<meta property=\"og:description\" content=\"Kit -Beschichtung #STC #HPC #labocosmetica Pro, #STC Permanent Nano Ceramic Car Coating 70% physikalischer und 30% Chemikalie, H\u00e4rte, Flexibilit\u00e4t und sehr reflektierendes glasartiges Glanz. #HPC mit Nanohydro-Gel-System erzeugt eine hydrophobe Polymermatrixmembran.\" \/>\n<meta property=\"og:url\" content=\"https:\/\/multisite.labocosmetica.it\/de\/product\/kit-coating-stc-hpc-nano-hybrid-keramik-autolackschutz\/\" \/>\n<meta property=\"og:site_name\" content=\"#LABOCOSMETICA - DE - NEW\" \/>\n<meta property=\"article:modified_time\" content=\"2023-01-17T09:50:13+00:00\" \/>\n<meta property=\"og:image\" content=\"https:\/\/multisite.labocosmetica.it\/de\/wp-content\/uploads\/sites\/13\/2022\/03\/stchpc-1.jpg\" \/>\n\t<meta property=\"og:image:width\" content=\"800\" \/>\n\t<meta property=\"og:image:height\" content=\"800\" \/>\n\t<meta property=\"og:image:type\" content=\"image\/jpeg\" \/>\n<meta name=\"twitter:card\" content=\"summary_large_image\" \/>\n<meta name=\"twitter:label1\" content=\"Gesch\u00e4tzte Lesezeit\" \/>\n\t<meta name=\"twitter:data1\" content=\"1\u00a0Minute\" \/>\n<script type=\"application\/ld+json\" class=\"yoast-schema-graph\">{\"@context\":\"https:\/\/schema.org\",\"@graph\":[{\"@type\":\"WebPage\",\"@id\":\"https:\/\/multisite.labocosmetica.it\/de\/product\/kit-coating-stc-hpc-nano-hybrid-keramik-autolackschutz\/\",\"url\":\"https:\/\/multisite.labocosmetica.it\/de\/product\/kit-coating-stc-hpc-nano-hybrid-keramik-autolackschutz\/\",\"name\":\"Kit -Beschichtung #sam #HPC High hydrophobic Nano Keramikschild | #Labocosmetica Kit -Beschichtung #STC #HPC Nano Hybrid Keramikauto -Farbschutz | #Labocosmetica\",\"isPartOf\":{\"@id\":\"https:\/\/multisite.labocosmetica.it\/de\/#website\"},\"datePublished\":\"2022-03-14T16:25:26+00:00\",\"dateModified\":\"2023-01-17T09:50:13+00:00\",\"description\":\"Kit -Beschichtung #STC #HPC #labocosmetica Pro, #STC Permanent Nano Ceramic Car Coating 70% physikalischer und 30% Chemikalie, H\u00e4rte, Flexibilit\u00e4t und sehr reflektierendes glasartiges Glanz. #HPC mit Nanohydro-Gel-System erzeugt eine hydrophobe Polymermatrixmembran.\",\"breadcrumb\":{\"@id\":\"https:\/\/multisite.labocosmetica.it\/de\/product\/kit-coating-stc-hpc-nano-hybrid-keramik-autolackschutz\/#breadcrumb\"},\"inLanguage\":\"de\",\"potentialAction\":[{\"@type\":\"ReadAction\",\"target\":[\"https:\/\/multisite.labocosmetica.it\/de\/product\/kit-coating-stc-hpc-nano-hybrid-keramik-autolackschutz\/\"]}]},{\"@type\":\"BreadcrumbList\",\"@id\":\"https:\/\/multisite.labocosmetica.it\/de\/product\/kit-coating-stc-hpc-nano-hybrid-keramik-autolackschutz\/#breadcrumb\",\"itemListElement\":[{\"@type\":\"ListItem\",\"position\":1,\"name\":\"Home\",\"item\":\"https:\/\/multisite.labocosmetica.it\/de\/\"},{\"@type\":\"ListItem\",\"position\":2,\"name\":\"Shop\",\"item\":\"https:\/\/multisite.labocosmetica.it\/de\/shop\/\"},{\"@type\":\"ListItem\",\"position\":3,\"name\":\"#STC + #HPC\"}]},{\"@type\":\"WebSite\",\"@id\":\"https:\/\/multisite.labocosmetica.it\/de\/#website\",\"url\":\"https:\/\/multisite.labocosmetica.it\/de\/\",\"name\":\"#LABOCOSMETICA - DE - NEW\",\"description\":\"For the best hands, for the best cars\",\"potentialAction\":[{\"@type\":\"SearchAction\",\"target\":{\"@type\":\"EntryPoint\",\"urlTemplate\":\"https:\/\/multisite.labocosmetica.it\/de\/?s={search_term_string}\"},\"query-input\":\"required name=search_term_string\"}],\"inLanguage\":\"de\"}]}<\/script>\n<!-- \/ Yoast SEO Premium plugin. -->","yoast_head_json":{"title":"Kit -Beschichtung #sam #HPC High hydrophobic Nano Keramikschild | #Labocosmetica Kit -Beschichtung #STC #HPC Nano Hybrid Keramikauto -Farbschutz | #Labocosmetica","description":"Kit -Beschichtung #STC #HPC #labocosmetica Pro, #STC Permanent Nano Ceramic Car Coating 70% physikalischer und 30% Chemikalie, H\u00e4rte, Flexibilit\u00e4t und sehr reflektierendes glasartiges Glanz. #HPC mit Nanohydro-Gel-System erzeugt eine hydrophobe Polymermatrixmembran.","robots":{"index":"index","follow":"follow","max-snippet":"max-snippet:-1","max-image-preview":"max-image-preview:large","max-video-preview":"max-video-preview:-1"},"canonical":"https:\/\/multisite.labocosmetica.it\/de\/product\/kit-coating-stc-hpc-nano-hybrid-keramik-autolackschutz\/","og_locale":"de_DE","og_type":"article","og_title":"#STC + #HPC","og_description":"Kit -Beschichtung #STC #HPC #labocosmetica Pro, #STC Permanent Nano Ceramic Car Coating 70% physikalischer und 30% Chemikalie, H\u00e4rte, Flexibilit\u00e4t und sehr reflektierendes glasartiges Glanz. #HPC mit Nanohydro-Gel-System erzeugt eine hydrophobe Polymermatrixmembran.","og_url":"https:\/\/multisite.labocosmetica.it\/de\/product\/kit-coating-stc-hpc-nano-hybrid-keramik-autolackschutz\/","og_site_name":"#LABOCOSMETICA - DE - NEW","article_modified_time":"2023-01-17T09:50:13+00:00","og_image":[{"width":800,"height":800,"url":"https:\/\/multisite.labocosmetica.it\/de\/wp-content\/uploads\/sites\/13\/2022\/03\/stchpc-1.jpg","type":"image\/jpeg"}],"twitter_card":"summary_large_image","twitter_misc":{"Gesch\u00e4tzte Lesezeit":"1\u00a0Minute"},"schema":{"@context":"https:\/\/schema.org","@graph":[{"@type":"WebPage","@id":"https:\/\/multisite.labocosmetica.it\/de\/product\/kit-coating-stc-hpc-nano-hybrid-keramik-autolackschutz\/","url":"https:\/\/multisite.labocosmetica.it\/de\/product\/kit-coating-stc-hpc-nano-hybrid-keramik-autolackschutz\/","name":"Kit -Beschichtung #sam #HPC High hydrophobic Nano Keramikschild | #Labocosmetica Kit -Beschichtung #STC #HPC Nano Hybrid Keramikauto -Farbschutz | #Labocosmetica","isPartOf":{"@id":"https:\/\/multisite.labocosmetica.it\/de\/#website"},"datePublished":"2022-03-14T16:25:26+00:00","dateModified":"2023-01-17T09:50:13+00:00","description":"Kit -Beschichtung #STC #HPC #labocosmetica Pro, #STC Permanent Nano Ceramic Car Coating 70% physikalischer und 30% Chemikalie, H\u00e4rte, Flexibilit\u00e4t und sehr reflektierendes glasartiges Glanz. #HPC mit Nanohydro-Gel-System erzeugt eine hydrophobe Polymermatrixmembran.","breadcrumb":{"@id":"https:\/\/multisite.labocosmetica.it\/de\/product\/kit-coating-stc-hpc-nano-hybrid-keramik-autolackschutz\/#breadcrumb"},"inLanguage":"de","potentialAction":[{"@type":"ReadAction","target":["https:\/\/multisite.labocosmetica.it\/de\/product\/kit-coating-stc-hpc-nano-hybrid-keramik-autolackschutz\/"]}]},{"@type":"BreadcrumbList","@id":"https:\/\/multisite.labocosmetica.it\/de\/product\/kit-coating-stc-hpc-nano-hybrid-keramik-autolackschutz\/#breadcrumb","itemListElement":[{"@type":"ListItem","position":1,"name":"Home","item":"https:\/\/multisite.labocosmetica.it\/de\/"},{"@type":"ListItem","position":2,"name":"Shop","item":"https:\/\/multisite.labocosmetica.it\/de\/shop\/"},{"@type":"ListItem","position":3,"name":"#STC + #HPC"}]},{"@type":"WebSite","@id":"https:\/\/multisite.labocosmetica.it\/de\/#website","url":"https:\/\/multisite.labocosmetica.it\/de\/","name":"#LABOCOSMETICA - DE - NEW","description":"For the best hands, for the best cars","potentialAction":[{"@type":"SearchAction","target":{"@type":"EntryPoint","urlTemplate":"https:\/\/multisite.labocosmetica.it\/de\/?s={search_term_string}"},"query-input":"required name=search_term_string"}],"inLanguage":"de"}]}},"_links":{"self":[{"href":"https:\/\/multisite.labocosmetica.it\/de\/wp-json\/wp\/v2\/product\/3161","targetHints":{"allow":["GET"]}}],"collection":[{"href":"https:\/\/multisite.labocosmetica.it\/de\/wp-json\/wp\/v2\/product"}],"about":[{"href":"https:\/\/multisite.labocosmetica.it\/de\/wp-json\/wp\/v2\/types\/product"}],"replies":[{"embeddable":true,"href":"https:\/\/multisite.labocosmetica.it\/de\/wp-json\/wp\/v2\/comments?post=3161"}],"wp:featuredmedia":[{"embeddable":true,"href":"https:\/\/multisite.labocosmetica.it\/de\/wp-json\/wp\/v2\/media\/3171"}],"wp:attachment":[{"href":"https:\/\/multisite.labocosmetica.it\/de\/wp-json\/wp\/v2\/media?parent=3161"}],"wp:term":[{"taxonomy":"product_cat","embeddable":true,"href":"https:\/\/multisite.labocosmetica.it\/de\/wp-json\/wp\/v2\/product_cat?post=3161"},{"taxonomy":"product_tag","embeddable":true,"href":"https:\/\/multisite.labocosmetica.it\/de\/wp-json\/wp\/v2\/product_tag?post=3161"}],"curies":[{"name":"wp","href":"https:\/\/api.w.org\/{rel}","templated":true}]}}