{"id":3423,"date":"2022-05-18T13:28:13","date_gmt":"2022-05-18T13:28:13","guid":{"rendered":"https:\/\/multisite.labocosmetica.it\/en\/?post_type=product&#038;p=3423"},"modified":"2023-03-17T09:12:42","modified_gmt":"2023-03-17T09:12:42","slug":"hpc-gloss-matt-paint-hybrid-nano-keramikbeschichtung","status":"publish","type":"product","link":"https:\/\/multisite.labocosmetica.it\/de\/product\/hpc-gloss-matt-paint-hybrid-nano-keramikbeschichtung\/","title":{"rendered":"#HPC"},"content":{"rendered":"<p><strong>#HPC ist best\u00e4ndig gegen Angriffe durch Chemikalien, Salz und UV-Strahlen, die Korrosion und nicht entfernbare Flecken verursachen.<\/strong> Es hat auch Antifouling-Eigenschaften. Sein Unterscheidungsmerkmal ist seine antistatische und Antifouling-Kapazit\u00e4t, wodurch das Auto l\u00e4nger sauber bleibt.<\/p>\n<p><strong>Die #HPC-Beschichtung kann allein oder als Schutzmittel auf andere #Labocosmetica-Beschichtungen (Top Coating) aufgetragen werden.<\/strong> Diese Membran erzeugt einen dreidimensionalen Glanz, der f\u00fcr tiefen Glanz sorgt und die Farbe des Lacks verst\u00e4rkt.<\/p>\n<p>Die Beschichtungen von #Labocosmetica wurden zun\u00e4chst im Labor und dann direkt im Feld verschiedenen Belastungstests unterzogen, auch dank der Zusammenarbeit verschiedener internationaler Detailer. Wir haben die St\u00e4dte mit den extremsten klimatischen Bedingungen der Welt ausgew\u00e4hlt: <strong>Dubai (Vereinigte Arabische Emirate) f\u00fcr die sengende Hitze und seine Sandst\u00fcrme, Delhi (Indien) und Manila (Philippinen) f\u00fcr den erstickenden Smog und die tropische Hitze, Moskau (Russland ) und G\u00f6teborg (Schweden)<\/strong> f\u00fcr die K\u00e4lte und die Stra\u00dfenverh\u00e4ltnisse, zus\u00e4tzlich zu den gro\u00dfen europ\u00e4ischen Hauptst\u00e4dten, wo die klimatischen und Stra\u00dfenverh\u00e4ltnisse sicherlich normaler sind.<\/p>\n<p>Zu beachten ist, dass das von uns empfohlene Beschichtungspflegeprogramm nicht immer \u00fcber die gesamte Versuchsdauer eingehalten werden konnte. Dadurch konnten wir den Zustand der behandelten Oberfl\u00e4che im schlimmsten Fall \u00fcberpr\u00fcfen. Mit den Ergebnissen der zahlreichen Tests haben wir einen gewichteten Durchschnitt gebildet, aus dem ersichtlich ist, dass ein Jahr Lebensdauer unserer Beschichtungen ungef\u00e4hr <strong>15.000 km betr\u00e4gt.<\/strong><\/p>\n<p>Auf der Grundlage dieser Daten k\u00f6nnen wir daher Folgendes feststellen:<\/p>\n<p><strong>\u2013 In Kombination mit den Beschichtungen #SAM, #BLINDO, #STC erh\u00f6ht sich die Lebensdauer und Leistung um 20.000 \/ 30.000 km.<\/strong><\/p>\n<p>Sicherheit: Es ist PFAS-frei und entspricht dem Gehalt an fl\u00fcchtigen organischen Bestandteilen (VOCs) gem\u00e4\u00df der Richtlinie 2004\/42\/EG und der Analysemethode gem\u00e4\u00df UNI EN ISO 11890-1:2008.<\/p>\n","protected":false},"excerpt":{"rendered":"<p><strong>GLOSS MATT PAINT HYBRID NANO CERAMIC COATING<\/strong><\/p>\n","protected":false},"featured_media":4479,"comment_status":"closed","ping_status":"closed","template":"","meta":{"_kad_post_transparent":"default","_kad_post_title":"","_kad_post_layout":"default","_kad_post_sidebar_id":"","_kad_post_content_style":"default","_kad_post_vertical_padding":"default","_kad_post_feature":"","_kad_post_feature_position":"","_kad_post_header":false,"_kad_post_footer":false},"product_cat":[88],"product_tag":[],"class_list":["post-3423","product","type-product","status-publish","has-post-thumbnail","hentry","product_cat-schutz","wvs-archive-product-wrapper","entry","content-bg","loop-entry"],"acf":[],"yoast_head":"<!-- This site is optimized with the Yoast SEO Premium plugin v18.5 (Yoast SEO v20.11) - https:\/\/yoast.com\/wordpress\/plugins\/seo\/ -->\n<title>#HPC #Labocosmetica | Gloss Matt Paint Hybrid Nano Keramikbeschichtung<\/title>\n<meta name=\"description\" content=\"#HPC #labocosmetica dank der Nanohydro-Gel-Systemtechnologie erzeugt eine hydrophobe Membran mit einer polymeren Matrix, die aus Bausteinen besteht, die bei Raumtemperatur direkt auf der Oberfl\u00e4che verankert und verankert, wodurch eine sehr resistente und elastische Schicht erzeugt wird.\" \/>\n<meta name=\"robots\" content=\"index, follow, max-snippet:-1, max-image-preview:large, max-video-preview:-1\" \/>\n<link rel=\"canonical\" href=\"https:\/\/multisite.labocosmetica.it\/de\/product\/hpc-gloss-matt-paint-hybrid-nano-keramikbeschichtung\/\" \/>\n<meta property=\"og:locale\" content=\"de_DE\" \/>\n<meta property=\"og:type\" content=\"article\" \/>\n<meta property=\"og:title\" content=\"#HPC\" \/>\n<meta property=\"og:description\" content=\"#HPC #labocosmetica dank der Nanohydro-Gel-Systemtechnologie erzeugt eine hydrophobe Membran mit einer polymeren Matrix, die aus Bausteinen besteht, die bei Raumtemperatur direkt auf der Oberfl\u00e4che verankert und verankert, wodurch eine sehr resistente und elastische Schicht erzeugt wird.\" \/>\n<meta property=\"og:url\" content=\"https:\/\/multisite.labocosmetica.it\/de\/product\/hpc-gloss-matt-paint-hybrid-nano-keramikbeschichtung\/\" \/>\n<meta property=\"og:site_name\" content=\"#LABOCOSMETICA - DE - NEW\" \/>\n<meta property=\"article:modified_time\" content=\"2023-03-17T09:12:42+00:00\" \/>\n<meta property=\"og:image\" content=\"https:\/\/multisite.labocosmetica.it\/de\/wp-content\/uploads\/sites\/13\/2022\/05\/hpc_gloss_matt_paint_hybrid_nano_Keramikbeschichtung_labocosmetica.png\" \/>\n\t<meta property=\"og:image:width\" content=\"500\" \/>\n\t<meta property=\"og:image:height\" content=\"500\" \/>\n\t<meta property=\"og:image:type\" content=\"image\/png\" \/>\n<meta name=\"twitter:card\" content=\"summary_large_image\" \/>\n<meta name=\"twitter:label1\" content=\"Gesch\u00e4tzte Lesezeit\" \/>\n\t<meta name=\"twitter:data1\" content=\"2\u00a0Minuten\" \/>\n<script type=\"application\/ld+json\" class=\"yoast-schema-graph\">{\"@context\":\"https:\/\/schema.org\",\"@graph\":[{\"@type\":\"WebPage\",\"@id\":\"https:\/\/multisite.labocosmetica.it\/de\/product\/hpc-gloss-matt-paint-hybrid-nano-keramikbeschichtung\/\",\"url\":\"https:\/\/multisite.labocosmetica.it\/de\/product\/hpc-gloss-matt-paint-hybrid-nano-keramikbeschichtung\/\",\"name\":\"#HPC #Labocosmetica | Gloss Matt Paint Hybrid Nano Keramikbeschichtung\",\"isPartOf\":{\"@id\":\"https:\/\/multisite.labocosmetica.it\/de\/#website\"},\"datePublished\":\"2022-05-18T13:28:13+00:00\",\"dateModified\":\"2023-03-17T09:12:42+00:00\",\"description\":\"#HPC #labocosmetica dank der Nanohydro-Gel-Systemtechnologie erzeugt eine hydrophobe Membran mit einer polymeren Matrix, die aus Bausteinen besteht, die bei Raumtemperatur direkt auf der Oberfl\u00e4che verankert und verankert, wodurch eine sehr resistente und elastische Schicht erzeugt wird.\",\"breadcrumb\":{\"@id\":\"https:\/\/multisite.labocosmetica.it\/de\/product\/hpc-gloss-matt-paint-hybrid-nano-keramikbeschichtung\/#breadcrumb\"},\"inLanguage\":\"de\",\"potentialAction\":[{\"@type\":\"ReadAction\",\"target\":[\"https:\/\/multisite.labocosmetica.it\/de\/product\/hpc-gloss-matt-paint-hybrid-nano-keramikbeschichtung\/\"]}]},{\"@type\":\"BreadcrumbList\",\"@id\":\"https:\/\/multisite.labocosmetica.it\/de\/product\/hpc-gloss-matt-paint-hybrid-nano-keramikbeschichtung\/#breadcrumb\",\"itemListElement\":[{\"@type\":\"ListItem\",\"position\":1,\"name\":\"Home\",\"item\":\"https:\/\/multisite.labocosmetica.it\/de\/\"},{\"@type\":\"ListItem\",\"position\":2,\"name\":\"Shop\",\"item\":\"https:\/\/multisite.labocosmetica.it\/de\/shop\/\"},{\"@type\":\"ListItem\",\"position\":3,\"name\":\"#HPC\"}]},{\"@type\":\"WebSite\",\"@id\":\"https:\/\/multisite.labocosmetica.it\/de\/#website\",\"url\":\"https:\/\/multisite.labocosmetica.it\/de\/\",\"name\":\"#LABOCOSMETICA - DE - NEW\",\"description\":\"For the best hands, for the best cars\",\"potentialAction\":[{\"@type\":\"SearchAction\",\"target\":{\"@type\":\"EntryPoint\",\"urlTemplate\":\"https:\/\/multisite.labocosmetica.it\/de\/?s={search_term_string}\"},\"query-input\":\"required name=search_term_string\"}],\"inLanguage\":\"de\"}]}<\/script>\n<!-- \/ Yoast SEO Premium plugin. -->","yoast_head_json":{"title":"#HPC #Labocosmetica | Gloss Matt Paint Hybrid Nano Keramikbeschichtung","description":"#HPC #labocosmetica dank der Nanohydro-Gel-Systemtechnologie erzeugt eine hydrophobe Membran mit einer polymeren Matrix, die aus Bausteinen besteht, die bei Raumtemperatur direkt auf der Oberfl\u00e4che verankert und verankert, wodurch eine sehr resistente und elastische Schicht erzeugt wird.","robots":{"index":"index","follow":"follow","max-snippet":"max-snippet:-1","max-image-preview":"max-image-preview:large","max-video-preview":"max-video-preview:-1"},"canonical":"https:\/\/multisite.labocosmetica.it\/de\/product\/hpc-gloss-matt-paint-hybrid-nano-keramikbeschichtung\/","og_locale":"de_DE","og_type":"article","og_title":"#HPC","og_description":"#HPC #labocosmetica dank der Nanohydro-Gel-Systemtechnologie erzeugt eine hydrophobe Membran mit einer polymeren Matrix, die aus Bausteinen besteht, die bei Raumtemperatur direkt auf der Oberfl\u00e4che verankert und verankert, wodurch eine sehr resistente und elastische Schicht erzeugt wird.","og_url":"https:\/\/multisite.labocosmetica.it\/de\/product\/hpc-gloss-matt-paint-hybrid-nano-keramikbeschichtung\/","og_site_name":"#LABOCOSMETICA - DE - NEW","article_modified_time":"2023-03-17T09:12:42+00:00","og_image":[{"width":500,"height":500,"url":"https:\/\/multisite.labocosmetica.it\/de\/wp-content\/uploads\/sites\/13\/2022\/05\/hpc_gloss_matt_paint_hybrid_nano_Keramikbeschichtung_labocosmetica.png","type":"image\/png"}],"twitter_card":"summary_large_image","twitter_misc":{"Gesch\u00e4tzte Lesezeit":"2\u00a0Minuten"},"schema":{"@context":"https:\/\/schema.org","@graph":[{"@type":"WebPage","@id":"https:\/\/multisite.labocosmetica.it\/de\/product\/hpc-gloss-matt-paint-hybrid-nano-keramikbeschichtung\/","url":"https:\/\/multisite.labocosmetica.it\/de\/product\/hpc-gloss-matt-paint-hybrid-nano-keramikbeschichtung\/","name":"#HPC #Labocosmetica | Gloss Matt Paint Hybrid Nano Keramikbeschichtung","isPartOf":{"@id":"https:\/\/multisite.labocosmetica.it\/de\/#website"},"datePublished":"2022-05-18T13:28:13+00:00","dateModified":"2023-03-17T09:12:42+00:00","description":"#HPC #labocosmetica dank der Nanohydro-Gel-Systemtechnologie erzeugt eine hydrophobe Membran mit einer polymeren Matrix, die aus Bausteinen besteht, die bei Raumtemperatur direkt auf der Oberfl\u00e4che verankert und verankert, wodurch eine sehr resistente und elastische Schicht erzeugt wird.","breadcrumb":{"@id":"https:\/\/multisite.labocosmetica.it\/de\/product\/hpc-gloss-matt-paint-hybrid-nano-keramikbeschichtung\/#breadcrumb"},"inLanguage":"de","potentialAction":[{"@type":"ReadAction","target":["https:\/\/multisite.labocosmetica.it\/de\/product\/hpc-gloss-matt-paint-hybrid-nano-keramikbeschichtung\/"]}]},{"@type":"BreadcrumbList","@id":"https:\/\/multisite.labocosmetica.it\/de\/product\/hpc-gloss-matt-paint-hybrid-nano-keramikbeschichtung\/#breadcrumb","itemListElement":[{"@type":"ListItem","position":1,"name":"Home","item":"https:\/\/multisite.labocosmetica.it\/de\/"},{"@type":"ListItem","position":2,"name":"Shop","item":"https:\/\/multisite.labocosmetica.it\/de\/shop\/"},{"@type":"ListItem","position":3,"name":"#HPC"}]},{"@type":"WebSite","@id":"https:\/\/multisite.labocosmetica.it\/de\/#website","url":"https:\/\/multisite.labocosmetica.it\/de\/","name":"#LABOCOSMETICA - DE - NEW","description":"For the best hands, for the best cars","potentialAction":[{"@type":"SearchAction","target":{"@type":"EntryPoint","urlTemplate":"https:\/\/multisite.labocosmetica.it\/de\/?s={search_term_string}"},"query-input":"required name=search_term_string"}],"inLanguage":"de"}]}},"_links":{"self":[{"href":"https:\/\/multisite.labocosmetica.it\/de\/wp-json\/wp\/v2\/product\/3423","targetHints":{"allow":["GET"]}}],"collection":[{"href":"https:\/\/multisite.labocosmetica.it\/de\/wp-json\/wp\/v2\/product"}],"about":[{"href":"https:\/\/multisite.labocosmetica.it\/de\/wp-json\/wp\/v2\/types\/product"}],"replies":[{"embeddable":true,"href":"https:\/\/multisite.labocosmetica.it\/de\/wp-json\/wp\/v2\/comments?post=3423"}],"wp:featuredmedia":[{"embeddable":true,"href":"https:\/\/multisite.labocosmetica.it\/de\/wp-json\/wp\/v2\/media\/4479"}],"wp:attachment":[{"href":"https:\/\/multisite.labocosmetica.it\/de\/wp-json\/wp\/v2\/media?parent=3423"}],"wp:term":[{"taxonomy":"product_cat","embeddable":true,"href":"https:\/\/multisite.labocosmetica.it\/de\/wp-json\/wp\/v2\/product_cat?post=3423"},{"taxonomy":"product_tag","embeddable":true,"href":"https:\/\/multisite.labocosmetica.it\/de\/wp-json\/wp\/v2\/product_tag?post=3423"}],"curies":[{"name":"wp","href":"https:\/\/api.w.org\/{rel}","templated":true}]}}