{"id":3426,"date":"2022-05-18T14:30:06","date_gmt":"2022-05-18T14:30:06","guid":{"rendered":"https:\/\/multisite.labocosmetica.it\/en\/?post_type=product&#038;p=3426"},"modified":"2023-04-11T14:32:55","modified_gmt":"2023-04-11T14:32:55","slug":"glico-textilreiniger-auf-glykolsaurebasis","status":"publish","type":"product","link":"https:\/\/multisite.labocosmetica.it\/de\/product\/glico-textilreiniger-auf-glykolsaurebasis\/","title":{"rendered":"#GLICO"},"content":{"rendered":"<ul>\n<li style=\"list-style-type: none;\">\n<ul>\n<li>Erg\u00e4nzend: beseitigt Schmutz, den ein APC nicht entfernen kann;<\/li>\n<li>Patentierte Formel mit Luminol-Effekt, hebt Flecken hervor, die mit blo\u00dfem Auge nicht sichtbar sind, und erm\u00f6glicht dem Detailer, mit der richtigen spezifischen Vorbehandlung fortzufahren;<\/li>\n<li>Beseitigt Tensidr\u00fcckst\u00e4nde und Flecken, die beim Waschen der Polsterung mit alkalischen Reinigungsmitteln entstehen;<\/li>\n<li>Unschlagbar zum Entfernen von Sitzflecken nach dem Regen oder Streifen, die durch nasse Kleidung (z. B. nasse Badebekleidung) verursacht wurden;<\/li>\n<li>Beseitigt anorganische R\u00fcckst\u00e4nde, Mineralien wie Salze aus Gummi- oder Autostoffmatten, Staub und Mischschmutzflecken;<\/li>\n<li>Aufgrund seiner schnellen Trocknung des Gewebes ist es ideal f\u00fcr die Unterhaltsreinigung;<\/li>\n<li>Halbierte Arbeitszeit dank 2pH\u00ae-Zyklus mit #Ductile;<\/li>\n<li>It gives the fabric a renewed color and softness (Fluffy effect);Safe on plastics, rubber and metals;<\/li>\n<li>Es erfordert keine Fleckenvorbehandlung;<\/li>\n<\/ul>\n<\/li>\n<\/ul>\n","protected":false},"excerpt":{"rendered":"<p>GLYCOLIC ACID BASED FABRIC CLEANER<\/p>\n","protected":false},"featured_media":3430,"comment_status":"open","ping_status":"closed","template":"","meta":{"_kad_post_transparent":"default","_kad_post_title":"","_kad_post_layout":"default","_kad_post_sidebar_id":"","_kad_post_content_style":"default","_kad_post_vertical_padding":"default","_kad_post_feature":"","_kad_post_feature_position":"","_kad_post_header":false,"_kad_post_footer":false},"product_cat":[87,91],"product_tag":[],"class_list":["post-3426","product","type-product","status-publish","has-post-thumbnail","hentry","product_cat-wartung","product_cat-waschen","wvs-archive-product-wrapper","entry","content-bg","loop-entry"],"acf":[],"yoast_head":"<!-- This site is optimized with the Yoast SEO Premium plugin v18.5 (Yoast SEO v20.11) - https:\/\/yoast.com\/wordpress\/plugins\/seo\/ -->\n<title>#Glico 500ml #Labocosmetica | Stoffreiniger auf Glykols\u00e4urerbasis<\/title>\n<meta name=\"description\" content=\"#Glico 500ml #labocosmetica Glycols\u00e4ure -Basis -Stoffreiniger, ideal zum Entfernen anorganischer R\u00fcckst\u00e4nde, Mineralien, Staub und Schmutzflecken von Sitzen und Bodenmatten. #Glico und #D\u00f9ctile sind Teil des 2PH -kombinierten Waschzyklus des Waschzyklus von Labocosmethetik.\" \/>\n<meta name=\"robots\" content=\"index, follow, max-snippet:-1, max-image-preview:large, max-video-preview:-1\" \/>\n<link rel=\"canonical\" href=\"https:\/\/multisite.labocosmetica.it\/de\/product\/glico-textilreiniger-auf-glykolsaurebasis\/\" \/>\n<meta property=\"og:locale\" content=\"de_DE\" \/>\n<meta property=\"og:type\" content=\"article\" \/>\n<meta property=\"og:title\" content=\"#GLICO\" \/>\n<meta property=\"og:description\" content=\"#Glico 500ml #labocosmetica Glycols\u00e4ure -Basis -Stoffreiniger, ideal zum Entfernen anorganischer R\u00fcckst\u00e4nde, Mineralien, Staub und Schmutzflecken von Sitzen und Bodenmatten. #Glico und #D\u00f9ctile sind Teil des 2PH -kombinierten Waschzyklus des Waschzyklus von Labocosmethetik.\" \/>\n<meta property=\"og:url\" content=\"https:\/\/multisite.labocosmetica.it\/de\/product\/glico-textilreiniger-auf-glykolsaurebasis\/\" \/>\n<meta property=\"og:site_name\" content=\"#LABOCOSMETICA - DE - NEW\" \/>\n<meta property=\"article:modified_time\" content=\"2023-04-11T14:32:55+00:00\" \/>\n<meta property=\"og:image\" content=\"https:\/\/multisite.labocosmetica.it\/de\/wp-content\/uploads\/sites\/13\/2022\/05\/glico-labo-800x800-1.png\" \/>\n\t<meta property=\"og:image:width\" content=\"800\" \/>\n\t<meta property=\"og:image:height\" content=\"800\" \/>\n\t<meta property=\"og:image:type\" content=\"image\/png\" \/>\n<meta name=\"twitter:card\" content=\"summary_large_image\" \/>\n<meta name=\"twitter:label1\" content=\"Gesch\u00e4tzte Lesezeit\" \/>\n\t<meta name=\"twitter:data1\" content=\"1\u00a0Minute\" \/>\n<script type=\"application\/ld+json\" class=\"yoast-schema-graph\">{\"@context\":\"https:\/\/schema.org\",\"@graph\":[{\"@type\":\"WebPage\",\"@id\":\"https:\/\/multisite.labocosmetica.it\/de\/product\/glico-textilreiniger-auf-glykolsaurebasis\/\",\"url\":\"https:\/\/multisite.labocosmetica.it\/de\/product\/glico-textilreiniger-auf-glykolsaurebasis\/\",\"name\":\"#Glico 500ml #Labocosmetica | Stoffreiniger auf Glykols\u00e4urerbasis\",\"isPartOf\":{\"@id\":\"https:\/\/multisite.labocosmetica.it\/de\/#website\"},\"datePublished\":\"2022-05-18T14:30:06+00:00\",\"dateModified\":\"2023-04-11T14:32:55+00:00\",\"description\":\"#Glico 500ml #labocosmetica Glycols\u00e4ure -Basis -Stoffreiniger, ideal zum Entfernen anorganischer R\u00fcckst\u00e4nde, Mineralien, Staub und Schmutzflecken von Sitzen und Bodenmatten. #Glico und #D\u00f9ctile sind Teil des 2PH -kombinierten Waschzyklus des Waschzyklus von Labocosmethetik.\",\"breadcrumb\":{\"@id\":\"https:\/\/multisite.labocosmetica.it\/de\/product\/glico-textilreiniger-auf-glykolsaurebasis\/#breadcrumb\"},\"inLanguage\":\"de\",\"potentialAction\":[{\"@type\":\"ReadAction\",\"target\":[\"https:\/\/multisite.labocosmetica.it\/de\/product\/glico-textilreiniger-auf-glykolsaurebasis\/\"]}]},{\"@type\":\"BreadcrumbList\",\"@id\":\"https:\/\/multisite.labocosmetica.it\/de\/product\/glico-textilreiniger-auf-glykolsaurebasis\/#breadcrumb\",\"itemListElement\":[{\"@type\":\"ListItem\",\"position\":1,\"name\":\"Home\",\"item\":\"https:\/\/multisite.labocosmetica.it\/de\/\"},{\"@type\":\"ListItem\",\"position\":2,\"name\":\"Shop\",\"item\":\"https:\/\/multisite.labocosmetica.it\/de\/shop\/\"},{\"@type\":\"ListItem\",\"position\":3,\"name\":\"#GLICO\"}]},{\"@type\":\"WebSite\",\"@id\":\"https:\/\/multisite.labocosmetica.it\/de\/#website\",\"url\":\"https:\/\/multisite.labocosmetica.it\/de\/\",\"name\":\"#LABOCOSMETICA - DE - NEW\",\"description\":\"For the best hands, for the best cars\",\"potentialAction\":[{\"@type\":\"SearchAction\",\"target\":{\"@type\":\"EntryPoint\",\"urlTemplate\":\"https:\/\/multisite.labocosmetica.it\/de\/?s={search_term_string}\"},\"query-input\":\"required name=search_term_string\"}],\"inLanguage\":\"de\"}]}<\/script>\n<!-- \/ Yoast SEO Premium plugin. -->","yoast_head_json":{"title":"#Glico 500ml #Labocosmetica | Stoffreiniger auf Glykols\u00e4urerbasis","description":"#Glico 500ml #labocosmetica Glycols\u00e4ure -Basis -Stoffreiniger, ideal zum Entfernen anorganischer R\u00fcckst\u00e4nde, Mineralien, Staub und Schmutzflecken von Sitzen und Bodenmatten. #Glico und #D\u00f9ctile sind Teil des 2PH -kombinierten Waschzyklus des Waschzyklus von Labocosmethetik.","robots":{"index":"index","follow":"follow","max-snippet":"max-snippet:-1","max-image-preview":"max-image-preview:large","max-video-preview":"max-video-preview:-1"},"canonical":"https:\/\/multisite.labocosmetica.it\/de\/product\/glico-textilreiniger-auf-glykolsaurebasis\/","og_locale":"de_DE","og_type":"article","og_title":"#GLICO","og_description":"#Glico 500ml #labocosmetica Glycols\u00e4ure -Basis -Stoffreiniger, ideal zum Entfernen anorganischer R\u00fcckst\u00e4nde, Mineralien, Staub und Schmutzflecken von Sitzen und Bodenmatten. #Glico und #D\u00f9ctile sind Teil des 2PH -kombinierten Waschzyklus des Waschzyklus von Labocosmethetik.","og_url":"https:\/\/multisite.labocosmetica.it\/de\/product\/glico-textilreiniger-auf-glykolsaurebasis\/","og_site_name":"#LABOCOSMETICA - DE - NEW","article_modified_time":"2023-04-11T14:32:55+00:00","og_image":[{"width":800,"height":800,"url":"https:\/\/multisite.labocosmetica.it\/de\/wp-content\/uploads\/sites\/13\/2022\/05\/glico-labo-800x800-1.png","type":"image\/png"}],"twitter_card":"summary_large_image","twitter_misc":{"Gesch\u00e4tzte Lesezeit":"1\u00a0Minute"},"schema":{"@context":"https:\/\/schema.org","@graph":[{"@type":"WebPage","@id":"https:\/\/multisite.labocosmetica.it\/de\/product\/glico-textilreiniger-auf-glykolsaurebasis\/","url":"https:\/\/multisite.labocosmetica.it\/de\/product\/glico-textilreiniger-auf-glykolsaurebasis\/","name":"#Glico 500ml #Labocosmetica | Stoffreiniger auf Glykols\u00e4urerbasis","isPartOf":{"@id":"https:\/\/multisite.labocosmetica.it\/de\/#website"},"datePublished":"2022-05-18T14:30:06+00:00","dateModified":"2023-04-11T14:32:55+00:00","description":"#Glico 500ml #labocosmetica Glycols\u00e4ure -Basis -Stoffreiniger, ideal zum Entfernen anorganischer R\u00fcckst\u00e4nde, Mineralien, Staub und Schmutzflecken von Sitzen und Bodenmatten. #Glico und #D\u00f9ctile sind Teil des 2PH -kombinierten Waschzyklus des Waschzyklus von Labocosmethetik.","breadcrumb":{"@id":"https:\/\/multisite.labocosmetica.it\/de\/product\/glico-textilreiniger-auf-glykolsaurebasis\/#breadcrumb"},"inLanguage":"de","potentialAction":[{"@type":"ReadAction","target":["https:\/\/multisite.labocosmetica.it\/de\/product\/glico-textilreiniger-auf-glykolsaurebasis\/"]}]},{"@type":"BreadcrumbList","@id":"https:\/\/multisite.labocosmetica.it\/de\/product\/glico-textilreiniger-auf-glykolsaurebasis\/#breadcrumb","itemListElement":[{"@type":"ListItem","position":1,"name":"Home","item":"https:\/\/multisite.labocosmetica.it\/de\/"},{"@type":"ListItem","position":2,"name":"Shop","item":"https:\/\/multisite.labocosmetica.it\/de\/shop\/"},{"@type":"ListItem","position":3,"name":"#GLICO"}]},{"@type":"WebSite","@id":"https:\/\/multisite.labocosmetica.it\/de\/#website","url":"https:\/\/multisite.labocosmetica.it\/de\/","name":"#LABOCOSMETICA - DE - NEW","description":"For the best hands, for the best cars","potentialAction":[{"@type":"SearchAction","target":{"@type":"EntryPoint","urlTemplate":"https:\/\/multisite.labocosmetica.it\/de\/?s={search_term_string}"},"query-input":"required name=search_term_string"}],"inLanguage":"de"}]}},"_links":{"self":[{"href":"https:\/\/multisite.labocosmetica.it\/de\/wp-json\/wp\/v2\/product\/3426","targetHints":{"allow":["GET"]}}],"collection":[{"href":"https:\/\/multisite.labocosmetica.it\/de\/wp-json\/wp\/v2\/product"}],"about":[{"href":"https:\/\/multisite.labocosmetica.it\/de\/wp-json\/wp\/v2\/types\/product"}],"replies":[{"embeddable":true,"href":"https:\/\/multisite.labocosmetica.it\/de\/wp-json\/wp\/v2\/comments?post=3426"}],"wp:featuredmedia":[{"embeddable":true,"href":"https:\/\/multisite.labocosmetica.it\/de\/wp-json\/wp\/v2\/media\/3430"}],"wp:attachment":[{"href":"https:\/\/multisite.labocosmetica.it\/de\/wp-json\/wp\/v2\/media?parent=3426"}],"wp:term":[{"taxonomy":"product_cat","embeddable":true,"href":"https:\/\/multisite.labocosmetica.it\/de\/wp-json\/wp\/v2\/product_cat?post=3426"},{"taxonomy":"product_tag","embeddable":true,"href":"https:\/\/multisite.labocosmetica.it\/de\/wp-json\/wp\/v2\/product_tag?post=3426"}],"curies":[{"name":"wp","href":"https:\/\/api.w.org\/{rel}","templated":true}]}}