{"id":3431,"date":"2022-05-19T08:43:56","date_gmt":"2022-05-19T08:43:56","guid":{"rendered":"https:\/\/multisite.labocosmetica.it\/en\/?post_type=product&#038;p=3431"},"modified":"2023-01-17T09:28:06","modified_gmt":"2023-01-17T09:28:06","slug":"perfecta-sio2-ceramic-quick-detailer-anti-staub-formel","status":"publish","type":"product","link":"https:\/\/multisite.labocosmetica.it\/de\/product\/perfecta-sio2-ceramic-quick-detailer-anti-staub-formel\/","title":{"rendered":"#PERF\u00c9CTA SiO2"},"content":{"rendered":"<p><strong>#PERF\u00c8CTA SiO2<\/strong> ist eine Weiterentwicklung von <strong>#CUPIDO 2.0<\/strong> und hat dessen Versiegelungsschutzqualit\u00e4ten geerbt, die mit ausgekl\u00fcgelten Tensiden mit einer hervorragenden Reinigungswirkung kombiniert werden. <strong>#PERF\u00c8CTA<\/strong> enth\u00e4lt SiO2 und ist damit die perfekte Wahl f\u00fcr die Pflege nach der Beschichtung. Es erh\u00e4lt und verl\u00e4ngert die hydrophobe Abperl- und Folienleistung von zuvor aufgetragenen Versiegelungen und Nanobeschichtungen. Es kann als schneller Detailer verwendet werden, um den Glanz von Lacken zu verbessern und leichten Schmutz zu entfernen, oder als Keramikspray, wenn Sie sowohl den Glanz als auch die hydrophobe Leistung erh\u00f6hen m\u00fcssen. Ideal als \u201eTopper\u201c f\u00fcr jede Art von Schutzbeschichtung, traditionelle Wachse, Versiegelungen wie <strong>#CUP\u00ccDO 2.0<\/strong>, SiO2-Basisbeschichtungen und andere Beschichtungen. Es bietet hervorragende wasserabweisende Eigenschaften und eine lange Lebensdauer, die traditionellen Standard-Quick-Detailern \u00fcberlegen ist. Es bietet ein hohes Ma\u00df an Best\u00e4ndigkeit gegen chemische Mittel und h\u00e4lt l\u00e4nger als jeder andere schnelle Detailer.<\/p>\n","protected":false},"excerpt":{"rendered":"<p>CERAMIC QUICK DETAILER &#8211; ANTI DUST FORMULA<\/p>\n","protected":false},"featured_media":3443,"comment_status":"closed","ping_status":"closed","template":"","meta":{"_kad_post_transparent":"default","_kad_post_title":"","_kad_post_layout":"default","_kad_post_sidebar_id":"","_kad_post_content_style":"default","_kad_post_vertical_padding":"default","_kad_post_feature":"","_kad_post_feature_position":"","_kad_post_header":false,"_kad_post_footer":false},"product_cat":[88,87],"product_tag":[],"class_list":["post-3431","product","type-product","status-publish","has-post-thumbnail","hentry","product_cat-schutz","product_cat-wartung","wvs-archive-product-wrapper","entry","content-bg","loop-entry"],"acf":[],"yoast_head":"<!-- This site is optimized with the Yoast SEO Premium plugin v18.5 (Yoast SEO v20.11) - https:\/\/yoast.com\/wordpress\/plugins\/seo\/ -->\n<title>#PERF\u00c9CTA SiO2 - #Labocosmetica<\/title>\n<meta name=\"description\" content=\"PERF\u00c8CTA enth\u00e4lt SiO2 und ist damit die perfekte Wahl f\u00fcr die Pflege nach der Beschichtung. Es erh\u00e4lt und verl\u00e4ngert die hydrophobe Abperl- und Folienleistung von zuvor aufgetragenen Versiegelungen und Nanobeschichtungen.\" \/>\n<meta name=\"robots\" content=\"index, follow, max-snippet:-1, max-image-preview:large, max-video-preview:-1\" \/>\n<link rel=\"canonical\" href=\"https:\/\/multisite.labocosmetica.it\/de\/product\/perfecta-sio2-ceramic-quick-detailer-anti-staub-formel\/\" \/>\n<meta property=\"og:locale\" content=\"de_DE\" \/>\n<meta property=\"og:type\" content=\"article\" \/>\n<meta property=\"og:title\" content=\"#PERF\u00c9CTA SiO2\" \/>\n<meta property=\"og:description\" content=\"PERF\u00c8CTA enth\u00e4lt SiO2 und ist damit die perfekte Wahl f\u00fcr die Pflege nach der Beschichtung. Es erh\u00e4lt und verl\u00e4ngert die hydrophobe Abperl- und Folienleistung von zuvor aufgetragenen Versiegelungen und Nanobeschichtungen.\" \/>\n<meta property=\"og:url\" content=\"https:\/\/multisite.labocosmetica.it\/de\/product\/perfecta-sio2-ceramic-quick-detailer-anti-staub-formel\/\" \/>\n<meta property=\"og:site_name\" content=\"#LABOCOSMETICA - DE - NEW\" \/>\n<meta property=\"article:modified_time\" content=\"2023-01-17T09:28:06+00:00\" \/>\n<meta property=\"og:image\" content=\"https:\/\/multisite.labocosmetica.it\/de\/wp-content\/uploads\/sites\/13\/2022\/05\/perfecta-sio2.png\" \/>\n\t<meta property=\"og:image:width\" content=\"800\" \/>\n\t<meta property=\"og:image:height\" content=\"800\" \/>\n\t<meta property=\"og:image:type\" content=\"image\/png\" \/>\n<meta name=\"twitter:card\" content=\"summary_large_image\" \/>\n<meta name=\"twitter:label1\" content=\"Gesch\u00e4tzte Lesezeit\" \/>\n\t<meta name=\"twitter:data1\" content=\"1\u00a0Minute\" \/>\n<script type=\"application\/ld+json\" class=\"yoast-schema-graph\">{\"@context\":\"https:\/\/schema.org\",\"@graph\":[{\"@type\":\"WebPage\",\"@id\":\"https:\/\/multisite.labocosmetica.it\/de\/product\/perfecta-sio2-ceramic-quick-detailer-anti-staub-formel\/\",\"url\":\"https:\/\/multisite.labocosmetica.it\/de\/product\/perfecta-sio2-ceramic-quick-detailer-anti-staub-formel\/\",\"name\":\"#PERF\u00c9CTA SiO2 - #Labocosmetica\",\"isPartOf\":{\"@id\":\"https:\/\/multisite.labocosmetica.it\/de\/#website\"},\"datePublished\":\"2022-05-19T08:43:56+00:00\",\"dateModified\":\"2023-01-17T09:28:06+00:00\",\"description\":\"PERF\u00c8CTA enth\u00e4lt SiO2 und ist damit die perfekte Wahl f\u00fcr die Pflege nach der Beschichtung. Es erh\u00e4lt und verl\u00e4ngert die hydrophobe Abperl- und Folienleistung von zuvor aufgetragenen Versiegelungen und Nanobeschichtungen.\",\"breadcrumb\":{\"@id\":\"https:\/\/multisite.labocosmetica.it\/de\/product\/perfecta-sio2-ceramic-quick-detailer-anti-staub-formel\/#breadcrumb\"},\"inLanguage\":\"de\",\"potentialAction\":[{\"@type\":\"ReadAction\",\"target\":[\"https:\/\/multisite.labocosmetica.it\/de\/product\/perfecta-sio2-ceramic-quick-detailer-anti-staub-formel\/\"]}]},{\"@type\":\"BreadcrumbList\",\"@id\":\"https:\/\/multisite.labocosmetica.it\/de\/product\/perfecta-sio2-ceramic-quick-detailer-anti-staub-formel\/#breadcrumb\",\"itemListElement\":[{\"@type\":\"ListItem\",\"position\":1,\"name\":\"Home\",\"item\":\"https:\/\/multisite.labocosmetica.it\/de\/\"},{\"@type\":\"ListItem\",\"position\":2,\"name\":\"Shop\",\"item\":\"https:\/\/multisite.labocosmetica.it\/de\/shop\/\"},{\"@type\":\"ListItem\",\"position\":3,\"name\":\"#PERF\u00c9CTA SiO2\"}]},{\"@type\":\"WebSite\",\"@id\":\"https:\/\/multisite.labocosmetica.it\/de\/#website\",\"url\":\"https:\/\/multisite.labocosmetica.it\/de\/\",\"name\":\"#LABOCOSMETICA - DE - NEW\",\"description\":\"For the best hands, for the best cars\",\"potentialAction\":[{\"@type\":\"SearchAction\",\"target\":{\"@type\":\"EntryPoint\",\"urlTemplate\":\"https:\/\/multisite.labocosmetica.it\/de\/?s={search_term_string}\"},\"query-input\":\"required name=search_term_string\"}],\"inLanguage\":\"de\"}]}<\/script>\n<!-- \/ Yoast SEO Premium plugin. -->","yoast_head_json":{"title":"#PERF\u00c9CTA SiO2 - #Labocosmetica","description":"PERF\u00c8CTA enth\u00e4lt SiO2 und ist damit die perfekte Wahl f\u00fcr die Pflege nach der Beschichtung. Es erh\u00e4lt und verl\u00e4ngert die hydrophobe Abperl- und Folienleistung von zuvor aufgetragenen Versiegelungen und Nanobeschichtungen.","robots":{"index":"index","follow":"follow","max-snippet":"max-snippet:-1","max-image-preview":"max-image-preview:large","max-video-preview":"max-video-preview:-1"},"canonical":"https:\/\/multisite.labocosmetica.it\/de\/product\/perfecta-sio2-ceramic-quick-detailer-anti-staub-formel\/","og_locale":"de_DE","og_type":"article","og_title":"#PERF\u00c9CTA SiO2","og_description":"PERF\u00c8CTA enth\u00e4lt SiO2 und ist damit die perfekte Wahl f\u00fcr die Pflege nach der Beschichtung. Es erh\u00e4lt und verl\u00e4ngert die hydrophobe Abperl- und Folienleistung von zuvor aufgetragenen Versiegelungen und Nanobeschichtungen.","og_url":"https:\/\/multisite.labocosmetica.it\/de\/product\/perfecta-sio2-ceramic-quick-detailer-anti-staub-formel\/","og_site_name":"#LABOCOSMETICA - DE - NEW","article_modified_time":"2023-01-17T09:28:06+00:00","og_image":[{"width":800,"height":800,"url":"https:\/\/multisite.labocosmetica.it\/de\/wp-content\/uploads\/sites\/13\/2022\/05\/perfecta-sio2.png","type":"image\/png"}],"twitter_card":"summary_large_image","twitter_misc":{"Gesch\u00e4tzte Lesezeit":"1\u00a0Minute"},"schema":{"@context":"https:\/\/schema.org","@graph":[{"@type":"WebPage","@id":"https:\/\/multisite.labocosmetica.it\/de\/product\/perfecta-sio2-ceramic-quick-detailer-anti-staub-formel\/","url":"https:\/\/multisite.labocosmetica.it\/de\/product\/perfecta-sio2-ceramic-quick-detailer-anti-staub-formel\/","name":"#PERF\u00c9CTA SiO2 - #Labocosmetica","isPartOf":{"@id":"https:\/\/multisite.labocosmetica.it\/de\/#website"},"datePublished":"2022-05-19T08:43:56+00:00","dateModified":"2023-01-17T09:28:06+00:00","description":"PERF\u00c8CTA enth\u00e4lt SiO2 und ist damit die perfekte Wahl f\u00fcr die Pflege nach der Beschichtung. Es erh\u00e4lt und verl\u00e4ngert die hydrophobe Abperl- und Folienleistung von zuvor aufgetragenen Versiegelungen und Nanobeschichtungen.","breadcrumb":{"@id":"https:\/\/multisite.labocosmetica.it\/de\/product\/perfecta-sio2-ceramic-quick-detailer-anti-staub-formel\/#breadcrumb"},"inLanguage":"de","potentialAction":[{"@type":"ReadAction","target":["https:\/\/multisite.labocosmetica.it\/de\/product\/perfecta-sio2-ceramic-quick-detailer-anti-staub-formel\/"]}]},{"@type":"BreadcrumbList","@id":"https:\/\/multisite.labocosmetica.it\/de\/product\/perfecta-sio2-ceramic-quick-detailer-anti-staub-formel\/#breadcrumb","itemListElement":[{"@type":"ListItem","position":1,"name":"Home","item":"https:\/\/multisite.labocosmetica.it\/de\/"},{"@type":"ListItem","position":2,"name":"Shop","item":"https:\/\/multisite.labocosmetica.it\/de\/shop\/"},{"@type":"ListItem","position":3,"name":"#PERF\u00c9CTA SiO2"}]},{"@type":"WebSite","@id":"https:\/\/multisite.labocosmetica.it\/de\/#website","url":"https:\/\/multisite.labocosmetica.it\/de\/","name":"#LABOCOSMETICA - DE - NEW","description":"For the best hands, for the best cars","potentialAction":[{"@type":"SearchAction","target":{"@type":"EntryPoint","urlTemplate":"https:\/\/multisite.labocosmetica.it\/de\/?s={search_term_string}"},"query-input":"required name=search_term_string"}],"inLanguage":"de"}]}},"_links":{"self":[{"href":"https:\/\/multisite.labocosmetica.it\/de\/wp-json\/wp\/v2\/product\/3431","targetHints":{"allow":["GET"]}}],"collection":[{"href":"https:\/\/multisite.labocosmetica.it\/de\/wp-json\/wp\/v2\/product"}],"about":[{"href":"https:\/\/multisite.labocosmetica.it\/de\/wp-json\/wp\/v2\/types\/product"}],"replies":[{"embeddable":true,"href":"https:\/\/multisite.labocosmetica.it\/de\/wp-json\/wp\/v2\/comments?post=3431"}],"wp:featuredmedia":[{"embeddable":true,"href":"https:\/\/multisite.labocosmetica.it\/de\/wp-json\/wp\/v2\/media\/3443"}],"wp:attachment":[{"href":"https:\/\/multisite.labocosmetica.it\/de\/wp-json\/wp\/v2\/media?parent=3431"}],"wp:term":[{"taxonomy":"product_cat","embeddable":true,"href":"https:\/\/multisite.labocosmetica.it\/de\/wp-json\/wp\/v2\/product_cat?post=3431"},{"taxonomy":"product_tag","embeddable":true,"href":"https:\/\/multisite.labocosmetica.it\/de\/wp-json\/wp\/v2\/product_tag?post=3431"}],"curies":[{"name":"wp","href":"https:\/\/api.w.org\/{rel}","templated":true}]}}