{"id":3756,"date":"2022-05-25T13:52:00","date_gmt":"2022-05-25T13:52:00","guid":{"rendered":"https:\/\/multisite.labocosmetica.it\/de\/?post_type=product&#038;p=3756"},"modified":"2023-01-17T08:47:13","modified_gmt":"2023-01-17T08:47:13","slug":"blindo-physikalisch-keramikbasierte-nanobeschichtung-von-autodetails","status":"publish","type":"product","link":"https:\/\/multisite.labocosmetica.it\/de\/product\/blindo-physikalisch-keramikbasierte-nanobeschichtung-von-autodetails\/","title":{"rendered":"#BLINDO PLUS"},"content":{"rendered":"<p><b> #Blindo Plus <\/b> ist ein neues Beschichtungskonzept: Es erzeugt eine ultra-feine, transparente Schicht, die die hydrophoben Eigenschaften der Oberfl\u00e4che erh\u00f6ht und gegen die Adh\u00e4sion von Salzablagerungen (Kalkstein) und gegen die Wirkung st\u00e4rker ist von \u00e4tzenden Mitteln (Regen, Salze, Waschmittel usw.). Es hat auch eine gr\u00f6\u00dfere chemische Stabilit\u00e4t f\u00fcr eine verbesserte Haltbarkeit im Laufe der Zeit.<\/p>\n<p>Seine innovative Formel, die auf einem komplexen Harz mit hohem Molekulargewicht basiert und einen Siloxan-\u201eKern\u201c mit einer polyedrischen 3D-\u201eK\u00e4fig\u201c-Struktur aufweist, gew\u00e4hrleistet eine effektive Schichtung, verbesserte Vernetzungssteifigkeit, W\u00e4rmebest\u00e4ndigkeit und hohen Schutz und Abriebfestigkeit, die \u00fcberlegen sind zu denen traditioneller physikalischer anorganischer Beschichtungen. Dank seiner komplexen Molekularstruktur verbindet es sich nach Kontakt mit der Karosserie schnell mit der Oberfl\u00e4che (Nano-Link), was in Kombination mit der neuen selbstschnellh\u00e4rtenden SFC-Technologie eine Schlie\u00dfzeit von nur 70 Minuten bietet: Kein stundenlanges Warten mehr, bis die Beschichtung fertig ist!<\/p>\n<p>Dar\u00fcber hinaus kann es dank seiner ultraschnellen Polymerisation auch in Umgebungen mit niedriger Arbeitstemperatur angewendet werden, wodurch der Einsatz von UV-Lampen vermieden wird.<\/p>\n<p>Seine innovative Formel erm\u00f6glicht eine Schichtung und dank der Anwendung von 2 Schichten <strong>#Blindo Plus<\/strong> wird die Easy-Repair-Technologie aktiviert. Wie ein normaler Klarlack kann er mit unserem <strong>#HPC<\/strong>-\u00dcberlack poliert, neu aufgetragen oder geschichtet werden, ohne Schleifen, sodass Reparaturen auch nach einem Jahr oder nach 15000 km durchgef\u00fchrt werden k\u00f6nnen. #Blindo sch\u00fctzt den Lack und hinterl\u00e4sst ein gl\u00e4nzendes, glasartiges Finish, \u00e4hnlich dem von S\u00fc\u00dfigkeiten.<\/p>\n<p><strong> #Blindo Plus <\/strong> ist unser Premium -Basisschicht, mit dem die n\u00e4chsten Schichten geschichtet werden, bis eine extrem harte Oberfl\u00e4che erreicht ist. Die n\u00e4chsten Ebenen k\u00f6nnen eine Stunde nach der ersten Anwendung angewendet werden, wodurch viel Zeit gespart werden kann.<\/p>\n<p><strong> #Blindo Plus <\/strong> sorgt f\u00fcr eine sehr hohe Leistung und eine Dauer von mindestens 30.000 km ohne Wartung und ist mit der gesamten Beschichtungslinie #Labocosmetika kompatibel.<\/p>\n<p>Sicherheit: Es ist PFAS-frei und entspricht dem Gehalt an fl\u00fcchtigen organischen Bestandteilen (VOCs) gem\u00e4\u00df der Richtlinie 2004\/42\/EG und der Analysemethode gem\u00e4\u00df UNI EN ISO 11890-1:2008.<\/p>\n","protected":false},"excerpt":{"rendered":"<p>HARD RESIN CLEAR BASE COAT<\/p>\n","protected":false},"featured_media":3753,"comment_status":"closed","ping_status":"closed","template":"","meta":{"_kad_post_transparent":"default","_kad_post_title":"","_kad_post_layout":"default","_kad_post_sidebar_id":"","_kad_post_content_style":"default","_kad_post_vertical_padding":"default","_kad_post_feature":"","_kad_post_feature_position":"","_kad_post_header":false,"_kad_post_footer":false},"product_cat":[88],"product_tag":[],"class_list":["post-3756","product","type-product","status-publish","has-post-thumbnail","hentry","product_cat-schutz","wvs-archive-product-wrapper","entry","content-bg","loop-entry"],"acf":[],"yoast_head":"<!-- This site is optimized with the Yoast SEO Premium plugin v18.5 (Yoast SEO v20.11) - https:\/\/yoast.com\/wordpress\/plugins\/seo\/ -->\n<title>#Blindo Plus #Labocosmetica | Hartes Harz klarer Basismantel<\/title>\n<meta name=\"description\" content=\"#Blindo Plus #labocosmetica repr\u00e4sentiert ein neues Konzept des Basismantels. Die innovative Formel basierend auf einem komplexen Harz mit hohem Molekulargewicht erzeugt eine dicke und extrem harte Barriere. Es wurde f\u00fcr Fachkr\u00e4fte formuliert, die in Bezug auf den Schutz in Kombination mit einer hohen H\u00e4rtungsgeschwindigkeit hohe Leistung ben\u00f6tigen\" \/>\n<meta name=\"robots\" content=\"index, follow, max-snippet:-1, max-image-preview:large, max-video-preview:-1\" \/>\n<link rel=\"canonical\" href=\"https:\/\/multisite.labocosmetica.it\/de\/product\/blindo-physikalisch-keramikbasierte-nanobeschichtung-von-autodetails\/\" \/>\n<meta property=\"og:locale\" content=\"de_DE\" \/>\n<meta property=\"og:type\" content=\"article\" \/>\n<meta property=\"og:title\" content=\"#BLINDO PLUS\" \/>\n<meta property=\"og:description\" content=\"#Blindo Plus #labocosmetica repr\u00e4sentiert ein neues Konzept des Basismantels. Die innovative Formel basierend auf einem komplexen Harz mit hohem Molekulargewicht erzeugt eine dicke und extrem harte Barriere. Es wurde f\u00fcr Fachkr\u00e4fte formuliert, die in Bezug auf den Schutz in Kombination mit einer hohen H\u00e4rtungsgeschwindigkeit hohe Leistung ben\u00f6tigen\" \/>\n<meta property=\"og:url\" content=\"https:\/\/multisite.labocosmetica.it\/de\/product\/blindo-physikalisch-keramikbasierte-nanobeschichtung-von-autodetails\/\" \/>\n<meta property=\"og:site_name\" content=\"#LABOCOSMETICA - DE - NEW\" \/>\n<meta property=\"article:modified_time\" content=\"2023-01-17T08:47:13+00:00\" \/>\n<meta property=\"og:image\" content=\"https:\/\/multisite.labocosmetica.it\/de\/wp-content\/uploads\/sites\/13\/2022\/02\/Coating-STC-50ml-v3-1.jpg\" \/>\n\t<meta property=\"og:image:width\" content=\"800\" \/>\n\t<meta property=\"og:image:height\" content=\"800\" \/>\n\t<meta property=\"og:image:type\" content=\"image\/jpeg\" \/>\n<meta name=\"twitter:card\" content=\"summary_large_image\" \/>\n<meta name=\"twitter:label1\" content=\"Gesch\u00e4tzte Lesezeit\" \/>\n\t<meta name=\"twitter:data1\" content=\"2\u00a0Minuten\" \/>\n<script type=\"application\/ld+json\" class=\"yoast-schema-graph\">{\"@context\":\"https:\/\/schema.org\",\"@graph\":[{\"@type\":\"WebPage\",\"@id\":\"https:\/\/multisite.labocosmetica.it\/de\/product\/blindo-physikalisch-keramikbasierte-nanobeschichtung-von-autodetails\/\",\"url\":\"https:\/\/multisite.labocosmetica.it\/de\/product\/blindo-physikalisch-keramikbasierte-nanobeschichtung-von-autodetails\/\",\"name\":\"#Blindo Plus #Labocosmetica | Hartes Harz klarer Basismantel\",\"isPartOf\":{\"@id\":\"https:\/\/multisite.labocosmetica.it\/de\/#website\"},\"datePublished\":\"2022-05-25T13:52:00+00:00\",\"dateModified\":\"2023-01-17T08:47:13+00:00\",\"description\":\"#Blindo Plus #labocosmetica repr\u00e4sentiert ein neues Konzept des Basismantels. Die innovative Formel basierend auf einem komplexen Harz mit hohem Molekulargewicht erzeugt eine dicke und extrem harte Barriere. Es wurde f\u00fcr Fachkr\u00e4fte formuliert, die in Bezug auf den Schutz in Kombination mit einer hohen H\u00e4rtungsgeschwindigkeit hohe Leistung ben\u00f6tigen\",\"breadcrumb\":{\"@id\":\"https:\/\/multisite.labocosmetica.it\/de\/product\/blindo-physikalisch-keramikbasierte-nanobeschichtung-von-autodetails\/#breadcrumb\"},\"inLanguage\":\"de\",\"potentialAction\":[{\"@type\":\"ReadAction\",\"target\":[\"https:\/\/multisite.labocosmetica.it\/de\/product\/blindo-physikalisch-keramikbasierte-nanobeschichtung-von-autodetails\/\"]}]},{\"@type\":\"BreadcrumbList\",\"@id\":\"https:\/\/multisite.labocosmetica.it\/de\/product\/blindo-physikalisch-keramikbasierte-nanobeschichtung-von-autodetails\/#breadcrumb\",\"itemListElement\":[{\"@type\":\"ListItem\",\"position\":1,\"name\":\"Home\",\"item\":\"https:\/\/multisite.labocosmetica.it\/de\/\"},{\"@type\":\"ListItem\",\"position\":2,\"name\":\"Shop\",\"item\":\"https:\/\/multisite.labocosmetica.it\/de\/shop\/\"},{\"@type\":\"ListItem\",\"position\":3,\"name\":\"#BLINDO PLUS\"}]},{\"@type\":\"WebSite\",\"@id\":\"https:\/\/multisite.labocosmetica.it\/de\/#website\",\"url\":\"https:\/\/multisite.labocosmetica.it\/de\/\",\"name\":\"#LABOCOSMETICA - DE - NEW\",\"description\":\"For the best hands, for the best cars\",\"potentialAction\":[{\"@type\":\"SearchAction\",\"target\":{\"@type\":\"EntryPoint\",\"urlTemplate\":\"https:\/\/multisite.labocosmetica.it\/de\/?s={search_term_string}\"},\"query-input\":\"required name=search_term_string\"}],\"inLanguage\":\"de\"}]}<\/script>\n<!-- \/ Yoast SEO Premium plugin. -->","yoast_head_json":{"title":"#Blindo Plus #Labocosmetica | Hartes Harz klarer Basismantel","description":"#Blindo Plus #labocosmetica repr\u00e4sentiert ein neues Konzept des Basismantels. Die innovative Formel basierend auf einem komplexen Harz mit hohem Molekulargewicht erzeugt eine dicke und extrem harte Barriere. Es wurde f\u00fcr Fachkr\u00e4fte formuliert, die in Bezug auf den Schutz in Kombination mit einer hohen H\u00e4rtungsgeschwindigkeit hohe Leistung ben\u00f6tigen","robots":{"index":"index","follow":"follow","max-snippet":"max-snippet:-1","max-image-preview":"max-image-preview:large","max-video-preview":"max-video-preview:-1"},"canonical":"https:\/\/multisite.labocosmetica.it\/de\/product\/blindo-physikalisch-keramikbasierte-nanobeschichtung-von-autodetails\/","og_locale":"de_DE","og_type":"article","og_title":"#BLINDO PLUS","og_description":"#Blindo Plus #labocosmetica repr\u00e4sentiert ein neues Konzept des Basismantels. Die innovative Formel basierend auf einem komplexen Harz mit hohem Molekulargewicht erzeugt eine dicke und extrem harte Barriere. Es wurde f\u00fcr Fachkr\u00e4fte formuliert, die in Bezug auf den Schutz in Kombination mit einer hohen H\u00e4rtungsgeschwindigkeit hohe Leistung ben\u00f6tigen","og_url":"https:\/\/multisite.labocosmetica.it\/de\/product\/blindo-physikalisch-keramikbasierte-nanobeschichtung-von-autodetails\/","og_site_name":"#LABOCOSMETICA - DE - NEW","article_modified_time":"2023-01-17T08:47:13+00:00","og_image":[{"width":800,"height":800,"url":"https:\/\/multisite.labocosmetica.it\/de\/wp-content\/uploads\/sites\/13\/2022\/02\/Coating-STC-50ml-v3-1.jpg","type":"image\/jpeg"}],"twitter_card":"summary_large_image","twitter_misc":{"Gesch\u00e4tzte Lesezeit":"2\u00a0Minuten"},"schema":{"@context":"https:\/\/schema.org","@graph":[{"@type":"WebPage","@id":"https:\/\/multisite.labocosmetica.it\/de\/product\/blindo-physikalisch-keramikbasierte-nanobeschichtung-von-autodetails\/","url":"https:\/\/multisite.labocosmetica.it\/de\/product\/blindo-physikalisch-keramikbasierte-nanobeschichtung-von-autodetails\/","name":"#Blindo Plus #Labocosmetica | Hartes Harz klarer Basismantel","isPartOf":{"@id":"https:\/\/multisite.labocosmetica.it\/de\/#website"},"datePublished":"2022-05-25T13:52:00+00:00","dateModified":"2023-01-17T08:47:13+00:00","description":"#Blindo Plus #labocosmetica repr\u00e4sentiert ein neues Konzept des Basismantels. Die innovative Formel basierend auf einem komplexen Harz mit hohem Molekulargewicht erzeugt eine dicke und extrem harte Barriere. Es wurde f\u00fcr Fachkr\u00e4fte formuliert, die in Bezug auf den Schutz in Kombination mit einer hohen H\u00e4rtungsgeschwindigkeit hohe Leistung ben\u00f6tigen","breadcrumb":{"@id":"https:\/\/multisite.labocosmetica.it\/de\/product\/blindo-physikalisch-keramikbasierte-nanobeschichtung-von-autodetails\/#breadcrumb"},"inLanguage":"de","potentialAction":[{"@type":"ReadAction","target":["https:\/\/multisite.labocosmetica.it\/de\/product\/blindo-physikalisch-keramikbasierte-nanobeschichtung-von-autodetails\/"]}]},{"@type":"BreadcrumbList","@id":"https:\/\/multisite.labocosmetica.it\/de\/product\/blindo-physikalisch-keramikbasierte-nanobeschichtung-von-autodetails\/#breadcrumb","itemListElement":[{"@type":"ListItem","position":1,"name":"Home","item":"https:\/\/multisite.labocosmetica.it\/de\/"},{"@type":"ListItem","position":2,"name":"Shop","item":"https:\/\/multisite.labocosmetica.it\/de\/shop\/"},{"@type":"ListItem","position":3,"name":"#BLINDO PLUS"}]},{"@type":"WebSite","@id":"https:\/\/multisite.labocosmetica.it\/de\/#website","url":"https:\/\/multisite.labocosmetica.it\/de\/","name":"#LABOCOSMETICA - DE - NEW","description":"For the best hands, for the best cars","potentialAction":[{"@type":"SearchAction","target":{"@type":"EntryPoint","urlTemplate":"https:\/\/multisite.labocosmetica.it\/de\/?s={search_term_string}"},"query-input":"required name=search_term_string"}],"inLanguage":"de"}]}},"_links":{"self":[{"href":"https:\/\/multisite.labocosmetica.it\/de\/wp-json\/wp\/v2\/product\/3756","targetHints":{"allow":["GET"]}}],"collection":[{"href":"https:\/\/multisite.labocosmetica.it\/de\/wp-json\/wp\/v2\/product"}],"about":[{"href":"https:\/\/multisite.labocosmetica.it\/de\/wp-json\/wp\/v2\/types\/product"}],"replies":[{"embeddable":true,"href":"https:\/\/multisite.labocosmetica.it\/de\/wp-json\/wp\/v2\/comments?post=3756"}],"wp:featuredmedia":[{"embeddable":true,"href":"https:\/\/multisite.labocosmetica.it\/de\/wp-json\/wp\/v2\/media\/3753"}],"wp:attachment":[{"href":"https:\/\/multisite.labocosmetica.it\/de\/wp-json\/wp\/v2\/media?parent=3756"}],"wp:term":[{"taxonomy":"product_cat","embeddable":true,"href":"https:\/\/multisite.labocosmetica.it\/de\/wp-json\/wp\/v2\/product_cat?post=3756"},{"taxonomy":"product_tag","embeddable":true,"href":"https:\/\/multisite.labocosmetica.it\/de\/wp-json\/wp\/v2\/product_tag?post=3756"}],"curies":[{"name":"wp","href":"https:\/\/api.w.org\/{rel}","templated":true}]}}