{"id":692,"date":"2022-02-08T22:03:08","date_gmt":"2022-02-08T22:03:08","guid":{"rendered":"https:\/\/multisite.labocosmetica.it\/en\/?post_type=product&#038;p=692"},"modified":"2023-01-17T08:37:25","modified_gmt":"2023-01-17T08:37:25","slug":"aquavelox-bestes-starkes-glas-hydrophob-wasserabweisend-gegen-regen","status":"publish","type":"product","link":"https:\/\/multisite.labocosmetica.it\/de\/product\/aquavelox-bestes-starkes-glas-hydrophob-wasserabweisend-gegen-regen\/","title":{"rendered":"#AQUAV\u00c8LOX"},"content":{"rendered":"<p><strong> #Aquav\u00e8lox <\/strong> erzeugt eine <strong> hydrophobe Versiegelungsbeschichtung <\/strong> auf der Windschutzscheibe und auf allen Glasoberfl\u00e4chen, sodass es schnell Wasser und Verunreinigungen abtauscht und aktiv zur Verkehrssicherheit beitr\u00e4gt.<\/p>\n<p><strong> Dank #aquav\u00e8lox <\/strong> Die Glasoberfl\u00e4che bleibt <strong> glatt <\/strong> und sch\u00fctzt f\u00fcr lange Zeit vor Wasser und Schmutz, mit einer ungew\u00f6hnlichen Geschwindigkeit und einer einfachen Anwendung f\u00fcr dieses <strong> Typ <\/strong> <strong> von <\/strong> <strong> Produkt <\/strong>.<\/p>\n<p>Mit einer einzigen Anwendung von #AQUAV\u00c8LOX bleibt die Windschutzscheibe viel l\u00e4nger sauber und Insekten und Verunreinigungen werden schnell und einfach entfernt. Das Produkt ist best\u00e4ndig gegen wiederholtes Waschen, gegen Fliegenreinigungsfl\u00fcssigkeiten und gegen Fl\u00fcssigkeiten mit hohem Alkoholgehalt.<\/p>\n<p><strong>#AQUAV\u00c8LOX<\/strong> wurde in Mafra-Labors in Zusammenarbeit mit der Einf\u00fchrung neuer Modelle der renommiertesten Sportwagenhersteller der Welt gr\u00fcndlich erforscht, entwickelt und getestet.<\/p>\n","protected":false},"excerpt":{"rendered":"<p>NANO SEALANT FOR RAIN GLASSES<\/p>\n","protected":false},"featured_media":1994,"comment_status":"closed","ping_status":"closed","template":"","meta":{"_kad_post_transparent":"default","_kad_post_title":"","_kad_post_layout":"default","_kad_post_sidebar_id":"","_kad_post_content_style":"default","_kad_post_vertical_padding":"default","_kad_post_feature":"","_kad_post_feature_position":"","_kad_post_header":false,"_kad_post_footer":false},"product_cat":[88,87],"product_tag":[],"class_list":["post-692","product","type-product","status-publish","has-post-thumbnail","hentry","product_cat-schutz","product_cat-wartung","wvs-archive-product-wrapper","entry","content-bg","loop-entry"],"acf":[],"yoast_head":"<!-- This site is optimized with the Yoast SEO Premium plugin v18.5 (Yoast SEO v20.11) - https:\/\/yoast.com\/wordpress\/plugins\/seo\/ -->\n<title>#Aquav\u00e8lox 100ml - #Labocosmetica<\/title>\n<meta name=\"description\" content=\"#Aquav\u00e8lox 100ml von #labocosmetica erzeugt eine Versiegelung von Wasserschutzbeschichtung auf der Windschutzscheibe und alle Glasoberfl\u00e4chen, wobei schnell Wasser und Verunreinigungen abgelehnt werden und aktiv zur Verkehrssicherheit beitragen.\" \/>\n<meta name=\"robots\" content=\"index, follow, max-snippet:-1, max-image-preview:large, max-video-preview:-1\" \/>\n<link rel=\"canonical\" href=\"https:\/\/multisite.labocosmetica.it\/de\/product\/aquavelox-bestes-starkes-glas-hydrophob-wasserabweisend-gegen-regen\/\" \/>\n<meta property=\"og:locale\" content=\"de_DE\" \/>\n<meta property=\"og:type\" content=\"article\" \/>\n<meta property=\"og:title\" content=\"#AQUAV\u00c8LOX\" \/>\n<meta property=\"og:description\" content=\"#Aquav\u00e8lox 100ml von #labocosmetica erzeugt eine Versiegelung von Wasserschutzbeschichtung auf der Windschutzscheibe und alle Glasoberfl\u00e4chen, wobei schnell Wasser und Verunreinigungen abgelehnt werden und aktiv zur Verkehrssicherheit beitragen.\" \/>\n<meta property=\"og:url\" content=\"https:\/\/multisite.labocosmetica.it\/de\/product\/aquavelox-bestes-starkes-glas-hydrophob-wasserabweisend-gegen-regen\/\" \/>\n<meta property=\"og:site_name\" content=\"#LABOCOSMETICA - DE - NEW\" \/>\n<meta property=\"article:modified_time\" content=\"2023-01-17T08:37:25+00:00\" \/>\n<meta property=\"og:image\" content=\"https:\/\/multisite.labocosmetica.it\/de\/wp-content\/uploads\/sites\/13\/2022\/02\/AQUAVELOX-100ml.jpg\" \/>\n\t<meta property=\"og:image:width\" content=\"800\" \/>\n\t<meta property=\"og:image:height\" content=\"800\" \/>\n\t<meta property=\"og:image:type\" content=\"image\/jpeg\" \/>\n<meta name=\"twitter:card\" content=\"summary_large_image\" \/>\n<meta name=\"twitter:label1\" content=\"Gesch\u00e4tzte Lesezeit\" \/>\n\t<meta name=\"twitter:data1\" content=\"1\u00a0Minute\" \/>\n<script type=\"application\/ld+json\" class=\"yoast-schema-graph\">{\"@context\":\"https:\/\/schema.org\",\"@graph\":[{\"@type\":\"WebPage\",\"@id\":\"https:\/\/multisite.labocosmetica.it\/de\/product\/aquavelox-bestes-starkes-glas-hydrophob-wasserabweisend-gegen-regen\/\",\"url\":\"https:\/\/multisite.labocosmetica.it\/de\/product\/aquavelox-bestes-starkes-glas-hydrophob-wasserabweisend-gegen-regen\/\",\"name\":\"#Aquav\u00e8lox 100ml - #Labocosmetica\",\"isPartOf\":{\"@id\":\"https:\/\/multisite.labocosmetica.it\/de\/#website\"},\"datePublished\":\"2022-02-08T22:03:08+00:00\",\"dateModified\":\"2023-01-17T08:37:25+00:00\",\"description\":\"#Aquav\u00e8lox 100ml von #labocosmetica erzeugt eine Versiegelung von Wasserschutzbeschichtung auf der Windschutzscheibe und alle Glasoberfl\u00e4chen, wobei schnell Wasser und Verunreinigungen abgelehnt werden und aktiv zur Verkehrssicherheit beitragen.\",\"breadcrumb\":{\"@id\":\"https:\/\/multisite.labocosmetica.it\/de\/product\/aquavelox-bestes-starkes-glas-hydrophob-wasserabweisend-gegen-regen\/#breadcrumb\"},\"inLanguage\":\"de\",\"potentialAction\":[{\"@type\":\"ReadAction\",\"target\":[\"https:\/\/multisite.labocosmetica.it\/de\/product\/aquavelox-bestes-starkes-glas-hydrophob-wasserabweisend-gegen-regen\/\"]}]},{\"@type\":\"BreadcrumbList\",\"@id\":\"https:\/\/multisite.labocosmetica.it\/de\/product\/aquavelox-bestes-starkes-glas-hydrophob-wasserabweisend-gegen-regen\/#breadcrumb\",\"itemListElement\":[{\"@type\":\"ListItem\",\"position\":1,\"name\":\"Home\",\"item\":\"https:\/\/multisite.labocosmetica.it\/de\/\"},{\"@type\":\"ListItem\",\"position\":2,\"name\":\"Shop\",\"item\":\"https:\/\/multisite.labocosmetica.it\/de\/shop\/\"},{\"@type\":\"ListItem\",\"position\":3,\"name\":\"#AQUAV\u00c8LOX\"}]},{\"@type\":\"WebSite\",\"@id\":\"https:\/\/multisite.labocosmetica.it\/de\/#website\",\"url\":\"https:\/\/multisite.labocosmetica.it\/de\/\",\"name\":\"#LABOCOSMETICA - DE - NEW\",\"description\":\"For the best hands, for the best cars\",\"potentialAction\":[{\"@type\":\"SearchAction\",\"target\":{\"@type\":\"EntryPoint\",\"urlTemplate\":\"https:\/\/multisite.labocosmetica.it\/de\/?s={search_term_string}\"},\"query-input\":\"required name=search_term_string\"}],\"inLanguage\":\"de\"}]}<\/script>\n<!-- \/ Yoast SEO Premium plugin. -->","yoast_head_json":{"title":"#Aquav\u00e8lox 100ml - #Labocosmetica","description":"#Aquav\u00e8lox 100ml von #labocosmetica erzeugt eine Versiegelung von Wasserschutzbeschichtung auf der Windschutzscheibe und alle Glasoberfl\u00e4chen, wobei schnell Wasser und Verunreinigungen abgelehnt werden und aktiv zur Verkehrssicherheit beitragen.","robots":{"index":"index","follow":"follow","max-snippet":"max-snippet:-1","max-image-preview":"max-image-preview:large","max-video-preview":"max-video-preview:-1"},"canonical":"https:\/\/multisite.labocosmetica.it\/de\/product\/aquavelox-bestes-starkes-glas-hydrophob-wasserabweisend-gegen-regen\/","og_locale":"de_DE","og_type":"article","og_title":"#AQUAV\u00c8LOX","og_description":"#Aquav\u00e8lox 100ml von #labocosmetica erzeugt eine Versiegelung von Wasserschutzbeschichtung auf der Windschutzscheibe und alle Glasoberfl\u00e4chen, wobei schnell Wasser und Verunreinigungen abgelehnt werden und aktiv zur Verkehrssicherheit beitragen.","og_url":"https:\/\/multisite.labocosmetica.it\/de\/product\/aquavelox-bestes-starkes-glas-hydrophob-wasserabweisend-gegen-regen\/","og_site_name":"#LABOCOSMETICA - DE - NEW","article_modified_time":"2023-01-17T08:37:25+00:00","og_image":[{"width":800,"height":800,"url":"https:\/\/multisite.labocosmetica.it\/de\/wp-content\/uploads\/sites\/13\/2022\/02\/AQUAVELOX-100ml.jpg","type":"image\/jpeg"}],"twitter_card":"summary_large_image","twitter_misc":{"Gesch\u00e4tzte Lesezeit":"1\u00a0Minute"},"schema":{"@context":"https:\/\/schema.org","@graph":[{"@type":"WebPage","@id":"https:\/\/multisite.labocosmetica.it\/de\/product\/aquavelox-bestes-starkes-glas-hydrophob-wasserabweisend-gegen-regen\/","url":"https:\/\/multisite.labocosmetica.it\/de\/product\/aquavelox-bestes-starkes-glas-hydrophob-wasserabweisend-gegen-regen\/","name":"#Aquav\u00e8lox 100ml - #Labocosmetica","isPartOf":{"@id":"https:\/\/multisite.labocosmetica.it\/de\/#website"},"datePublished":"2022-02-08T22:03:08+00:00","dateModified":"2023-01-17T08:37:25+00:00","description":"#Aquav\u00e8lox 100ml von #labocosmetica erzeugt eine Versiegelung von Wasserschutzbeschichtung auf der Windschutzscheibe und alle Glasoberfl\u00e4chen, wobei schnell Wasser und Verunreinigungen abgelehnt werden und aktiv zur Verkehrssicherheit beitragen.","breadcrumb":{"@id":"https:\/\/multisite.labocosmetica.it\/de\/product\/aquavelox-bestes-starkes-glas-hydrophob-wasserabweisend-gegen-regen\/#breadcrumb"},"inLanguage":"de","potentialAction":[{"@type":"ReadAction","target":["https:\/\/multisite.labocosmetica.it\/de\/product\/aquavelox-bestes-starkes-glas-hydrophob-wasserabweisend-gegen-regen\/"]}]},{"@type":"BreadcrumbList","@id":"https:\/\/multisite.labocosmetica.it\/de\/product\/aquavelox-bestes-starkes-glas-hydrophob-wasserabweisend-gegen-regen\/#breadcrumb","itemListElement":[{"@type":"ListItem","position":1,"name":"Home","item":"https:\/\/multisite.labocosmetica.it\/de\/"},{"@type":"ListItem","position":2,"name":"Shop","item":"https:\/\/multisite.labocosmetica.it\/de\/shop\/"},{"@type":"ListItem","position":3,"name":"#AQUAV\u00c8LOX"}]},{"@type":"WebSite","@id":"https:\/\/multisite.labocosmetica.it\/de\/#website","url":"https:\/\/multisite.labocosmetica.it\/de\/","name":"#LABOCOSMETICA - DE - NEW","description":"For the best hands, for the best cars","potentialAction":[{"@type":"SearchAction","target":{"@type":"EntryPoint","urlTemplate":"https:\/\/multisite.labocosmetica.it\/de\/?s={search_term_string}"},"query-input":"required name=search_term_string"}],"inLanguage":"de"}]}},"_links":{"self":[{"href":"https:\/\/multisite.labocosmetica.it\/de\/wp-json\/wp\/v2\/product\/692","targetHints":{"allow":["GET"]}}],"collection":[{"href":"https:\/\/multisite.labocosmetica.it\/de\/wp-json\/wp\/v2\/product"}],"about":[{"href":"https:\/\/multisite.labocosmetica.it\/de\/wp-json\/wp\/v2\/types\/product"}],"replies":[{"embeddable":true,"href":"https:\/\/multisite.labocosmetica.it\/de\/wp-json\/wp\/v2\/comments?post=692"}],"wp:featuredmedia":[{"embeddable":true,"href":"https:\/\/multisite.labocosmetica.it\/de\/wp-json\/wp\/v2\/media\/1994"}],"wp:attachment":[{"href":"https:\/\/multisite.labocosmetica.it\/de\/wp-json\/wp\/v2\/media?parent=692"}],"wp:term":[{"taxonomy":"product_cat","embeddable":true,"href":"https:\/\/multisite.labocosmetica.it\/de\/wp-json\/wp\/v2\/product_cat?post=692"},{"taxonomy":"product_tag","embeddable":true,"href":"https:\/\/multisite.labocosmetica.it\/de\/wp-json\/wp\/v2\/product_tag?post=692"}],"curies":[{"name":"wp","href":"https:\/\/api.w.org\/{rel}","templated":true}]}}