{"id":693,"date":"2022-02-08T22:03:08","date_gmt":"2022-02-08T22:03:08","guid":{"rendered":"https:\/\/multisite.labocosmetica.it\/en\/?post_type=product&#038;p=693"},"modified":"2023-01-17T09:03:57","modified_gmt":"2023-01-17T09:03:57","slug":"energo-clean-saure-regen-wasserflecken-mineral-entferner-autopflege","status":"publish","type":"product","link":"https:\/\/multisite.labocosmetica.it\/de\/product\/energo-clean-saure-regen-wasserflecken-mineral-entferner-autopflege\/","title":{"rendered":"#\u00c8NERGO"},"content":{"rendered":"<p><strong>#\u00c8NERGO<\/strong> entfernt starke Verschmutzungen durch Kalk und sauren Regen von Fenstern und Karosserien und verk\u00fcrzt so die Polierzeit erheblich. Sehr oft lassen sich Kalkflecken nicht mit normalem Polieren entfernen: <strong>#\u00c8NERGO<\/strong> ist eines der wenigen Produkte, das dem Lackierer bei einer der schwierigsten Aufgaben helfen kann, der Entfernung von Kalkspuren vom Lack.<\/p>\n<p>Seine spezielle Gelformel erm\u00f6glicht eine schnelle und einfache direkte Anwendung nur an den Stellen, an denen dies erforderlich ist.<br \/>\nDank seiner Formulierungseigenschaften kann <strong>#\u00c8NERGO<\/strong> als Grundierung f\u00fcr Nanobeschichtungen auf Fenstern verwendet werden, um sie zu entfetten und zu reinigen.<strong> #\u00c8NERGO<\/strong> wurde in #Labocosmetica\u00ae-Labors in Zusammenarbeit mit den renommiertesten Sportwagenherstellern weltweit f\u00fcr die Einf\u00fchrung neuer Modelle gr\u00fcndlich erforscht, entwickelt und getestet.<\/p>\n","protected":false},"excerpt":{"rendered":"<p>ACID RAIN AND MINERAL STAIN REMOVER<\/p>\n","protected":false},"featured_media":1992,"comment_status":"closed","ping_status":"closed","template":"","meta":{"_kad_post_transparent":"default","_kad_post_title":"","_kad_post_layout":"default","_kad_post_sidebar_id":"","_kad_post_content_style":"default","_kad_post_vertical_padding":"default","_kad_post_feature":"","_kad_post_feature_position":"","_kad_post_header":false,"_kad_post_footer":false},"product_cat":[89],"product_tag":[],"class_list":["post-693","product","type-product","status-publish","has-post-thumbnail","hentry","product_cat-dekontamination","wvs-archive-product-wrapper","entry","content-bg","loop-entry"],"acf":[],"yoast_head":"<!-- This site is optimized with the Yoast SEO Premium plugin v18.5 (Yoast SEO v20.11) - https:\/\/yoast.com\/wordpress\/plugins\/seo\/ -->\n<title>#\u00c8nergo - 250ml - #Labocosmetica<\/title>\n<meta name=\"description\" content=\"#\u00c8nergo 250ml von #labocosmetica entfernt Limescale- und S\u00e4ureregenreste von Fenstern und K\u00f6rperarbeit, wobei die Polierzeit erheblich verk\u00fcrzt.\" \/>\n<meta name=\"robots\" content=\"index, follow, max-snippet:-1, max-image-preview:large, max-video-preview:-1\" \/>\n<link rel=\"canonical\" href=\"https:\/\/multisite.labocosmetica.it\/de\/product\/energo-clean-saure-regen-wasserflecken-mineral-entferner-autopflege\/\" \/>\n<meta property=\"og:locale\" content=\"de_DE\" \/>\n<meta property=\"og:type\" content=\"article\" \/>\n<meta property=\"og:title\" content=\"#\u00c8NERGO\" \/>\n<meta property=\"og:description\" content=\"#\u00c8nergo 250ml von #labocosmetica entfernt Limescale- und S\u00e4ureregenreste von Fenstern und K\u00f6rperarbeit, wobei die Polierzeit erheblich verk\u00fcrzt.\" \/>\n<meta property=\"og:url\" content=\"https:\/\/multisite.labocosmetica.it\/de\/product\/energo-clean-saure-regen-wasserflecken-mineral-entferner-autopflege\/\" \/>\n<meta property=\"og:site_name\" content=\"#LABOCOSMETICA - DE - NEW\" \/>\n<meta property=\"article:modified_time\" content=\"2023-01-17T09:03:57+00:00\" \/>\n<meta property=\"og:image\" content=\"https:\/\/multisite.labocosmetica.it\/de\/wp-content\/uploads\/sites\/13\/2022\/02\/Energo-250ml-1.jpg\" \/>\n\t<meta property=\"og:image:width\" content=\"800\" \/>\n\t<meta property=\"og:image:height\" content=\"800\" \/>\n\t<meta property=\"og:image:type\" content=\"image\/jpeg\" \/>\n<meta name=\"twitter:card\" content=\"summary_large_image\" \/>\n<meta name=\"twitter:label1\" content=\"Gesch\u00e4tzte Lesezeit\" \/>\n\t<meta name=\"twitter:data1\" content=\"1\u00a0Minute\" \/>\n<script type=\"application\/ld+json\" class=\"yoast-schema-graph\">{\"@context\":\"https:\/\/schema.org\",\"@graph\":[{\"@type\":\"WebPage\",\"@id\":\"https:\/\/multisite.labocosmetica.it\/de\/product\/energo-clean-saure-regen-wasserflecken-mineral-entferner-autopflege\/\",\"url\":\"https:\/\/multisite.labocosmetica.it\/de\/product\/energo-clean-saure-regen-wasserflecken-mineral-entferner-autopflege\/\",\"name\":\"#\u00c8nergo - 250ml - #Labocosmetica\",\"isPartOf\":{\"@id\":\"https:\/\/multisite.labocosmetica.it\/de\/#website\"},\"datePublished\":\"2022-02-08T22:03:08+00:00\",\"dateModified\":\"2023-01-17T09:03:57+00:00\",\"description\":\"#\u00c8nergo 250ml von #labocosmetica entfernt Limescale- und S\u00e4ureregenreste von Fenstern und K\u00f6rperarbeit, wobei die Polierzeit erheblich verk\u00fcrzt.\",\"breadcrumb\":{\"@id\":\"https:\/\/multisite.labocosmetica.it\/de\/product\/energo-clean-saure-regen-wasserflecken-mineral-entferner-autopflege\/#breadcrumb\"},\"inLanguage\":\"de\",\"potentialAction\":[{\"@type\":\"ReadAction\",\"target\":[\"https:\/\/multisite.labocosmetica.it\/de\/product\/energo-clean-saure-regen-wasserflecken-mineral-entferner-autopflege\/\"]}]},{\"@type\":\"BreadcrumbList\",\"@id\":\"https:\/\/multisite.labocosmetica.it\/de\/product\/energo-clean-saure-regen-wasserflecken-mineral-entferner-autopflege\/#breadcrumb\",\"itemListElement\":[{\"@type\":\"ListItem\",\"position\":1,\"name\":\"Home\",\"item\":\"https:\/\/multisite.labocosmetica.it\/de\/\"},{\"@type\":\"ListItem\",\"position\":2,\"name\":\"Shop\",\"item\":\"https:\/\/multisite.labocosmetica.it\/de\/shop\/\"},{\"@type\":\"ListItem\",\"position\":3,\"name\":\"#\u00c8NERGO\"}]},{\"@type\":\"WebSite\",\"@id\":\"https:\/\/multisite.labocosmetica.it\/de\/#website\",\"url\":\"https:\/\/multisite.labocosmetica.it\/de\/\",\"name\":\"#LABOCOSMETICA - DE - NEW\",\"description\":\"For the best hands, for the best cars\",\"potentialAction\":[{\"@type\":\"SearchAction\",\"target\":{\"@type\":\"EntryPoint\",\"urlTemplate\":\"https:\/\/multisite.labocosmetica.it\/de\/?s={search_term_string}\"},\"query-input\":\"required name=search_term_string\"}],\"inLanguage\":\"de\"}]}<\/script>\n<!-- \/ Yoast SEO Premium plugin. -->","yoast_head_json":{"title":"#\u00c8nergo - 250ml - #Labocosmetica","description":"#\u00c8nergo 250ml von #labocosmetica entfernt Limescale- und S\u00e4ureregenreste von Fenstern und K\u00f6rperarbeit, wobei die Polierzeit erheblich verk\u00fcrzt.","robots":{"index":"index","follow":"follow","max-snippet":"max-snippet:-1","max-image-preview":"max-image-preview:large","max-video-preview":"max-video-preview:-1"},"canonical":"https:\/\/multisite.labocosmetica.it\/de\/product\/energo-clean-saure-regen-wasserflecken-mineral-entferner-autopflege\/","og_locale":"de_DE","og_type":"article","og_title":"#\u00c8NERGO","og_description":"#\u00c8nergo 250ml von #labocosmetica entfernt Limescale- und S\u00e4ureregenreste von Fenstern und K\u00f6rperarbeit, wobei die Polierzeit erheblich verk\u00fcrzt.","og_url":"https:\/\/multisite.labocosmetica.it\/de\/product\/energo-clean-saure-regen-wasserflecken-mineral-entferner-autopflege\/","og_site_name":"#LABOCOSMETICA - DE - NEW","article_modified_time":"2023-01-17T09:03:57+00:00","og_image":[{"width":800,"height":800,"url":"https:\/\/multisite.labocosmetica.it\/de\/wp-content\/uploads\/sites\/13\/2022\/02\/Energo-250ml-1.jpg","type":"image\/jpeg"}],"twitter_card":"summary_large_image","twitter_misc":{"Gesch\u00e4tzte Lesezeit":"1\u00a0Minute"},"schema":{"@context":"https:\/\/schema.org","@graph":[{"@type":"WebPage","@id":"https:\/\/multisite.labocosmetica.it\/de\/product\/energo-clean-saure-regen-wasserflecken-mineral-entferner-autopflege\/","url":"https:\/\/multisite.labocosmetica.it\/de\/product\/energo-clean-saure-regen-wasserflecken-mineral-entferner-autopflege\/","name":"#\u00c8nergo - 250ml - #Labocosmetica","isPartOf":{"@id":"https:\/\/multisite.labocosmetica.it\/de\/#website"},"datePublished":"2022-02-08T22:03:08+00:00","dateModified":"2023-01-17T09:03:57+00:00","description":"#\u00c8nergo 250ml von #labocosmetica entfernt Limescale- und S\u00e4ureregenreste von Fenstern und K\u00f6rperarbeit, wobei die Polierzeit erheblich verk\u00fcrzt.","breadcrumb":{"@id":"https:\/\/multisite.labocosmetica.it\/de\/product\/energo-clean-saure-regen-wasserflecken-mineral-entferner-autopflege\/#breadcrumb"},"inLanguage":"de","potentialAction":[{"@type":"ReadAction","target":["https:\/\/multisite.labocosmetica.it\/de\/product\/energo-clean-saure-regen-wasserflecken-mineral-entferner-autopflege\/"]}]},{"@type":"BreadcrumbList","@id":"https:\/\/multisite.labocosmetica.it\/de\/product\/energo-clean-saure-regen-wasserflecken-mineral-entferner-autopflege\/#breadcrumb","itemListElement":[{"@type":"ListItem","position":1,"name":"Home","item":"https:\/\/multisite.labocosmetica.it\/de\/"},{"@type":"ListItem","position":2,"name":"Shop","item":"https:\/\/multisite.labocosmetica.it\/de\/shop\/"},{"@type":"ListItem","position":3,"name":"#\u00c8NERGO"}]},{"@type":"WebSite","@id":"https:\/\/multisite.labocosmetica.it\/de\/#website","url":"https:\/\/multisite.labocosmetica.it\/de\/","name":"#LABOCOSMETICA - DE - NEW","description":"For the best hands, for the best cars","potentialAction":[{"@type":"SearchAction","target":{"@type":"EntryPoint","urlTemplate":"https:\/\/multisite.labocosmetica.it\/de\/?s={search_term_string}"},"query-input":"required name=search_term_string"}],"inLanguage":"de"}]}},"_links":{"self":[{"href":"https:\/\/multisite.labocosmetica.it\/de\/wp-json\/wp\/v2\/product\/693","targetHints":{"allow":["GET"]}}],"collection":[{"href":"https:\/\/multisite.labocosmetica.it\/de\/wp-json\/wp\/v2\/product"}],"about":[{"href":"https:\/\/multisite.labocosmetica.it\/de\/wp-json\/wp\/v2\/types\/product"}],"replies":[{"embeddable":true,"href":"https:\/\/multisite.labocosmetica.it\/de\/wp-json\/wp\/v2\/comments?post=693"}],"wp:featuredmedia":[{"embeddable":true,"href":"https:\/\/multisite.labocosmetica.it\/de\/wp-json\/wp\/v2\/media\/1992"}],"wp:attachment":[{"href":"https:\/\/multisite.labocosmetica.it\/de\/wp-json\/wp\/v2\/media?parent=693"}],"wp:term":[{"taxonomy":"product_cat","embeddable":true,"href":"https:\/\/multisite.labocosmetica.it\/de\/wp-json\/wp\/v2\/product_cat?post=693"},{"taxonomy":"product_tag","embeddable":true,"href":"https:\/\/multisite.labocosmetica.it\/de\/wp-json\/wp\/v2\/product_tag?post=693"}],"curies":[{"name":"wp","href":"https:\/\/api.w.org\/{rel}","templated":true}]}}