{"id":703,"date":"2022-02-08T22:03:09","date_gmt":"2022-02-08T22:03:09","guid":{"rendered":"https:\/\/multisite.labocosmetica.it\/en\/?post_type=product&#038;p=703"},"modified":"2023-04-11T14:29:57","modified_gmt":"2023-04-11T14:29:57","slug":"ductile-bester-apc-all-purpose-cleaner-allzweckreiniger-detailing","status":"publish","type":"product","link":"https:\/\/multisite.labocosmetica.it\/de\/product\/ductile-bester-apc-all-purpose-cleaner-allzweckreiniger-detailing\/","title":{"rendered":"#D\u00d9CTILE"},"content":{"rendered":"<p><strong>Produkt geeignet f\u00fcr besonders verschmutzte oder zu \u00fcberholende Autos. #D\u00d9CTILE<\/strong> ist ein extrem konzentriertes, vielseitiges Reinigungsmittel mit hoher Reinigungskraft, das auf allen Arten von Oberfl\u00e4chen sowohl innerhalb als auch au\u00dferhalb des Autos wirksam ist. <strong>Das Produkt ist von Alcantara\u00ae<\/strong> f\u00fcr die Entfernung von hartn\u00e4ckigen Flecken wie Getr\u00e4nken oder organischen und fettigen R\u00fcckst\u00e4nden zugelassen, ohne die Stoffe zu verf\u00e4rben. Seine innovativen kationischen Tenside erm\u00f6glichen es, das Gewebe weich und weich zu machen, was f\u00fcr ein APC ungew\u00f6hnlich ist.<\/p>\n<p>F\u00fcr eine sanfte und gr\u00fcndliche Reinigung von Kunststoffen und f\u00fcr ein Finish wie neu kann <strong>#D\u00d9CTILE<\/strong> sowohl mit einer B\u00fcrste verwendet werden, um mit einem einfachen trockenen Mikrofasertuch, entweder mit Absaug- oder Dampfmaschinen, einen leicht zu bearbeitenden und entfernbaren Schaum zu erzeugen. Dank der <strong>\u201eOdor Block\u201c-Technologie<\/strong> neutralisiert es unerw\u00fcnschte und unangenehme Ger\u00fcche aus dem Fahrgastraum wie den Geruch von normalen oder elektronischen Zigaretten und hinterl\u00e4sst einen langanhaltenden frischen und sauberen Duft. Die Vielseitigkeit seiner Formel erm\u00f6glicht es, selbst auf den empfindlichsten Stoffen wirksam und sicher zu sein, ideal zum Entfernen hartn\u00e4ckiger Verschmutzungen wie \u00d6l- und Fettflecken.<\/p>\n","protected":false},"excerpt":{"rendered":"<p>APC &#8211; ALL PURPOSE CLEANER ALL AROUND<\/p>\n","protected":false},"featured_media":2077,"comment_status":"closed","ping_status":"closed","template":"","meta":{"_kad_post_transparent":"default","_kad_post_title":"","_kad_post_layout":"default","_kad_post_sidebar_id":"","_kad_post_content_style":"default","_kad_post_vertical_padding":"default","_kad_post_feature":"","_kad_post_feature_position":"","_kad_post_header":false,"_kad_post_footer":false},"product_cat":[91],"product_tag":[],"class_list":["post-703","product","type-product","status-publish","has-post-thumbnail","hentry","product_cat-waschen","wvs-archive-product-wrapper","entry","content-bg","loop-entry"],"acf":[],"yoast_head":"<!-- This site is optimized with the Yoast SEO Premium plugin v18.5 (Yoast SEO v20.11) - https:\/\/yoast.com\/wordpress\/plugins\/seo\/ -->\n<title>#D\u00f9ctile 500ml | APC Allzweckreiniger | #Labocosmetica<\/title>\n<meta name=\"description\" content=\"#D\u00f9ctile 500ml #labocosmetica APC Allzweckreiniger rundum ist ein vielseitiges und extrem konzentriertes Reinigungsmittel mit starker Reinigungswirkung. #D\u00f9ctile und #glico sind Teil des 2PH -kombinierten Innenautorwaschzyklus von Labocosmetika.\" \/>\n<meta name=\"robots\" content=\"index, follow, max-snippet:-1, max-image-preview:large, max-video-preview:-1\" \/>\n<link rel=\"canonical\" href=\"https:\/\/multisite.labocosmetica.it\/de\/product\/ductile-bester-apc-all-purpose-cleaner-allzweckreiniger-detailing\/\" \/>\n<meta property=\"og:locale\" content=\"de_DE\" \/>\n<meta property=\"og:type\" content=\"article\" \/>\n<meta property=\"og:title\" content=\"#D\u00d9CTILE\" \/>\n<meta property=\"og:description\" content=\"#D\u00f9ctile 500ml #labocosmetica APC Allzweckreiniger rundum ist ein vielseitiges und extrem konzentriertes Reinigungsmittel mit starker Reinigungswirkung. #D\u00f9ctile und #glico sind Teil des 2PH -kombinierten Innenautorwaschzyklus von Labocosmetika.\" \/>\n<meta property=\"og:url\" content=\"https:\/\/multisite.labocosmetica.it\/de\/product\/ductile-bester-apc-all-purpose-cleaner-allzweckreiniger-detailing\/\" \/>\n<meta property=\"og:site_name\" content=\"#LABOCOSMETICA - DE - NEW\" \/>\n<meta property=\"article:modified_time\" content=\"2023-04-11T14:29:57+00:00\" \/>\n<meta property=\"og:image\" content=\"https:\/\/multisite.labocosmetica.it\/de\/wp-content\/uploads\/sites\/13\/2022\/02\/Ductile_500.png\" \/>\n\t<meta property=\"og:image:width\" content=\"800\" \/>\n\t<meta property=\"og:image:height\" content=\"800\" \/>\n\t<meta property=\"og:image:type\" content=\"image\/png\" \/>\n<meta name=\"twitter:card\" content=\"summary_large_image\" \/>\n<meta name=\"twitter:label1\" content=\"Gesch\u00e4tzte Lesezeit\" \/>\n\t<meta name=\"twitter:data1\" content=\"1\u00a0Minute\" \/>\n<script type=\"application\/ld+json\" class=\"yoast-schema-graph\">{\"@context\":\"https:\/\/schema.org\",\"@graph\":[{\"@type\":\"WebPage\",\"@id\":\"https:\/\/multisite.labocosmetica.it\/de\/product\/ductile-bester-apc-all-purpose-cleaner-allzweckreiniger-detailing\/\",\"url\":\"https:\/\/multisite.labocosmetica.it\/de\/product\/ductile-bester-apc-all-purpose-cleaner-allzweckreiniger-detailing\/\",\"name\":\"#D\u00f9ctile 500ml | APC Allzweckreiniger | #Labocosmetica\",\"isPartOf\":{\"@id\":\"https:\/\/multisite.labocosmetica.it\/de\/#website\"},\"datePublished\":\"2022-02-08T22:03:09+00:00\",\"dateModified\":\"2023-04-11T14:29:57+00:00\",\"description\":\"#D\u00f9ctile 500ml #labocosmetica APC Allzweckreiniger rundum ist ein vielseitiges und extrem konzentriertes Reinigungsmittel mit starker Reinigungswirkung. #D\u00f9ctile und #glico sind Teil des 2PH -kombinierten Innenautorwaschzyklus von Labocosmetika.\",\"breadcrumb\":{\"@id\":\"https:\/\/multisite.labocosmetica.it\/de\/product\/ductile-bester-apc-all-purpose-cleaner-allzweckreiniger-detailing\/#breadcrumb\"},\"inLanguage\":\"de\",\"potentialAction\":[{\"@type\":\"ReadAction\",\"target\":[\"https:\/\/multisite.labocosmetica.it\/de\/product\/ductile-bester-apc-all-purpose-cleaner-allzweckreiniger-detailing\/\"]}]},{\"@type\":\"BreadcrumbList\",\"@id\":\"https:\/\/multisite.labocosmetica.it\/de\/product\/ductile-bester-apc-all-purpose-cleaner-allzweckreiniger-detailing\/#breadcrumb\",\"itemListElement\":[{\"@type\":\"ListItem\",\"position\":1,\"name\":\"Home\",\"item\":\"https:\/\/multisite.labocosmetica.it\/de\/\"},{\"@type\":\"ListItem\",\"position\":2,\"name\":\"Shop\",\"item\":\"https:\/\/multisite.labocosmetica.it\/de\/shop\/\"},{\"@type\":\"ListItem\",\"position\":3,\"name\":\"#D\u00d9CTILE\"}]},{\"@type\":\"WebSite\",\"@id\":\"https:\/\/multisite.labocosmetica.it\/de\/#website\",\"url\":\"https:\/\/multisite.labocosmetica.it\/de\/\",\"name\":\"#LABOCOSMETICA - DE - NEW\",\"description\":\"For the best hands, for the best cars\",\"potentialAction\":[{\"@type\":\"SearchAction\",\"target\":{\"@type\":\"EntryPoint\",\"urlTemplate\":\"https:\/\/multisite.labocosmetica.it\/de\/?s={search_term_string}\"},\"query-input\":\"required name=search_term_string\"}],\"inLanguage\":\"de\"}]}<\/script>\n<!-- \/ Yoast SEO Premium plugin. -->","yoast_head_json":{"title":"#D\u00f9ctile 500ml | APC Allzweckreiniger | #Labocosmetica","description":"#D\u00f9ctile 500ml #labocosmetica APC Allzweckreiniger rundum ist ein vielseitiges und extrem konzentriertes Reinigungsmittel mit starker Reinigungswirkung. #D\u00f9ctile und #glico sind Teil des 2PH -kombinierten Innenautorwaschzyklus von Labocosmetika.","robots":{"index":"index","follow":"follow","max-snippet":"max-snippet:-1","max-image-preview":"max-image-preview:large","max-video-preview":"max-video-preview:-1"},"canonical":"https:\/\/multisite.labocosmetica.it\/de\/product\/ductile-bester-apc-all-purpose-cleaner-allzweckreiniger-detailing\/","og_locale":"de_DE","og_type":"article","og_title":"#D\u00d9CTILE","og_description":"#D\u00f9ctile 500ml #labocosmetica APC Allzweckreiniger rundum ist ein vielseitiges und extrem konzentriertes Reinigungsmittel mit starker Reinigungswirkung. #D\u00f9ctile und #glico sind Teil des 2PH -kombinierten Innenautorwaschzyklus von Labocosmetika.","og_url":"https:\/\/multisite.labocosmetica.it\/de\/product\/ductile-bester-apc-all-purpose-cleaner-allzweckreiniger-detailing\/","og_site_name":"#LABOCOSMETICA - DE - NEW","article_modified_time":"2023-04-11T14:29:57+00:00","og_image":[{"width":800,"height":800,"url":"https:\/\/multisite.labocosmetica.it\/de\/wp-content\/uploads\/sites\/13\/2022\/02\/Ductile_500.png","type":"image\/png"}],"twitter_card":"summary_large_image","twitter_misc":{"Gesch\u00e4tzte Lesezeit":"1\u00a0Minute"},"schema":{"@context":"https:\/\/schema.org","@graph":[{"@type":"WebPage","@id":"https:\/\/multisite.labocosmetica.it\/de\/product\/ductile-bester-apc-all-purpose-cleaner-allzweckreiniger-detailing\/","url":"https:\/\/multisite.labocosmetica.it\/de\/product\/ductile-bester-apc-all-purpose-cleaner-allzweckreiniger-detailing\/","name":"#D\u00f9ctile 500ml | APC Allzweckreiniger | #Labocosmetica","isPartOf":{"@id":"https:\/\/multisite.labocosmetica.it\/de\/#website"},"datePublished":"2022-02-08T22:03:09+00:00","dateModified":"2023-04-11T14:29:57+00:00","description":"#D\u00f9ctile 500ml #labocosmetica APC Allzweckreiniger rundum ist ein vielseitiges und extrem konzentriertes Reinigungsmittel mit starker Reinigungswirkung. #D\u00f9ctile und #glico sind Teil des 2PH -kombinierten Innenautorwaschzyklus von Labocosmetika.","breadcrumb":{"@id":"https:\/\/multisite.labocosmetica.it\/de\/product\/ductile-bester-apc-all-purpose-cleaner-allzweckreiniger-detailing\/#breadcrumb"},"inLanguage":"de","potentialAction":[{"@type":"ReadAction","target":["https:\/\/multisite.labocosmetica.it\/de\/product\/ductile-bester-apc-all-purpose-cleaner-allzweckreiniger-detailing\/"]}]},{"@type":"BreadcrumbList","@id":"https:\/\/multisite.labocosmetica.it\/de\/product\/ductile-bester-apc-all-purpose-cleaner-allzweckreiniger-detailing\/#breadcrumb","itemListElement":[{"@type":"ListItem","position":1,"name":"Home","item":"https:\/\/multisite.labocosmetica.it\/de\/"},{"@type":"ListItem","position":2,"name":"Shop","item":"https:\/\/multisite.labocosmetica.it\/de\/shop\/"},{"@type":"ListItem","position":3,"name":"#D\u00d9CTILE"}]},{"@type":"WebSite","@id":"https:\/\/multisite.labocosmetica.it\/de\/#website","url":"https:\/\/multisite.labocosmetica.it\/de\/","name":"#LABOCOSMETICA - DE - NEW","description":"For the best hands, for the best cars","potentialAction":[{"@type":"SearchAction","target":{"@type":"EntryPoint","urlTemplate":"https:\/\/multisite.labocosmetica.it\/de\/?s={search_term_string}"},"query-input":"required name=search_term_string"}],"inLanguage":"de"}]}},"_links":{"self":[{"href":"https:\/\/multisite.labocosmetica.it\/de\/wp-json\/wp\/v2\/product\/703","targetHints":{"allow":["GET"]}}],"collection":[{"href":"https:\/\/multisite.labocosmetica.it\/de\/wp-json\/wp\/v2\/product"}],"about":[{"href":"https:\/\/multisite.labocosmetica.it\/de\/wp-json\/wp\/v2\/types\/product"}],"replies":[{"embeddable":true,"href":"https:\/\/multisite.labocosmetica.it\/de\/wp-json\/wp\/v2\/comments?post=703"}],"wp:featuredmedia":[{"embeddable":true,"href":"https:\/\/multisite.labocosmetica.it\/de\/wp-json\/wp\/v2\/media\/2077"}],"wp:attachment":[{"href":"https:\/\/multisite.labocosmetica.it\/de\/wp-json\/wp\/v2\/media?parent=703"}],"wp:term":[{"taxonomy":"product_cat","embeddable":true,"href":"https:\/\/multisite.labocosmetica.it\/de\/wp-json\/wp\/v2\/product_cat?post=703"},{"taxonomy":"product_tag","embeddable":true,"href":"https:\/\/multisite.labocosmetica.it\/de\/wp-json\/wp\/v2\/product_tag?post=703"}],"curies":[{"name":"wp","href":"https:\/\/api.w.org\/{rel}","templated":true}]}}