{"id":704,"date":"2022-02-08T22:03:09","date_gmt":"2022-02-08T22:03:09","guid":{"rendered":"https:\/\/multisite.labocosmetica.it\/en\/?post_type=product&#038;p=704"},"modified":"2023-01-17T09:00:24","modified_gmt":"2023-01-17T09:00:24","slug":"derma-sealant-bester-lederversiegelungs-nanobeschichtungsschutz","status":"publish","type":"product","link":"https:\/\/multisite.labocosmetica.it\/de\/product\/derma-sealant-bester-lederversiegelungs-nanobeschichtungsschutz\/","title":{"rendered":"#D\u00c8RMA SEALANT\u2122"},"content":{"rendered":"<p><strong>#D\u00c8RMA SEALANT sch\u00fctzt das Leder, indem es eine chemisch-physikalische Barriere<\/strong> <strong>bildet<\/strong> und seine nat\u00fcrliche Weichheit und Atmungsaktivit\u00e4t, sein nat\u00fcrliches Finish und sein urspr\u00fcngliches Aussehen erh\u00e4lt. Seine <strong>innovative Formulierung<\/strong> auf Wasserbasis enth\u00e4lt begehrte reaktive Polymere, die an der Oberfl\u00e4che haften und eine unsichtbare Anti-Reibungs-Beschichtung bilden. Seine besonderen Eigenschaften reduzieren drastisch den Verschlei\u00df und die biologische Verschlechterung der behandelten Oberfl\u00e4chen, vermeiden eine vorzeitige Alterung und verl\u00e4ngern so ihre Lebensdauer im Laufe der Zeit. Au\u00dferdem garantiert es einen hervorragenden Schutz vor Abnutzung und Farb\u00fcbertragung f\u00fcr mindestens <strong>15.000 km.<\/strong><\/p>\n<p><strong>#D\u00c8RMA SEALANT<\/strong> enth\u00e4lt zwei innovative und exklusive Technologien: <strong>AQL-Technologie \u2013 Active Quaternary Layer<\/strong>, die eine physikalische Barriere gegen Schimmelpilze und Bakteriensporen bildet, und <strong>SFC \u2013 Self Fast Curing Technology<\/strong>. Diese Technologie erm\u00f6glicht es Ihnen, die Schicht in wenigen Stunden zu schlie\u00dfen. Dar\u00fcber hinaus ist die behandelte Oberfl\u00e4che dank ihrer starken hydrophoben Wirkung (sie erzeugt einen Kontaktwinkel von 120 \u00b0) widerstandsf\u00e4higer gegen Flecken und wird vor Farb\u00fcbertragung durch die Verwendung von Stoffen wie Jeans gesch\u00fctzt. <strong>#D\u00c8RMA SEALANT<\/strong> hinterl\u00e4sst einen angenehmen Geruch von neuem Leder auf der Oberfl\u00e4che. Die zahlreichen im Labor durchgef\u00fchrten Tests haben gezeigt, dass <strong>#D\u00c8RMA SEALANT<\/strong> f\u00fcr alle Lederarten geeignet ist und ein gleichm\u00e4\u00dfiges Finish wie neu hinterl\u00e4sst.<\/p>\n","protected":false},"excerpt":{"rendered":"<p>PROTECTIVE SEALANT LEATHER WITH NANO BIO COAT<\/p>\n","protected":false},"featured_media":1988,"comment_status":"closed","ping_status":"closed","template":"","meta":{"_kad_post_transparent":"default","_kad_post_title":"","_kad_post_layout":"default","_kad_post_sidebar_id":"","_kad_post_content_style":"default","_kad_post_vertical_padding":"default","_kad_post_feature":"","_kad_post_feature_position":"","_kad_post_header":false,"_kad_post_footer":false},"product_cat":[88],"product_tag":[],"class_list":["post-704","product","type-product","status-publish","has-post-thumbnail","hentry","product_cat-schutz","wvs-archive-product-wrapper","entry","content-bg","loop-entry"],"acf":[],"yoast_head":"<!-- This site is optimized with the Yoast SEO Premium plugin v18.5 (Yoast SEO v20.11) - https:\/\/yoast.com\/wordpress\/plugins\/seo\/ -->\n<title>#D\u00e8rma Sealant \u2122 250ml | #Labocosmetica<\/title>\n<meta name=\"description\" content=\"#D\u00e8rma Sealant \u2122 250ml #labocosmetica ist ein sch\u00fctzendes Hautversiegelungsmittel gegen Schmutz, Verschlei\u00df und Farbtransfer mit Nano -Bio -Coat -Technologie.\" \/>\n<meta name=\"robots\" content=\"index, follow, max-snippet:-1, max-image-preview:large, max-video-preview:-1\" \/>\n<link rel=\"canonical\" href=\"https:\/\/multisite.labocosmetica.it\/de\/product\/derma-sealant-bester-lederversiegelungs-nanobeschichtungsschutz\/\" \/>\n<meta property=\"og:locale\" content=\"de_DE\" \/>\n<meta property=\"og:type\" content=\"article\" \/>\n<meta property=\"og:title\" content=\"#D\u00c8RMA SEALANT\u2122\" \/>\n<meta property=\"og:description\" content=\"#D\u00e8rma Sealant \u2122 250ml #labocosmetica ist ein sch\u00fctzendes Hautversiegelungsmittel gegen Schmutz, Verschlei\u00df und Farbtransfer mit Nano -Bio -Coat -Technologie.\" \/>\n<meta property=\"og:url\" content=\"https:\/\/multisite.labocosmetica.it\/de\/product\/derma-sealant-bester-lederversiegelungs-nanobeschichtungsschutz\/\" \/>\n<meta property=\"og:site_name\" content=\"#LABOCOSMETICA - DE - NEW\" \/>\n<meta property=\"article:modified_time\" content=\"2023-01-17T09:00:24+00:00\" \/>\n<meta property=\"og:image\" content=\"https:\/\/multisite.labocosmetica.it\/de\/wp-content\/uploads\/sites\/13\/2022\/02\/Derma-Sealant-250ml.jpg\" \/>\n\t<meta property=\"og:image:width\" content=\"800\" \/>\n\t<meta property=\"og:image:height\" content=\"800\" \/>\n\t<meta property=\"og:image:type\" content=\"image\/jpeg\" \/>\n<meta name=\"twitter:card\" content=\"summary_large_image\" \/>\n<meta name=\"twitter:label1\" content=\"Gesch\u00e4tzte Lesezeit\" \/>\n\t<meta name=\"twitter:data1\" content=\"1\u00a0Minute\" \/>\n<script type=\"application\/ld+json\" class=\"yoast-schema-graph\">{\"@context\":\"https:\/\/schema.org\",\"@graph\":[{\"@type\":\"WebPage\",\"@id\":\"https:\/\/multisite.labocosmetica.it\/de\/product\/derma-sealant-bester-lederversiegelungs-nanobeschichtungsschutz\/\",\"url\":\"https:\/\/multisite.labocosmetica.it\/de\/product\/derma-sealant-bester-lederversiegelungs-nanobeschichtungsschutz\/\",\"name\":\"#D\u00e8rma Sealant \u2122 250ml | #Labocosmetica\",\"isPartOf\":{\"@id\":\"https:\/\/multisite.labocosmetica.it\/de\/#website\"},\"datePublished\":\"2022-02-08T22:03:09+00:00\",\"dateModified\":\"2023-01-17T09:00:24+00:00\",\"description\":\"#D\u00e8rma Sealant \u2122 250ml #labocosmetica ist ein sch\u00fctzendes Hautversiegelungsmittel gegen Schmutz, Verschlei\u00df und Farbtransfer mit Nano -Bio -Coat -Technologie.\",\"breadcrumb\":{\"@id\":\"https:\/\/multisite.labocosmetica.it\/de\/product\/derma-sealant-bester-lederversiegelungs-nanobeschichtungsschutz\/#breadcrumb\"},\"inLanguage\":\"de\",\"potentialAction\":[{\"@type\":\"ReadAction\",\"target\":[\"https:\/\/multisite.labocosmetica.it\/de\/product\/derma-sealant-bester-lederversiegelungs-nanobeschichtungsschutz\/\"]}]},{\"@type\":\"BreadcrumbList\",\"@id\":\"https:\/\/multisite.labocosmetica.it\/de\/product\/derma-sealant-bester-lederversiegelungs-nanobeschichtungsschutz\/#breadcrumb\",\"itemListElement\":[{\"@type\":\"ListItem\",\"position\":1,\"name\":\"Home\",\"item\":\"https:\/\/multisite.labocosmetica.it\/de\/\"},{\"@type\":\"ListItem\",\"position\":2,\"name\":\"Shop\",\"item\":\"https:\/\/multisite.labocosmetica.it\/de\/shop\/\"},{\"@type\":\"ListItem\",\"position\":3,\"name\":\"#D\u00c8RMA SEALANT\u2122\"}]},{\"@type\":\"WebSite\",\"@id\":\"https:\/\/multisite.labocosmetica.it\/de\/#website\",\"url\":\"https:\/\/multisite.labocosmetica.it\/de\/\",\"name\":\"#LABOCOSMETICA - DE - NEW\",\"description\":\"For the best hands, for the best cars\",\"potentialAction\":[{\"@type\":\"SearchAction\",\"target\":{\"@type\":\"EntryPoint\",\"urlTemplate\":\"https:\/\/multisite.labocosmetica.it\/de\/?s={search_term_string}\"},\"query-input\":\"required name=search_term_string\"}],\"inLanguage\":\"de\"}]}<\/script>\n<!-- \/ Yoast SEO Premium plugin. -->","yoast_head_json":{"title":"#D\u00e8rma Sealant \u2122 250ml | #Labocosmetica","description":"#D\u00e8rma Sealant \u2122 250ml #labocosmetica ist ein sch\u00fctzendes Hautversiegelungsmittel gegen Schmutz, Verschlei\u00df und Farbtransfer mit Nano -Bio -Coat -Technologie.","robots":{"index":"index","follow":"follow","max-snippet":"max-snippet:-1","max-image-preview":"max-image-preview:large","max-video-preview":"max-video-preview:-1"},"canonical":"https:\/\/multisite.labocosmetica.it\/de\/product\/derma-sealant-bester-lederversiegelungs-nanobeschichtungsschutz\/","og_locale":"de_DE","og_type":"article","og_title":"#D\u00c8RMA SEALANT\u2122","og_description":"#D\u00e8rma Sealant \u2122 250ml #labocosmetica ist ein sch\u00fctzendes Hautversiegelungsmittel gegen Schmutz, Verschlei\u00df und Farbtransfer mit Nano -Bio -Coat -Technologie.","og_url":"https:\/\/multisite.labocosmetica.it\/de\/product\/derma-sealant-bester-lederversiegelungs-nanobeschichtungsschutz\/","og_site_name":"#LABOCOSMETICA - DE - NEW","article_modified_time":"2023-01-17T09:00:24+00:00","og_image":[{"width":800,"height":800,"url":"https:\/\/multisite.labocosmetica.it\/de\/wp-content\/uploads\/sites\/13\/2022\/02\/Derma-Sealant-250ml.jpg","type":"image\/jpeg"}],"twitter_card":"summary_large_image","twitter_misc":{"Gesch\u00e4tzte Lesezeit":"1\u00a0Minute"},"schema":{"@context":"https:\/\/schema.org","@graph":[{"@type":"WebPage","@id":"https:\/\/multisite.labocosmetica.it\/de\/product\/derma-sealant-bester-lederversiegelungs-nanobeschichtungsschutz\/","url":"https:\/\/multisite.labocosmetica.it\/de\/product\/derma-sealant-bester-lederversiegelungs-nanobeschichtungsschutz\/","name":"#D\u00e8rma Sealant \u2122 250ml | #Labocosmetica","isPartOf":{"@id":"https:\/\/multisite.labocosmetica.it\/de\/#website"},"datePublished":"2022-02-08T22:03:09+00:00","dateModified":"2023-01-17T09:00:24+00:00","description":"#D\u00e8rma Sealant \u2122 250ml #labocosmetica ist ein sch\u00fctzendes Hautversiegelungsmittel gegen Schmutz, Verschlei\u00df und Farbtransfer mit Nano -Bio -Coat -Technologie.","breadcrumb":{"@id":"https:\/\/multisite.labocosmetica.it\/de\/product\/derma-sealant-bester-lederversiegelungs-nanobeschichtungsschutz\/#breadcrumb"},"inLanguage":"de","potentialAction":[{"@type":"ReadAction","target":["https:\/\/multisite.labocosmetica.it\/de\/product\/derma-sealant-bester-lederversiegelungs-nanobeschichtungsschutz\/"]}]},{"@type":"BreadcrumbList","@id":"https:\/\/multisite.labocosmetica.it\/de\/product\/derma-sealant-bester-lederversiegelungs-nanobeschichtungsschutz\/#breadcrumb","itemListElement":[{"@type":"ListItem","position":1,"name":"Home","item":"https:\/\/multisite.labocosmetica.it\/de\/"},{"@type":"ListItem","position":2,"name":"Shop","item":"https:\/\/multisite.labocosmetica.it\/de\/shop\/"},{"@type":"ListItem","position":3,"name":"#D\u00c8RMA SEALANT\u2122"}]},{"@type":"WebSite","@id":"https:\/\/multisite.labocosmetica.it\/de\/#website","url":"https:\/\/multisite.labocosmetica.it\/de\/","name":"#LABOCOSMETICA - DE - NEW","description":"For the best hands, for the best cars","potentialAction":[{"@type":"SearchAction","target":{"@type":"EntryPoint","urlTemplate":"https:\/\/multisite.labocosmetica.it\/de\/?s={search_term_string}"},"query-input":"required name=search_term_string"}],"inLanguage":"de"}]}},"_links":{"self":[{"href":"https:\/\/multisite.labocosmetica.it\/de\/wp-json\/wp\/v2\/product\/704","targetHints":{"allow":["GET"]}}],"collection":[{"href":"https:\/\/multisite.labocosmetica.it\/de\/wp-json\/wp\/v2\/product"}],"about":[{"href":"https:\/\/multisite.labocosmetica.it\/de\/wp-json\/wp\/v2\/types\/product"}],"replies":[{"embeddable":true,"href":"https:\/\/multisite.labocosmetica.it\/de\/wp-json\/wp\/v2\/comments?post=704"}],"wp:featuredmedia":[{"embeddable":true,"href":"https:\/\/multisite.labocosmetica.it\/de\/wp-json\/wp\/v2\/media\/1988"}],"wp:attachment":[{"href":"https:\/\/multisite.labocosmetica.it\/de\/wp-json\/wp\/v2\/media?parent=704"}],"wp:term":[{"taxonomy":"product_cat","embeddable":true,"href":"https:\/\/multisite.labocosmetica.it\/de\/wp-json\/wp\/v2\/product_cat?post=704"},{"taxonomy":"product_tag","embeddable":true,"href":"https:\/\/multisite.labocosmetica.it\/de\/wp-json\/wp\/v2\/product_tag?post=704"}],"curies":[{"name":"wp","href":"https:\/\/api.w.org\/{rel}","templated":true}]}}