{"id":709,"date":"2022-02-08T22:03:09","date_gmt":"2022-02-08T22:03:09","guid":{"rendered":"https:\/\/multisite.labocosmetica.it\/en\/?post_type=product&#038;p=709"},"modified":"2023-01-17T08:55:28","modified_gmt":"2023-01-17T08:55:28","slug":"cronos-rapid-decarbonizer-auspuffendrohre-autodetails","status":"publish","type":"product","link":"https:\/\/multisite.labocosmetica.it\/de\/product\/cronos-rapid-decarbonizer-auspuffendrohre-autodetails\/","title":{"rendered":"#CR\u00d2NOS"},"content":{"rendered":"<p>\u25ba Sehr effektives Dekarbonisator bricht die Kohlenstoffreste im Schalld\u00e4mpfer in wenigen Minuten ab.<\/p>\n<p>\u25ba Gro\u00dfe Neuigkeiten in der Welt der Details.<\/p>\n<p>\u25ba Seine innovative Formel verk\u00fcrzt die Zeiten des internen Polierens und vermeiden so die Verwendung des klassischen Eisenpinsels.<\/p>\n<p>\u25baDas Produkt ist geliert, um an der Wand zu haften und gleichzeitig in v\u00f6lliger Sicherheit zu arbeiten.<\/p>\n<p>\u25baErforscht, entwickelt und gr\u00fcndlich getestet von den Mafra-Labors in Zusammenarbeit mit den besten internationalen Detaillierungszentren.<\/p>\n","protected":false},"excerpt":{"rendered":"<p>RAPID DECARBONIZER<\/p>\n","protected":false},"featured_media":1990,"comment_status":"closed","ping_status":"closed","template":"","meta":{"_kad_post_transparent":"default","_kad_post_title":"","_kad_post_layout":"default","_kad_post_sidebar_id":"","_kad_post_content_style":"default","_kad_post_vertical_padding":"default","_kad_post_feature":"","_kad_post_feature_position":"","_kad_post_header":false,"_kad_post_footer":false},"product_cat":[89],"product_tag":[],"class_list":["post-709","product","type-product","status-publish","has-post-thumbnail","hentry","product_cat-dekontamination","wvs-archive-product-wrapper","entry","content-bg","loop-entry"],"acf":[],"yoast_head":"<!-- This site is optimized with the Yoast SEO Premium plugin v18.5 (Yoast SEO v20.11) - https:\/\/yoast.com\/wordpress\/plugins\/seo\/ -->\n<title>#Cr\u00f2nos - 250ml - #Labocosmetica<\/title>\n<meta name=\"description\" content=\"#Cr\u00f2nos 250ml von #Labocosmetica ist eine gro\u00dfartige Neuigkeit in der Welt der Details: Es ist ein sehr effektiver Dekarboner, der in wenigen Minuten kohlenstoffhaltige R\u00fcckst\u00e4nde innerhalb des Schalld\u00e4mpfers abschlie\u00dft. Die innovative Formel verk\u00fcrzt die Innenpolierzeiten und vermeidet damit die Verwendung der traditionellen Stahlwolle.\" \/>\n<meta name=\"robots\" content=\"index, follow, max-snippet:-1, max-image-preview:large, max-video-preview:-1\" \/>\n<link rel=\"canonical\" href=\"https:\/\/multisite.labocosmetica.it\/de\/product\/cronos-rapid-decarbonizer-auspuffendrohre-autodetails\/\" \/>\n<meta property=\"og:locale\" content=\"de_DE\" \/>\n<meta property=\"og:type\" content=\"article\" \/>\n<meta property=\"og:title\" content=\"#CR\u00d2NOS\" \/>\n<meta property=\"og:description\" content=\"#Cr\u00f2nos 250ml von #Labocosmetica ist eine gro\u00dfartige Neuigkeit in der Welt der Details: Es ist ein sehr effektiver Dekarboner, der in wenigen Minuten kohlenstoffhaltige R\u00fcckst\u00e4nde innerhalb des Schalld\u00e4mpfers abschlie\u00dft. Die innovative Formel verk\u00fcrzt die Innenpolierzeiten und vermeidet damit die Verwendung der traditionellen Stahlwolle.\" \/>\n<meta property=\"og:url\" content=\"https:\/\/multisite.labocosmetica.it\/de\/product\/cronos-rapid-decarbonizer-auspuffendrohre-autodetails\/\" \/>\n<meta property=\"og:site_name\" content=\"#LABOCOSMETICA - DE - NEW\" \/>\n<meta property=\"article:modified_time\" content=\"2023-01-17T08:55:28+00:00\" \/>\n<meta property=\"og:image\" content=\"https:\/\/multisite.labocosmetica.it\/de\/wp-content\/uploads\/sites\/13\/2022\/02\/Cronos-250ml.jpg\" \/>\n\t<meta property=\"og:image:width\" content=\"800\" \/>\n\t<meta property=\"og:image:height\" content=\"800\" \/>\n\t<meta property=\"og:image:type\" content=\"image\/jpeg\" \/>\n<meta name=\"twitter:card\" content=\"summary_large_image\" \/>\n<script type=\"application\/ld+json\" class=\"yoast-schema-graph\">{\"@context\":\"https:\/\/schema.org\",\"@graph\":[{\"@type\":\"WebPage\",\"@id\":\"https:\/\/multisite.labocosmetica.it\/de\/product\/cronos-rapid-decarbonizer-auspuffendrohre-autodetails\/\",\"url\":\"https:\/\/multisite.labocosmetica.it\/de\/product\/cronos-rapid-decarbonizer-auspuffendrohre-autodetails\/\",\"name\":\"#Cr\u00f2nos - 250ml - #Labocosmetica\",\"isPartOf\":{\"@id\":\"https:\/\/multisite.labocosmetica.it\/de\/#website\"},\"datePublished\":\"2022-02-08T22:03:09+00:00\",\"dateModified\":\"2023-01-17T08:55:28+00:00\",\"description\":\"#Cr\u00f2nos 250ml von #Labocosmetica ist eine gro\u00dfartige Neuigkeit in der Welt der Details: Es ist ein sehr effektiver Dekarboner, der in wenigen Minuten kohlenstoffhaltige R\u00fcckst\u00e4nde innerhalb des Schalld\u00e4mpfers abschlie\u00dft. Die innovative Formel verk\u00fcrzt die Innenpolierzeiten und vermeidet damit die Verwendung der traditionellen Stahlwolle.\",\"breadcrumb\":{\"@id\":\"https:\/\/multisite.labocosmetica.it\/de\/product\/cronos-rapid-decarbonizer-auspuffendrohre-autodetails\/#breadcrumb\"},\"inLanguage\":\"de\",\"potentialAction\":[{\"@type\":\"ReadAction\",\"target\":[\"https:\/\/multisite.labocosmetica.it\/de\/product\/cronos-rapid-decarbonizer-auspuffendrohre-autodetails\/\"]}]},{\"@type\":\"BreadcrumbList\",\"@id\":\"https:\/\/multisite.labocosmetica.it\/de\/product\/cronos-rapid-decarbonizer-auspuffendrohre-autodetails\/#breadcrumb\",\"itemListElement\":[{\"@type\":\"ListItem\",\"position\":1,\"name\":\"Home\",\"item\":\"https:\/\/multisite.labocosmetica.it\/de\/\"},{\"@type\":\"ListItem\",\"position\":2,\"name\":\"Shop\",\"item\":\"https:\/\/multisite.labocosmetica.it\/de\/shop\/\"},{\"@type\":\"ListItem\",\"position\":3,\"name\":\"#CR\u00d2NOS\"}]},{\"@type\":\"WebSite\",\"@id\":\"https:\/\/multisite.labocosmetica.it\/de\/#website\",\"url\":\"https:\/\/multisite.labocosmetica.it\/de\/\",\"name\":\"#LABOCOSMETICA - DE - NEW\",\"description\":\"For the best hands, for the best cars\",\"potentialAction\":[{\"@type\":\"SearchAction\",\"target\":{\"@type\":\"EntryPoint\",\"urlTemplate\":\"https:\/\/multisite.labocosmetica.it\/de\/?s={search_term_string}\"},\"query-input\":\"required name=search_term_string\"}],\"inLanguage\":\"de\"}]}<\/script>\n<!-- \/ Yoast SEO Premium plugin. -->","yoast_head_json":{"title":"#Cr\u00f2nos - 250ml - #Labocosmetica","description":"#Cr\u00f2nos 250ml von #Labocosmetica ist eine gro\u00dfartige Neuigkeit in der Welt der Details: Es ist ein sehr effektiver Dekarboner, der in wenigen Minuten kohlenstoffhaltige R\u00fcckst\u00e4nde innerhalb des Schalld\u00e4mpfers abschlie\u00dft. Die innovative Formel verk\u00fcrzt die Innenpolierzeiten und vermeidet damit die Verwendung der traditionellen Stahlwolle.","robots":{"index":"index","follow":"follow","max-snippet":"max-snippet:-1","max-image-preview":"max-image-preview:large","max-video-preview":"max-video-preview:-1"},"canonical":"https:\/\/multisite.labocosmetica.it\/de\/product\/cronos-rapid-decarbonizer-auspuffendrohre-autodetails\/","og_locale":"de_DE","og_type":"article","og_title":"#CR\u00d2NOS","og_description":"#Cr\u00f2nos 250ml von #Labocosmetica ist eine gro\u00dfartige Neuigkeit in der Welt der Details: Es ist ein sehr effektiver Dekarboner, der in wenigen Minuten kohlenstoffhaltige R\u00fcckst\u00e4nde innerhalb des Schalld\u00e4mpfers abschlie\u00dft. Die innovative Formel verk\u00fcrzt die Innenpolierzeiten und vermeidet damit die Verwendung der traditionellen Stahlwolle.","og_url":"https:\/\/multisite.labocosmetica.it\/de\/product\/cronos-rapid-decarbonizer-auspuffendrohre-autodetails\/","og_site_name":"#LABOCOSMETICA - DE - NEW","article_modified_time":"2023-01-17T08:55:28+00:00","og_image":[{"width":800,"height":800,"url":"https:\/\/multisite.labocosmetica.it\/de\/wp-content\/uploads\/sites\/13\/2022\/02\/Cronos-250ml.jpg","type":"image\/jpeg"}],"twitter_card":"summary_large_image","schema":{"@context":"https:\/\/schema.org","@graph":[{"@type":"WebPage","@id":"https:\/\/multisite.labocosmetica.it\/de\/product\/cronos-rapid-decarbonizer-auspuffendrohre-autodetails\/","url":"https:\/\/multisite.labocosmetica.it\/de\/product\/cronos-rapid-decarbonizer-auspuffendrohre-autodetails\/","name":"#Cr\u00f2nos - 250ml - #Labocosmetica","isPartOf":{"@id":"https:\/\/multisite.labocosmetica.it\/de\/#website"},"datePublished":"2022-02-08T22:03:09+00:00","dateModified":"2023-01-17T08:55:28+00:00","description":"#Cr\u00f2nos 250ml von #Labocosmetica ist eine gro\u00dfartige Neuigkeit in der Welt der Details: Es ist ein sehr effektiver Dekarboner, der in wenigen Minuten kohlenstoffhaltige R\u00fcckst\u00e4nde innerhalb des Schalld\u00e4mpfers abschlie\u00dft. Die innovative Formel verk\u00fcrzt die Innenpolierzeiten und vermeidet damit die Verwendung der traditionellen Stahlwolle.","breadcrumb":{"@id":"https:\/\/multisite.labocosmetica.it\/de\/product\/cronos-rapid-decarbonizer-auspuffendrohre-autodetails\/#breadcrumb"},"inLanguage":"de","potentialAction":[{"@type":"ReadAction","target":["https:\/\/multisite.labocosmetica.it\/de\/product\/cronos-rapid-decarbonizer-auspuffendrohre-autodetails\/"]}]},{"@type":"BreadcrumbList","@id":"https:\/\/multisite.labocosmetica.it\/de\/product\/cronos-rapid-decarbonizer-auspuffendrohre-autodetails\/#breadcrumb","itemListElement":[{"@type":"ListItem","position":1,"name":"Home","item":"https:\/\/multisite.labocosmetica.it\/de\/"},{"@type":"ListItem","position":2,"name":"Shop","item":"https:\/\/multisite.labocosmetica.it\/de\/shop\/"},{"@type":"ListItem","position":3,"name":"#CR\u00d2NOS"}]},{"@type":"WebSite","@id":"https:\/\/multisite.labocosmetica.it\/de\/#website","url":"https:\/\/multisite.labocosmetica.it\/de\/","name":"#LABOCOSMETICA - DE - NEW","description":"For the best hands, for the best cars","potentialAction":[{"@type":"SearchAction","target":{"@type":"EntryPoint","urlTemplate":"https:\/\/multisite.labocosmetica.it\/de\/?s={search_term_string}"},"query-input":"required name=search_term_string"}],"inLanguage":"de"}]}},"_links":{"self":[{"href":"https:\/\/multisite.labocosmetica.it\/de\/wp-json\/wp\/v2\/product\/709","targetHints":{"allow":["GET"]}}],"collection":[{"href":"https:\/\/multisite.labocosmetica.it\/de\/wp-json\/wp\/v2\/product"}],"about":[{"href":"https:\/\/multisite.labocosmetica.it\/de\/wp-json\/wp\/v2\/types\/product"}],"replies":[{"embeddable":true,"href":"https:\/\/multisite.labocosmetica.it\/de\/wp-json\/wp\/v2\/comments?post=709"}],"wp:featuredmedia":[{"embeddable":true,"href":"https:\/\/multisite.labocosmetica.it\/de\/wp-json\/wp\/v2\/media\/1990"}],"wp:attachment":[{"href":"https:\/\/multisite.labocosmetica.it\/de\/wp-json\/wp\/v2\/media?parent=709"}],"wp:term":[{"taxonomy":"product_cat","embeddable":true,"href":"https:\/\/multisite.labocosmetica.it\/de\/wp-json\/wp\/v2\/product_cat?post=709"},{"taxonomy":"product_tag","embeddable":true,"href":"https:\/\/multisite.labocosmetica.it\/de\/wp-json\/wp\/v2\/product_tag?post=709"}],"curies":[{"name":"wp","href":"https:\/\/api.w.org\/{rel}","templated":true}]}}