{"id":713,"date":"2022-02-08T22:03:09","date_gmt":"2022-02-08T22:03:09","guid":{"rendered":"https:\/\/multisite.labocosmetica.it\/en\/?post_type=product&#038;p=713"},"modified":"2023-01-17T09:18:51","modified_gmt":"2023-01-17T09:18:51","slug":"neve-best-snow-foam-prewash-neutral-shampoo-detaillierung","status":"publish","type":"product","link":"https:\/\/multisite.labocosmetica.it\/de\/product\/neve-best-snow-foam-prewash-neutral-shampoo-detaillierung\/","title":{"rendered":"#N\u00c8VE"},"content":{"rendered":"<p><strong>#N\u00c8VE<\/strong> ist ein Wunderkind der Chemie: ein neutrales Schaumshampoo mit einer Kraft, die mit einem basischen vergleichbar ist!<br \/>\n<strong>#N\u00c8VE<\/strong> ist ein Konzentrat aus biologisch leicht abbaubaren Tensiden ohne Phosphate, das so formuliert ist, dass es lange auf der Oberfl\u00e4che haftet, sie gr\u00fcndlich reinigt, Schmutz und Stra\u00dfenverschmutzungen jeglicher Art aufweicht.<br \/>\n<strong>#N\u00c8VE<\/strong> ist sicher auf jeder Oberfl\u00e4che, selbst auf den empfindlichsten Zierleisten und Metallleisten. Dank der signifikanten Pr\u00e4senz von Calciumcarbonat-Chelatbildnern in seiner Formel,<br \/>\n<strong>#N\u00c8VE<\/strong> ist in der Lage, selbst in hartem Wasser eine hohe Leistung aufrechtzuerhalten, wodurch das Risiko von R\u00fcckst\u00e4nden in der Trocknungsphase verringert wird.<br \/>\n<strong>#N\u00c8VE<\/strong> ist sicher im aufgetragenen Schutz, seien es Wachse, Versiegelungen oder nanotechnologische Beschichtungen.<br \/>\nDie raffinierte Zusammensetzung von #N\u00c8VE macht dieses Shampoo sicher, auch wenn es im Sonnenlicht verwendet wird.<\/p>\n","protected":false},"excerpt":{"rendered":"<p>NEUTRAL PRE-WASH SHAMPOO FOR FOAM<\/p>\n","protected":false},"featured_media":1979,"comment_status":"closed","ping_status":"closed","template":"","meta":{"_kad_post_transparent":"default","_kad_post_title":"","_kad_post_layout":"default","_kad_post_sidebar_id":"","_kad_post_content_style":"default","_kad_post_vertical_padding":"default","_kad_post_feature":"","_kad_post_feature_position":"","_kad_post_header":false,"_kad_post_footer":false},"product_cat":[87,91],"product_tag":[],"class_list":["post-713","product","type-product","status-publish","has-post-thumbnail","hentry","product_cat-wartung","product_cat-waschen","wvs-archive-product-wrapper","entry","content-bg","loop-entry"],"acf":[],"yoast_head":"<!-- This site is optimized with the Yoast SEO Premium plugin v18.5 (Yoast SEO v20.11) - https:\/\/yoast.com\/wordpress\/plugins\/seo\/ -->\n<title>#N\u00e8ve - 1000ml - #Labocosmetica<\/title>\n<meta name=\"description\" content=\"#N\u00e8ve 1000ml von #Labocosmetica ist ein Wunderkind der Chemie: ein neutrales Schaumstoff -Shampoo mit Leistung, die mit einem alkalischen! Nie zuvor war ein neutrales pH -Shampoo auf Schmutz so effektiv gewesen.\" \/>\n<meta name=\"robots\" content=\"index, follow, max-snippet:-1, max-image-preview:large, max-video-preview:-1\" \/>\n<link rel=\"canonical\" href=\"https:\/\/multisite.labocosmetica.it\/de\/product\/neve-best-snow-foam-prewash-neutral-shampoo-detaillierung\/\" \/>\n<meta property=\"og:locale\" content=\"de_DE\" \/>\n<meta property=\"og:type\" content=\"article\" \/>\n<meta property=\"og:title\" content=\"#N\u00c8VE\" \/>\n<meta property=\"og:description\" content=\"#N\u00e8ve 1000ml von #Labocosmetica ist ein Wunderkind der Chemie: ein neutrales Schaumstoff -Shampoo mit Leistung, die mit einem alkalischen! Nie zuvor war ein neutrales pH -Shampoo auf Schmutz so effektiv gewesen.\" \/>\n<meta property=\"og:url\" content=\"https:\/\/multisite.labocosmetica.it\/de\/product\/neve-best-snow-foam-prewash-neutral-shampoo-detaillierung\/\" \/>\n<meta property=\"og:site_name\" content=\"#LABOCOSMETICA - DE - NEW\" \/>\n<meta property=\"article:modified_time\" content=\"2023-01-17T09:18:51+00:00\" \/>\n<meta property=\"og:image\" content=\"https:\/\/multisite.labocosmetica.it\/de\/wp-content\/uploads\/sites\/13\/2022\/02\/1000ml-Neve.jpg\" \/>\n\t<meta property=\"og:image:width\" content=\"800\" \/>\n\t<meta property=\"og:image:height\" content=\"800\" \/>\n\t<meta property=\"og:image:type\" content=\"image\/jpeg\" \/>\n<meta name=\"twitter:card\" content=\"summary_large_image\" \/>\n<meta name=\"twitter:label1\" content=\"Gesch\u00e4tzte Lesezeit\" \/>\n\t<meta name=\"twitter:data1\" content=\"1\u00a0Minute\" \/>\n<script type=\"application\/ld+json\" class=\"yoast-schema-graph\">{\"@context\":\"https:\/\/schema.org\",\"@graph\":[{\"@type\":\"WebPage\",\"@id\":\"https:\/\/multisite.labocosmetica.it\/de\/product\/neve-best-snow-foam-prewash-neutral-shampoo-detaillierung\/\",\"url\":\"https:\/\/multisite.labocosmetica.it\/de\/product\/neve-best-snow-foam-prewash-neutral-shampoo-detaillierung\/\",\"name\":\"#N\u00e8ve - 1000ml - #Labocosmetica\",\"isPartOf\":{\"@id\":\"https:\/\/multisite.labocosmetica.it\/de\/#website\"},\"datePublished\":\"2022-02-08T22:03:09+00:00\",\"dateModified\":\"2023-01-17T09:18:51+00:00\",\"description\":\"#N\u00e8ve 1000ml von #Labocosmetica ist ein Wunderkind der Chemie: ein neutrales Schaumstoff -Shampoo mit Leistung, die mit einem alkalischen! Nie zuvor war ein neutrales pH -Shampoo auf Schmutz so effektiv gewesen.\",\"breadcrumb\":{\"@id\":\"https:\/\/multisite.labocosmetica.it\/de\/product\/neve-best-snow-foam-prewash-neutral-shampoo-detaillierung\/#breadcrumb\"},\"inLanguage\":\"de\",\"potentialAction\":[{\"@type\":\"ReadAction\",\"target\":[\"https:\/\/multisite.labocosmetica.it\/de\/product\/neve-best-snow-foam-prewash-neutral-shampoo-detaillierung\/\"]}]},{\"@type\":\"BreadcrumbList\",\"@id\":\"https:\/\/multisite.labocosmetica.it\/de\/product\/neve-best-snow-foam-prewash-neutral-shampoo-detaillierung\/#breadcrumb\",\"itemListElement\":[{\"@type\":\"ListItem\",\"position\":1,\"name\":\"Home\",\"item\":\"https:\/\/multisite.labocosmetica.it\/de\/\"},{\"@type\":\"ListItem\",\"position\":2,\"name\":\"Shop\",\"item\":\"https:\/\/multisite.labocosmetica.it\/de\/shop\/\"},{\"@type\":\"ListItem\",\"position\":3,\"name\":\"#N\u00c8VE\"}]},{\"@type\":\"WebSite\",\"@id\":\"https:\/\/multisite.labocosmetica.it\/de\/#website\",\"url\":\"https:\/\/multisite.labocosmetica.it\/de\/\",\"name\":\"#LABOCOSMETICA - DE - NEW\",\"description\":\"For the best hands, for the best cars\",\"potentialAction\":[{\"@type\":\"SearchAction\",\"target\":{\"@type\":\"EntryPoint\",\"urlTemplate\":\"https:\/\/multisite.labocosmetica.it\/de\/?s={search_term_string}\"},\"query-input\":\"required name=search_term_string\"}],\"inLanguage\":\"de\"}]}<\/script>\n<!-- \/ Yoast SEO Premium plugin. -->","yoast_head_json":{"title":"#N\u00e8ve - 1000ml - #Labocosmetica","description":"#N\u00e8ve 1000ml von #Labocosmetica ist ein Wunderkind der Chemie: ein neutrales Schaumstoff -Shampoo mit Leistung, die mit einem alkalischen! Nie zuvor war ein neutrales pH -Shampoo auf Schmutz so effektiv gewesen.","robots":{"index":"index","follow":"follow","max-snippet":"max-snippet:-1","max-image-preview":"max-image-preview:large","max-video-preview":"max-video-preview:-1"},"canonical":"https:\/\/multisite.labocosmetica.it\/de\/product\/neve-best-snow-foam-prewash-neutral-shampoo-detaillierung\/","og_locale":"de_DE","og_type":"article","og_title":"#N\u00c8VE","og_description":"#N\u00e8ve 1000ml von #Labocosmetica ist ein Wunderkind der Chemie: ein neutrales Schaumstoff -Shampoo mit Leistung, die mit einem alkalischen! Nie zuvor war ein neutrales pH -Shampoo auf Schmutz so effektiv gewesen.","og_url":"https:\/\/multisite.labocosmetica.it\/de\/product\/neve-best-snow-foam-prewash-neutral-shampoo-detaillierung\/","og_site_name":"#LABOCOSMETICA - DE - NEW","article_modified_time":"2023-01-17T09:18:51+00:00","og_image":[{"width":800,"height":800,"url":"https:\/\/multisite.labocosmetica.it\/de\/wp-content\/uploads\/sites\/13\/2022\/02\/1000ml-Neve.jpg","type":"image\/jpeg"}],"twitter_card":"summary_large_image","twitter_misc":{"Gesch\u00e4tzte Lesezeit":"1\u00a0Minute"},"schema":{"@context":"https:\/\/schema.org","@graph":[{"@type":"WebPage","@id":"https:\/\/multisite.labocosmetica.it\/de\/product\/neve-best-snow-foam-prewash-neutral-shampoo-detaillierung\/","url":"https:\/\/multisite.labocosmetica.it\/de\/product\/neve-best-snow-foam-prewash-neutral-shampoo-detaillierung\/","name":"#N\u00e8ve - 1000ml - #Labocosmetica","isPartOf":{"@id":"https:\/\/multisite.labocosmetica.it\/de\/#website"},"datePublished":"2022-02-08T22:03:09+00:00","dateModified":"2023-01-17T09:18:51+00:00","description":"#N\u00e8ve 1000ml von #Labocosmetica ist ein Wunderkind der Chemie: ein neutrales Schaumstoff -Shampoo mit Leistung, die mit einem alkalischen! Nie zuvor war ein neutrales pH -Shampoo auf Schmutz so effektiv gewesen.","breadcrumb":{"@id":"https:\/\/multisite.labocosmetica.it\/de\/product\/neve-best-snow-foam-prewash-neutral-shampoo-detaillierung\/#breadcrumb"},"inLanguage":"de","potentialAction":[{"@type":"ReadAction","target":["https:\/\/multisite.labocosmetica.it\/de\/product\/neve-best-snow-foam-prewash-neutral-shampoo-detaillierung\/"]}]},{"@type":"BreadcrumbList","@id":"https:\/\/multisite.labocosmetica.it\/de\/product\/neve-best-snow-foam-prewash-neutral-shampoo-detaillierung\/#breadcrumb","itemListElement":[{"@type":"ListItem","position":1,"name":"Home","item":"https:\/\/multisite.labocosmetica.it\/de\/"},{"@type":"ListItem","position":2,"name":"Shop","item":"https:\/\/multisite.labocosmetica.it\/de\/shop\/"},{"@type":"ListItem","position":3,"name":"#N\u00c8VE"}]},{"@type":"WebSite","@id":"https:\/\/multisite.labocosmetica.it\/de\/#website","url":"https:\/\/multisite.labocosmetica.it\/de\/","name":"#LABOCOSMETICA - DE - NEW","description":"For the best hands, for the best cars","potentialAction":[{"@type":"SearchAction","target":{"@type":"EntryPoint","urlTemplate":"https:\/\/multisite.labocosmetica.it\/de\/?s={search_term_string}"},"query-input":"required name=search_term_string"}],"inLanguage":"de"}]}},"_links":{"self":[{"href":"https:\/\/multisite.labocosmetica.it\/de\/wp-json\/wp\/v2\/product\/713","targetHints":{"allow":["GET"]}}],"collection":[{"href":"https:\/\/multisite.labocosmetica.it\/de\/wp-json\/wp\/v2\/product"}],"about":[{"href":"https:\/\/multisite.labocosmetica.it\/de\/wp-json\/wp\/v2\/types\/product"}],"replies":[{"embeddable":true,"href":"https:\/\/multisite.labocosmetica.it\/de\/wp-json\/wp\/v2\/comments?post=713"}],"wp:featuredmedia":[{"embeddable":true,"href":"https:\/\/multisite.labocosmetica.it\/de\/wp-json\/wp\/v2\/media\/1979"}],"wp:attachment":[{"href":"https:\/\/multisite.labocosmetica.it\/de\/wp-json\/wp\/v2\/media?parent=713"}],"wp:term":[{"taxonomy":"product_cat","embeddable":true,"href":"https:\/\/multisite.labocosmetica.it\/de\/wp-json\/wp\/v2\/product_cat?post=713"},{"taxonomy":"product_tag","embeddable":true,"href":"https:\/\/multisite.labocosmetica.it\/de\/wp-json\/wp\/v2\/product_tag?post=713"}],"curies":[{"name":"wp","href":"https:\/\/api.w.org\/{rel}","templated":true}]}}