{"id":743,"date":"2022-02-08T22:03:32","date_gmt":"2022-02-08T22:03:32","guid":{"rendered":"https:\/\/multisite.labocosmetica.it\/en\/?post_type=product&#038;p=743"},"modified":"2023-04-11T14:27:39","modified_gmt":"2023-04-11T14:27:39","slug":"primus-schaum-vorwasche-fur-autos","status":"publish","type":"product","link":"https:\/\/multisite.labocosmetica.it\/de\/product\/primus-schaum-vorwasche-fur-autos\/","title":{"rendered":"#PR\u00ccMUS"},"content":{"rendered":"<p>\u25ba<strong>#PR\u00ccMUS<\/strong> ist die erste Vorw\u00e4sche in der Detaillierungswelt, die die VDA-Zertifizierung erhalten hat, eine unabh\u00e4ngige deutsche Stelle, die die Vertr\u00e4glichkeit chemischer Produkte mit den empfindlichsten Materialien von Autos und Motorr\u00e4dern bescheinigt.<\/p>\n<p>\u25ba<strong>#PR\u00ccMUS<\/strong> ist in der Tat ein alkalisches Reinigungsmittel ohne freie \u00e4tzende Salze. Es beh\u00e4lt seine hervorragenden Eigenschaften in v\u00f6lliger Sicherheit auf jedem Lack und Material, selbst auf den empfindlichsten Geschenken von Sportwagen und Motorr\u00e4dern.<\/p>\n<p>\u25ba<strong>#PR\u00ccMUS<\/strong> hat eine Reinigungskraft und eine Anwendungssicherheit an der Spitze seiner Kategorie. Beseitigt m\u00fchelos M\u00fccken, Harze, Stra\u00dfenschmutz, selbst die am st\u00e4rksten verankerten, ohne mechanische Einwirkung.<\/p>\n<p>\u25ba<strong>#PR\u00ccMUS<\/strong> ist in verschiedenen Anwendungsverd\u00fcnnungen sehr vielseitig: Es kann Felgen, Radl\u00e4ufe und alle empfindlichsten Teile der Karosserie reinigen. gro\u00dfe Leichtigkeit des Sp\u00fclens.<\/p>\n<p>\u25baDar\u00fcber hinaus kann es dank seiner geringen Verdunstungseigenschaften auch mit normalen Spr\u00fchspendern aufgetragen werden, wodurch st\u00f6rende Produktreste in der Trocknungsphase eintrocknen.<\/p>\n<p>\u25ba<strong>#PR\u00ccMUS<\/strong> kann dank seiner besonderen Formel ohne Kontraindikationen auf Oberfl\u00e4chen verwendet werden, die mit Wachsen, Versiegelungen oder Beschichtungen behandelt wurden. <strong>#PR\u00ccMUS<\/strong> ist das Ergebnis der Forschung und Entwicklung der Mafra-Labors und wurde in Zusammenarbeit mit den renommiertesten Sportwagenherstellern der Welt gr\u00fcndlich getestet.<\/p>\n","protected":false},"excerpt":{"rendered":"<p>HIGH SAFETY FOAM PREWASH FOR CARS AND MOTORCYCLES<\/p>\n","protected":false},"featured_media":1980,"comment_status":"closed","ping_status":"closed","template":"","meta":{"_kad_post_transparent":"default","_kad_post_title":"","_kad_post_layout":"default","_kad_post_sidebar_id":"","_kad_post_content_style":"default","_kad_post_vertical_padding":"default","_kad_post_feature":"","_kad_post_feature_position":"","_kad_post_header":false,"_kad_post_footer":false},"product_cat":[87,91],"product_tag":[],"class_list":["post-743","product","type-product","status-publish","has-post-thumbnail","hentry","product_cat-wartung","product_cat-waschen","wvs-archive-product-wrapper","entry","content-bg","loop-entry"],"acf":[],"yoast_head":"<!-- This site is optimized with the Yoast SEO Premium plugin v18.5 (Yoast SEO v20.11) - https:\/\/yoast.com\/wordpress\/plugins\/seo\/ -->\n<title>#Pr\u00ecmus 1000ml | Schaumvor\u00fcbung f\u00fcr Autos | #Labocosmetica<\/title>\n<meta name=\"description\" content=\"#Pr\u00ecmus 1000ml von #Labocosmetica hat eine Waschmittelleistung und ein hohes Ma\u00df an Sicherheit in seiner Kategorie. Entfernt Gni, Harze, Stra\u00dfenschmutz auch die hartn\u00e4ckigste ohne mechanische Wirkung. #Pr\u00ecmus, #Pur\u00ecfica, #S\u00e8mper und #rev\u00ectax sind Teil des 3PH -kombinierten Autowaschzyklus von Labocosmetica.\" \/>\n<meta name=\"robots\" content=\"index, follow, max-snippet:-1, max-image-preview:large, max-video-preview:-1\" \/>\n<link rel=\"canonical\" href=\"https:\/\/multisite.labocosmetica.it\/de\/product\/primus-schaum-vorwasche-fur-autos\/\" \/>\n<meta property=\"og:locale\" content=\"de_DE\" \/>\n<meta property=\"og:type\" content=\"article\" \/>\n<meta property=\"og:title\" content=\"#PR\u00ccMUS\" \/>\n<meta property=\"og:description\" content=\"#Pr\u00ecmus 1000ml von #Labocosmetica hat eine Waschmittelleistung und ein hohes Ma\u00df an Sicherheit in seiner Kategorie. Entfernt Gni, Harze, Stra\u00dfenschmutz auch die hartn\u00e4ckigste ohne mechanische Wirkung. #Pr\u00ecmus, #Pur\u00ecfica, #S\u00e8mper und #rev\u00ectax sind Teil des 3PH -kombinierten Autowaschzyklus von Labocosmetica.\" \/>\n<meta property=\"og:url\" content=\"https:\/\/multisite.labocosmetica.it\/de\/product\/primus-schaum-vorwasche-fur-autos\/\" \/>\n<meta property=\"og:site_name\" content=\"#LABOCOSMETICA - DE - NEW\" \/>\n<meta property=\"article:modified_time\" content=\"2023-04-11T14:27:39+00:00\" \/>\n<meta property=\"og:image\" content=\"https:\/\/multisite.labocosmetica.it\/de\/wp-content\/uploads\/sites\/13\/2022\/02\/1000ml-Primus.jpg\" \/>\n\t<meta property=\"og:image:width\" content=\"800\" \/>\n\t<meta property=\"og:image:height\" content=\"800\" \/>\n\t<meta property=\"og:image:type\" content=\"image\/jpeg\" \/>\n<meta name=\"twitter:card\" content=\"summary_large_image\" \/>\n<meta name=\"twitter:label1\" content=\"Gesch\u00e4tzte Lesezeit\" \/>\n\t<meta name=\"twitter:data1\" content=\"1\u00a0Minute\" \/>\n<script type=\"application\/ld+json\" class=\"yoast-schema-graph\">{\"@context\":\"https:\/\/schema.org\",\"@graph\":[{\"@type\":\"WebPage\",\"@id\":\"https:\/\/multisite.labocosmetica.it\/de\/product\/primus-schaum-vorwasche-fur-autos\/\",\"url\":\"https:\/\/multisite.labocosmetica.it\/de\/product\/primus-schaum-vorwasche-fur-autos\/\",\"name\":\"#Pr\u00ecmus 1000ml | Schaumvor\u00fcbung f\u00fcr Autos | #Labocosmetica\",\"isPartOf\":{\"@id\":\"https:\/\/multisite.labocosmetica.it\/de\/#website\"},\"datePublished\":\"2022-02-08T22:03:32+00:00\",\"dateModified\":\"2023-04-11T14:27:39+00:00\",\"description\":\"#Pr\u00ecmus 1000ml von #Labocosmetica hat eine Waschmittelleistung und ein hohes Ma\u00df an Sicherheit in seiner Kategorie. Entfernt Gni, Harze, Stra\u00dfenschmutz auch die hartn\u00e4ckigste ohne mechanische Wirkung. #Pr\u00ecmus, #Pur\u00ecfica, #S\u00e8mper und #rev\u00ectax sind Teil des 3PH -kombinierten Autowaschzyklus von Labocosmetica.\",\"breadcrumb\":{\"@id\":\"https:\/\/multisite.labocosmetica.it\/de\/product\/primus-schaum-vorwasche-fur-autos\/#breadcrumb\"},\"inLanguage\":\"de\",\"potentialAction\":[{\"@type\":\"ReadAction\",\"target\":[\"https:\/\/multisite.labocosmetica.it\/de\/product\/primus-schaum-vorwasche-fur-autos\/\"]}]},{\"@type\":\"BreadcrumbList\",\"@id\":\"https:\/\/multisite.labocosmetica.it\/de\/product\/primus-schaum-vorwasche-fur-autos\/#breadcrumb\",\"itemListElement\":[{\"@type\":\"ListItem\",\"position\":1,\"name\":\"Home\",\"item\":\"https:\/\/multisite.labocosmetica.it\/de\/\"},{\"@type\":\"ListItem\",\"position\":2,\"name\":\"Shop\",\"item\":\"https:\/\/multisite.labocosmetica.it\/de\/shop\/\"},{\"@type\":\"ListItem\",\"position\":3,\"name\":\"#PR\u00ccMUS\"}]},{\"@type\":\"WebSite\",\"@id\":\"https:\/\/multisite.labocosmetica.it\/de\/#website\",\"url\":\"https:\/\/multisite.labocosmetica.it\/de\/\",\"name\":\"#LABOCOSMETICA - DE - NEW\",\"description\":\"For the best hands, for the best cars\",\"potentialAction\":[{\"@type\":\"SearchAction\",\"target\":{\"@type\":\"EntryPoint\",\"urlTemplate\":\"https:\/\/multisite.labocosmetica.it\/de\/?s={search_term_string}\"},\"query-input\":\"required name=search_term_string\"}],\"inLanguage\":\"de\"}]}<\/script>\n<!-- \/ Yoast SEO Premium plugin. -->","yoast_head_json":{"title":"#Pr\u00ecmus 1000ml | Schaumvor\u00fcbung f\u00fcr Autos | #Labocosmetica","description":"#Pr\u00ecmus 1000ml von #Labocosmetica hat eine Waschmittelleistung und ein hohes Ma\u00df an Sicherheit in seiner Kategorie. Entfernt Gni, Harze, Stra\u00dfenschmutz auch die hartn\u00e4ckigste ohne mechanische Wirkung. #Pr\u00ecmus, #Pur\u00ecfica, #S\u00e8mper und #rev\u00ectax sind Teil des 3PH -kombinierten Autowaschzyklus von Labocosmetica.","robots":{"index":"index","follow":"follow","max-snippet":"max-snippet:-1","max-image-preview":"max-image-preview:large","max-video-preview":"max-video-preview:-1"},"canonical":"https:\/\/multisite.labocosmetica.it\/de\/product\/primus-schaum-vorwasche-fur-autos\/","og_locale":"de_DE","og_type":"article","og_title":"#PR\u00ccMUS","og_description":"#Pr\u00ecmus 1000ml von #Labocosmetica hat eine Waschmittelleistung und ein hohes Ma\u00df an Sicherheit in seiner Kategorie. Entfernt Gni, Harze, Stra\u00dfenschmutz auch die hartn\u00e4ckigste ohne mechanische Wirkung. #Pr\u00ecmus, #Pur\u00ecfica, #S\u00e8mper und #rev\u00ectax sind Teil des 3PH -kombinierten Autowaschzyklus von Labocosmetica.","og_url":"https:\/\/multisite.labocosmetica.it\/de\/product\/primus-schaum-vorwasche-fur-autos\/","og_site_name":"#LABOCOSMETICA - DE - NEW","article_modified_time":"2023-04-11T14:27:39+00:00","og_image":[{"width":800,"height":800,"url":"https:\/\/multisite.labocosmetica.it\/de\/wp-content\/uploads\/sites\/13\/2022\/02\/1000ml-Primus.jpg","type":"image\/jpeg"}],"twitter_card":"summary_large_image","twitter_misc":{"Gesch\u00e4tzte Lesezeit":"1\u00a0Minute"},"schema":{"@context":"https:\/\/schema.org","@graph":[{"@type":"WebPage","@id":"https:\/\/multisite.labocosmetica.it\/de\/product\/primus-schaum-vorwasche-fur-autos\/","url":"https:\/\/multisite.labocosmetica.it\/de\/product\/primus-schaum-vorwasche-fur-autos\/","name":"#Pr\u00ecmus 1000ml | Schaumvor\u00fcbung f\u00fcr Autos | #Labocosmetica","isPartOf":{"@id":"https:\/\/multisite.labocosmetica.it\/de\/#website"},"datePublished":"2022-02-08T22:03:32+00:00","dateModified":"2023-04-11T14:27:39+00:00","description":"#Pr\u00ecmus 1000ml von #Labocosmetica hat eine Waschmittelleistung und ein hohes Ma\u00df an Sicherheit in seiner Kategorie. Entfernt Gni, Harze, Stra\u00dfenschmutz auch die hartn\u00e4ckigste ohne mechanische Wirkung. #Pr\u00ecmus, #Pur\u00ecfica, #S\u00e8mper und #rev\u00ectax sind Teil des 3PH -kombinierten Autowaschzyklus von Labocosmetica.","breadcrumb":{"@id":"https:\/\/multisite.labocosmetica.it\/de\/product\/primus-schaum-vorwasche-fur-autos\/#breadcrumb"},"inLanguage":"de","potentialAction":[{"@type":"ReadAction","target":["https:\/\/multisite.labocosmetica.it\/de\/product\/primus-schaum-vorwasche-fur-autos\/"]}]},{"@type":"BreadcrumbList","@id":"https:\/\/multisite.labocosmetica.it\/de\/product\/primus-schaum-vorwasche-fur-autos\/#breadcrumb","itemListElement":[{"@type":"ListItem","position":1,"name":"Home","item":"https:\/\/multisite.labocosmetica.it\/de\/"},{"@type":"ListItem","position":2,"name":"Shop","item":"https:\/\/multisite.labocosmetica.it\/de\/shop\/"},{"@type":"ListItem","position":3,"name":"#PR\u00ccMUS"}]},{"@type":"WebSite","@id":"https:\/\/multisite.labocosmetica.it\/de\/#website","url":"https:\/\/multisite.labocosmetica.it\/de\/","name":"#LABOCOSMETICA - DE - NEW","description":"For the best hands, for the best cars","potentialAction":[{"@type":"SearchAction","target":{"@type":"EntryPoint","urlTemplate":"https:\/\/multisite.labocosmetica.it\/de\/?s={search_term_string}"},"query-input":"required name=search_term_string"}],"inLanguage":"de"}]}},"_links":{"self":[{"href":"https:\/\/multisite.labocosmetica.it\/de\/wp-json\/wp\/v2\/product\/743","targetHints":{"allow":["GET"]}}],"collection":[{"href":"https:\/\/multisite.labocosmetica.it\/de\/wp-json\/wp\/v2\/product"}],"about":[{"href":"https:\/\/multisite.labocosmetica.it\/de\/wp-json\/wp\/v2\/types\/product"}],"replies":[{"embeddable":true,"href":"https:\/\/multisite.labocosmetica.it\/de\/wp-json\/wp\/v2\/comments?post=743"}],"wp:featuredmedia":[{"embeddable":true,"href":"https:\/\/multisite.labocosmetica.it\/de\/wp-json\/wp\/v2\/media\/1980"}],"wp:attachment":[{"href":"https:\/\/multisite.labocosmetica.it\/de\/wp-json\/wp\/v2\/media?parent=743"}],"wp:term":[{"taxonomy":"product_cat","embeddable":true,"href":"https:\/\/multisite.labocosmetica.it\/de\/wp-json\/wp\/v2\/product_cat?post=743"},{"taxonomy":"product_tag","embeddable":true,"href":"https:\/\/multisite.labocosmetica.it\/de\/wp-json\/wp\/v2\/product_tag?post=743"}],"curies":[{"name":"wp","href":"https:\/\/api.w.org\/{rel}","templated":true}]}}