{"id":748,"date":"2022-02-08T22:03:32","date_gmt":"2022-02-08T22:03:32","guid":{"rendered":"https:\/\/multisite.labocosmetica.it\/en\/?post_type=product&#038;p=748"},"modified":"2023-04-11T14:28:01","modified_gmt":"2023-04-11T14:28:01","slug":"purifica-shampoo-revitalisieren-nachlackiertes-auto-wasserflecken-entferner","status":"publish","type":"product","link":"https:\/\/multisite.labocosmetica.it\/de\/product\/purifica-shampoo-revitalisieren-nachlackiertes-auto-wasserflecken-entferner\/","title":{"rendered":"#PUR\u00ccFICA"},"content":{"rendered":"<p>\u25baDie auf der Karosserie abgelagerten Kalkpartikel k\u00f6nnen durch mangelhafte Trocknung, Sommerst\u00fcrme oder mineralstoffreiche Sandregen oder durch sauren Regen verursacht werden, der die Lebensdauer und Selbstreinigungswirkung des zuvor aufgetragenen Schutzes beschwert und drastisch reduziert.<\/p>\n<p>\u25ba<strong>#PUR\u00ccFICA<\/strong> l\u00f6st das Problem an der Wurzel, indem es auf sanfte Weise das Kalzium, die auf der Karosserie abgelagerten Mineralablagerungen und die durch sauren Regen verursachten Verschmutzungsr\u00fcckst\u00e4nde effektiv aufl\u00f6st und bindet.<\/p>\n<p>\u25ba<strong>#PUR\u00ccFICA<\/strong> verbessert und belebt die Eigenschaften der zuvor aufgetragenen Nanobeschichtungen und Versiegelungen.<\/p>\n<p>\u25ba<strong>#PUR\u00ccFICA<\/strong> enth\u00e4lt keine Wachse oder Versiegelungsmittel und ver\u00e4ndert nicht die nat\u00fcrliche Leistung des vorhandenen Schutzes, sodass der Detaillierer den tats\u00e4chlichen Zustand der angewendeten Behandlung \u00fcberpr\u00fcfen kann.<\/p>\n<p>\u25baSeine besonderen Eigenschaften machen es mit hervorragenden Ergebnissen auch mit einer Schaumpistole einsetzbar.<\/p>\n","protected":false},"excerpt":{"rendered":"<p>DECONTAMINATING SHAMPOO<\/p>\n","protected":false},"featured_media":1995,"comment_status":"closed","ping_status":"closed","template":"","meta":{"_kad_post_transparent":"default","_kad_post_title":"","_kad_post_layout":"default","_kad_post_sidebar_id":"","_kad_post_content_style":"default","_kad_post_vertical_padding":"default","_kad_post_feature":"","_kad_post_feature_position":"","_kad_post_header":false,"_kad_post_footer":false},"product_cat":[89,87,91],"product_tag":[],"class_list":["post-748","product","type-product","status-publish","has-post-thumbnail","hentry","product_cat-dekontamination","product_cat-wartung","product_cat-waschen","wvs-archive-product-wrapper","entry","content-bg","loop-entry"],"acf":[],"yoast_head":"<!-- This site is optimized with the Yoast SEO Premium plugin v18.5 (Yoast SEO v20.11) - https:\/\/yoast.com\/wordpress\/plugins\/seo\/ -->\n<title>#Pur\u00ecfica | Dekontaminanter verj\u00fcngter Shampoo | #Labocosmetica<\/title>\n<meta name=\"description\" content=\"#Pur\u00ecfica 1000 ml #Labocosmetica ist das Shampoo, das das auf den K\u00f6rper abgelagerte Kalzium und die R\u00fcckst\u00e4nde der Kontamination durch Regen aufl\u00f6st und die Beschichtung Jugend verleiht. #Pur\u00ecfica, #S\u00e8mper, #Rev\u00ectax und #Pr\u00ecmus sind Teil des 3PH -kombinierten Autowaschzyklus von Labocosmetica.\" \/>\n<meta name=\"robots\" content=\"index, follow, max-snippet:-1, max-image-preview:large, max-video-preview:-1\" \/>\n<link rel=\"canonical\" href=\"https:\/\/multisite.labocosmetica.it\/de\/product\/purifica-shampoo-revitalisieren-nachlackiertes-auto-wasserflecken-entferner\/\" \/>\n<meta property=\"og:locale\" content=\"de_DE\" \/>\n<meta property=\"og:type\" content=\"article\" \/>\n<meta property=\"og:title\" content=\"#PUR\u00ccFICA\" \/>\n<meta property=\"og:description\" content=\"#Pur\u00ecfica 1000 ml #Labocosmetica ist das Shampoo, das das auf den K\u00f6rper abgelagerte Kalzium und die R\u00fcckst\u00e4nde der Kontamination durch Regen aufl\u00f6st und die Beschichtung Jugend verleiht. #Pur\u00ecfica, #S\u00e8mper, #Rev\u00ectax und #Pr\u00ecmus sind Teil des 3PH -kombinierten Autowaschzyklus von Labocosmetica.\" \/>\n<meta property=\"og:url\" content=\"https:\/\/multisite.labocosmetica.it\/de\/product\/purifica-shampoo-revitalisieren-nachlackiertes-auto-wasserflecken-entferner\/\" \/>\n<meta property=\"og:site_name\" content=\"#LABOCOSMETICA - DE - NEW\" \/>\n<meta property=\"article:modified_time\" content=\"2023-04-11T14:28:01+00:00\" \/>\n<meta property=\"og:image\" content=\"https:\/\/multisite.labocosmetica.it\/de\/wp-content\/uploads\/sites\/13\/2022\/02\/1000ml-Purifica.jpg\" \/>\n\t<meta property=\"og:image:width\" content=\"800\" \/>\n\t<meta property=\"og:image:height\" content=\"800\" \/>\n\t<meta property=\"og:image:type\" content=\"image\/jpeg\" \/>\n<meta name=\"twitter:card\" content=\"summary_large_image\" \/>\n<meta name=\"twitter:label1\" content=\"Gesch\u00e4tzte Lesezeit\" \/>\n\t<meta name=\"twitter:data1\" content=\"1\u00a0Minute\" \/>\n<script type=\"application\/ld+json\" class=\"yoast-schema-graph\">{\"@context\":\"https:\/\/schema.org\",\"@graph\":[{\"@type\":\"WebPage\",\"@id\":\"https:\/\/multisite.labocosmetica.it\/de\/product\/purifica-shampoo-revitalisieren-nachlackiertes-auto-wasserflecken-entferner\/\",\"url\":\"https:\/\/multisite.labocosmetica.it\/de\/product\/purifica-shampoo-revitalisieren-nachlackiertes-auto-wasserflecken-entferner\/\",\"name\":\"#Pur\u00ecfica | Dekontaminanter verj\u00fcngter Shampoo | #Labocosmetica\",\"isPartOf\":{\"@id\":\"https:\/\/multisite.labocosmetica.it\/de\/#website\"},\"datePublished\":\"2022-02-08T22:03:32+00:00\",\"dateModified\":\"2023-04-11T14:28:01+00:00\",\"description\":\"#Pur\u00ecfica 1000 ml #Labocosmetica ist das Shampoo, das das auf den K\u00f6rper abgelagerte Kalzium und die R\u00fcckst\u00e4nde der Kontamination durch Regen aufl\u00f6st und die Beschichtung Jugend verleiht. #Pur\u00ecfica, #S\u00e8mper, #Rev\u00ectax und #Pr\u00ecmus sind Teil des 3PH -kombinierten Autowaschzyklus von Labocosmetica.\",\"breadcrumb\":{\"@id\":\"https:\/\/multisite.labocosmetica.it\/de\/product\/purifica-shampoo-revitalisieren-nachlackiertes-auto-wasserflecken-entferner\/#breadcrumb\"},\"inLanguage\":\"de\",\"potentialAction\":[{\"@type\":\"ReadAction\",\"target\":[\"https:\/\/multisite.labocosmetica.it\/de\/product\/purifica-shampoo-revitalisieren-nachlackiertes-auto-wasserflecken-entferner\/\"]}]},{\"@type\":\"BreadcrumbList\",\"@id\":\"https:\/\/multisite.labocosmetica.it\/de\/product\/purifica-shampoo-revitalisieren-nachlackiertes-auto-wasserflecken-entferner\/#breadcrumb\",\"itemListElement\":[{\"@type\":\"ListItem\",\"position\":1,\"name\":\"Home\",\"item\":\"https:\/\/multisite.labocosmetica.it\/de\/\"},{\"@type\":\"ListItem\",\"position\":2,\"name\":\"Shop\",\"item\":\"https:\/\/multisite.labocosmetica.it\/de\/shop\/\"},{\"@type\":\"ListItem\",\"position\":3,\"name\":\"#PUR\u00ccFICA\"}]},{\"@type\":\"WebSite\",\"@id\":\"https:\/\/multisite.labocosmetica.it\/de\/#website\",\"url\":\"https:\/\/multisite.labocosmetica.it\/de\/\",\"name\":\"#LABOCOSMETICA - DE - NEW\",\"description\":\"For the best hands, for the best cars\",\"potentialAction\":[{\"@type\":\"SearchAction\",\"target\":{\"@type\":\"EntryPoint\",\"urlTemplate\":\"https:\/\/multisite.labocosmetica.it\/de\/?s={search_term_string}\"},\"query-input\":\"required name=search_term_string\"}],\"inLanguage\":\"de\"}]}<\/script>\n<!-- \/ Yoast SEO Premium plugin. -->","yoast_head_json":{"title":"#Pur\u00ecfica | Dekontaminanter verj\u00fcngter Shampoo | #Labocosmetica","description":"#Pur\u00ecfica 1000 ml #Labocosmetica ist das Shampoo, das das auf den K\u00f6rper abgelagerte Kalzium und die R\u00fcckst\u00e4nde der Kontamination durch Regen aufl\u00f6st und die Beschichtung Jugend verleiht. #Pur\u00ecfica, #S\u00e8mper, #Rev\u00ectax und #Pr\u00ecmus sind Teil des 3PH -kombinierten Autowaschzyklus von Labocosmetica.","robots":{"index":"index","follow":"follow","max-snippet":"max-snippet:-1","max-image-preview":"max-image-preview:large","max-video-preview":"max-video-preview:-1"},"canonical":"https:\/\/multisite.labocosmetica.it\/de\/product\/purifica-shampoo-revitalisieren-nachlackiertes-auto-wasserflecken-entferner\/","og_locale":"de_DE","og_type":"article","og_title":"#PUR\u00ccFICA","og_description":"#Pur\u00ecfica 1000 ml #Labocosmetica ist das Shampoo, das das auf den K\u00f6rper abgelagerte Kalzium und die R\u00fcckst\u00e4nde der Kontamination durch Regen aufl\u00f6st und die Beschichtung Jugend verleiht. #Pur\u00ecfica, #S\u00e8mper, #Rev\u00ectax und #Pr\u00ecmus sind Teil des 3PH -kombinierten Autowaschzyklus von Labocosmetica.","og_url":"https:\/\/multisite.labocosmetica.it\/de\/product\/purifica-shampoo-revitalisieren-nachlackiertes-auto-wasserflecken-entferner\/","og_site_name":"#LABOCOSMETICA - DE - NEW","article_modified_time":"2023-04-11T14:28:01+00:00","og_image":[{"width":800,"height":800,"url":"https:\/\/multisite.labocosmetica.it\/de\/wp-content\/uploads\/sites\/13\/2022\/02\/1000ml-Purifica.jpg","type":"image\/jpeg"}],"twitter_card":"summary_large_image","twitter_misc":{"Gesch\u00e4tzte Lesezeit":"1\u00a0Minute"},"schema":{"@context":"https:\/\/schema.org","@graph":[{"@type":"WebPage","@id":"https:\/\/multisite.labocosmetica.it\/de\/product\/purifica-shampoo-revitalisieren-nachlackiertes-auto-wasserflecken-entferner\/","url":"https:\/\/multisite.labocosmetica.it\/de\/product\/purifica-shampoo-revitalisieren-nachlackiertes-auto-wasserflecken-entferner\/","name":"#Pur\u00ecfica | Dekontaminanter verj\u00fcngter Shampoo | #Labocosmetica","isPartOf":{"@id":"https:\/\/multisite.labocosmetica.it\/de\/#website"},"datePublished":"2022-02-08T22:03:32+00:00","dateModified":"2023-04-11T14:28:01+00:00","description":"#Pur\u00ecfica 1000 ml #Labocosmetica ist das Shampoo, das das auf den K\u00f6rper abgelagerte Kalzium und die R\u00fcckst\u00e4nde der Kontamination durch Regen aufl\u00f6st und die Beschichtung Jugend verleiht. #Pur\u00ecfica, #S\u00e8mper, #Rev\u00ectax und #Pr\u00ecmus sind Teil des 3PH -kombinierten Autowaschzyklus von Labocosmetica.","breadcrumb":{"@id":"https:\/\/multisite.labocosmetica.it\/de\/product\/purifica-shampoo-revitalisieren-nachlackiertes-auto-wasserflecken-entferner\/#breadcrumb"},"inLanguage":"de","potentialAction":[{"@type":"ReadAction","target":["https:\/\/multisite.labocosmetica.it\/de\/product\/purifica-shampoo-revitalisieren-nachlackiertes-auto-wasserflecken-entferner\/"]}]},{"@type":"BreadcrumbList","@id":"https:\/\/multisite.labocosmetica.it\/de\/product\/purifica-shampoo-revitalisieren-nachlackiertes-auto-wasserflecken-entferner\/#breadcrumb","itemListElement":[{"@type":"ListItem","position":1,"name":"Home","item":"https:\/\/multisite.labocosmetica.it\/de\/"},{"@type":"ListItem","position":2,"name":"Shop","item":"https:\/\/multisite.labocosmetica.it\/de\/shop\/"},{"@type":"ListItem","position":3,"name":"#PUR\u00ccFICA"}]},{"@type":"WebSite","@id":"https:\/\/multisite.labocosmetica.it\/de\/#website","url":"https:\/\/multisite.labocosmetica.it\/de\/","name":"#LABOCOSMETICA - DE - NEW","description":"For the best hands, for the best cars","potentialAction":[{"@type":"SearchAction","target":{"@type":"EntryPoint","urlTemplate":"https:\/\/multisite.labocosmetica.it\/de\/?s={search_term_string}"},"query-input":"required name=search_term_string"}],"inLanguage":"de"}]}},"_links":{"self":[{"href":"https:\/\/multisite.labocosmetica.it\/de\/wp-json\/wp\/v2\/product\/748","targetHints":{"allow":["GET"]}}],"collection":[{"href":"https:\/\/multisite.labocosmetica.it\/de\/wp-json\/wp\/v2\/product"}],"about":[{"href":"https:\/\/multisite.labocosmetica.it\/de\/wp-json\/wp\/v2\/types\/product"}],"replies":[{"embeddable":true,"href":"https:\/\/multisite.labocosmetica.it\/de\/wp-json\/wp\/v2\/comments?post=748"}],"wp:featuredmedia":[{"embeddable":true,"href":"https:\/\/multisite.labocosmetica.it\/de\/wp-json\/wp\/v2\/media\/1995"}],"wp:attachment":[{"href":"https:\/\/multisite.labocosmetica.it\/de\/wp-json\/wp\/v2\/media?parent=748"}],"wp:term":[{"taxonomy":"product_cat","embeddable":true,"href":"https:\/\/multisite.labocosmetica.it\/de\/wp-json\/wp\/v2\/product_cat?post=748"},{"taxonomy":"product_tag","embeddable":true,"href":"https:\/\/multisite.labocosmetica.it\/de\/wp-json\/wp\/v2\/product_tag?post=748"}],"curies":[{"name":"wp","href":"https:\/\/api.w.org\/{rel}","templated":true}]}}