{"id":750,"date":"2022-02-08T22:03:32","date_gmt":"2022-02-08T22:03:32","guid":{"rendered":"https:\/\/multisite.labocosmetica.it\/en\/?post_type=product&#038;p=750"},"modified":"2023-01-17T09:41:21","modified_gmt":"2023-01-17T09:41:21","slug":"satino-special-shampoo-matte-and-wrap-paint-vernici-opache","status":"publish","type":"product","link":"https:\/\/multisite.labocosmetica.it\/de\/product\/satino-special-shampoo-matte-and-wrap-paint-vernici-opache\/","title":{"rendered":"#S\u00c0TINO"},"content":{"rendered":"<p>\u25ba Shampoo mit hoher Reinigungskraft, ideal f\u00fcr matte oder verpackte Lacke.<\/p>\n<p>\u25ba Auf der Karosserie einen wirksamen UV-Schutz von mindestens 2 Wochen belassen.<\/p>\n<p>\u25ba Selbsttrocknendes Produkt, erleichtert die anschlie\u00dfende Trocknungsphase deutlich.<\/p>\n<p>\u25ba Es zeichnet sich durch eine hohe Schmierkraft aus und ist absolut sicher auf aufgetragenen Wachsen.<\/p>\n<p>\u25ba Leaves i ver\u00e4ndert die Seidigkeit der Karosserie, w\u00e4hrend das matte Finish vollst\u00e4ndig respektiert wird.<\/p>\n<p>\u25ba Verhindert durch seine leichte Absp\u00fclbarkeit die Bildung von Schlieren und Schlieren beim Trocknen.<\/p>\n<p>\u25ba Das Vorhandensein von Komplexbildnern , deren Zweck es ist, die Calcium- und Magnesiumpartikel aus dem Wasser zu entfernen, die die Ergiebigkeit des Produkts beeintr\u00e4chtigen, wodurch die Tenside frei bleiben, um optimal zu wirken, wodurch sie auch bei normalen Anstrichen in Gegenwart von Hartstoffen unverzichtbar sind Wasser, f\u00fcr die normale Pflegew\u00e4sche.<\/p>\n<p>\u25ba Von den Mafra-Labors in Zusammenarbeit mit den renommiertesten Sportwagenherstellern der Welt eingehend erforscht, entwickelt und getestet.<\/p>\n","protected":false},"excerpt":{"rendered":"<p>MATT OR WRAPPED CAR SHAMPOO AND WAX<\/p>\n","protected":false},"featured_media":1973,"comment_status":"closed","ping_status":"closed","template":"","meta":{"_kad_post_transparent":"default","_kad_post_title":"","_kad_post_layout":"default","_kad_post_sidebar_id":"","_kad_post_content_style":"default","_kad_post_vertical_padding":"default","_kad_post_feature":"","_kad_post_feature_position":"","_kad_post_header":false,"_kad_post_footer":false},"product_cat":[91],"product_tag":[],"class_list":["post-750","product","type-product","status-publish","has-post-thumbnail","hentry","product_cat-waschen","wvs-archive-product-wrapper","entry","content-bg","loop-entry"],"acf":[],"yoast_head":"<!-- This site is optimized with the Yoast SEO Premium plugin v18.5 (Yoast SEO v20.11) - https:\/\/yoast.com\/wordpress\/plugins\/seo\/ -->\n<title>#S\u00e0tino 500 ml | Autoshampoo und Wachs | #Labocosmetica<\/title>\n<meta name=\"description\" content=\"#S\u00e0tino 500ml von #Labocosmetica ist ein wirksames Shampoo mit hervorragenden Reinigungseigenschaften, ideal f\u00fcr Matt- oder Wickelfarben, die mindestens 2 Wochen lang langj\u00e4hrig und wirksamer K\u00f6rperschutz gegen UV-Strahlen gew\u00e4hrleistet.\" \/>\n<meta name=\"robots\" content=\"index, follow, max-snippet:-1, max-image-preview:large, max-video-preview:-1\" \/>\n<link rel=\"canonical\" href=\"https:\/\/multisite.labocosmetica.it\/de\/product\/satino-special-shampoo-matte-and-wrap-paint-vernici-opache\/\" \/>\n<meta property=\"og:locale\" content=\"de_DE\" \/>\n<meta property=\"og:type\" content=\"article\" \/>\n<meta property=\"og:title\" content=\"#S\u00c0TINO\" \/>\n<meta property=\"og:description\" content=\"#S\u00e0tino 500ml von #Labocosmetica ist ein wirksames Shampoo mit hervorragenden Reinigungseigenschaften, ideal f\u00fcr Matt- oder Wickelfarben, die mindestens 2 Wochen lang langj\u00e4hrig und wirksamer K\u00f6rperschutz gegen UV-Strahlen gew\u00e4hrleistet.\" \/>\n<meta property=\"og:url\" content=\"https:\/\/multisite.labocosmetica.it\/de\/product\/satino-special-shampoo-matte-and-wrap-paint-vernici-opache\/\" \/>\n<meta property=\"og:site_name\" content=\"#LABOCOSMETICA - DE - NEW\" \/>\n<meta property=\"article:modified_time\" content=\"2023-01-17T09:41:21+00:00\" \/>\n<meta property=\"og:image\" content=\"https:\/\/multisite.labocosmetica.it\/de\/wp-content\/uploads\/sites\/13\/2022\/02\/500ml-SATINO.jpg\" \/>\n\t<meta property=\"og:image:width\" content=\"800\" \/>\n\t<meta property=\"og:image:height\" content=\"800\" \/>\n\t<meta property=\"og:image:type\" content=\"image\/jpeg\" \/>\n<meta name=\"twitter:card\" content=\"summary_large_image\" \/>\n<meta name=\"twitter:label1\" content=\"Gesch\u00e4tzte Lesezeit\" \/>\n\t<meta name=\"twitter:data1\" content=\"1\u00a0Minute\" \/>\n<script type=\"application\/ld+json\" class=\"yoast-schema-graph\">{\"@context\":\"https:\/\/schema.org\",\"@graph\":[{\"@type\":\"WebPage\",\"@id\":\"https:\/\/multisite.labocosmetica.it\/de\/product\/satino-special-shampoo-matte-and-wrap-paint-vernici-opache\/\",\"url\":\"https:\/\/multisite.labocosmetica.it\/de\/product\/satino-special-shampoo-matte-and-wrap-paint-vernici-opache\/\",\"name\":\"#S\u00e0tino 500 ml | Autoshampoo und Wachs | #Labocosmetica\",\"isPartOf\":{\"@id\":\"https:\/\/multisite.labocosmetica.it\/de\/#website\"},\"datePublished\":\"2022-02-08T22:03:32+00:00\",\"dateModified\":\"2023-01-17T09:41:21+00:00\",\"description\":\"#S\u00e0tino 500ml von #Labocosmetica ist ein wirksames Shampoo mit hervorragenden Reinigungseigenschaften, ideal f\u00fcr Matt- oder Wickelfarben, die mindestens 2 Wochen lang langj\u00e4hrig und wirksamer K\u00f6rperschutz gegen UV-Strahlen gew\u00e4hrleistet.\",\"breadcrumb\":{\"@id\":\"https:\/\/multisite.labocosmetica.it\/de\/product\/satino-special-shampoo-matte-and-wrap-paint-vernici-opache\/#breadcrumb\"},\"inLanguage\":\"de\",\"potentialAction\":[{\"@type\":\"ReadAction\",\"target\":[\"https:\/\/multisite.labocosmetica.it\/de\/product\/satino-special-shampoo-matte-and-wrap-paint-vernici-opache\/\"]}]},{\"@type\":\"BreadcrumbList\",\"@id\":\"https:\/\/multisite.labocosmetica.it\/de\/product\/satino-special-shampoo-matte-and-wrap-paint-vernici-opache\/#breadcrumb\",\"itemListElement\":[{\"@type\":\"ListItem\",\"position\":1,\"name\":\"Home\",\"item\":\"https:\/\/multisite.labocosmetica.it\/de\/\"},{\"@type\":\"ListItem\",\"position\":2,\"name\":\"Shop\",\"item\":\"https:\/\/multisite.labocosmetica.it\/de\/shop\/\"},{\"@type\":\"ListItem\",\"position\":3,\"name\":\"#S\u00c0TINO\"}]},{\"@type\":\"WebSite\",\"@id\":\"https:\/\/multisite.labocosmetica.it\/de\/#website\",\"url\":\"https:\/\/multisite.labocosmetica.it\/de\/\",\"name\":\"#LABOCOSMETICA - DE - NEW\",\"description\":\"For the best hands, for the best cars\",\"potentialAction\":[{\"@type\":\"SearchAction\",\"target\":{\"@type\":\"EntryPoint\",\"urlTemplate\":\"https:\/\/multisite.labocosmetica.it\/de\/?s={search_term_string}\"},\"query-input\":\"required name=search_term_string\"}],\"inLanguage\":\"de\"}]}<\/script>\n<!-- \/ Yoast SEO Premium plugin. -->","yoast_head_json":{"title":"#S\u00e0tino 500 ml | Autoshampoo und Wachs | #Labocosmetica","description":"#S\u00e0tino 500ml von #Labocosmetica ist ein wirksames Shampoo mit hervorragenden Reinigungseigenschaften, ideal f\u00fcr Matt- oder Wickelfarben, die mindestens 2 Wochen lang langj\u00e4hrig und wirksamer K\u00f6rperschutz gegen UV-Strahlen gew\u00e4hrleistet.","robots":{"index":"index","follow":"follow","max-snippet":"max-snippet:-1","max-image-preview":"max-image-preview:large","max-video-preview":"max-video-preview:-1"},"canonical":"https:\/\/multisite.labocosmetica.it\/de\/product\/satino-special-shampoo-matte-and-wrap-paint-vernici-opache\/","og_locale":"de_DE","og_type":"article","og_title":"#S\u00c0TINO","og_description":"#S\u00e0tino 500ml von #Labocosmetica ist ein wirksames Shampoo mit hervorragenden Reinigungseigenschaften, ideal f\u00fcr Matt- oder Wickelfarben, die mindestens 2 Wochen lang langj\u00e4hrig und wirksamer K\u00f6rperschutz gegen UV-Strahlen gew\u00e4hrleistet.","og_url":"https:\/\/multisite.labocosmetica.it\/de\/product\/satino-special-shampoo-matte-and-wrap-paint-vernici-opache\/","og_site_name":"#LABOCOSMETICA - DE - NEW","article_modified_time":"2023-01-17T09:41:21+00:00","og_image":[{"width":800,"height":800,"url":"https:\/\/multisite.labocosmetica.it\/de\/wp-content\/uploads\/sites\/13\/2022\/02\/500ml-SATINO.jpg","type":"image\/jpeg"}],"twitter_card":"summary_large_image","twitter_misc":{"Gesch\u00e4tzte Lesezeit":"1\u00a0Minute"},"schema":{"@context":"https:\/\/schema.org","@graph":[{"@type":"WebPage","@id":"https:\/\/multisite.labocosmetica.it\/de\/product\/satino-special-shampoo-matte-and-wrap-paint-vernici-opache\/","url":"https:\/\/multisite.labocosmetica.it\/de\/product\/satino-special-shampoo-matte-and-wrap-paint-vernici-opache\/","name":"#S\u00e0tino 500 ml | Autoshampoo und Wachs | #Labocosmetica","isPartOf":{"@id":"https:\/\/multisite.labocosmetica.it\/de\/#website"},"datePublished":"2022-02-08T22:03:32+00:00","dateModified":"2023-01-17T09:41:21+00:00","description":"#S\u00e0tino 500ml von #Labocosmetica ist ein wirksames Shampoo mit hervorragenden Reinigungseigenschaften, ideal f\u00fcr Matt- oder Wickelfarben, die mindestens 2 Wochen lang langj\u00e4hrig und wirksamer K\u00f6rperschutz gegen UV-Strahlen gew\u00e4hrleistet.","breadcrumb":{"@id":"https:\/\/multisite.labocosmetica.it\/de\/product\/satino-special-shampoo-matte-and-wrap-paint-vernici-opache\/#breadcrumb"},"inLanguage":"de","potentialAction":[{"@type":"ReadAction","target":["https:\/\/multisite.labocosmetica.it\/de\/product\/satino-special-shampoo-matte-and-wrap-paint-vernici-opache\/"]}]},{"@type":"BreadcrumbList","@id":"https:\/\/multisite.labocosmetica.it\/de\/product\/satino-special-shampoo-matte-and-wrap-paint-vernici-opache\/#breadcrumb","itemListElement":[{"@type":"ListItem","position":1,"name":"Home","item":"https:\/\/multisite.labocosmetica.it\/de\/"},{"@type":"ListItem","position":2,"name":"Shop","item":"https:\/\/multisite.labocosmetica.it\/de\/shop\/"},{"@type":"ListItem","position":3,"name":"#S\u00c0TINO"}]},{"@type":"WebSite","@id":"https:\/\/multisite.labocosmetica.it\/de\/#website","url":"https:\/\/multisite.labocosmetica.it\/de\/","name":"#LABOCOSMETICA - DE - NEW","description":"For the best hands, for the best cars","potentialAction":[{"@type":"SearchAction","target":{"@type":"EntryPoint","urlTemplate":"https:\/\/multisite.labocosmetica.it\/de\/?s={search_term_string}"},"query-input":"required name=search_term_string"}],"inLanguage":"de"}]}},"_links":{"self":[{"href":"https:\/\/multisite.labocosmetica.it\/de\/wp-json\/wp\/v2\/product\/750","targetHints":{"allow":["GET"]}}],"collection":[{"href":"https:\/\/multisite.labocosmetica.it\/de\/wp-json\/wp\/v2\/product"}],"about":[{"href":"https:\/\/multisite.labocosmetica.it\/de\/wp-json\/wp\/v2\/types\/product"}],"replies":[{"embeddable":true,"href":"https:\/\/multisite.labocosmetica.it\/de\/wp-json\/wp\/v2\/comments?post=750"}],"wp:featuredmedia":[{"embeddable":true,"href":"https:\/\/multisite.labocosmetica.it\/de\/wp-json\/wp\/v2\/media\/1973"}],"wp:attachment":[{"href":"https:\/\/multisite.labocosmetica.it\/de\/wp-json\/wp\/v2\/media?parent=750"}],"wp:term":[{"taxonomy":"product_cat","embeddable":true,"href":"https:\/\/multisite.labocosmetica.it\/de\/wp-json\/wp\/v2\/product_cat?post=750"},{"taxonomy":"product_tag","embeddable":true,"href":"https:\/\/multisite.labocosmetica.it\/de\/wp-json\/wp\/v2\/product_tag?post=750"}],"curies":[{"name":"wp","href":"https:\/\/api.w.org\/{rel}","templated":true}]}}