{"id":754,"date":"2022-02-08T22:03:32","date_gmt":"2022-02-08T22:03:32","guid":{"rendered":"https:\/\/multisite.labocosmetica.it\/en\/?post_type=product&#038;p=754"},"modified":"2023-04-11T14:28:26","modified_gmt":"2023-04-11T14:28:26","slug":"revitax-best-sio2-shampoo-pflege-keramikbeschichtetes-auto","status":"publish","type":"product","link":"https:\/\/multisite.labocosmetica.it\/de\/product\/revitax-best-sio2-shampoo-pflege-keramikbeschichtetes-auto\/","title":{"rendered":"#REV\u00ccTAX"},"content":{"rendered":"<p>\u25ba <strong>Neutrales Shampoo der neuen Generation \u201eWash &amp; Coat\u201c Versiegelungsshampoo<\/strong>, das w\u00e4scht, versiegelt, sch\u00fctzt und die Lebensdauer der zuvor aufgetragenen Beschichtung verl\u00e4ngert.<\/p>\n<p>\u25ba Bei unbehandelten Autos schafft es Glanz und Schutz, die Nanoversiegelungen ebenb\u00fcrtig sind.<\/p>\n<p>\u25ba Hervorragende Reinigungskraft und gute Schmierung, haftet und sch\u00fctzt auf aufregende Weise und garantiert bis zu 4 Monate lang ein sehr hohes Ma\u00df an Perlen- und Folienbildung.<\/p>\n<p><span style=\"font-family: var(--global-body-font-family);\">\u25ba<\/span>Bestehend aus einer Mischung gel\u00f6ster Siloxane, die sich an der Karosserie verankern und Schutz, Geschmeidigkeit und Widerstandsf\u00e4higkeit bieten, mit ausgezeichneter Schaumbildung und Schmierung beim Waschen.<\/p>\n<p><span style=\"font-family: var(--global-body-font-family);\">\u25ba <strong>Obwohl es produktneutral ist, hat es eine hervorragende Reinigungskraft: Es l\u00f6st und weicht Schmutz auf.<\/strong><\/span><\/p>\n<p><strong>\u25ba<\/strong> <strong>Beeintr\u00e4chtigt nicht den auf Glas aufgetragenen Nanoschutz und hinterl\u00e4sst keine Lichth\u00f6fe oder Schlieren.<\/strong><\/p>\n<p>\u25ba <strong>Maximale Benutzerfreundlichkeit und einfache Korrektur von Fehlern durch den Detailer (dank unserer exklusiven \u201eI Forgive You\u201c-Technologie).<\/strong><\/p>\n<p>\u25ba<strong>Von den Mafra-Labors in Zusammenarbeit mit den renommiertesten Sportwagenherstellern der Welt erforscht, entwickelt und gr\u00fcndlich getestet.<\/strong><\/p>\n","protected":false},"excerpt":{"rendered":"<p>WASH &amp; COAT SHAMPOO<\/p>\n","protected":false},"featured_media":2127,"comment_status":"closed","ping_status":"closed","template":"","meta":{"_kad_post_transparent":"default","_kad_post_title":"","_kad_post_layout":"default","_kad_post_sidebar_id":"","_kad_post_content_style":"default","_kad_post_vertical_padding":"default","_kad_post_feature":"","_kad_post_feature_position":"","_kad_post_header":false,"_kad_post_footer":false},"product_cat":[88,87,91],"product_tag":[],"class_list":["post-754","product","type-product","status-publish","has-post-thumbnail","hentry","product_cat-schutz","product_cat-wartung","product_cat-waschen","wvs-archive-product-wrapper","entry","content-bg","loop-entry"],"acf":[],"yoast_head":"<!-- This site is optimized with the Yoast SEO Premium plugin v18.5 (Yoast SEO v20.11) - https:\/\/yoast.com\/wordpress\/plugins\/seo\/ -->\n<title>#Rev\u00ectax 500ml | Shampoo waschen und machten | #Labocosmetica<\/title>\n<meta name=\"description\" content=\"#Rev\u00ectax 500ml von #labocosmetica ist die n\u00e4chste Generation von neutralem &quot;Waschmantel&quot; -Shampoo, um die Lebensdauer der zuvor aufgetragenen Beschichtung zu waschen, zu versiegeln, zu sch\u00fctzen und zu verl\u00e4ngern. #Rev\u00ectax, #s\u00e8mper, #pur\u00ecfica und #pr\u00ecmus sind Teil des 3PH -kombinierten Autowaschzyklus von Labocosmetica.\" \/>\n<meta name=\"robots\" content=\"index, follow, max-snippet:-1, max-image-preview:large, max-video-preview:-1\" \/>\n<link rel=\"canonical\" href=\"https:\/\/multisite.labocosmetica.it\/de\/product\/revitax-best-sio2-shampoo-pflege-keramikbeschichtetes-auto\/\" \/>\n<meta property=\"og:locale\" content=\"de_DE\" \/>\n<meta property=\"og:type\" content=\"article\" \/>\n<meta property=\"og:title\" content=\"#REV\u00ccTAX\" \/>\n<meta property=\"og:description\" content=\"#Rev\u00ectax 500ml von #labocosmetica ist die n\u00e4chste Generation von neutralem &quot;Waschmantel&quot; -Shampoo, um die Lebensdauer der zuvor aufgetragenen Beschichtung zu waschen, zu versiegeln, zu sch\u00fctzen und zu verl\u00e4ngern. #Rev\u00ectax, #s\u00e8mper, #pur\u00ecfica und #pr\u00ecmus sind Teil des 3PH -kombinierten Autowaschzyklus von Labocosmetica.\" \/>\n<meta property=\"og:url\" content=\"https:\/\/multisite.labocosmetica.it\/de\/product\/revitax-best-sio2-shampoo-pflege-keramikbeschichtetes-auto\/\" \/>\n<meta property=\"og:site_name\" content=\"#LABOCOSMETICA - DE - NEW\" \/>\n<meta property=\"article:modified_time\" content=\"2023-04-11T14:28:26+00:00\" \/>\n<meta property=\"og:image\" content=\"https:\/\/multisite.labocosmetica.it\/de\/wp-content\/uploads\/sites\/13\/2022\/02\/500ml-REVITAX.jpg\" \/>\n\t<meta property=\"og:image:width\" content=\"800\" \/>\n\t<meta property=\"og:image:height\" content=\"800\" \/>\n\t<meta property=\"og:image:type\" content=\"image\/jpeg\" \/>\n<meta name=\"twitter:card\" content=\"summary_large_image\" \/>\n<meta name=\"twitter:label1\" content=\"Gesch\u00e4tzte Lesezeit\" \/>\n\t<meta name=\"twitter:data1\" content=\"1\u00a0Minute\" \/>\n<script type=\"application\/ld+json\" class=\"yoast-schema-graph\">{\"@context\":\"https:\/\/schema.org\",\"@graph\":[{\"@type\":\"WebPage\",\"@id\":\"https:\/\/multisite.labocosmetica.it\/de\/product\/revitax-best-sio2-shampoo-pflege-keramikbeschichtetes-auto\/\",\"url\":\"https:\/\/multisite.labocosmetica.it\/de\/product\/revitax-best-sio2-shampoo-pflege-keramikbeschichtetes-auto\/\",\"name\":\"#Rev\u00ectax 500ml | Shampoo waschen und machten | #Labocosmetica\",\"isPartOf\":{\"@id\":\"https:\/\/multisite.labocosmetica.it\/de\/#website\"},\"datePublished\":\"2022-02-08T22:03:32+00:00\",\"dateModified\":\"2023-04-11T14:28:26+00:00\",\"description\":\"#Rev\u00ectax 500ml von #labocosmetica ist die n\u00e4chste Generation von neutralem \\\"Waschmantel\\\" -Shampoo, um die Lebensdauer der zuvor aufgetragenen Beschichtung zu waschen, zu versiegeln, zu sch\u00fctzen und zu verl\u00e4ngern. #Rev\u00ectax, #s\u00e8mper, #pur\u00ecfica und #pr\u00ecmus sind Teil des 3PH -kombinierten Autowaschzyklus von Labocosmetica.\",\"breadcrumb\":{\"@id\":\"https:\/\/multisite.labocosmetica.it\/de\/product\/revitax-best-sio2-shampoo-pflege-keramikbeschichtetes-auto\/#breadcrumb\"},\"inLanguage\":\"de\",\"potentialAction\":[{\"@type\":\"ReadAction\",\"target\":[\"https:\/\/multisite.labocosmetica.it\/de\/product\/revitax-best-sio2-shampoo-pflege-keramikbeschichtetes-auto\/\"]}]},{\"@type\":\"BreadcrumbList\",\"@id\":\"https:\/\/multisite.labocosmetica.it\/de\/product\/revitax-best-sio2-shampoo-pflege-keramikbeschichtetes-auto\/#breadcrumb\",\"itemListElement\":[{\"@type\":\"ListItem\",\"position\":1,\"name\":\"Home\",\"item\":\"https:\/\/multisite.labocosmetica.it\/de\/\"},{\"@type\":\"ListItem\",\"position\":2,\"name\":\"Shop\",\"item\":\"https:\/\/multisite.labocosmetica.it\/de\/shop\/\"},{\"@type\":\"ListItem\",\"position\":3,\"name\":\"#REV\u00ccTAX\"}]},{\"@type\":\"WebSite\",\"@id\":\"https:\/\/multisite.labocosmetica.it\/de\/#website\",\"url\":\"https:\/\/multisite.labocosmetica.it\/de\/\",\"name\":\"#LABOCOSMETICA - DE - NEW\",\"description\":\"For the best hands, for the best cars\",\"potentialAction\":[{\"@type\":\"SearchAction\",\"target\":{\"@type\":\"EntryPoint\",\"urlTemplate\":\"https:\/\/multisite.labocosmetica.it\/de\/?s={search_term_string}\"},\"query-input\":\"required name=search_term_string\"}],\"inLanguage\":\"de\"}]}<\/script>\n<!-- \/ Yoast SEO Premium plugin. -->","yoast_head_json":{"title":"#Rev\u00ectax 500ml | Shampoo waschen und machten | #Labocosmetica","description":"#Rev\u00ectax 500ml von #labocosmetica ist die n\u00e4chste Generation von neutralem \"Waschmantel\" -Shampoo, um die Lebensdauer der zuvor aufgetragenen Beschichtung zu waschen, zu versiegeln, zu sch\u00fctzen und zu verl\u00e4ngern. #Rev\u00ectax, #s\u00e8mper, #pur\u00ecfica und #pr\u00ecmus sind Teil des 3PH -kombinierten Autowaschzyklus von Labocosmetica.","robots":{"index":"index","follow":"follow","max-snippet":"max-snippet:-1","max-image-preview":"max-image-preview:large","max-video-preview":"max-video-preview:-1"},"canonical":"https:\/\/multisite.labocosmetica.it\/de\/product\/revitax-best-sio2-shampoo-pflege-keramikbeschichtetes-auto\/","og_locale":"de_DE","og_type":"article","og_title":"#REV\u00ccTAX","og_description":"#Rev\u00ectax 500ml von #labocosmetica ist die n\u00e4chste Generation von neutralem \"Waschmantel\" -Shampoo, um die Lebensdauer der zuvor aufgetragenen Beschichtung zu waschen, zu versiegeln, zu sch\u00fctzen und zu verl\u00e4ngern. #Rev\u00ectax, #s\u00e8mper, #pur\u00ecfica und #pr\u00ecmus sind Teil des 3PH -kombinierten Autowaschzyklus von Labocosmetica.","og_url":"https:\/\/multisite.labocosmetica.it\/de\/product\/revitax-best-sio2-shampoo-pflege-keramikbeschichtetes-auto\/","og_site_name":"#LABOCOSMETICA - DE - NEW","article_modified_time":"2023-04-11T14:28:26+00:00","og_image":[{"width":800,"height":800,"url":"https:\/\/multisite.labocosmetica.it\/de\/wp-content\/uploads\/sites\/13\/2022\/02\/500ml-REVITAX.jpg","type":"image\/jpeg"}],"twitter_card":"summary_large_image","twitter_misc":{"Gesch\u00e4tzte Lesezeit":"1\u00a0Minute"},"schema":{"@context":"https:\/\/schema.org","@graph":[{"@type":"WebPage","@id":"https:\/\/multisite.labocosmetica.it\/de\/product\/revitax-best-sio2-shampoo-pflege-keramikbeschichtetes-auto\/","url":"https:\/\/multisite.labocosmetica.it\/de\/product\/revitax-best-sio2-shampoo-pflege-keramikbeschichtetes-auto\/","name":"#Rev\u00ectax 500ml | Shampoo waschen und machten | #Labocosmetica","isPartOf":{"@id":"https:\/\/multisite.labocosmetica.it\/de\/#website"},"datePublished":"2022-02-08T22:03:32+00:00","dateModified":"2023-04-11T14:28:26+00:00","description":"#Rev\u00ectax 500ml von #labocosmetica ist die n\u00e4chste Generation von neutralem \"Waschmantel\" -Shampoo, um die Lebensdauer der zuvor aufgetragenen Beschichtung zu waschen, zu versiegeln, zu sch\u00fctzen und zu verl\u00e4ngern. #Rev\u00ectax, #s\u00e8mper, #pur\u00ecfica und #pr\u00ecmus sind Teil des 3PH -kombinierten Autowaschzyklus von Labocosmetica.","breadcrumb":{"@id":"https:\/\/multisite.labocosmetica.it\/de\/product\/revitax-best-sio2-shampoo-pflege-keramikbeschichtetes-auto\/#breadcrumb"},"inLanguage":"de","potentialAction":[{"@type":"ReadAction","target":["https:\/\/multisite.labocosmetica.it\/de\/product\/revitax-best-sio2-shampoo-pflege-keramikbeschichtetes-auto\/"]}]},{"@type":"BreadcrumbList","@id":"https:\/\/multisite.labocosmetica.it\/de\/product\/revitax-best-sio2-shampoo-pflege-keramikbeschichtetes-auto\/#breadcrumb","itemListElement":[{"@type":"ListItem","position":1,"name":"Home","item":"https:\/\/multisite.labocosmetica.it\/de\/"},{"@type":"ListItem","position":2,"name":"Shop","item":"https:\/\/multisite.labocosmetica.it\/de\/shop\/"},{"@type":"ListItem","position":3,"name":"#REV\u00ccTAX"}]},{"@type":"WebSite","@id":"https:\/\/multisite.labocosmetica.it\/de\/#website","url":"https:\/\/multisite.labocosmetica.it\/de\/","name":"#LABOCOSMETICA - DE - NEW","description":"For the best hands, for the best cars","potentialAction":[{"@type":"SearchAction","target":{"@type":"EntryPoint","urlTemplate":"https:\/\/multisite.labocosmetica.it\/de\/?s={search_term_string}"},"query-input":"required name=search_term_string"}],"inLanguage":"de"}]}},"_links":{"self":[{"href":"https:\/\/multisite.labocosmetica.it\/de\/wp-json\/wp\/v2\/product\/754","targetHints":{"allow":["GET"]}}],"collection":[{"href":"https:\/\/multisite.labocosmetica.it\/de\/wp-json\/wp\/v2\/product"}],"about":[{"href":"https:\/\/multisite.labocosmetica.it\/de\/wp-json\/wp\/v2\/types\/product"}],"replies":[{"embeddable":true,"href":"https:\/\/multisite.labocosmetica.it\/de\/wp-json\/wp\/v2\/comments?post=754"}],"wp:featuredmedia":[{"embeddable":true,"href":"https:\/\/multisite.labocosmetica.it\/de\/wp-json\/wp\/v2\/media\/2127"}],"wp:attachment":[{"href":"https:\/\/multisite.labocosmetica.it\/de\/wp-json\/wp\/v2\/media?parent=754"}],"wp:term":[{"taxonomy":"product_cat","embeddable":true,"href":"https:\/\/multisite.labocosmetica.it\/de\/wp-json\/wp\/v2\/product_cat?post=754"},{"taxonomy":"product_tag","embeddable":true,"href":"https:\/\/multisite.labocosmetica.it\/de\/wp-json\/wp\/v2\/product_tag?post=754"}],"curies":[{"name":"wp","href":"https:\/\/api.w.org\/{rel}","templated":true}]}}