{"id":758,"date":"2022-02-08T22:03:32","date_gmt":"2022-02-08T22:03:32","guid":{"rendered":"https:\/\/multisite.labocosmetica.it\/en\/?post_type=product&#038;p=758"},"modified":"2023-01-17T09:55:31","modified_gmt":"2023-01-17T09:55:31","slug":"veritas-reiniger-fur-ol-pulitur-wachs-und-anstrichruckstande","status":"publish","type":"product","link":"https:\/\/multisite.labocosmetica.it\/de\/product\/veritas-reiniger-fur-ol-pulitur-wachs-und-anstrichruckstande\/","title":{"rendered":"#V\u00c8RITAS"},"content":{"rendered":"<p><strong>#V\u00c8RITAS<\/strong> ist ein Wirbel-Highlighter, unverzichtbar vor dem Auftragen der Beschichtung oder Versiegelung, der reinigt und auch auf innovative Weise verwendet werden kann, als Kontrolle der Lebensdauer der Beschichtung w\u00e4hrend der Waschphase: Tats\u00e4chlich hinterlassen viele Shampoos Mikror\u00fcckst\u00e4nde Tenside, die es der Beschichtung nicht erm\u00f6glichen, sich optimal auszudr\u00fccken, und die somit den Detailer in die Irre f\u00fchren k\u00f6nnten, der f\u00e4lschlicherweise glauben k\u00f6nnte, dass die Beschichtung verschwunden ist. Dank <strong>#V\u00c8RITAS<\/strong> wird dieses Problem vollst\u00e4ndig vermieden. <strong>#V\u00c8RITAS<\/strong> kann auch als Rettungsleine beim Auftragen eines sch\u00fctzenden Nanos verwendet werden: Falls R\u00fcckst\u00e4nde zur\u00fcckbleiben oder die behandelte Oberfl\u00e4che besonders empfindlich auf den Durchgang des Nanos reagiert, beseitigt <strong>#V\u00c8RITAS<\/strong> alle Produktspuren auf einfache Weise und erm\u00f6glicht es Ihnen, die Vorg\u00e4nge zu wiederholen. <strong>#V\u00c8RITAS<\/strong> wurde in Mafra-Labors in Zusammenarbeit mit den besten internationalen Detaillierungszentren gr\u00fcndlich erforscht, entwickelt und getestet.<\/p>\n","protected":false},"excerpt":{"rendered":"<p>OIL, POLISH, WAX AND FRESH COATING RESIDUES CLEANER<\/p>\n","protected":false},"featured_media":1983,"comment_status":"closed","ping_status":"closed","template":"","meta":{"_kad_post_transparent":"default","_kad_post_title":"","_kad_post_layout":"default","_kad_post_sidebar_id":"","_kad_post_content_style":"default","_kad_post_vertical_padding":"default","_kad_post_feature":"","_kad_post_feature_position":"","_kad_post_header":false,"_kad_post_footer":false},"product_cat":[90],"product_tag":[],"class_list":["post-758","product","type-product","status-publish","has-post-thumbnail","hentry","product_cat-korrektur-und-polieren","wvs-archive-product-wrapper","entry","content-bg","loop-entry"],"acf":[],"yoast_head":"<!-- This site is optimized with the Yoast SEO Premium plugin v18.5 (Yoast SEO v20.11) - https:\/\/yoast.com\/wordpress\/plugins\/seo\/ -->\n<title>#V\u00e8ritas 1000ml | #Labocosmetica<\/title>\n<meta name=\"description\" content=\"#V\u00e8ritas 1000ml von #Labocosmetica ist ein Highlighter, der vor dem Auftragen der Beschichtung oder des Dichtmittels unverzichtbar ist, das die Oberfl\u00e4che vor einer Nanobehandlung reinigt und entzieht, wobei die Art von Schmier\u00f6l und Politur entfernt wird, ohne die zugrunde liegenden Unvollkommenheiten zu beleuchten, ohne das Palen zu packen.\" \/>\n<meta name=\"robots\" content=\"index, follow, max-snippet:-1, max-image-preview:large, max-video-preview:-1\" \/>\n<link rel=\"canonical\" href=\"https:\/\/multisite.labocosmetica.it\/de\/product\/veritas-reiniger-fur-ol-pulitur-wachs-und-anstrichruckstande\/\" \/>\n<meta property=\"og:locale\" content=\"de_DE\" \/>\n<meta property=\"og:type\" content=\"article\" \/>\n<meta property=\"og:title\" content=\"#V\u00c8RITAS\" \/>\n<meta property=\"og:description\" content=\"#V\u00e8ritas 1000ml von #Labocosmetica ist ein Highlighter, der vor dem Auftragen der Beschichtung oder des Dichtmittels unverzichtbar ist, das die Oberfl\u00e4che vor einer Nanobehandlung reinigt und entzieht, wobei die Art von Schmier\u00f6l und Politur entfernt wird, ohne die zugrunde liegenden Unvollkommenheiten zu beleuchten, ohne das Palen zu packen.\" \/>\n<meta property=\"og:url\" content=\"https:\/\/multisite.labocosmetica.it\/de\/product\/veritas-reiniger-fur-ol-pulitur-wachs-und-anstrichruckstande\/\" \/>\n<meta property=\"og:site_name\" content=\"#LABOCOSMETICA - DE - NEW\" \/>\n<meta property=\"article:modified_time\" content=\"2023-01-17T09:55:31+00:00\" \/>\n<meta property=\"og:image\" content=\"https:\/\/multisite.labocosmetica.it\/de\/wp-content\/uploads\/sites\/13\/2022\/02\/1000ml-Veritas.jpg\" \/>\n\t<meta property=\"og:image:width\" content=\"800\" \/>\n\t<meta property=\"og:image:height\" content=\"800\" \/>\n\t<meta property=\"og:image:type\" content=\"image\/jpeg\" \/>\n<meta name=\"twitter:card\" content=\"summary_large_image\" \/>\n<meta name=\"twitter:label1\" content=\"Gesch\u00e4tzte Lesezeit\" \/>\n\t<meta name=\"twitter:data1\" content=\"1\u00a0Minute\" \/>\n<script type=\"application\/ld+json\" class=\"yoast-schema-graph\">{\"@context\":\"https:\/\/schema.org\",\"@graph\":[{\"@type\":\"WebPage\",\"@id\":\"https:\/\/multisite.labocosmetica.it\/de\/product\/veritas-reiniger-fur-ol-pulitur-wachs-und-anstrichruckstande\/\",\"url\":\"https:\/\/multisite.labocosmetica.it\/de\/product\/veritas-reiniger-fur-ol-pulitur-wachs-und-anstrichruckstande\/\",\"name\":\"#V\u00e8ritas 1000ml | #Labocosmetica\",\"isPartOf\":{\"@id\":\"https:\/\/multisite.labocosmetica.it\/de\/#website\"},\"datePublished\":\"2022-02-08T22:03:32+00:00\",\"dateModified\":\"2023-01-17T09:55:31+00:00\",\"description\":\"#V\u00e8ritas 1000ml von #Labocosmetica ist ein Highlighter, der vor dem Auftragen der Beschichtung oder des Dichtmittels unverzichtbar ist, das die Oberfl\u00e4che vor einer Nanobehandlung reinigt und entzieht, wobei die Art von Schmier\u00f6l und Politur entfernt wird, ohne die zugrunde liegenden Unvollkommenheiten zu beleuchten, ohne das Palen zu packen.\",\"breadcrumb\":{\"@id\":\"https:\/\/multisite.labocosmetica.it\/de\/product\/veritas-reiniger-fur-ol-pulitur-wachs-und-anstrichruckstande\/#breadcrumb\"},\"inLanguage\":\"de\",\"potentialAction\":[{\"@type\":\"ReadAction\",\"target\":[\"https:\/\/multisite.labocosmetica.it\/de\/product\/veritas-reiniger-fur-ol-pulitur-wachs-und-anstrichruckstande\/\"]}]},{\"@type\":\"BreadcrumbList\",\"@id\":\"https:\/\/multisite.labocosmetica.it\/de\/product\/veritas-reiniger-fur-ol-pulitur-wachs-und-anstrichruckstande\/#breadcrumb\",\"itemListElement\":[{\"@type\":\"ListItem\",\"position\":1,\"name\":\"Home\",\"item\":\"https:\/\/multisite.labocosmetica.it\/de\/\"},{\"@type\":\"ListItem\",\"position\":2,\"name\":\"Shop\",\"item\":\"https:\/\/multisite.labocosmetica.it\/de\/shop\/\"},{\"@type\":\"ListItem\",\"position\":3,\"name\":\"#V\u00c8RITAS\"}]},{\"@type\":\"WebSite\",\"@id\":\"https:\/\/multisite.labocosmetica.it\/de\/#website\",\"url\":\"https:\/\/multisite.labocosmetica.it\/de\/\",\"name\":\"#LABOCOSMETICA - DE - NEW\",\"description\":\"For the best hands, for the best cars\",\"potentialAction\":[{\"@type\":\"SearchAction\",\"target\":{\"@type\":\"EntryPoint\",\"urlTemplate\":\"https:\/\/multisite.labocosmetica.it\/de\/?s={search_term_string}\"},\"query-input\":\"required name=search_term_string\"}],\"inLanguage\":\"de\"}]}<\/script>\n<!-- \/ Yoast SEO Premium plugin. -->","yoast_head_json":{"title":"#V\u00e8ritas 1000ml | #Labocosmetica","description":"#V\u00e8ritas 1000ml von #Labocosmetica ist ein Highlighter, der vor dem Auftragen der Beschichtung oder des Dichtmittels unverzichtbar ist, das die Oberfl\u00e4che vor einer Nanobehandlung reinigt und entzieht, wobei die Art von Schmier\u00f6l und Politur entfernt wird, ohne die zugrunde liegenden Unvollkommenheiten zu beleuchten, ohne das Palen zu packen.","robots":{"index":"index","follow":"follow","max-snippet":"max-snippet:-1","max-image-preview":"max-image-preview:large","max-video-preview":"max-video-preview:-1"},"canonical":"https:\/\/multisite.labocosmetica.it\/de\/product\/veritas-reiniger-fur-ol-pulitur-wachs-und-anstrichruckstande\/","og_locale":"de_DE","og_type":"article","og_title":"#V\u00c8RITAS","og_description":"#V\u00e8ritas 1000ml von #Labocosmetica ist ein Highlighter, der vor dem Auftragen der Beschichtung oder des Dichtmittels unverzichtbar ist, das die Oberfl\u00e4che vor einer Nanobehandlung reinigt und entzieht, wobei die Art von Schmier\u00f6l und Politur entfernt wird, ohne die zugrunde liegenden Unvollkommenheiten zu beleuchten, ohne das Palen zu packen.","og_url":"https:\/\/multisite.labocosmetica.it\/de\/product\/veritas-reiniger-fur-ol-pulitur-wachs-und-anstrichruckstande\/","og_site_name":"#LABOCOSMETICA - DE - NEW","article_modified_time":"2023-01-17T09:55:31+00:00","og_image":[{"width":800,"height":800,"url":"https:\/\/multisite.labocosmetica.it\/de\/wp-content\/uploads\/sites\/13\/2022\/02\/1000ml-Veritas.jpg","type":"image\/jpeg"}],"twitter_card":"summary_large_image","twitter_misc":{"Gesch\u00e4tzte Lesezeit":"1\u00a0Minute"},"schema":{"@context":"https:\/\/schema.org","@graph":[{"@type":"WebPage","@id":"https:\/\/multisite.labocosmetica.it\/de\/product\/veritas-reiniger-fur-ol-pulitur-wachs-und-anstrichruckstande\/","url":"https:\/\/multisite.labocosmetica.it\/de\/product\/veritas-reiniger-fur-ol-pulitur-wachs-und-anstrichruckstande\/","name":"#V\u00e8ritas 1000ml | #Labocosmetica","isPartOf":{"@id":"https:\/\/multisite.labocosmetica.it\/de\/#website"},"datePublished":"2022-02-08T22:03:32+00:00","dateModified":"2023-01-17T09:55:31+00:00","description":"#V\u00e8ritas 1000ml von #Labocosmetica ist ein Highlighter, der vor dem Auftragen der Beschichtung oder des Dichtmittels unverzichtbar ist, das die Oberfl\u00e4che vor einer Nanobehandlung reinigt und entzieht, wobei die Art von Schmier\u00f6l und Politur entfernt wird, ohne die zugrunde liegenden Unvollkommenheiten zu beleuchten, ohne das Palen zu packen.","breadcrumb":{"@id":"https:\/\/multisite.labocosmetica.it\/de\/product\/veritas-reiniger-fur-ol-pulitur-wachs-und-anstrichruckstande\/#breadcrumb"},"inLanguage":"de","potentialAction":[{"@type":"ReadAction","target":["https:\/\/multisite.labocosmetica.it\/de\/product\/veritas-reiniger-fur-ol-pulitur-wachs-und-anstrichruckstande\/"]}]},{"@type":"BreadcrumbList","@id":"https:\/\/multisite.labocosmetica.it\/de\/product\/veritas-reiniger-fur-ol-pulitur-wachs-und-anstrichruckstande\/#breadcrumb","itemListElement":[{"@type":"ListItem","position":1,"name":"Home","item":"https:\/\/multisite.labocosmetica.it\/de\/"},{"@type":"ListItem","position":2,"name":"Shop","item":"https:\/\/multisite.labocosmetica.it\/de\/shop\/"},{"@type":"ListItem","position":3,"name":"#V\u00c8RITAS"}]},{"@type":"WebSite","@id":"https:\/\/multisite.labocosmetica.it\/de\/#website","url":"https:\/\/multisite.labocosmetica.it\/de\/","name":"#LABOCOSMETICA - DE - NEW","description":"For the best hands, for the best cars","potentialAction":[{"@type":"SearchAction","target":{"@type":"EntryPoint","urlTemplate":"https:\/\/multisite.labocosmetica.it\/de\/?s={search_term_string}"},"query-input":"required name=search_term_string"}],"inLanguage":"de"}]}},"_links":{"self":[{"href":"https:\/\/multisite.labocosmetica.it\/de\/wp-json\/wp\/v2\/product\/758","targetHints":{"allow":["GET"]}}],"collection":[{"href":"https:\/\/multisite.labocosmetica.it\/de\/wp-json\/wp\/v2\/product"}],"about":[{"href":"https:\/\/multisite.labocosmetica.it\/de\/wp-json\/wp\/v2\/types\/product"}],"replies":[{"embeddable":true,"href":"https:\/\/multisite.labocosmetica.it\/de\/wp-json\/wp\/v2\/comments?post=758"}],"wp:featuredmedia":[{"embeddable":true,"href":"https:\/\/multisite.labocosmetica.it\/de\/wp-json\/wp\/v2\/media\/1983"}],"wp:attachment":[{"href":"https:\/\/multisite.labocosmetica.it\/de\/wp-json\/wp\/v2\/media?parent=758"}],"wp:term":[{"taxonomy":"product_cat","embeddable":true,"href":"https:\/\/multisite.labocosmetica.it\/de\/wp-json\/wp\/v2\/product_cat?post=758"},{"taxonomy":"product_tag","embeddable":true,"href":"https:\/\/multisite.labocosmetica.it\/de\/wp-json\/wp\/v2\/product_tag?post=758"}],"curies":[{"name":"wp","href":"https:\/\/api.w.org\/{rel}","templated":true}]}}