{"id":777,"date":"2022-02-08T22:03:54","date_gmt":"2022-02-08T22:03:54","guid":{"rendered":"https:\/\/multisite.labocosmetica.it\/en\/?post_type=product&#038;p=777"},"modified":"2023-03-17T09:17:18","modified_gmt":"2023-03-17T09:17:18","slug":"stc-permanente-nano-keramik-wagen-beschichtung","status":"publish","type":"product","link":"https:\/\/multisite.labocosmetica.it\/de\/product\/stc-permanente-nano-keramik-wagen-beschichtung\/","title":{"rendered":"#STC"},"content":{"rendered":"<p>Die Exzellenz der #Labocosmetica-Linie in Bezug auf Haltbarkeit und Leistung<\/p>\n<p><strong>S<\/strong> wie SILIKON \u2013 Die pr\u00e4zise r\u00e4umliche Anordnung von Silizium, umgeben von Sauerstoff, garantiert eine perfekte Haftung auf der Oberfl\u00e4che und einen effektiveren Schutzschild.<\/p>\n<p><strong>T<\/strong> wie TITAN \u2013 TiO2 (Titandioxid) stellt heute die innovativste L\u00f6sung auf dem Gebiet der Beschichtung dar, sowohl wegen seiner Selbstreinigungskapazit\u00e4t als auch wegen seiner Best\u00e4ndigkeit gegen chemische Mittel.<\/p>\n<p><strong>C<\/strong> als KERAMIK-Beschichtung \u2013 Die chemisch-physikalische Mischung kombiniert auf einzigartige Weise die H\u00e4rte und Flexibilit\u00e4t der Glasschicht und verleiht einen hochreflektierenden Glasglanz, der \u00fcber den gesamten Lebenszyklus der Behandlung anh\u00e4lt.<\/p>\n<p><strong>#STC besteht zu 70 % aus einer physikalischen und zu 30 % aus einer chemischen Beschichtung.<\/strong><br \/>\nEs handelt sich um eine <strong>COMPLETE SEALANT PROTECTIVE<\/strong> Keramikbehandlung, die einen lang anhaltenden Schutz gew\u00e4hrleistet, indem sie eine hohe Best\u00e4ndigkeit gegen Kratzer, Verunreinigungen wie Streusalz, Teer, sauren Regen, Luftverschmutzung und UV-Strahlen bietet.<br \/>\nDank seiner Eigenschaften macht es die behandelte Oberfl\u00e4che leicht abwaschbar und verleiht dem K\u00f6rper eine leuchtende Farbe, einen tiefen und dreidimensionalen Glanz.<\/p>\n<p>Sicherheit: Es ist PFAS-frei und entspricht dem Gehalt an fl\u00fcchtigen organischen Bestandteilen (VOCs) gem\u00e4\u00df der Richtlinie 2004\/42\/EG und der Analysemethode gem\u00e4\u00df UNI EN ISO 11890-1:2008.<\/p>\n","protected":false},"excerpt":{"rendered":"<p>PERMANENT NANO COAT<\/p>\n","protected":false},"featured_media":4483,"comment_status":"closed","ping_status":"closed","template":"","meta":{"_kad_post_transparent":"default","_kad_post_title":"","_kad_post_layout":"default","_kad_post_sidebar_id":"","_kad_post_content_style":"default","_kad_post_vertical_padding":"default","_kad_post_feature":"","_kad_post_feature_position":"","_kad_post_header":false,"_kad_post_footer":false},"product_cat":[88],"product_tag":[],"class_list":["post-777","product","type-product","status-publish","has-post-thumbnail","hentry","product_cat-schutz","wvs-archive-product-wrapper","entry","content-bg","loop-entry"],"acf":[],"yoast_head":"<!-- This site is optimized with the Yoast SEO Premium plugin v18.5 (Yoast SEO v20.11) - https:\/\/yoast.com\/wordpress\/plugins\/seo\/ -->\n<title>#Stc | Permanente Nano-Keramik Wagen Beschichtung | #Labocosmetica<\/title>\n<meta name=\"description\" content=\"#Stc ist eine permanente Nano -Keramik -Autokuppe der #Labocosmetica -Detaillinie, deren 70% physische und 30% chemische Mischung die H\u00e4rte und Flexibilit\u00e4t der Glasschicht eindeutig kombiniert und einen sehr reflektierenden glasartigen Glanz liefert, der w\u00e4hrend des gesamten Lebenszyklus des Behandlungszyklus h\u00e4lt.\" \/>\n<meta name=\"robots\" content=\"index, follow, max-snippet:-1, max-image-preview:large, max-video-preview:-1\" \/>\n<link rel=\"canonical\" href=\"https:\/\/multisite.labocosmetica.it\/de\/product\/stc-permanente-nano-keramik-wagen-beschichtung\/\" \/>\n<meta property=\"og:locale\" content=\"de_DE\" \/>\n<meta property=\"og:type\" content=\"article\" \/>\n<meta property=\"og:title\" content=\"#STC\" \/>\n<meta property=\"og:description\" content=\"#Stc ist eine permanente Nano -Keramik -Autokuppe der #Labocosmetica -Detaillinie, deren 70% physische und 30% chemische Mischung die H\u00e4rte und Flexibilit\u00e4t der Glasschicht eindeutig kombiniert und einen sehr reflektierenden glasartigen Glanz liefert, der w\u00e4hrend des gesamten Lebenszyklus des Behandlungszyklus h\u00e4lt.\" \/>\n<meta property=\"og:url\" content=\"https:\/\/multisite.labocosmetica.it\/de\/product\/stc-permanente-nano-keramik-wagen-beschichtung\/\" \/>\n<meta property=\"og:site_name\" content=\"#LABOCOSMETICA - DE - NEW\" \/>\n<meta property=\"article:modified_time\" content=\"2023-03-17T09:17:18+00:00\" \/>\n<meta property=\"og:image\" content=\"https:\/\/multisite.labocosmetica.it\/de\/wp-content\/uploads\/sites\/13\/2022\/02\/Stc-labosmetica-Permanente-Nano-Keramik-Wagen-Beschichtung.jpg\" \/>\n\t<meta property=\"og:image:width\" content=\"1200\" \/>\n\t<meta property=\"og:image:height\" content=\"1200\" \/>\n\t<meta property=\"og:image:type\" content=\"image\/jpeg\" \/>\n<meta name=\"twitter:card\" content=\"summary_large_image\" \/>\n<meta name=\"twitter:label1\" content=\"Gesch\u00e4tzte Lesezeit\" \/>\n\t<meta name=\"twitter:data1\" content=\"1\u00a0Minute\" \/>\n<script type=\"application\/ld+json\" class=\"yoast-schema-graph\">{\"@context\":\"https:\/\/schema.org\",\"@graph\":[{\"@type\":\"WebPage\",\"@id\":\"https:\/\/multisite.labocosmetica.it\/de\/product\/stc-permanente-nano-keramik-wagen-beschichtung\/\",\"url\":\"https:\/\/multisite.labocosmetica.it\/de\/product\/stc-permanente-nano-keramik-wagen-beschichtung\/\",\"name\":\"#Stc | Permanente Nano-Keramik Wagen Beschichtung | #Labocosmetica\",\"isPartOf\":{\"@id\":\"https:\/\/multisite.labocosmetica.it\/de\/#website\"},\"datePublished\":\"2022-02-08T22:03:54+00:00\",\"dateModified\":\"2023-03-17T09:17:18+00:00\",\"description\":\"#Stc ist eine permanente Nano -Keramik -Autokuppe der #Labocosmetica -Detaillinie, deren 70% physische und 30% chemische Mischung die H\u00e4rte und Flexibilit\u00e4t der Glasschicht eindeutig kombiniert und einen sehr reflektierenden glasartigen Glanz liefert, der w\u00e4hrend des gesamten Lebenszyklus des Behandlungszyklus h\u00e4lt.\",\"breadcrumb\":{\"@id\":\"https:\/\/multisite.labocosmetica.it\/de\/product\/stc-permanente-nano-keramik-wagen-beschichtung\/#breadcrumb\"},\"inLanguage\":\"de\",\"potentialAction\":[{\"@type\":\"ReadAction\",\"target\":[\"https:\/\/multisite.labocosmetica.it\/de\/product\/stc-permanente-nano-keramik-wagen-beschichtung\/\"]}]},{\"@type\":\"BreadcrumbList\",\"@id\":\"https:\/\/multisite.labocosmetica.it\/de\/product\/stc-permanente-nano-keramik-wagen-beschichtung\/#breadcrumb\",\"itemListElement\":[{\"@type\":\"ListItem\",\"position\":1,\"name\":\"Home\",\"item\":\"https:\/\/multisite.labocosmetica.it\/de\/\"},{\"@type\":\"ListItem\",\"position\":2,\"name\":\"Shop\",\"item\":\"https:\/\/multisite.labocosmetica.it\/de\/shop\/\"},{\"@type\":\"ListItem\",\"position\":3,\"name\":\"#STC\"}]},{\"@type\":\"WebSite\",\"@id\":\"https:\/\/multisite.labocosmetica.it\/de\/#website\",\"url\":\"https:\/\/multisite.labocosmetica.it\/de\/\",\"name\":\"#LABOCOSMETICA - DE - NEW\",\"description\":\"For the best hands, for the best cars\",\"potentialAction\":[{\"@type\":\"SearchAction\",\"target\":{\"@type\":\"EntryPoint\",\"urlTemplate\":\"https:\/\/multisite.labocosmetica.it\/de\/?s={search_term_string}\"},\"query-input\":\"required name=search_term_string\"}],\"inLanguage\":\"de\"}]}<\/script>\n<!-- \/ Yoast SEO Premium plugin. -->","yoast_head_json":{"title":"#Stc | Permanente Nano-Keramik Wagen Beschichtung | #Labocosmetica","description":"#Stc ist eine permanente Nano -Keramik -Autokuppe der #Labocosmetica -Detaillinie, deren 70% physische und 30% chemische Mischung die H\u00e4rte und Flexibilit\u00e4t der Glasschicht eindeutig kombiniert und einen sehr reflektierenden glasartigen Glanz liefert, der w\u00e4hrend des gesamten Lebenszyklus des Behandlungszyklus h\u00e4lt.","robots":{"index":"index","follow":"follow","max-snippet":"max-snippet:-1","max-image-preview":"max-image-preview:large","max-video-preview":"max-video-preview:-1"},"canonical":"https:\/\/multisite.labocosmetica.it\/de\/product\/stc-permanente-nano-keramik-wagen-beschichtung\/","og_locale":"de_DE","og_type":"article","og_title":"#STC","og_description":"#Stc ist eine permanente Nano -Keramik -Autokuppe der #Labocosmetica -Detaillinie, deren 70% physische und 30% chemische Mischung die H\u00e4rte und Flexibilit\u00e4t der Glasschicht eindeutig kombiniert und einen sehr reflektierenden glasartigen Glanz liefert, der w\u00e4hrend des gesamten Lebenszyklus des Behandlungszyklus h\u00e4lt.","og_url":"https:\/\/multisite.labocosmetica.it\/de\/product\/stc-permanente-nano-keramik-wagen-beschichtung\/","og_site_name":"#LABOCOSMETICA - DE - NEW","article_modified_time":"2023-03-17T09:17:18+00:00","og_image":[{"width":1200,"height":1200,"url":"https:\/\/multisite.labocosmetica.it\/de\/wp-content\/uploads\/sites\/13\/2022\/02\/Stc-labosmetica-Permanente-Nano-Keramik-Wagen-Beschichtung.jpg","type":"image\/jpeg"}],"twitter_card":"summary_large_image","twitter_misc":{"Gesch\u00e4tzte Lesezeit":"1\u00a0Minute"},"schema":{"@context":"https:\/\/schema.org","@graph":[{"@type":"WebPage","@id":"https:\/\/multisite.labocosmetica.it\/de\/product\/stc-permanente-nano-keramik-wagen-beschichtung\/","url":"https:\/\/multisite.labocosmetica.it\/de\/product\/stc-permanente-nano-keramik-wagen-beschichtung\/","name":"#Stc | Permanente Nano-Keramik Wagen Beschichtung | #Labocosmetica","isPartOf":{"@id":"https:\/\/multisite.labocosmetica.it\/de\/#website"},"datePublished":"2022-02-08T22:03:54+00:00","dateModified":"2023-03-17T09:17:18+00:00","description":"#Stc ist eine permanente Nano -Keramik -Autokuppe der #Labocosmetica -Detaillinie, deren 70% physische und 30% chemische Mischung die H\u00e4rte und Flexibilit\u00e4t der Glasschicht eindeutig kombiniert und einen sehr reflektierenden glasartigen Glanz liefert, der w\u00e4hrend des gesamten Lebenszyklus des Behandlungszyklus h\u00e4lt.","breadcrumb":{"@id":"https:\/\/multisite.labocosmetica.it\/de\/product\/stc-permanente-nano-keramik-wagen-beschichtung\/#breadcrumb"},"inLanguage":"de","potentialAction":[{"@type":"ReadAction","target":["https:\/\/multisite.labocosmetica.it\/de\/product\/stc-permanente-nano-keramik-wagen-beschichtung\/"]}]},{"@type":"BreadcrumbList","@id":"https:\/\/multisite.labocosmetica.it\/de\/product\/stc-permanente-nano-keramik-wagen-beschichtung\/#breadcrumb","itemListElement":[{"@type":"ListItem","position":1,"name":"Home","item":"https:\/\/multisite.labocosmetica.it\/de\/"},{"@type":"ListItem","position":2,"name":"Shop","item":"https:\/\/multisite.labocosmetica.it\/de\/shop\/"},{"@type":"ListItem","position":3,"name":"#STC"}]},{"@type":"WebSite","@id":"https:\/\/multisite.labocosmetica.it\/de\/#website","url":"https:\/\/multisite.labocosmetica.it\/de\/","name":"#LABOCOSMETICA - DE - NEW","description":"For the best hands, for the best cars","potentialAction":[{"@type":"SearchAction","target":{"@type":"EntryPoint","urlTemplate":"https:\/\/multisite.labocosmetica.it\/de\/?s={search_term_string}"},"query-input":"required name=search_term_string"}],"inLanguage":"de"}]}},"_links":{"self":[{"href":"https:\/\/multisite.labocosmetica.it\/de\/wp-json\/wp\/v2\/product\/777","targetHints":{"allow":["GET"]}}],"collection":[{"href":"https:\/\/multisite.labocosmetica.it\/de\/wp-json\/wp\/v2\/product"}],"about":[{"href":"https:\/\/multisite.labocosmetica.it\/de\/wp-json\/wp\/v2\/types\/product"}],"replies":[{"embeddable":true,"href":"https:\/\/multisite.labocosmetica.it\/de\/wp-json\/wp\/v2\/comments?post=777"}],"wp:featuredmedia":[{"embeddable":true,"href":"https:\/\/multisite.labocosmetica.it\/de\/wp-json\/wp\/v2\/media\/4483"}],"wp:attachment":[{"href":"https:\/\/multisite.labocosmetica.it\/de\/wp-json\/wp\/v2\/media?parent=777"}],"wp:term":[{"taxonomy":"product_cat","embeddable":true,"href":"https:\/\/multisite.labocosmetica.it\/de\/wp-json\/wp\/v2\/product_cat?post=777"},{"taxonomy":"product_tag","embeddable":true,"href":"https:\/\/multisite.labocosmetica.it\/de\/wp-json\/wp\/v2\/product_tag?post=777"}],"curies":[{"name":"wp","href":"https:\/\/api.w.org\/{rel}","templated":true}]}}