{"id":782,"date":"2022-02-08T22:03:54","date_gmt":"2022-02-08T22:03:54","guid":{"rendered":"https:\/\/multisite.labocosmetica.it\/en\/?post_type=product&#038;p=782"},"modified":"2023-01-17T08:56:48","modified_gmt":"2023-01-17T08:56:48","slug":"cupido-best-spruehversiegelung-sio2-lack-keramikbeschichtet","status":"publish","type":"product","link":"https:\/\/multisite.labocosmetica.it\/de\/product\/cupido-best-spruehversiegelung-sio2-lack-keramikbeschichtet\/","title":{"rendered":"#CUP\u00ccDO"},"content":{"rendered":"<p>Die von <strong>#CUP\u00ccDO<\/strong> erzeugte Polymermatrix hat eine Struktur, die mit einem flexiblen Elastomer vergleichbar ist, das die F\u00e4higkeit hat, sich auf der Oberfl\u00e4che zu verankern und zu fixieren und sie vor Abrieb durch mechanische Einwirkung.<\/p>\n<p><strong>#CUP\u00ccDO<\/strong> erzeugt eine physikalische und chemische Barriere: Aus diesem Grund bietet es einen besseren Schutz vor Kalk und Witterungseinfl\u00fcssen als andere Versiegelungen auf dem Markt. Seine Verwendung wird auch auf superhydrophoben Nano-Fluorpolymerschutzmitteln empfohlen und empfohlen, die normalerweise zu Kalkflecken neigen.<\/p>\n<p><strong>#CUP\u00ccDO<\/strong> verleiht einen tiefen Glanz und hervorragende antistatische und selbstreinigende Eigenschaften. Die Dauer von <strong>#CUP\u00ccDO<\/strong> kann von 5 Monaten (bei alleiniger Anwendung) auf 9 Monate verl\u00e4ngert werden, abh\u00e4ngig von den verschiedenen Kombinationen, die der Aufbereiter umsetzen m\u00f6chte.<\/p>\n<p>Unverzichtbar f\u00fcr Oldtimer, bei denen kein Keramikschutz angebracht werden kann.<\/p>\n<p><strong>#CUP\u00ccDO<\/strong> ist das Ergebnis der Forschung und Entwicklung der Mafra-Labors und wurde in Zusammenarbeit mit den renommiertesten Sportwagenherstellern der Welt gr\u00fcndlich getestet.<\/p>\n","protected":false},"excerpt":{"rendered":"<p>NANO COMPOSITE SEALANT<\/p>\n","protected":false},"featured_media":2070,"comment_status":"closed","ping_status":"closed","template":"","meta":{"_kad_post_transparent":"default","_kad_post_title":"","_kad_post_layout":"default","_kad_post_sidebar_id":"","_kad_post_content_style":"default","_kad_post_vertical_padding":"default","_kad_post_feature":"","_kad_post_feature_position":"","_kad_post_header":false,"_kad_post_footer":false},"product_cat":[88],"product_tag":[],"class_list":["post-782","product","type-product","status-publish","has-post-thumbnail","hentry","product_cat-schutz","wvs-archive-product-wrapper","entry","content-bg","loop-entry"],"acf":[],"yoast_head":"<!-- This site is optimized with the Yoast SEO Premium plugin v18.5 (Yoast SEO v20.11) - https:\/\/yoast.com\/wordpress\/plugins\/seo\/ -->\n<title>#Cup\u00ecdo - 500 ml - #Labocosmetica<\/title>\n<meta name=\"description\" content=\"#Cup\u00ecdo 500ml von #labocosmetica ist ein einzigartiges Nano-Komposit-Dichtmittel. Seine Formel ist die Br\u00fccke zwischen einem Nanokeramikprodukt und einem traditionellen Dichtmittel.\" \/>\n<meta name=\"robots\" content=\"index, follow, max-snippet:-1, max-image-preview:large, max-video-preview:-1\" \/>\n<link rel=\"canonical\" href=\"https:\/\/multisite.labocosmetica.it\/de\/product\/cupido-best-spruehversiegelung-sio2-lack-keramikbeschichtet\/\" \/>\n<meta property=\"og:locale\" content=\"de_DE\" \/>\n<meta property=\"og:type\" content=\"article\" \/>\n<meta property=\"og:title\" content=\"#CUP\u00ccDO\" \/>\n<meta property=\"og:description\" content=\"#Cup\u00ecdo 500ml von #labocosmetica ist ein einzigartiges Nano-Komposit-Dichtmittel. Seine Formel ist die Br\u00fccke zwischen einem Nanokeramikprodukt und einem traditionellen Dichtmittel.\" \/>\n<meta property=\"og:url\" content=\"https:\/\/multisite.labocosmetica.it\/de\/product\/cupido-best-spruehversiegelung-sio2-lack-keramikbeschichtet\/\" \/>\n<meta property=\"og:site_name\" content=\"#LABOCOSMETICA - DE - NEW\" \/>\n<meta property=\"article:modified_time\" content=\"2023-01-17T08:56:48+00:00\" \/>\n<meta property=\"og:image\" content=\"https:\/\/multisite.labocosmetica.it\/de\/wp-content\/uploads\/sites\/13\/2022\/02\/Cupido_500.png\" \/>\n\t<meta property=\"og:image:width\" content=\"800\" \/>\n\t<meta property=\"og:image:height\" content=\"800\" \/>\n\t<meta property=\"og:image:type\" content=\"image\/png\" \/>\n<meta name=\"twitter:card\" content=\"summary_large_image\" \/>\n<meta name=\"twitter:label1\" content=\"Gesch\u00e4tzte Lesezeit\" \/>\n\t<meta name=\"twitter:data1\" content=\"1\u00a0Minute\" \/>\n<script type=\"application\/ld+json\" class=\"yoast-schema-graph\">{\"@context\":\"https:\/\/schema.org\",\"@graph\":[{\"@type\":\"WebPage\",\"@id\":\"https:\/\/multisite.labocosmetica.it\/de\/product\/cupido-best-spruehversiegelung-sio2-lack-keramikbeschichtet\/\",\"url\":\"https:\/\/multisite.labocosmetica.it\/de\/product\/cupido-best-spruehversiegelung-sio2-lack-keramikbeschichtet\/\",\"name\":\"#Cup\u00ecdo - 500 ml - #Labocosmetica\",\"isPartOf\":{\"@id\":\"https:\/\/multisite.labocosmetica.it\/de\/#website\"},\"datePublished\":\"2022-02-08T22:03:54+00:00\",\"dateModified\":\"2023-01-17T08:56:48+00:00\",\"description\":\"#Cup\u00ecdo 500ml von #labocosmetica ist ein einzigartiges Nano-Komposit-Dichtmittel. Seine Formel ist die Br\u00fccke zwischen einem Nanokeramikprodukt und einem traditionellen Dichtmittel.\",\"breadcrumb\":{\"@id\":\"https:\/\/multisite.labocosmetica.it\/de\/product\/cupido-best-spruehversiegelung-sio2-lack-keramikbeschichtet\/#breadcrumb\"},\"inLanguage\":\"de\",\"potentialAction\":[{\"@type\":\"ReadAction\",\"target\":[\"https:\/\/multisite.labocosmetica.it\/de\/product\/cupido-best-spruehversiegelung-sio2-lack-keramikbeschichtet\/\"]}]},{\"@type\":\"BreadcrumbList\",\"@id\":\"https:\/\/multisite.labocosmetica.it\/de\/product\/cupido-best-spruehversiegelung-sio2-lack-keramikbeschichtet\/#breadcrumb\",\"itemListElement\":[{\"@type\":\"ListItem\",\"position\":1,\"name\":\"Home\",\"item\":\"https:\/\/multisite.labocosmetica.it\/de\/\"},{\"@type\":\"ListItem\",\"position\":2,\"name\":\"Shop\",\"item\":\"https:\/\/multisite.labocosmetica.it\/de\/shop\/\"},{\"@type\":\"ListItem\",\"position\":3,\"name\":\"#CUP\u00ccDO\"}]},{\"@type\":\"WebSite\",\"@id\":\"https:\/\/multisite.labocosmetica.it\/de\/#website\",\"url\":\"https:\/\/multisite.labocosmetica.it\/de\/\",\"name\":\"#LABOCOSMETICA - DE - NEW\",\"description\":\"For the best hands, for the best cars\",\"potentialAction\":[{\"@type\":\"SearchAction\",\"target\":{\"@type\":\"EntryPoint\",\"urlTemplate\":\"https:\/\/multisite.labocosmetica.it\/de\/?s={search_term_string}\"},\"query-input\":\"required name=search_term_string\"}],\"inLanguage\":\"de\"}]}<\/script>\n<!-- \/ Yoast SEO Premium plugin. -->","yoast_head_json":{"title":"#Cup\u00ecdo - 500 ml - #Labocosmetica","description":"#Cup\u00ecdo 500ml von #labocosmetica ist ein einzigartiges Nano-Komposit-Dichtmittel. Seine Formel ist die Br\u00fccke zwischen einem Nanokeramikprodukt und einem traditionellen Dichtmittel.","robots":{"index":"index","follow":"follow","max-snippet":"max-snippet:-1","max-image-preview":"max-image-preview:large","max-video-preview":"max-video-preview:-1"},"canonical":"https:\/\/multisite.labocosmetica.it\/de\/product\/cupido-best-spruehversiegelung-sio2-lack-keramikbeschichtet\/","og_locale":"de_DE","og_type":"article","og_title":"#CUP\u00ccDO","og_description":"#Cup\u00ecdo 500ml von #labocosmetica ist ein einzigartiges Nano-Komposit-Dichtmittel. Seine Formel ist die Br\u00fccke zwischen einem Nanokeramikprodukt und einem traditionellen Dichtmittel.","og_url":"https:\/\/multisite.labocosmetica.it\/de\/product\/cupido-best-spruehversiegelung-sio2-lack-keramikbeschichtet\/","og_site_name":"#LABOCOSMETICA - DE - NEW","article_modified_time":"2023-01-17T08:56:48+00:00","og_image":[{"width":800,"height":800,"url":"https:\/\/multisite.labocosmetica.it\/de\/wp-content\/uploads\/sites\/13\/2022\/02\/Cupido_500.png","type":"image\/png"}],"twitter_card":"summary_large_image","twitter_misc":{"Gesch\u00e4tzte Lesezeit":"1\u00a0Minute"},"schema":{"@context":"https:\/\/schema.org","@graph":[{"@type":"WebPage","@id":"https:\/\/multisite.labocosmetica.it\/de\/product\/cupido-best-spruehversiegelung-sio2-lack-keramikbeschichtet\/","url":"https:\/\/multisite.labocosmetica.it\/de\/product\/cupido-best-spruehversiegelung-sio2-lack-keramikbeschichtet\/","name":"#Cup\u00ecdo - 500 ml - #Labocosmetica","isPartOf":{"@id":"https:\/\/multisite.labocosmetica.it\/de\/#website"},"datePublished":"2022-02-08T22:03:54+00:00","dateModified":"2023-01-17T08:56:48+00:00","description":"#Cup\u00ecdo 500ml von #labocosmetica ist ein einzigartiges Nano-Komposit-Dichtmittel. Seine Formel ist die Br\u00fccke zwischen einem Nanokeramikprodukt und einem traditionellen Dichtmittel.","breadcrumb":{"@id":"https:\/\/multisite.labocosmetica.it\/de\/product\/cupido-best-spruehversiegelung-sio2-lack-keramikbeschichtet\/#breadcrumb"},"inLanguage":"de","potentialAction":[{"@type":"ReadAction","target":["https:\/\/multisite.labocosmetica.it\/de\/product\/cupido-best-spruehversiegelung-sio2-lack-keramikbeschichtet\/"]}]},{"@type":"BreadcrumbList","@id":"https:\/\/multisite.labocosmetica.it\/de\/product\/cupido-best-spruehversiegelung-sio2-lack-keramikbeschichtet\/#breadcrumb","itemListElement":[{"@type":"ListItem","position":1,"name":"Home","item":"https:\/\/multisite.labocosmetica.it\/de\/"},{"@type":"ListItem","position":2,"name":"Shop","item":"https:\/\/multisite.labocosmetica.it\/de\/shop\/"},{"@type":"ListItem","position":3,"name":"#CUP\u00ccDO"}]},{"@type":"WebSite","@id":"https:\/\/multisite.labocosmetica.it\/de\/#website","url":"https:\/\/multisite.labocosmetica.it\/de\/","name":"#LABOCOSMETICA - DE - NEW","description":"For the best hands, for the best cars","potentialAction":[{"@type":"SearchAction","target":{"@type":"EntryPoint","urlTemplate":"https:\/\/multisite.labocosmetica.it\/de\/?s={search_term_string}"},"query-input":"required name=search_term_string"}],"inLanguage":"de"}]}},"_links":{"self":[{"href":"https:\/\/multisite.labocosmetica.it\/de\/wp-json\/wp\/v2\/product\/782","targetHints":{"allow":["GET"]}}],"collection":[{"href":"https:\/\/multisite.labocosmetica.it\/de\/wp-json\/wp\/v2\/product"}],"about":[{"href":"https:\/\/multisite.labocosmetica.it\/de\/wp-json\/wp\/v2\/types\/product"}],"replies":[{"embeddable":true,"href":"https:\/\/multisite.labocosmetica.it\/de\/wp-json\/wp\/v2\/comments?post=782"}],"wp:featuredmedia":[{"embeddable":true,"href":"https:\/\/multisite.labocosmetica.it\/de\/wp-json\/wp\/v2\/media\/2070"}],"wp:attachment":[{"href":"https:\/\/multisite.labocosmetica.it\/de\/wp-json\/wp\/v2\/media?parent=782"}],"wp:term":[{"taxonomy":"product_cat","embeddable":true,"href":"https:\/\/multisite.labocosmetica.it\/de\/wp-json\/wp\/v2\/product_cat?post=782"},{"taxonomy":"product_tag","embeddable":true,"href":"https:\/\/multisite.labocosmetica.it\/de\/wp-json\/wp\/v2\/product_tag?post=782"}],"curies":[{"name":"wp","href":"https:\/\/api.w.org\/{rel}","templated":true}]}}