{"id":806,"date":"2022-02-08T22:04:16","date_gmt":"2022-02-08T22:04:16","guid":{"rendered":"https:\/\/multisite.labocosmetica.it\/en\/?post_type=product&#038;p=806"},"modified":"2023-02-01T11:55:15","modified_gmt":"2023-02-01T11:55:15","slug":"fiero-super-finish-echte-politur","status":"publish","type":"product","link":"https:\/\/multisite.labocosmetica.it\/de\/product\/fiero-super-finish-echte-politur\/","title":{"rendered":"#FIERO"},"content":{"rendered":"<p><strong>Unser Primer wurde dank der innovativen SAM-Technologie (Self Assembled Monolayer)<\/strong> genau zur Vorbereitung der Oberfl\u00e4che f\u00fcr die nachfolgende Beschichtungsphase entwickelt und garantiert eine starke und dauerhafte Verbindung zwischen der Oberfl\u00e4che und der aufgetragenen Beschichtung aus Nanokeramik einschlie\u00dflich unserer Versiegelung <strong>#CUP\u00ccDO<\/strong>. Herk\u00f6mmliche Grundierungen, die Harze und F\u00fcllstoffe verwenden, um ein hervorragendes Finish zu erzielen, brauchen lange, um sich mit der Farbe zu verbinden, normalerweise 6 bis 12 Stunden Wartezeit! Mit <strong>#FIERO<\/strong> passiert all dies nicht, da es das Auftragen der gew\u00e4hlten Beschichtung unmittelbar nach der Endbearbeitungsphase erm\u00f6glicht, wodurch der Detaillierer viel Zeit spart. <strong>#FIERO<\/strong> ist ein super aufrichtiges Finish, es hat keine Angst vor IPA und ist mit allen Beschichtungen kompatibel, die UV-Lampen ohne Glanzverlust erfordern.<\/p>\n<p>\u25ba <strong>#FIERO<\/strong> enth\u00e4lt tats\u00e4chlich keine Harze oder F\u00fcllstoffe (F\u00fcllstoffe) oder Wachse, seine Formel besteht aus einer sorgf\u00e4ltigen Auswahl synthetisierter Schleifmittel, die sich dank der innovativen <strong>\u201eAdaptive Abrasive Technology\u201c<\/strong> an die Oberfl\u00e4che anpassen. Diese Technologie erm\u00f6glicht ein immer perfektes und reines Finish auf weichen und harten Lacken.<\/p>\n<p>\u25ba <strong>#FIERO<\/strong> erm\u00f6glicht es Ihnen, die Verarbeitungszeiten f\u00fcr jede Art von Farbe zu verk\u00fcrzen und bringt seine maximale Veredelungsf\u00e4higkeit bei empfindlichen Oberfl\u00e4chen wie Reflow, Soft und Sticky zum Ausdruck. Bei harten oder keramischen Oberfl\u00e4chen k\u00f6nnen Sie die Arbeit in Kombination mit unserem Compound <strong>#AUDACE<\/strong> in nur 2 Schritten abschlie\u00dfen. Aus diesen Gr\u00fcnden ist <strong>#FIERO<\/strong> die L\u00f6sung, nach der Detailer gesucht haben.<\/p>\n","protected":false},"excerpt":{"rendered":"<p>SUPER REFINISHING PRIMER<\/p>\n","protected":false},"featured_media":1958,"comment_status":"closed","ping_status":"closed","template":"","meta":{"_kad_post_transparent":"default","_kad_post_title":"","_kad_post_layout":"default","_kad_post_sidebar_id":"","_kad_post_content_style":"default","_kad_post_vertical_padding":"default","_kad_post_feature":"","_kad_post_feature_position":"","_kad_post_header":false,"_kad_post_footer":false},"product_cat":[90],"product_tag":[],"class_list":["post-806","product","type-product","status-publish","has-post-thumbnail","hentry","product_cat-korrektur-und-polieren","wvs-archive-product-wrapper","entry","content-bg","loop-entry"],"acf":[],"yoast_head":"<!-- This site is optimized with the Yoast SEO Premium plugin v18.5 (Yoast SEO v20.11) - https:\/\/yoast.com\/wordpress\/plugins\/seo\/ -->\n<title>#Fiero 250gr | Super Finish echte Politur - Primer f\u00fcr die Beschichtung | #Labocosmetica<\/title>\n<meta name=\"description\" content=\"#Fiero ist ein innovativer und raffinierter Grundierung auf Wasserbasis ohne Wachs oder Silikon.\" \/>\n<meta name=\"robots\" content=\"index, follow, max-snippet:-1, max-image-preview:large, max-video-preview:-1\" \/>\n<link rel=\"canonical\" href=\"https:\/\/multisite.labocosmetica.it\/de\/product\/fiero-super-finish-echte-politur\/\" \/>\n<meta property=\"og:locale\" content=\"de_DE\" \/>\n<meta property=\"og:type\" content=\"article\" \/>\n<meta property=\"og:title\" content=\"#FIERO\" \/>\n<meta property=\"og:description\" content=\"#Fiero ist ein innovativer und raffinierter Grundierung auf Wasserbasis ohne Wachs oder Silikon.\" \/>\n<meta property=\"og:url\" content=\"https:\/\/multisite.labocosmetica.it\/de\/product\/fiero-super-finish-echte-politur\/\" \/>\n<meta property=\"og:site_name\" content=\"#LABOCOSMETICA - DE - NEW\" \/>\n<meta property=\"article:modified_time\" content=\"2023-02-01T11:55:15+00:00\" \/>\n<meta property=\"og:image\" content=\"https:\/\/multisite.labocosmetica.it\/de\/wp-content\/uploads\/sites\/13\/2022\/02\/Fiero-250ml-Polish.jpg\" \/>\n\t<meta property=\"og:image:width\" content=\"800\" \/>\n\t<meta property=\"og:image:height\" content=\"800\" \/>\n\t<meta property=\"og:image:type\" content=\"image\/jpeg\" \/>\n<meta name=\"twitter:card\" content=\"summary_large_image\" \/>\n<meta name=\"twitter:label1\" content=\"Gesch\u00e4tzte Lesezeit\" \/>\n\t<meta name=\"twitter:data1\" content=\"1\u00a0Minute\" \/>\n<script type=\"application\/ld+json\" class=\"yoast-schema-graph\">{\"@context\":\"https:\/\/schema.org\",\"@graph\":[{\"@type\":\"WebPage\",\"@id\":\"https:\/\/multisite.labocosmetica.it\/de\/product\/fiero-super-finish-echte-politur\/\",\"url\":\"https:\/\/multisite.labocosmetica.it\/de\/product\/fiero-super-finish-echte-politur\/\",\"name\":\"#Fiero 250gr | Super Finish echte Politur - Primer f\u00fcr die Beschichtung | #Labocosmetica\",\"isPartOf\":{\"@id\":\"https:\/\/multisite.labocosmetica.it\/de\/#website\"},\"datePublished\":\"2022-02-08T22:04:16+00:00\",\"dateModified\":\"2023-02-01T11:55:15+00:00\",\"description\":\"#Fiero ist ein innovativer und raffinierter Grundierung auf Wasserbasis ohne Wachs oder Silikon.\",\"breadcrumb\":{\"@id\":\"https:\/\/multisite.labocosmetica.it\/de\/product\/fiero-super-finish-echte-politur\/#breadcrumb\"},\"inLanguage\":\"de\",\"potentialAction\":[{\"@type\":\"ReadAction\",\"target\":[\"https:\/\/multisite.labocosmetica.it\/de\/product\/fiero-super-finish-echte-politur\/\"]}]},{\"@type\":\"BreadcrumbList\",\"@id\":\"https:\/\/multisite.labocosmetica.it\/de\/product\/fiero-super-finish-echte-politur\/#breadcrumb\",\"itemListElement\":[{\"@type\":\"ListItem\",\"position\":1,\"name\":\"Home\",\"item\":\"https:\/\/multisite.labocosmetica.it\/de\/\"},{\"@type\":\"ListItem\",\"position\":2,\"name\":\"Shop\",\"item\":\"https:\/\/multisite.labocosmetica.it\/de\/shop\/\"},{\"@type\":\"ListItem\",\"position\":3,\"name\":\"#FIERO\"}]},{\"@type\":\"WebSite\",\"@id\":\"https:\/\/multisite.labocosmetica.it\/de\/#website\",\"url\":\"https:\/\/multisite.labocosmetica.it\/de\/\",\"name\":\"#LABOCOSMETICA - DE - NEW\",\"description\":\"For the best hands, for the best cars\",\"potentialAction\":[{\"@type\":\"SearchAction\",\"target\":{\"@type\":\"EntryPoint\",\"urlTemplate\":\"https:\/\/multisite.labocosmetica.it\/de\/?s={search_term_string}\"},\"query-input\":\"required name=search_term_string\"}],\"inLanguage\":\"de\"}]}<\/script>\n<!-- \/ Yoast SEO Premium plugin. -->","yoast_head_json":{"title":"#Fiero 250gr | Super Finish echte Politur - Primer f\u00fcr die Beschichtung | #Labocosmetica","description":"#Fiero ist ein innovativer und raffinierter Grundierung auf Wasserbasis ohne Wachs oder Silikon.","robots":{"index":"index","follow":"follow","max-snippet":"max-snippet:-1","max-image-preview":"max-image-preview:large","max-video-preview":"max-video-preview:-1"},"canonical":"https:\/\/multisite.labocosmetica.it\/de\/product\/fiero-super-finish-echte-politur\/","og_locale":"de_DE","og_type":"article","og_title":"#FIERO","og_description":"#Fiero ist ein innovativer und raffinierter Grundierung auf Wasserbasis ohne Wachs oder Silikon.","og_url":"https:\/\/multisite.labocosmetica.it\/de\/product\/fiero-super-finish-echte-politur\/","og_site_name":"#LABOCOSMETICA - DE - NEW","article_modified_time":"2023-02-01T11:55:15+00:00","og_image":[{"width":800,"height":800,"url":"https:\/\/multisite.labocosmetica.it\/de\/wp-content\/uploads\/sites\/13\/2022\/02\/Fiero-250ml-Polish.jpg","type":"image\/jpeg"}],"twitter_card":"summary_large_image","twitter_misc":{"Gesch\u00e4tzte Lesezeit":"1\u00a0Minute"},"schema":{"@context":"https:\/\/schema.org","@graph":[{"@type":"WebPage","@id":"https:\/\/multisite.labocosmetica.it\/de\/product\/fiero-super-finish-echte-politur\/","url":"https:\/\/multisite.labocosmetica.it\/de\/product\/fiero-super-finish-echte-politur\/","name":"#Fiero 250gr | Super Finish echte Politur - Primer f\u00fcr die Beschichtung | #Labocosmetica","isPartOf":{"@id":"https:\/\/multisite.labocosmetica.it\/de\/#website"},"datePublished":"2022-02-08T22:04:16+00:00","dateModified":"2023-02-01T11:55:15+00:00","description":"#Fiero ist ein innovativer und raffinierter Grundierung auf Wasserbasis ohne Wachs oder Silikon.","breadcrumb":{"@id":"https:\/\/multisite.labocosmetica.it\/de\/product\/fiero-super-finish-echte-politur\/#breadcrumb"},"inLanguage":"de","potentialAction":[{"@type":"ReadAction","target":["https:\/\/multisite.labocosmetica.it\/de\/product\/fiero-super-finish-echte-politur\/"]}]},{"@type":"BreadcrumbList","@id":"https:\/\/multisite.labocosmetica.it\/de\/product\/fiero-super-finish-echte-politur\/#breadcrumb","itemListElement":[{"@type":"ListItem","position":1,"name":"Home","item":"https:\/\/multisite.labocosmetica.it\/de\/"},{"@type":"ListItem","position":2,"name":"Shop","item":"https:\/\/multisite.labocosmetica.it\/de\/shop\/"},{"@type":"ListItem","position":3,"name":"#FIERO"}]},{"@type":"WebSite","@id":"https:\/\/multisite.labocosmetica.it\/de\/#website","url":"https:\/\/multisite.labocosmetica.it\/de\/","name":"#LABOCOSMETICA - DE - NEW","description":"For the best hands, for the best cars","potentialAction":[{"@type":"SearchAction","target":{"@type":"EntryPoint","urlTemplate":"https:\/\/multisite.labocosmetica.it\/de\/?s={search_term_string}"},"query-input":"required name=search_term_string"}],"inLanguage":"de"}]}},"_links":{"self":[{"href":"https:\/\/multisite.labocosmetica.it\/de\/wp-json\/wp\/v2\/product\/806","targetHints":{"allow":["GET"]}}],"collection":[{"href":"https:\/\/multisite.labocosmetica.it\/de\/wp-json\/wp\/v2\/product"}],"about":[{"href":"https:\/\/multisite.labocosmetica.it\/de\/wp-json\/wp\/v2\/types\/product"}],"replies":[{"embeddable":true,"href":"https:\/\/multisite.labocosmetica.it\/de\/wp-json\/wp\/v2\/comments?post=806"}],"wp:featuredmedia":[{"embeddable":true,"href":"https:\/\/multisite.labocosmetica.it\/de\/wp-json\/wp\/v2\/media\/1958"}],"wp:attachment":[{"href":"https:\/\/multisite.labocosmetica.it\/de\/wp-json\/wp\/v2\/media?parent=806"}],"wp:term":[{"taxonomy":"product_cat","embeddable":true,"href":"https:\/\/multisite.labocosmetica.it\/de\/wp-json\/wp\/v2\/product_cat?post=806"},{"taxonomy":"product_tag","embeddable":true,"href":"https:\/\/multisite.labocosmetica.it\/de\/wp-json\/wp\/v2\/product_tag?post=806"}],"curies":[{"name":"wp","href":"https:\/\/api.w.org\/{rel}","templated":true}]}}