{"id":814,"date":"2022-02-08T22:04:16","date_gmt":"2022-02-08T22:04:16","guid":{"rendered":"https:\/\/multisite.labocosmetica.it\/en\/?post_type=product&#038;p=814"},"modified":"2023-01-17T09:59:03","modified_gmt":"2023-01-17T09:59:03","slug":"vitreo-glaspolitur-entfernt-leichte-kratzer-oxidation-und-korrosion","status":"publish","type":"product","link":"https:\/\/multisite.labocosmetica.it\/de\/product\/vitreo-glaspolitur-entfernt-leichte-kratzer-oxidation-und-korrosion\/","title":{"rendered":"#VITREO"},"content":{"rendered":"<p><strong>Ideal zum Entfernen von Markierungen<\/strong>, Kratzern und Verunreinigungen.<\/p>\n<p><strong>Perfekt f\u00fcr alle Glasarten, <\/strong>ausgewogene Formel, die einen konstanten und regelm\u00e4\u00dfigen Schnitt garantiert.<\/p>\n<p><strong>Spezielle Politur<\/strong> zur Entfernung von Kratzern und Unebenheiten auf Glasoberfl\u00e4chen.<br \/>\nSeine spezielle Formel, bestehend aus einer Schleifmischung mit hohem Reinheitsgrad aus Seltenen Erden und Ceroxid, ist ausgewogen, um eine hohe H\u00e4rte und einen konstanten und gleichm\u00e4\u00dfigen Schliff zu erzielen, Eigenschaften, die <strong>#VITREO<\/strong> zur geeigneten L\u00f6sung f\u00fcr die Wiederherstellung von Kristallen machen. Spiegel, Windschutzscheibe und sogar die Autoscheinwerfer (die Glasscheinwerfer, die haupts\u00e4chlich bei Oldtimern verwendet werden) in einem Zustand wie neu. Es kann von Hand als dekontaminierte Glasbehandlung vor dem Auftragen der Antiregen-Versiegelung oder zum Entfernen fr\u00fcherer alter Beschichtungen verwendet werden.<\/p>\n","protected":false},"excerpt":{"rendered":"<p>GLASS POLISH<\/p>\n","protected":false},"featured_media":2342,"comment_status":"closed","ping_status":"closed","template":"","meta":{"_kad_post_transparent":"default","_kad_post_title":"","_kad_post_layout":"default","_kad_post_sidebar_id":"","_kad_post_content_style":"default","_kad_post_vertical_padding":"default","_kad_post_feature":"","_kad_post_feature_position":"","_kad_post_header":false,"_kad_post_footer":false},"product_cat":[90],"product_tag":[],"class_list":["post-814","product","type-product","status-publish","has-post-thumbnail","hentry","product_cat-korrektur-und-polieren","wvs-archive-product-wrapper","entry","content-bg","loop-entry"],"acf":[],"yoast_head":"<!-- This site is optimized with the Yoast SEO Premium plugin v18.5 (Yoast SEO v20.11) - https:\/\/yoast.com\/wordpress\/plugins\/seo\/ -->\n<title>#Vitreo 250g | Glaspolitur, entfernt leichte Kratzer, Oxidation und Korrosion | #Labocosmetica<\/title>\n<meta name=\"description\" content=\"#Vitreo 250gr #labocosmetica, Glasspolitur, entfernt leichte Kratzer, Oxidation und Korrosion auf Autoglas.\" \/>\n<meta name=\"robots\" content=\"index, follow, max-snippet:-1, max-image-preview:large, max-video-preview:-1\" \/>\n<link rel=\"canonical\" href=\"https:\/\/multisite.labocosmetica.it\/de\/product\/vitreo-glaspolitur-entfernt-leichte-kratzer-oxidation-und-korrosion\/\" \/>\n<meta property=\"og:locale\" content=\"de_DE\" \/>\n<meta property=\"og:type\" content=\"article\" \/>\n<meta property=\"og:title\" content=\"#VITREO\" \/>\n<meta property=\"og:description\" content=\"#Vitreo 250gr #labocosmetica, Glasspolitur, entfernt leichte Kratzer, Oxidation und Korrosion auf Autoglas.\" \/>\n<meta property=\"og:url\" content=\"https:\/\/multisite.labocosmetica.it\/de\/product\/vitreo-glaspolitur-entfernt-leichte-kratzer-oxidation-und-korrosion\/\" \/>\n<meta property=\"og:site_name\" content=\"#LABOCOSMETICA - DE - NEW\" \/>\n<meta property=\"article:modified_time\" content=\"2023-01-17T09:59:03+00:00\" \/>\n<meta property=\"og:image\" content=\"https:\/\/multisite.labocosmetica.it\/de\/wp-content\/uploads\/sites\/13\/2022\/02\/VITREO_250ml.jpg\" \/>\n\t<meta property=\"og:image:width\" content=\"800\" \/>\n\t<meta property=\"og:image:height\" content=\"800\" \/>\n\t<meta property=\"og:image:type\" content=\"image\/jpeg\" \/>\n<meta name=\"twitter:card\" content=\"summary_large_image\" \/>\n<meta name=\"twitter:label1\" content=\"Gesch\u00e4tzte Lesezeit\" \/>\n\t<meta name=\"twitter:data1\" content=\"1\u00a0Minute\" \/>\n<script type=\"application\/ld+json\" class=\"yoast-schema-graph\">{\"@context\":\"https:\/\/schema.org\",\"@graph\":[{\"@type\":\"WebPage\",\"@id\":\"https:\/\/multisite.labocosmetica.it\/de\/product\/vitreo-glaspolitur-entfernt-leichte-kratzer-oxidation-und-korrosion\/\",\"url\":\"https:\/\/multisite.labocosmetica.it\/de\/product\/vitreo-glaspolitur-entfernt-leichte-kratzer-oxidation-und-korrosion\/\",\"name\":\"#Vitreo 250g | Glaspolitur, entfernt leichte Kratzer, Oxidation und Korrosion | #Labocosmetica\",\"isPartOf\":{\"@id\":\"https:\/\/multisite.labocosmetica.it\/de\/#website\"},\"datePublished\":\"2022-02-08T22:04:16+00:00\",\"dateModified\":\"2023-01-17T09:59:03+00:00\",\"description\":\"#Vitreo 250gr #labocosmetica, Glasspolitur, entfernt leichte Kratzer, Oxidation und Korrosion auf Autoglas.\",\"breadcrumb\":{\"@id\":\"https:\/\/multisite.labocosmetica.it\/de\/product\/vitreo-glaspolitur-entfernt-leichte-kratzer-oxidation-und-korrosion\/#breadcrumb\"},\"inLanguage\":\"de\",\"potentialAction\":[{\"@type\":\"ReadAction\",\"target\":[\"https:\/\/multisite.labocosmetica.it\/de\/product\/vitreo-glaspolitur-entfernt-leichte-kratzer-oxidation-und-korrosion\/\"]}]},{\"@type\":\"BreadcrumbList\",\"@id\":\"https:\/\/multisite.labocosmetica.it\/de\/product\/vitreo-glaspolitur-entfernt-leichte-kratzer-oxidation-und-korrosion\/#breadcrumb\",\"itemListElement\":[{\"@type\":\"ListItem\",\"position\":1,\"name\":\"Home\",\"item\":\"https:\/\/multisite.labocosmetica.it\/de\/\"},{\"@type\":\"ListItem\",\"position\":2,\"name\":\"Shop\",\"item\":\"https:\/\/multisite.labocosmetica.it\/de\/shop\/\"},{\"@type\":\"ListItem\",\"position\":3,\"name\":\"#VITREO\"}]},{\"@type\":\"WebSite\",\"@id\":\"https:\/\/multisite.labocosmetica.it\/de\/#website\",\"url\":\"https:\/\/multisite.labocosmetica.it\/de\/\",\"name\":\"#LABOCOSMETICA - DE - NEW\",\"description\":\"For the best hands, for the best cars\",\"potentialAction\":[{\"@type\":\"SearchAction\",\"target\":{\"@type\":\"EntryPoint\",\"urlTemplate\":\"https:\/\/multisite.labocosmetica.it\/de\/?s={search_term_string}\"},\"query-input\":\"required name=search_term_string\"}],\"inLanguage\":\"de\"}]}<\/script>\n<!-- \/ Yoast SEO Premium plugin. -->","yoast_head_json":{"title":"#Vitreo 250g | Glaspolitur, entfernt leichte Kratzer, Oxidation und Korrosion | #Labocosmetica","description":"#Vitreo 250gr #labocosmetica, Glasspolitur, entfernt leichte Kratzer, Oxidation und Korrosion auf Autoglas.","robots":{"index":"index","follow":"follow","max-snippet":"max-snippet:-1","max-image-preview":"max-image-preview:large","max-video-preview":"max-video-preview:-1"},"canonical":"https:\/\/multisite.labocosmetica.it\/de\/product\/vitreo-glaspolitur-entfernt-leichte-kratzer-oxidation-und-korrosion\/","og_locale":"de_DE","og_type":"article","og_title":"#VITREO","og_description":"#Vitreo 250gr #labocosmetica, Glasspolitur, entfernt leichte Kratzer, Oxidation und Korrosion auf Autoglas.","og_url":"https:\/\/multisite.labocosmetica.it\/de\/product\/vitreo-glaspolitur-entfernt-leichte-kratzer-oxidation-und-korrosion\/","og_site_name":"#LABOCOSMETICA - DE - NEW","article_modified_time":"2023-01-17T09:59:03+00:00","og_image":[{"width":800,"height":800,"url":"https:\/\/multisite.labocosmetica.it\/de\/wp-content\/uploads\/sites\/13\/2022\/02\/VITREO_250ml.jpg","type":"image\/jpeg"}],"twitter_card":"summary_large_image","twitter_misc":{"Gesch\u00e4tzte Lesezeit":"1\u00a0Minute"},"schema":{"@context":"https:\/\/schema.org","@graph":[{"@type":"WebPage","@id":"https:\/\/multisite.labocosmetica.it\/de\/product\/vitreo-glaspolitur-entfernt-leichte-kratzer-oxidation-und-korrosion\/","url":"https:\/\/multisite.labocosmetica.it\/de\/product\/vitreo-glaspolitur-entfernt-leichte-kratzer-oxidation-und-korrosion\/","name":"#Vitreo 250g | Glaspolitur, entfernt leichte Kratzer, Oxidation und Korrosion | #Labocosmetica","isPartOf":{"@id":"https:\/\/multisite.labocosmetica.it\/de\/#website"},"datePublished":"2022-02-08T22:04:16+00:00","dateModified":"2023-01-17T09:59:03+00:00","description":"#Vitreo 250gr #labocosmetica, Glasspolitur, entfernt leichte Kratzer, Oxidation und Korrosion auf Autoglas.","breadcrumb":{"@id":"https:\/\/multisite.labocosmetica.it\/de\/product\/vitreo-glaspolitur-entfernt-leichte-kratzer-oxidation-und-korrosion\/#breadcrumb"},"inLanguage":"de","potentialAction":[{"@type":"ReadAction","target":["https:\/\/multisite.labocosmetica.it\/de\/product\/vitreo-glaspolitur-entfernt-leichte-kratzer-oxidation-und-korrosion\/"]}]},{"@type":"BreadcrumbList","@id":"https:\/\/multisite.labocosmetica.it\/de\/product\/vitreo-glaspolitur-entfernt-leichte-kratzer-oxidation-und-korrosion\/#breadcrumb","itemListElement":[{"@type":"ListItem","position":1,"name":"Home","item":"https:\/\/multisite.labocosmetica.it\/de\/"},{"@type":"ListItem","position":2,"name":"Shop","item":"https:\/\/multisite.labocosmetica.it\/de\/shop\/"},{"@type":"ListItem","position":3,"name":"#VITREO"}]},{"@type":"WebSite","@id":"https:\/\/multisite.labocosmetica.it\/de\/#website","url":"https:\/\/multisite.labocosmetica.it\/de\/","name":"#LABOCOSMETICA - DE - NEW","description":"For the best hands, for the best cars","potentialAction":[{"@type":"SearchAction","target":{"@type":"EntryPoint","urlTemplate":"https:\/\/multisite.labocosmetica.it\/de\/?s={search_term_string}"},"query-input":"required name=search_term_string"}],"inLanguage":"de"}]}},"_links":{"self":[{"href":"https:\/\/multisite.labocosmetica.it\/de\/wp-json\/wp\/v2\/product\/814","targetHints":{"allow":["GET"]}}],"collection":[{"href":"https:\/\/multisite.labocosmetica.it\/de\/wp-json\/wp\/v2\/product"}],"about":[{"href":"https:\/\/multisite.labocosmetica.it\/de\/wp-json\/wp\/v2\/types\/product"}],"replies":[{"embeddable":true,"href":"https:\/\/multisite.labocosmetica.it\/de\/wp-json\/wp\/v2\/comments?post=814"}],"wp:featuredmedia":[{"embeddable":true,"href":"https:\/\/multisite.labocosmetica.it\/de\/wp-json\/wp\/v2\/media\/2342"}],"wp:attachment":[{"href":"https:\/\/multisite.labocosmetica.it\/de\/wp-json\/wp\/v2\/media?parent=814"}],"wp:term":[{"taxonomy":"product_cat","embeddable":true,"href":"https:\/\/multisite.labocosmetica.it\/de\/wp-json\/wp\/v2\/product_cat?post=814"},{"taxonomy":"product_tag","embeddable":true,"href":"https:\/\/multisite.labocosmetica.it\/de\/wp-json\/wp\/v2\/product_tag?post=814"}],"curies":[{"name":"wp","href":"https:\/\/api.w.org\/{rel}","templated":true}]}}