{"id":815,"date":"2022-02-08T22:04:16","date_gmt":"2022-02-08T22:04:16","guid":{"rendered":"https:\/\/multisite.labocosmetica.it\/en\/?post_type=product&#038;p=815"},"modified":"2023-01-17T08:58:13","modified_gmt":"2023-01-17T08:58:13","slug":"derma-cleaner-2-0-500ml-hydratisierender-reinigender-lederreiniger","status":"publish","type":"product","link":"https:\/\/multisite.labocosmetica.it\/de\/product\/derma-cleaner-2-0-500ml-hydratisierender-reinigender-lederreiniger\/","title":{"rendered":"#DERMA CLEANER 2.0"},"content":{"rendered":"<p><strong> #D\u00e8rma Cleaner 2.0 <\/strong> <strong> ist ein konzentriertes Produkt mit einer ausgewogenen Formel <\/strong>, die jede Art von Lederabdeckung zart reinigen kann. Das Leder der Autos wird, wenn auch nicht regelm\u00e4\u00dfig behandelt, den klassischen gl\u00e4nzenden und abgenutzten Look an.<\/p>\n<p><strong> Die Vorteile:<\/strong><\/p>\n<p><strong style=\"font-family: var(--global-body-font-family);\">#D\u00e8rma Cleaner 2.0 <\/strong> <span style=\"font-family: var(--global-body-font-family);\"> Ist die <\/span> <strong style=\"font-family: var(--global-body-font-family);\"> Ideales Produkt <\/strong> <span style=\"schriftart -familie: var (-global-k\u00f6rper-familie);\"> Um das urspr\u00fcngliche und nat\u00fcrliche Finish der Lederpolsterung im Laufe der Zeit aufrechtzuerhalten. Es kann sowohl als Waschmittel f\u00fcr eine au\u00dfergew\u00f6hnliche Reinigung bei sehr besch\u00e4digten Lederpolster und als Wartungsprodukt verwendet werden. Dank seiner speziellen <\/span> <strong style=\"font-family: var(--global-body-font-family);\"> Formel angereichert <\/strong> <span style=\"font-family: var(--global-body-font-family);\"> mit <\/span> <strong style=\"font-family: var(--global-body-font-family);\"> emollient <\/strong> <span style=\"font-family: var(--global-body-font-family);\"> Agenten mit <\/span> <strong style=\"font-family: var(--global-body-font-family);\"> Micellar <\/strong> <span style=\"font-family: var(--global-body-font-family);\"> Funktion, sie reinigt durch Befeuchten der Hautoberfl\u00e4chen, wodurch vorzeitiges Alterung und Kondition des urspr\u00fcnglichen Lederfinish verhindern. <\/span> <strong style=\"font-family: var(--global-body-font-family);\"> Es hinterl\u00e4sst einen guten frischen, sauberen Duft auf den behandelten Oberfl\u00e4chen. <\/strong> <span style=\"font-family: var(--global-body-font-family);\"> Neutralisiert unangenehme Ger\u00fcche von geschlossenen und muffigen. <\/span><\/p>\n<p><strong> #D\u00e8rma Cleaner 2.0 <\/strong> <strong> hat die strengen internationalen Tests <\/strong> von <strong> viruzidalen und bakteriziden Aktivit\u00e4t <\/strong> <strong> <a href=\"https:\/\/ bestanden multisite. labocosmetica.it\/it\/certificazioni\/\" target=\" _ leer \" rel=\"noopener\"> uni en 1276 | Uni en 13697 | UNI EN 14476 <\/a> <\/strong> in <strong> Independent<strong>\u00a0<\/strong>externe <strong> Laboratorien <\/strong> akkreditiert auf <strong> ISO 17025: 2005 <\/strong>.<\/strong><\/p>\n","protected":false},"excerpt":{"rendered":"<p>HYDRATING LEATHER CLEANER<\/p>\n","protected":false},"featured_media":1959,"comment_status":"closed","ping_status":"closed","template":"","meta":{"_kad_post_transparent":"default","_kad_post_title":"","_kad_post_layout":"default","_kad_post_sidebar_id":"","_kad_post_content_style":"default","_kad_post_vertical_padding":"default","_kad_post_feature":"","_kad_post_feature_position":"","_kad_post_header":false,"_kad_post_footer":false},"product_cat":[91],"product_tag":[],"class_list":["post-815","product","type-product","status-publish","has-post-thumbnail","hentry","product_cat-waschen","wvs-archive-product-wrapper","entry","content-bg","loop-entry"],"acf":[],"yoast_head":"<!-- This site is optimized with the Yoast SEO Premium plugin v18.5 (Yoast SEO v20.11) - https:\/\/yoast.com\/wordpress\/plugins\/seo\/ -->\n<title>#D\u00e8rma Cleaner 2.0 500ml #Labocosmetica | Hydrierender Reinigung Lederreiniger<\/title>\n<meta name=\"description\" content=\"#D\u00e8rma Cleaner 2.0 500ml #labocosmetica Hydrierende Reinigungslederreiniger ist ein konzentriertes Produkt mit einer ausgewogenen Formel.\" \/>\n<meta name=\"robots\" content=\"index, follow, max-snippet:-1, max-image-preview:large, max-video-preview:-1\" \/>\n<link rel=\"canonical\" href=\"https:\/\/multisite.labocosmetica.it\/de\/product\/derma-cleaner-2-0-500ml-hydratisierender-reinigender-lederreiniger\/\" \/>\n<meta property=\"og:locale\" content=\"de_DE\" \/>\n<meta property=\"og:type\" content=\"article\" \/>\n<meta property=\"og:title\" content=\"#DERMA CLEANER 2.0\" \/>\n<meta property=\"og:description\" content=\"#D\u00e8rma Cleaner 2.0 500ml #labocosmetica Hydrierende Reinigungslederreiniger ist ein konzentriertes Produkt mit einer ausgewogenen Formel.\" \/>\n<meta property=\"og:url\" content=\"https:\/\/multisite.labocosmetica.it\/de\/product\/derma-cleaner-2-0-500ml-hydratisierender-reinigender-lederreiniger\/\" \/>\n<meta property=\"og:site_name\" content=\"#LABOCOSMETICA - DE - NEW\" \/>\n<meta property=\"article:modified_time\" content=\"2023-01-17T08:58:13+00:00\" \/>\n<meta property=\"og:image\" content=\"https:\/\/multisite.labocosmetica.it\/de\/wp-content\/uploads\/sites\/13\/2022\/02\/DERMA-CLEANER-2.0.jpg\" \/>\n\t<meta property=\"og:image:width\" content=\"800\" \/>\n\t<meta property=\"og:image:height\" content=\"800\" \/>\n\t<meta property=\"og:image:type\" content=\"image\/jpeg\" \/>\n<meta name=\"twitter:card\" content=\"summary_large_image\" \/>\n<meta name=\"twitter:label1\" content=\"Gesch\u00e4tzte Lesezeit\" \/>\n\t<meta name=\"twitter:data1\" content=\"1\u00a0Minute\" \/>\n<script type=\"application\/ld+json\" class=\"yoast-schema-graph\">{\"@context\":\"https:\/\/schema.org\",\"@graph\":[{\"@type\":\"WebPage\",\"@id\":\"https:\/\/multisite.labocosmetica.it\/de\/product\/derma-cleaner-2-0-500ml-hydratisierender-reinigender-lederreiniger\/\",\"url\":\"https:\/\/multisite.labocosmetica.it\/de\/product\/derma-cleaner-2-0-500ml-hydratisierender-reinigender-lederreiniger\/\",\"name\":\"#D\u00e8rma Cleaner 2.0 500ml #Labocosmetica | Hydrierender Reinigung Lederreiniger\",\"isPartOf\":{\"@id\":\"https:\/\/multisite.labocosmetica.it\/de\/#website\"},\"datePublished\":\"2022-02-08T22:04:16+00:00\",\"dateModified\":\"2023-01-17T08:58:13+00:00\",\"description\":\"#D\u00e8rma Cleaner 2.0 500ml #labocosmetica Hydrierende Reinigungslederreiniger ist ein konzentriertes Produkt mit einer ausgewogenen Formel.\",\"breadcrumb\":{\"@id\":\"https:\/\/multisite.labocosmetica.it\/de\/product\/derma-cleaner-2-0-500ml-hydratisierender-reinigender-lederreiniger\/#breadcrumb\"},\"inLanguage\":\"de\",\"potentialAction\":[{\"@type\":\"ReadAction\",\"target\":[\"https:\/\/multisite.labocosmetica.it\/de\/product\/derma-cleaner-2-0-500ml-hydratisierender-reinigender-lederreiniger\/\"]}]},{\"@type\":\"BreadcrumbList\",\"@id\":\"https:\/\/multisite.labocosmetica.it\/de\/product\/derma-cleaner-2-0-500ml-hydratisierender-reinigender-lederreiniger\/#breadcrumb\",\"itemListElement\":[{\"@type\":\"ListItem\",\"position\":1,\"name\":\"Home\",\"item\":\"https:\/\/multisite.labocosmetica.it\/de\/\"},{\"@type\":\"ListItem\",\"position\":2,\"name\":\"Shop\",\"item\":\"https:\/\/multisite.labocosmetica.it\/de\/shop\/\"},{\"@type\":\"ListItem\",\"position\":3,\"name\":\"#DERMA CLEANER 2.0\"}]},{\"@type\":\"WebSite\",\"@id\":\"https:\/\/multisite.labocosmetica.it\/de\/#website\",\"url\":\"https:\/\/multisite.labocosmetica.it\/de\/\",\"name\":\"#LABOCOSMETICA - DE - NEW\",\"description\":\"For the best hands, for the best cars\",\"potentialAction\":[{\"@type\":\"SearchAction\",\"target\":{\"@type\":\"EntryPoint\",\"urlTemplate\":\"https:\/\/multisite.labocosmetica.it\/de\/?s={search_term_string}\"},\"query-input\":\"required name=search_term_string\"}],\"inLanguage\":\"de\"}]}<\/script>\n<!-- \/ Yoast SEO Premium plugin. -->","yoast_head_json":{"title":"#D\u00e8rma Cleaner 2.0 500ml #Labocosmetica | Hydrierender Reinigung Lederreiniger","description":"#D\u00e8rma Cleaner 2.0 500ml #labocosmetica Hydrierende Reinigungslederreiniger ist ein konzentriertes Produkt mit einer ausgewogenen Formel.","robots":{"index":"index","follow":"follow","max-snippet":"max-snippet:-1","max-image-preview":"max-image-preview:large","max-video-preview":"max-video-preview:-1"},"canonical":"https:\/\/multisite.labocosmetica.it\/de\/product\/derma-cleaner-2-0-500ml-hydratisierender-reinigender-lederreiniger\/","og_locale":"de_DE","og_type":"article","og_title":"#DERMA CLEANER 2.0","og_description":"#D\u00e8rma Cleaner 2.0 500ml #labocosmetica Hydrierende Reinigungslederreiniger ist ein konzentriertes Produkt mit einer ausgewogenen Formel.","og_url":"https:\/\/multisite.labocosmetica.it\/de\/product\/derma-cleaner-2-0-500ml-hydratisierender-reinigender-lederreiniger\/","og_site_name":"#LABOCOSMETICA - DE - NEW","article_modified_time":"2023-01-17T08:58:13+00:00","og_image":[{"width":800,"height":800,"url":"https:\/\/multisite.labocosmetica.it\/de\/wp-content\/uploads\/sites\/13\/2022\/02\/DERMA-CLEANER-2.0.jpg","type":"image\/jpeg"}],"twitter_card":"summary_large_image","twitter_misc":{"Gesch\u00e4tzte Lesezeit":"1\u00a0Minute"},"schema":{"@context":"https:\/\/schema.org","@graph":[{"@type":"WebPage","@id":"https:\/\/multisite.labocosmetica.it\/de\/product\/derma-cleaner-2-0-500ml-hydratisierender-reinigender-lederreiniger\/","url":"https:\/\/multisite.labocosmetica.it\/de\/product\/derma-cleaner-2-0-500ml-hydratisierender-reinigender-lederreiniger\/","name":"#D\u00e8rma Cleaner 2.0 500ml #Labocosmetica | Hydrierender Reinigung Lederreiniger","isPartOf":{"@id":"https:\/\/multisite.labocosmetica.it\/de\/#website"},"datePublished":"2022-02-08T22:04:16+00:00","dateModified":"2023-01-17T08:58:13+00:00","description":"#D\u00e8rma Cleaner 2.0 500ml #labocosmetica Hydrierende Reinigungslederreiniger ist ein konzentriertes Produkt mit einer ausgewogenen Formel.","breadcrumb":{"@id":"https:\/\/multisite.labocosmetica.it\/de\/product\/derma-cleaner-2-0-500ml-hydratisierender-reinigender-lederreiniger\/#breadcrumb"},"inLanguage":"de","potentialAction":[{"@type":"ReadAction","target":["https:\/\/multisite.labocosmetica.it\/de\/product\/derma-cleaner-2-0-500ml-hydratisierender-reinigender-lederreiniger\/"]}]},{"@type":"BreadcrumbList","@id":"https:\/\/multisite.labocosmetica.it\/de\/product\/derma-cleaner-2-0-500ml-hydratisierender-reinigender-lederreiniger\/#breadcrumb","itemListElement":[{"@type":"ListItem","position":1,"name":"Home","item":"https:\/\/multisite.labocosmetica.it\/de\/"},{"@type":"ListItem","position":2,"name":"Shop","item":"https:\/\/multisite.labocosmetica.it\/de\/shop\/"},{"@type":"ListItem","position":3,"name":"#DERMA CLEANER 2.0"}]},{"@type":"WebSite","@id":"https:\/\/multisite.labocosmetica.it\/de\/#website","url":"https:\/\/multisite.labocosmetica.it\/de\/","name":"#LABOCOSMETICA - DE - NEW","description":"For the best hands, for the best cars","potentialAction":[{"@type":"SearchAction","target":{"@type":"EntryPoint","urlTemplate":"https:\/\/multisite.labocosmetica.it\/de\/?s={search_term_string}"},"query-input":"required name=search_term_string"}],"inLanguage":"de"}]}},"_links":{"self":[{"href":"https:\/\/multisite.labocosmetica.it\/de\/wp-json\/wp\/v2\/product\/815","targetHints":{"allow":["GET"]}}],"collection":[{"href":"https:\/\/multisite.labocosmetica.it\/de\/wp-json\/wp\/v2\/product"}],"about":[{"href":"https:\/\/multisite.labocosmetica.it\/de\/wp-json\/wp\/v2\/types\/product"}],"replies":[{"embeddable":true,"href":"https:\/\/multisite.labocosmetica.it\/de\/wp-json\/wp\/v2\/comments?post=815"}],"wp:featuredmedia":[{"embeddable":true,"href":"https:\/\/multisite.labocosmetica.it\/de\/wp-json\/wp\/v2\/media\/1959"}],"wp:attachment":[{"href":"https:\/\/multisite.labocosmetica.it\/de\/wp-json\/wp\/v2\/media?parent=815"}],"wp:term":[{"taxonomy":"product_cat","embeddable":true,"href":"https:\/\/multisite.labocosmetica.it\/de\/wp-json\/wp\/v2\/product_cat?post=815"},{"taxonomy":"product_tag","embeddable":true,"href":"https:\/\/multisite.labocosmetica.it\/de\/wp-json\/wp\/v2\/product_tag?post=815"}],"curies":[{"name":"wp","href":"https:\/\/api.w.org\/{rel}","templated":true}]}}