{"id":816,"date":"2022-02-08T22:04:16","date_gmt":"2022-02-08T22:04:16","guid":{"rendered":"https:\/\/multisite.labocosmetica.it\/en\/?post_type=product&#038;p=816"},"modified":"2023-01-17T09:20:37","modified_gmt":"2023-01-17T09:20:37","slug":"omnia-2-0-500ml-innenreiniger","status":"publish","type":"product","link":"https:\/\/multisite.labocosmetica.it\/de\/product\/omnia-2-0-500ml-innenreiniger\/","title":{"rendered":"#OMNIA 2.0"},"content":{"rendered":"<p><strong>#OMN\u00ccA 2.0<\/strong> ist ein einzigartiges Produkt seiner Art. Zus\u00e4tzlich zu den Eigenschaften, die von einem modernen Innenreiniger erwartet werden, einschlie\u00dflich einer gr\u00fcndlichen und sicheren Reinigung aller Materialien, selbst der empfindlichsten oder empfindlichsten.<\/p>\n<p><strong>#OMN\u00ccA 2.0 hat 7 exklusive Vorteile:<\/strong><\/p>\n<ol>\n<li><strong>Er hat die strengen internationalen Tests auf viruzide<\/strong> und bakterizide Aktivit\u00e4t bestanden.<\/li>\n<li><strong>Beseitigt schlechte Ger\u00fcche<\/strong> und verhindert deren Entstehung.<\/li>\n<li>Seine <strong>innovative Formel<\/strong> betont weder die Materialien noch die Farben. Enth\u00e4lt regenerierbare Kunststoffe und einen UVA- und UVB-Schutzfilter, der den Paneelen und Armaturenbrettern nicht nur eine leuchtende Farbe und einen seidigen Effekt zur\u00fcckgibt, sondern auch ihre nat\u00fcrliche Opazit\u00e4t verst\u00e4rkt.<\/li>\n<li><strong>Da es sich nicht um einen APC,<\/strong> sondern um einen Innenreiniger handelt, hat es eine h\u00f6here Konzentration als die Produkte seiner Kategorie, eine Eigenschaft, die es sehr vielseitig einsetzbar macht, bis es in der empfohlenen Verd\u00fcnnung zu einem schnellen Innenreiniger wird.<\/li>\n<li><strong>Perfektes Finish<\/strong> : Dank seiner speziellen Formel mit Tensiden der neuen Generation ist es in der Lage, die beste Leistung bei Vorhandensein einer geringen Alkalit\u00e4t auszudr\u00fccken und einen freien Schaum zu erzeugen, der leicht zu sp\u00fclen und zu verarbeiten ist. Lassen Sie die Oberfl\u00e4che nach dem Abwischen mit dem Mikrofasertuch frei von R\u00fcckst\u00e4nden. Die Verwendung einer Borstenb\u00fcrste zum Reinigen von Leder oder Kunststoff erm\u00f6glicht eine Tiefenreinigung bei schwierigen Verschmutzungen und minimiert die Verwendung des Melaminschwamms.<\/li>\n<li><strong>Es enth\u00e4lt keine \u00e4tzenden oder alkoholischen Substanzen<\/strong> und kann daher mit dem Tornador- oder RotorJet-System verwendet werden, ohne die Atemwege zu reizen, und auf Ledersitzen, ohne diese auszutrocknen.<\/li>\n<li><strong>Es ist kompatibel<\/strong> mit zuvor aufgetragenen Versiegelungen f\u00fcr Stoffe und Leder.<\/li>\n<\/ol>\n","protected":false},"excerpt":{"rendered":"<p>INTERIOR CLEANER<\/p>\n","protected":false},"featured_media":1955,"comment_status":"closed","ping_status":"closed","template":"","meta":{"_kad_post_transparent":"default","_kad_post_title":"","_kad_post_layout":"default","_kad_post_sidebar_id":"","_kad_post_content_style":"default","_kad_post_vertical_padding":"default","_kad_post_feature":"","_kad_post_feature_position":"","_kad_post_header":false,"_kad_post_footer":false},"product_cat":[87,91],"product_tag":[],"class_list":["post-816","product","type-product","status-publish","has-post-thumbnail","hentry","product_cat-wartung","product_cat-waschen","wvs-archive-product-wrapper","entry","content-bg","loop-entry"],"acf":[],"yoast_head":"<!-- This site is optimized with the Yoast SEO Premium plugin v18.5 (Yoast SEO v20.11) - https:\/\/yoast.com\/wordpress\/plugins\/seo\/ -->\n<title>Omn\u00eca \u2122 2.0 500 ml Innenreiniger | #Labocosmetica<\/title>\n<meta name=\"description\" content=\"#Omn\u00eca \u2122 2.0 500ml ist der schnelle Innenausdetende -Detailer der #Labocosmetica -Linie, ein duftfreier Auto -Innenr\u00e4ume, der Technologie und Innovation konzentriert. Ideal f\u00fcr die gew\u00f6hnliche Reinigung von Stoffen, Leder, Kunststoffen, Teppichen, Dichtungen und Reifen und kann auch auf allen Oberfl\u00e4chen selbst die empfindlichsten verwendet werden.\" \/>\n<meta name=\"robots\" content=\"index, follow, max-snippet:-1, max-image-preview:large, max-video-preview:-1\" \/>\n<link rel=\"canonical\" href=\"https:\/\/multisite.labocosmetica.it\/de\/product\/omnia-2-0-500ml-innenreiniger\/\" \/>\n<meta property=\"og:locale\" content=\"de_DE\" \/>\n<meta property=\"og:type\" content=\"article\" \/>\n<meta property=\"og:title\" content=\"#OMNIA 2.0\" \/>\n<meta property=\"og:description\" content=\"#Omn\u00eca \u2122 2.0 500ml ist der schnelle Innenausdetende -Detailer der #Labocosmetica -Linie, ein duftfreier Auto -Innenr\u00e4ume, der Technologie und Innovation konzentriert. Ideal f\u00fcr die gew\u00f6hnliche Reinigung von Stoffen, Leder, Kunststoffen, Teppichen, Dichtungen und Reifen und kann auch auf allen Oberfl\u00e4chen selbst die empfindlichsten verwendet werden.\" \/>\n<meta property=\"og:url\" content=\"https:\/\/multisite.labocosmetica.it\/de\/product\/omnia-2-0-500ml-innenreiniger\/\" \/>\n<meta property=\"og:site_name\" content=\"#LABOCOSMETICA - DE - NEW\" \/>\n<meta property=\"article:modified_time\" content=\"2023-01-17T09:20:37+00:00\" \/>\n<meta property=\"og:image\" content=\"https:\/\/multisite.labocosmetica.it\/de\/wp-content\/uploads\/sites\/13\/2022\/02\/OMNIA-2.0.jpg\" \/>\n\t<meta property=\"og:image:width\" content=\"800\" \/>\n\t<meta property=\"og:image:height\" content=\"800\" \/>\n\t<meta property=\"og:image:type\" content=\"image\/jpeg\" \/>\n<meta name=\"twitter:card\" content=\"summary_large_image\" \/>\n<meta name=\"twitter:label1\" content=\"Gesch\u00e4tzte Lesezeit\" \/>\n\t<meta name=\"twitter:data1\" content=\"2\u00a0Minuten\" \/>\n<script type=\"application\/ld+json\" class=\"yoast-schema-graph\">{\"@context\":\"https:\/\/schema.org\",\"@graph\":[{\"@type\":\"WebPage\",\"@id\":\"https:\/\/multisite.labocosmetica.it\/de\/product\/omnia-2-0-500ml-innenreiniger\/\",\"url\":\"https:\/\/multisite.labocosmetica.it\/de\/product\/omnia-2-0-500ml-innenreiniger\/\",\"name\":\"Omn\u00eca \u2122 2.0 500 ml Innenreiniger | #Labocosmetica\",\"isPartOf\":{\"@id\":\"https:\/\/multisite.labocosmetica.it\/de\/#website\"},\"datePublished\":\"2022-02-08T22:04:16+00:00\",\"dateModified\":\"2023-01-17T09:20:37+00:00\",\"description\":\"#Omn\u00eca \u2122 2.0 500ml ist der schnelle Innenausdetende -Detailer der #Labocosmetica -Linie, ein duftfreier Auto -Innenr\u00e4ume, der Technologie und Innovation konzentriert. Ideal f\u00fcr die gew\u00f6hnliche Reinigung von Stoffen, Leder, Kunststoffen, Teppichen, Dichtungen und Reifen und kann auch auf allen Oberfl\u00e4chen selbst die empfindlichsten verwendet werden.\",\"breadcrumb\":{\"@id\":\"https:\/\/multisite.labocosmetica.it\/de\/product\/omnia-2-0-500ml-innenreiniger\/#breadcrumb\"},\"inLanguage\":\"de\",\"potentialAction\":[{\"@type\":\"ReadAction\",\"target\":[\"https:\/\/multisite.labocosmetica.it\/de\/product\/omnia-2-0-500ml-innenreiniger\/\"]}]},{\"@type\":\"BreadcrumbList\",\"@id\":\"https:\/\/multisite.labocosmetica.it\/de\/product\/omnia-2-0-500ml-innenreiniger\/#breadcrumb\",\"itemListElement\":[{\"@type\":\"ListItem\",\"position\":1,\"name\":\"Home\",\"item\":\"https:\/\/multisite.labocosmetica.it\/de\/\"},{\"@type\":\"ListItem\",\"position\":2,\"name\":\"Shop\",\"item\":\"https:\/\/multisite.labocosmetica.it\/de\/shop\/\"},{\"@type\":\"ListItem\",\"position\":3,\"name\":\"#OMNIA 2.0\"}]},{\"@type\":\"WebSite\",\"@id\":\"https:\/\/multisite.labocosmetica.it\/de\/#website\",\"url\":\"https:\/\/multisite.labocosmetica.it\/de\/\",\"name\":\"#LABOCOSMETICA - DE - NEW\",\"description\":\"For the best hands, for the best cars\",\"potentialAction\":[{\"@type\":\"SearchAction\",\"target\":{\"@type\":\"EntryPoint\",\"urlTemplate\":\"https:\/\/multisite.labocosmetica.it\/de\/?s={search_term_string}\"},\"query-input\":\"required name=search_term_string\"}],\"inLanguage\":\"de\"}]}<\/script>\n<!-- \/ Yoast SEO Premium plugin. -->","yoast_head_json":{"title":"Omn\u00eca \u2122 2.0 500 ml Innenreiniger | #Labocosmetica","description":"#Omn\u00eca \u2122 2.0 500ml ist der schnelle Innenausdetende -Detailer der #Labocosmetica -Linie, ein duftfreier Auto -Innenr\u00e4ume, der Technologie und Innovation konzentriert. Ideal f\u00fcr die gew\u00f6hnliche Reinigung von Stoffen, Leder, Kunststoffen, Teppichen, Dichtungen und Reifen und kann auch auf allen Oberfl\u00e4chen selbst die empfindlichsten verwendet werden.","robots":{"index":"index","follow":"follow","max-snippet":"max-snippet:-1","max-image-preview":"max-image-preview:large","max-video-preview":"max-video-preview:-1"},"canonical":"https:\/\/multisite.labocosmetica.it\/de\/product\/omnia-2-0-500ml-innenreiniger\/","og_locale":"de_DE","og_type":"article","og_title":"#OMNIA 2.0","og_description":"#Omn\u00eca \u2122 2.0 500ml ist der schnelle Innenausdetende -Detailer der #Labocosmetica -Linie, ein duftfreier Auto -Innenr\u00e4ume, der Technologie und Innovation konzentriert. Ideal f\u00fcr die gew\u00f6hnliche Reinigung von Stoffen, Leder, Kunststoffen, Teppichen, Dichtungen und Reifen und kann auch auf allen Oberfl\u00e4chen selbst die empfindlichsten verwendet werden.","og_url":"https:\/\/multisite.labocosmetica.it\/de\/product\/omnia-2-0-500ml-innenreiniger\/","og_site_name":"#LABOCOSMETICA - DE - NEW","article_modified_time":"2023-01-17T09:20:37+00:00","og_image":[{"width":800,"height":800,"url":"https:\/\/multisite.labocosmetica.it\/de\/wp-content\/uploads\/sites\/13\/2022\/02\/OMNIA-2.0.jpg","type":"image\/jpeg"}],"twitter_card":"summary_large_image","twitter_misc":{"Gesch\u00e4tzte Lesezeit":"2\u00a0Minuten"},"schema":{"@context":"https:\/\/schema.org","@graph":[{"@type":"WebPage","@id":"https:\/\/multisite.labocosmetica.it\/de\/product\/omnia-2-0-500ml-innenreiniger\/","url":"https:\/\/multisite.labocosmetica.it\/de\/product\/omnia-2-0-500ml-innenreiniger\/","name":"Omn\u00eca \u2122 2.0 500 ml Innenreiniger | #Labocosmetica","isPartOf":{"@id":"https:\/\/multisite.labocosmetica.it\/de\/#website"},"datePublished":"2022-02-08T22:04:16+00:00","dateModified":"2023-01-17T09:20:37+00:00","description":"#Omn\u00eca \u2122 2.0 500ml ist der schnelle Innenausdetende -Detailer der #Labocosmetica -Linie, ein duftfreier Auto -Innenr\u00e4ume, der Technologie und Innovation konzentriert. Ideal f\u00fcr die gew\u00f6hnliche Reinigung von Stoffen, Leder, Kunststoffen, Teppichen, Dichtungen und Reifen und kann auch auf allen Oberfl\u00e4chen selbst die empfindlichsten verwendet werden.","breadcrumb":{"@id":"https:\/\/multisite.labocosmetica.it\/de\/product\/omnia-2-0-500ml-innenreiniger\/#breadcrumb"},"inLanguage":"de","potentialAction":[{"@type":"ReadAction","target":["https:\/\/multisite.labocosmetica.it\/de\/product\/omnia-2-0-500ml-innenreiniger\/"]}]},{"@type":"BreadcrumbList","@id":"https:\/\/multisite.labocosmetica.it\/de\/product\/omnia-2-0-500ml-innenreiniger\/#breadcrumb","itemListElement":[{"@type":"ListItem","position":1,"name":"Home","item":"https:\/\/multisite.labocosmetica.it\/de\/"},{"@type":"ListItem","position":2,"name":"Shop","item":"https:\/\/multisite.labocosmetica.it\/de\/shop\/"},{"@type":"ListItem","position":3,"name":"#OMNIA 2.0"}]},{"@type":"WebSite","@id":"https:\/\/multisite.labocosmetica.it\/de\/#website","url":"https:\/\/multisite.labocosmetica.it\/de\/","name":"#LABOCOSMETICA - DE - NEW","description":"For the best hands, for the best cars","potentialAction":[{"@type":"SearchAction","target":{"@type":"EntryPoint","urlTemplate":"https:\/\/multisite.labocosmetica.it\/de\/?s={search_term_string}"},"query-input":"required name=search_term_string"}],"inLanguage":"de"}]}},"_links":{"self":[{"href":"https:\/\/multisite.labocosmetica.it\/de\/wp-json\/wp\/v2\/product\/816","targetHints":{"allow":["GET"]}}],"collection":[{"href":"https:\/\/multisite.labocosmetica.it\/de\/wp-json\/wp\/v2\/product"}],"about":[{"href":"https:\/\/multisite.labocosmetica.it\/de\/wp-json\/wp\/v2\/types\/product"}],"replies":[{"embeddable":true,"href":"https:\/\/multisite.labocosmetica.it\/de\/wp-json\/wp\/v2\/comments?post=816"}],"wp:featuredmedia":[{"embeddable":true,"href":"https:\/\/multisite.labocosmetica.it\/de\/wp-json\/wp\/v2\/media\/1955"}],"wp:attachment":[{"href":"https:\/\/multisite.labocosmetica.it\/de\/wp-json\/wp\/v2\/media?parent=816"}],"wp:term":[{"taxonomy":"product_cat","embeddable":true,"href":"https:\/\/multisite.labocosmetica.it\/de\/wp-json\/wp\/v2\/product_cat?post=816"},{"taxonomy":"product_tag","embeddable":true,"href":"https:\/\/multisite.labocosmetica.it\/de\/wp-json\/wp\/v2\/product_tag?post=816"}],"curies":[{"name":"wp","href":"https:\/\/api.w.org\/{rel}","templated":true}]}}