{"id":817,"date":"2022-02-08T22:04:16","date_gmt":"2022-02-08T22:04:16","guid":{"rendered":"https:\/\/multisite.labocosmetica.it\/en\/?post_type=product&#038;p=817"},"modified":"2023-01-17T09:47:16","modified_gmt":"2023-01-17T09:47:16","slug":"sidero-500ml-eisenentferner-gel-mit-anti-lime-aktion","status":"publish","type":"product","link":"https:\/\/multisite.labocosmetica.it\/de\/product\/sidero-500ml-eisenentferner-gel-mit-anti-lime-aktion\/","title":{"rendered":"#SIDERO"},"content":{"rendered":"<p><strong>#SIDERO<\/strong> entsteht aus dem Bed\u00fcrfnis von Fachleuten nach einem hochkonzentrierten und parf\u00fcmierten Dekontaminierungsprodukt, das auch in Innenr\u00e4umen ohne das Problem des f\u00fcr diese Produkte typischen st\u00f6renden Schwefelgeruchs verwendet werden kann. <strong>#SIDERO<\/strong> ist ideal f\u00fcr die Dekontamination von Autos, die stark durch eisenhaltige R\u00fcckst\u00e4nde und Mineralien kontaminiert sind, die sich auf Karosserien, Felgen und Glas abgelagert haben, aufgrund des Transports auf der Schiene oder an Haltestellen in der N\u00e4he von Stahlwerken oder Bahnh\u00f6fen oder durch Stadtverschmutzung und sauren Regen. Das Produkt verwendet das F.R.G. (Fluid Reverse in Gel), das selbst nach Verd\u00fcnnung eine hohe Haftung auf vertikalen Oberfl\u00e4chen und eine komfortable, homogene und m\u00fchelose Abgabe erm\u00f6glicht, was f\u00fcr ein Gelprodukt ungew\u00f6hnlich ist.<\/p>\n","protected":false},"excerpt":{"rendered":"<p>IRON REMOVER GEL WITH ANTI-LIMESCALE ACTION<\/p>\n","protected":false},"featured_media":1954,"comment_status":"closed","ping_status":"closed","template":"","meta":{"_kad_post_transparent":"default","_kad_post_title":"","_kad_post_layout":"default","_kad_post_sidebar_id":"","_kad_post_content_style":"default","_kad_post_vertical_padding":"default","_kad_post_feature":"","_kad_post_feature_position":"","_kad_post_header":false,"_kad_post_footer":false},"product_cat":[89],"product_tag":[],"class_list":["post-817","product","type-product","status-publish","has-post-thumbnail","hentry","product_cat-dekontamination","wvs-archive-product-wrapper","entry","content-bg","loop-entry"],"acf":[],"yoast_head":"<!-- This site is optimized with the Yoast SEO Premium plugin v18.5 (Yoast SEO v20.11) - https:\/\/yoast.com\/wordpress\/plugins\/seo\/ -->\n<title>#Sidero 500ml | Eisenentferner Gel mit Anti-Lime-Aktion | #Labocosmetica<\/title>\n<meta name=\"description\" content=\"#Sidero 500ml #Labocosmetica ist ideal f\u00fcr die Dekontamination von Autos, die stark mit Eisen- und Mineralr\u00fcckst\u00e4nden kontaminiert sind Regen.\" \/>\n<meta name=\"robots\" content=\"index, follow, max-snippet:-1, max-image-preview:large, max-video-preview:-1\" \/>\n<link rel=\"canonical\" href=\"https:\/\/multisite.labocosmetica.it\/de\/product\/sidero-500ml-eisenentferner-gel-mit-anti-lime-aktion\/\" \/>\n<meta property=\"og:locale\" content=\"de_DE\" \/>\n<meta property=\"og:type\" content=\"article\" \/>\n<meta property=\"og:title\" content=\"#SIDERO\" \/>\n<meta property=\"og:description\" content=\"#Sidero 500ml #Labocosmetica ist ideal f\u00fcr die Dekontamination von Autos, die stark mit Eisen- und Mineralr\u00fcckst\u00e4nden kontaminiert sind Regen.\" \/>\n<meta property=\"og:url\" content=\"https:\/\/multisite.labocosmetica.it\/de\/product\/sidero-500ml-eisenentferner-gel-mit-anti-lime-aktion\/\" \/>\n<meta property=\"og:site_name\" content=\"#LABOCOSMETICA - DE - NEW\" \/>\n<meta property=\"article:modified_time\" content=\"2023-01-17T09:47:16+00:00\" \/>\n<meta property=\"og:image\" content=\"https:\/\/multisite.labocosmetica.it\/de\/wp-content\/uploads\/sites\/13\/2022\/02\/SIDERO.jpg\" \/>\n\t<meta property=\"og:image:width\" content=\"800\" \/>\n\t<meta property=\"og:image:height\" content=\"800\" \/>\n\t<meta property=\"og:image:type\" content=\"image\/jpeg\" \/>\n<meta name=\"twitter:card\" content=\"summary_large_image\" \/>\n<meta name=\"twitter:label1\" content=\"Gesch\u00e4tzte Lesezeit\" \/>\n\t<meta name=\"twitter:data1\" content=\"1\u00a0Minute\" \/>\n<script type=\"application\/ld+json\" class=\"yoast-schema-graph\">{\"@context\":\"https:\/\/schema.org\",\"@graph\":[{\"@type\":\"WebPage\",\"@id\":\"https:\/\/multisite.labocosmetica.it\/de\/product\/sidero-500ml-eisenentferner-gel-mit-anti-lime-aktion\/\",\"url\":\"https:\/\/multisite.labocosmetica.it\/de\/product\/sidero-500ml-eisenentferner-gel-mit-anti-lime-aktion\/\",\"name\":\"#Sidero 500ml | Eisenentferner Gel mit Anti-Lime-Aktion | #Labocosmetica\",\"isPartOf\":{\"@id\":\"https:\/\/multisite.labocosmetica.it\/de\/#website\"},\"datePublished\":\"2022-02-08T22:04:16+00:00\",\"dateModified\":\"2023-01-17T09:47:16+00:00\",\"description\":\"#Sidero 500ml #Labocosmetica ist ideal f\u00fcr die Dekontamination von Autos, die stark mit Eisen- und Mineralr\u00fcckst\u00e4nden kontaminiert sind Regen.\",\"breadcrumb\":{\"@id\":\"https:\/\/multisite.labocosmetica.it\/de\/product\/sidero-500ml-eisenentferner-gel-mit-anti-lime-aktion\/#breadcrumb\"},\"inLanguage\":\"de\",\"potentialAction\":[{\"@type\":\"ReadAction\",\"target\":[\"https:\/\/multisite.labocosmetica.it\/de\/product\/sidero-500ml-eisenentferner-gel-mit-anti-lime-aktion\/\"]}]},{\"@type\":\"BreadcrumbList\",\"@id\":\"https:\/\/multisite.labocosmetica.it\/de\/product\/sidero-500ml-eisenentferner-gel-mit-anti-lime-aktion\/#breadcrumb\",\"itemListElement\":[{\"@type\":\"ListItem\",\"position\":1,\"name\":\"Home\",\"item\":\"https:\/\/multisite.labocosmetica.it\/de\/\"},{\"@type\":\"ListItem\",\"position\":2,\"name\":\"Shop\",\"item\":\"https:\/\/multisite.labocosmetica.it\/de\/shop\/\"},{\"@type\":\"ListItem\",\"position\":3,\"name\":\"#SIDERO\"}]},{\"@type\":\"WebSite\",\"@id\":\"https:\/\/multisite.labocosmetica.it\/de\/#website\",\"url\":\"https:\/\/multisite.labocosmetica.it\/de\/\",\"name\":\"#LABOCOSMETICA - DE - NEW\",\"description\":\"For the best hands, for the best cars\",\"potentialAction\":[{\"@type\":\"SearchAction\",\"target\":{\"@type\":\"EntryPoint\",\"urlTemplate\":\"https:\/\/multisite.labocosmetica.it\/de\/?s={search_term_string}\"},\"query-input\":\"required name=search_term_string\"}],\"inLanguage\":\"de\"}]}<\/script>\n<!-- \/ Yoast SEO Premium plugin. -->","yoast_head_json":{"title":"#Sidero 500ml | Eisenentferner Gel mit Anti-Lime-Aktion | #Labocosmetica","description":"#Sidero 500ml #Labocosmetica ist ideal f\u00fcr die Dekontamination von Autos, die stark mit Eisen- und Mineralr\u00fcckst\u00e4nden kontaminiert sind Regen.","robots":{"index":"index","follow":"follow","max-snippet":"max-snippet:-1","max-image-preview":"max-image-preview:large","max-video-preview":"max-video-preview:-1"},"canonical":"https:\/\/multisite.labocosmetica.it\/de\/product\/sidero-500ml-eisenentferner-gel-mit-anti-lime-aktion\/","og_locale":"de_DE","og_type":"article","og_title":"#SIDERO","og_description":"#Sidero 500ml #Labocosmetica ist ideal f\u00fcr die Dekontamination von Autos, die stark mit Eisen- und Mineralr\u00fcckst\u00e4nden kontaminiert sind Regen.","og_url":"https:\/\/multisite.labocosmetica.it\/de\/product\/sidero-500ml-eisenentferner-gel-mit-anti-lime-aktion\/","og_site_name":"#LABOCOSMETICA - DE - NEW","article_modified_time":"2023-01-17T09:47:16+00:00","og_image":[{"width":800,"height":800,"url":"https:\/\/multisite.labocosmetica.it\/de\/wp-content\/uploads\/sites\/13\/2022\/02\/SIDERO.jpg","type":"image\/jpeg"}],"twitter_card":"summary_large_image","twitter_misc":{"Gesch\u00e4tzte Lesezeit":"1\u00a0Minute"},"schema":{"@context":"https:\/\/schema.org","@graph":[{"@type":"WebPage","@id":"https:\/\/multisite.labocosmetica.it\/de\/product\/sidero-500ml-eisenentferner-gel-mit-anti-lime-aktion\/","url":"https:\/\/multisite.labocosmetica.it\/de\/product\/sidero-500ml-eisenentferner-gel-mit-anti-lime-aktion\/","name":"#Sidero 500ml | Eisenentferner Gel mit Anti-Lime-Aktion | #Labocosmetica","isPartOf":{"@id":"https:\/\/multisite.labocosmetica.it\/de\/#website"},"datePublished":"2022-02-08T22:04:16+00:00","dateModified":"2023-01-17T09:47:16+00:00","description":"#Sidero 500ml #Labocosmetica ist ideal f\u00fcr die Dekontamination von Autos, die stark mit Eisen- und Mineralr\u00fcckst\u00e4nden kontaminiert sind Regen.","breadcrumb":{"@id":"https:\/\/multisite.labocosmetica.it\/de\/product\/sidero-500ml-eisenentferner-gel-mit-anti-lime-aktion\/#breadcrumb"},"inLanguage":"de","potentialAction":[{"@type":"ReadAction","target":["https:\/\/multisite.labocosmetica.it\/de\/product\/sidero-500ml-eisenentferner-gel-mit-anti-lime-aktion\/"]}]},{"@type":"BreadcrumbList","@id":"https:\/\/multisite.labocosmetica.it\/de\/product\/sidero-500ml-eisenentferner-gel-mit-anti-lime-aktion\/#breadcrumb","itemListElement":[{"@type":"ListItem","position":1,"name":"Home","item":"https:\/\/multisite.labocosmetica.it\/de\/"},{"@type":"ListItem","position":2,"name":"Shop","item":"https:\/\/multisite.labocosmetica.it\/de\/shop\/"},{"@type":"ListItem","position":3,"name":"#SIDERO"}]},{"@type":"WebSite","@id":"https:\/\/multisite.labocosmetica.it\/de\/#website","url":"https:\/\/multisite.labocosmetica.it\/de\/","name":"#LABOCOSMETICA - DE - NEW","description":"For the best hands, for the best cars","potentialAction":[{"@type":"SearchAction","target":{"@type":"EntryPoint","urlTemplate":"https:\/\/multisite.labocosmetica.it\/de\/?s={search_term_string}"},"query-input":"required name=search_term_string"}],"inLanguage":"de"}]}},"_links":{"self":[{"href":"https:\/\/multisite.labocosmetica.it\/de\/wp-json\/wp\/v2\/product\/817","targetHints":{"allow":["GET"]}}],"collection":[{"href":"https:\/\/multisite.labocosmetica.it\/de\/wp-json\/wp\/v2\/product"}],"about":[{"href":"https:\/\/multisite.labocosmetica.it\/de\/wp-json\/wp\/v2\/types\/product"}],"replies":[{"embeddable":true,"href":"https:\/\/multisite.labocosmetica.it\/de\/wp-json\/wp\/v2\/comments?post=817"}],"wp:featuredmedia":[{"embeddable":true,"href":"https:\/\/multisite.labocosmetica.it\/de\/wp-json\/wp\/v2\/media\/1954"}],"wp:attachment":[{"href":"https:\/\/multisite.labocosmetica.it\/de\/wp-json\/wp\/v2\/media?parent=817"}],"wp:term":[{"taxonomy":"product_cat","embeddable":true,"href":"https:\/\/multisite.labocosmetica.it\/de\/wp-json\/wp\/v2\/product_cat?post=817"},{"taxonomy":"product_tag","embeddable":true,"href":"https:\/\/multisite.labocosmetica.it\/de\/wp-json\/wp\/v2\/product_tag?post=817"}],"curies":[{"name":"wp","href":"https:\/\/api.w.org\/{rel}","templated":true}]}}