{"id":1195,"date":"2022-02-10T17:47:11","date_gmt":"2022-02-10T17:47:11","guid":{"rendered":"https:\/\/multisite.labocosmetica.it\/en\/?page_id=1195"},"modified":"2022-02-10T18:15:58","modified_gmt":"2022-02-10T18:15:58","slug":"privacy-policy","status":"publish","type":"page","link":"https:\/\/multisite.labocosmetica.it\/ie\/privacy-policy\/","title":{"rendered":"Privacy Policy"},"content":{"rendered":"\t\t<div data-elementor-type=\"wp-page\" data-elementor-id=\"1195\" class=\"elementor elementor-1195\" data-elementor-post-type=\"page\">\n\t\t\t\t\t\t<div class=\"elementor-inner\">\n\t\t\t\t<div class=\"elementor-section-wrap\">\n\t\t\t\t\t\t\t\t\t<section class=\"has_eae_slider elementor-section elementor-top-section elementor-element elementor-element-3b547b0 elementor-section-full_width elementor-section-height-default elementor-section-height-default\" data-id=\"3b547b0\" data-element_type=\"section\" data-settings=\"{&quot;jet_parallax_layout_list&quot;:[],&quot;background_background&quot;:&quot;classic&quot;}\">\n\t\t\t\t\t\t<div class=\"elementor-container elementor-column-gap-default\">\n\t\t\t\t\t\t\t<div class=\"elementor-row\">\n\t\t\t\t\t<div class=\"has_eae_slider elementor-column elementor-col-100 elementor-top-column elementor-element elementor-element-ddc90af\" data-id=\"ddc90af\" data-element_type=\"column\">\n\t\t\t<div class=\"elementor-column-wrap elementor-element-populated\">\n\t\t\t\t\t\t\t<div class=\"elementor-widget-wrap\">\n\t\t\t\t\t\t<section class=\"has_eae_slider elementor-section elementor-inner-section elementor-element elementor-element-2545dd2 elementor-section-full_width elementor-section-height-default elementor-section-height-default\" data-id=\"2545dd2\" data-element_type=\"section\" data-settings=\"{&quot;jet_parallax_layout_list&quot;:[],&quot;background_background&quot;:&quot;classic&quot;}\">\n\t\t\t\t\t\t<div class=\"elementor-container elementor-column-gap-default\">\n\t\t\t\t\t\t\t<div class=\"elementor-row\">\n\t\t\t\t\t<div class=\"has_eae_slider elementor-column elementor-col-100 elementor-inner-column elementor-element elementor-element-d517859\" data-id=\"d517859\" data-element_type=\"column\">\n\t\t\t<div class=\"elementor-column-wrap elementor-element-populated\">\n\t\t\t\t\t\t\t<div class=\"elementor-widget-wrap\">\n\t\t\t\t\t\t<div class=\"elementor-element elementor-element-45dd186 elementor-invisible elementor-widget elementor-widget-heading\" data-id=\"45dd186\" data-element_type=\"widget\" data-settings=\"{&quot;_animation&quot;:&quot;zoomIn&quot;}\" data-widget_type=\"heading.default\">\n\t\t\t\t<div class=\"elementor-widget-container\">\n\t\t\t<h2 class=\"elementor-heading-title elementor-size-default\">COOKIE POLICY<\/h2>\t\t<\/div>\n\t\t\t\t<\/div>\n\t\t\t\t\t\t<\/div>\n\t\t\t\t\t<\/div>\n\t\t<\/div>\n\t\t\t\t\t\t\t\t<\/div>\n\t\t\t\t\t<\/div>\n\t\t<\/section>\n\t\t\t\t<section class=\"has_eae_slider elementor-section elementor-inner-section elementor-element elementor-element-21be48e elementor-section-full_width elementor-section-height-default elementor-section-height-default\" data-id=\"21be48e\" data-element_type=\"section\" data-settings=\"{&quot;jet_parallax_layout_list&quot;:[]}\">\n\t\t\t\t\t\t<div class=\"elementor-container elementor-column-gap-default\">\n\t\t\t\t\t\t\t<div class=\"elementor-row\">\n\t\t\t\t\t<div class=\"has_eae_slider elementor-column elementor-col-100 elementor-inner-column elementor-element elementor-element-2b0be60\" data-id=\"2b0be60\" data-element_type=\"column\">\n\t\t\t<div class=\"elementor-column-wrap elementor-element-populated\">\n\t\t\t\t\t\t\t<div class=\"elementor-widget-wrap\">\n\t\t\t\t\t\t<div class=\"elementor-element elementor-element-8475936 elementor-widget elementor-widget-text-editor\" data-id=\"8475936\" data-element_type=\"widget\" data-widget_type=\"text-editor.default\">\n\t\t\t\t<div class=\"elementor-widget-container\">\n\t\t\t\t\t\t\t\t<div class=\"elementor-text-editor elementor-clearfix\">\n\t\t\t\t<p><strong>INFORMATIVA<\/strong><\/p><p>In questa pagina si descrivono le modalit\u00e0 di gestione del presente sito in riferimento al trattamento dei dati personali degli utenti che lo consultano.<\/p><p>Si tratta di un\u2019informativa che \u00e8 resa anche ai sensi dell\u2019art. 13 del Regolamento Europe 679\/2016 \u00a0a coloro che interagiscono con i servizi\u00a0<em>web<\/em>\u00a0del presente sito.<\/p><p>L\u2019informativa \u00e8 resa solo per questo sito internet e non anche per altri siti\u00a0<em>web<\/em>\u00a0eventualmente consultati dall\u2019utente tramite\u00a0<em>link<\/em>.<\/p><p>L\u2019informativa si ispira anche alla Raccomandazione n. 2\/2001 che le autorit\u00e0 europee per la protezione dei dati personali, riunite nel Gruppo istituito dall\u2019art. 29 della direttiva n. 95\/46\/CE, hanno adottato il 17 maggio 2001 per individuare alcuni requisiti minimi per la raccolta di dati personali\u00a0<em>on-line<\/em>, e, in particolare, le modalit\u00e0, i tempi e la natura delle informazioni che i titolari del trattamento devono fornire agli utenti quando questi si collegano a pagine\u00a0<em>web<\/em>, indipendentemente dagli scopi del collegamento.<\/p><p><strong>IL \u201cTITOLARE\u201d DEL TRATTAMENTO<\/strong><\/p><p>A seguito della consultazione di questo sito possono essere trattati dati relativi a persone identificate o identificabili. Il \u201ctitolare\u201d del loro trattamento Labocosmetica S.r.L.. Partita IVA 02916980960, con sede legale in Via Aquileia 44\/46, 20021 Baranzate (Mi).<\/p><p><strong>LUOGO DI TRATTAMENTO DEI DATI E COMUNICAZIONE<\/strong><\/p><p>I trattamenti connessi ai servizi web di questo sito hanno luogo presso la predetta sede della societ\u00e0 e sono curati da personale autorizzato al trattamento. I dati possono essere trattati anche da societ\u00e0 terze che per nostro conto si occupano della gestione della vendita online e\/o della gestione informatica (compreso l\u2019hosting) del sito e\/o della gestione di altre attivit\u00e0 connesse ai servizi web di questo sito; societ\u00e0 residenti e non residenti nell\u2019unione europea, che garantiscono un adeguato livello di protezione dei dati.<\/p><p>I dati, che non saranno diffusi, potranno essere comunicati anche ad altre societ\u00e0 del gruppo Labocosmetica S.r.L. anche non residenti nell\u2019unione europea, che garantiscono un adeguato livello di protezione dei dati.<\/p><p><strong>TIPI DI DATI TRATTATI<\/strong><\/p><p><em>Dati di navigazione<\/em><\/p><p>I sistemi informatici e le procedure\u00a0<em>software<\/em>\u00a0preposte al funzionamento di questo sito\u00a0<em>web<\/em>\u00a0acquisiscono, nel corso del loro normale esercizio, alcuni dati personali la cui trasmissione \u00e8 implicita nell\u2019uso dei protocolli di comunicazione di Internet.<\/p><p>Si tratta di informazioni che non sono raccolte per essere associate a interessati identificati, ma che per loro stessa natura potrebbero, attraverso elaborazioni ed associazioni con dati detenuti da terzi, permettere di identificare gli utenti.<\/p><p>In questa categoria di dati rientrano gli indirizzi IP o i nomi a dominio dei computer utilizzati dagli utenti che si connettono al sito, gli indirizzi in notazione\u00a0<em>URI (Uniform Resource Identifier)<\/em>\u00a0delle risorse richieste, l\u2019orario della richiesta, il metodo utilizzato nel sottoporre la richiesta al server, la dimensione del file ottenuto in risposta, il codice numerico indicante lo stato della risposta data dal\u00a0<em>server<\/em>\u00a0(buon fine, errore, ecc.) ed altri parametri relativi al sistema operativo e all\u2019ambiente informatico dell\u2019utente.<\/p><p>Questi dati vengono utilizzati al solo fine di ricavare informazioni statistiche anonime sull\u2019uso del sito e per controllarne il corretto funzionamento e vengono cancellati immediatamente dopo l\u2019elaborazione. I dati potrebbero essere\u00a0utilizzati per l\u2019accertamento di responsabilit\u00e0 in caso di ipotetici reati informatici ai danni del sito: salva questa eventualit\u00e0, allo stato i dati sui contatti\u00a0<em>web<\/em>\u00a0non persistono per pi\u00f9 di sette giorni.<\/p><p><em>Dati forniti volontariamente dall\u2019utente<\/em><\/p><p>L\u2019invio facoltativo, esplicito e volontario di posta elettronica agli indirizzi indicati su questo sito comporta la successiva acquisizione dell\u2019indirizzo del mittente, necessario per rispondere alle richieste, nonch\u00e9 degli eventuali altri dati personali inseriti nella missiva.<\/p><p>Specifiche informative di sintesi verranno progressivamente riportate o visualizzate nelle pagine del sito predisposte per particolari servizi a richiesta.<\/p><p><em>Cookies<\/em><br \/>Per cookies si intende un elemento testuale che viene inserito nel disco fisso di un computer. I cookies hanno la funzione di snellire l\u2019analisi del traffico su web o di segnalare quando un sito specifico viene visitato e consentono alle applicazioni web di inviare informazioni a singoli utenti.<\/p><p>Tipi di cookie utilizzati nel sito<\/p><ul><li>Sicurezza: cookie che consentono di accedere all\u2019account in tutta sicurezza<\/li><li>Preferenze: cookies utilizzati per memorizzare le preferenze dell\u2019utente, ad esempio la lingua o la visualizzazione dei risultati di ricerca delle posizioni<\/li><li>Analisi: monitoraggio dei flussi di traffico sul sito per individuare i contenuti pi\u00f9 popolari e i problemi potenziali del sito<\/li><li>Funzioni del sito: monitoraggio delle posizioni visualizzate dall\u2019utente, allo scopo di offrire un maggior numero di posizioni affini. Il titolare, inoltre, utilizza i cookie per suddividere gli utenti in gruppi su cui testare nuove funzioni del sito<\/li><li>Pubblicit\u00e0: il titolare utilizza informazioni non identificabili per presentare all\u2019utente banner promozionali sul proprio sito<\/li><\/ul><p>Il consenso da parte dell\u2019utente \u00e8 necessario solo per i cookies di profilazione (Funzioni del sito e Pubblicit\u00e0)<\/p><p>I cookies utilizzati in questo sito sono i seguenti:<\/p><ul><li>Elenco cookies e funzionalit\u00e0<\/li><\/ul><table border=\"1\" width=\"1848\" cellspacing=\"0\" cellpadding=\"0\" align=\"center\"><tbody><tr><td nowrap=\"nowrap\"><strong>Google Analitycs<\/strong><\/td><td nowrap=\"nowrap\">Analytic cookies<\/td><td>__utma<\/td><\/tr><tr><td nowrap=\"nowrap\"><strong>Google Analitycs<\/strong><\/td><td nowrap=\"nowrap\">Analytic cookies<\/td><td>__utmb<\/td><\/tr><tr><td nowrap=\"nowrap\"><strong>Google Analitycs<\/strong><\/td><td nowrap=\"nowrap\">Analytic cookies<\/td><td>__utmc<\/td><\/tr><tr><td nowrap=\"nowrap\"><strong>Google Analitycs<\/strong><\/td><td nowrap=\"nowrap\">Analytic cookies<\/td><td>__utmz<\/td><\/tr><tr><td nowrap=\"nowrap\"><strong>Google Analitycs<\/strong><\/td><td nowrap=\"nowrap\">Analytic cookies<\/td><td>_ga<\/td><\/tr><tr><td nowrap=\"nowrap\"><strong>Google Analitycs<\/strong><\/td><td nowrap=\"nowrap\">Analytic cookies<\/td><td>_gat<\/td><\/tr><tr><td nowrap=\"nowrap\"><strong>Google Analitycs<\/strong><\/td><td nowrap=\"nowrap\">Analytic cookies<\/td><td>_gid<\/td><\/tr><tr><td nowrap=\"nowrap\"><strong>Piwik<\/strong><\/td><td nowrap=\"nowrap\">Functional<\/td><td>_pk_id<\/td><\/tr><tr><td nowrap=\"nowrap\"><strong>Piwik<\/strong><\/td><td nowrap=\"nowrap\">Functional<\/td><td>_pk_ref<\/td><\/tr><tr><td nowrap=\"nowrap\"><strong>Piwik<\/strong><\/td><td nowrap=\"nowrap\">Functional<\/td><td>_pk_ses<\/td><\/tr><\/tbody><\/table><div>\u00a0<\/div><p>L\u2019Utente pu\u00f2 decidere di rifiutare\/disabilitare i cookies del Sito, ove il browser preveda tale opzione, ma, in questo caso, alcune pagine del Sito potrebbero non essere raggiungibili e\/o non funzionare correttamente, impedendo l\u2019erogazione del servizio.<\/p><p><strong>FACOLTATIVITA\u2019 DEL CONFERIMENTO DEI DATI<\/strong><\/p><p>A parte quanto specificato per i dati di navigazione, l\u2019utente \u00e8 libero di fornire i dati personali riportati\u00a0nei moduli di richiesta o comunque indicati in contatti con la societ\u00e0\u00a0per l\u2019invio dei prodotti ordinati o per sollecitare l\u2019invio della newsletter, di materiale informativo o di altre comunicazioni.<\/p><p>Il loro mancato conferimento pu\u00f2 comportare l\u2019impossibilit\u00e0 di ottenere quanto richiesto.<\/p><p>Per completezza va ricordato che in alcuni casi\u00a0(non\u00a0oggetto dell\u2019ordinaria gestione di questo sito) l\u2019Autorit\u00e0 pu\u00f2 richiedere notizie e informazioni ai sensi dell\u2019articolo 157 del Codice in materia di protezione dei dati personali, ai fini del controllo sul trattamento dei dati personali. In questi casi la risposta \u00e8 obbligatoria a pena di sanzione amministrativa.<\/p><p><strong>MODALITA\u2019 DEL TRATTAMENTO<\/strong><\/p><p>I dati personali sono trattati con strumenti automatizzati per il tempo strettamente necessario a conseguire gli scopi per cui sono stati raccolti.<\/p><p>I cookie di sessione scadono se il browser viene chiuso.<\/p><p>I cookie permanenti rimangono nel computer degli utenti anche dopo l\u2019uscita dal sito e cessano di avere effetto dopo 38 mesi dall\u2019ultimo accesso registrato dai cookie.<\/p><p><strong>Istruzioni per la gestione dei cookie<\/strong><\/p><p>Se uso un browser di diverso tipo o versione, fai riferimento al menu \u201cAiuto\u201d del tuo browser.<\/p><p><strong>Internet Explorer 7, 8,\u00a0e 9<\/strong><\/p><ol><li>Clicca sul menu\u00a0<strong>Strumenti<\/strong>\u00a0e seleziona\u00a0<strong>Opzioni Internet<\/strong>.<\/li><li>Clicca sulla sezione\u00a0<strong>Privacy<\/strong>.<\/li><li>Imposta il cursore per scegliere le tue opzioni desiderate.<\/li><li>Per impostazioni pi\u00f9 avanzate sui cookie, clicca su\u00a0<strong>Siti<\/strong>\u00a0o\u00a0<strong>Avanzato<\/strong>.<\/li><\/ol><p>Per maggiori informazioni sull\u2019eliminazione dei cookie in Internet Explorer,\u00a0<a href=\"http:\/\/support.microsoft.com\/kb\/278835\">clicca qui<\/a>.<\/p><p><strong>Google Chrome<\/strong><\/p><ol><li>Clicca sul menu\u00a0<strong>Chrome<\/strong>\u00a0e seleziona\u00a0<strong>Impostazioni<\/strong>.<\/li><li>Clicca su\u00a0<strong>Mostra impostazioni avanzate<\/strong>.<\/li><li>Clicca su\u00a0<strong>Impostazioni contenuti\u00a0<\/strong>per scegliere le tue opzioni desiderate.<\/li><\/ol><p>Per maggiori informazioni sull\u2019eliminazione dei cookie in Chrome,\u00a0<a href=\"http:\/\/support.google.com\/chrome\/bin\/answer.py?hl=it&amp;topic=14666&amp;hlrm=en&amp;ctx=topic&amp;answer=95647\">clicca qui<\/a>.<\/p><p><strong>Mozilla Firefox 14, 15,\u00a0e 16<\/strong><\/p><ol><li>Clicca sul menu\u00a0<strong>Strumenti\u00a0<\/strong>e seleziona\u00a0<strong>Opzioni<\/strong>.<\/li><li>Clicca sul pannello\u00a0<strong>Privacy<\/strong>\u00a0e scegli le tue opzioni desiderate.<\/li><li>Per impostazioni pi\u00f9 avanzate sui cookie, alla voce<strong>\u00a0Impostazioni cronologia:<\/strong>\u00a0seleziona\u00a0<strong>utilizza impostazioni personalizzate<\/strong>.<\/li><\/ol><p>Per maggiori informazioni sull\u2019eliminazione dei cookie in Firefox,\u00a0<a href=\"http:\/\/support.mozilla.org\/it\/kb\/Eliminare%20i%20cookie\">clicca qui<\/a>.<\/p><p><strong>Safari 5.1 e versioni successive (Mac OS X)<\/strong><\/p><ol><li>Clicca sul menu\u00a0<strong>Safari<\/strong>\u00a0e seleziona\u00a0<strong>Preferiti<\/strong>.<\/li><li>Clicca sulla sezione\u00a0<strong>Privacy<\/strong>\u00a0per visualizzare le impostazioni sui cookie.<\/li><li>Scegli le impostazioni desiderate.<\/li><li>Per impostazioni pi\u00f9 avanzate sui cookie, clicca su Dettagli.<\/li><\/ol><p>Specifiche misure di sicurezza sono osservate per prevenire la perdita dei dati, usi illeciti o non corretti ed accessi non autorizzati.<\/p><p><strong>Opera 10, 11,\u00a0e 12<\/strong><\/p><ol><li>Clicca sul menu\u00a0<strong>Opera\u00a0<\/strong>e seleziona\u00a0<strong>Preferenze<\/strong>.<\/li><li>Clicca sul pannello\u00a0<strong>Avanzate.<\/strong><\/li><li>Clicca su\u00a0<strong>Cookie\u00a0<\/strong>per scegliere le tue opzioni desiderate.<\/li><\/ol><p>Per maggiori informazioni sull\u2019eliminazione dei cookie in Opera,\u00a0<a href=\"http:\/\/help.opera.com\/Windows\/10.00\/it\/cookies.html\">clicca qui<\/a>.<\/p><p><strong>DIRITTI DEGLI INTERESSATI<\/strong><\/p><p>La informiamo, infine, che potr\u00e0 esercitare i diritti contemplati dal Regolamento, scrivendo a\u00a0<a href=\"mailto:privacy@mafra.it\">privacy@mafra.it<\/a>. Lei potr\u00e0 pertanto chiedere di avere conoscenza dell\u2019origine dei dati nonch\u00e9 della logica e delle finalit\u00e0 del Trattamento; di ottenere la cancellazione, la trasformazione in forma anonima o il blocco dei dati trattati in violazione di legge, nonch\u00e9 l\u2019aggiornamento, la rettifica o, se vi \u00e8 interesse, l\u2019integrazione dei dati stessi; di opporsi, per motivi legittimi, al trattamento. \u00c8 garantito il diritto a revocare il consenso in qualsiasi momento senza pregiudicare la liceit\u00e0 del trattamento basata sul consenso prestato prima della revoca. \u00c8 garantito il diritto alla portabilit\u00e0 dei dati, a proporre reclamo a un\u2019autorit\u00e0 di controllo.<\/p>\t\t\t\t\t<\/div>\n\t\t\t\t\t\t<\/div>\n\t\t\t\t<\/div>\n\t\t\t\t\t\t<\/div>\n\t\t\t\t\t<\/div>\n\t\t<\/div>\n\t\t\t\t\t\t\t\t<\/div>\n\t\t\t\t\t<\/div>\n\t\t<\/section>\n\t\t\t\t\t\t<\/div>\n\t\t\t\t\t<\/div>\n\t\t<\/div>\n\t\t\t\t\t\t\t\t<\/div>\n\t\t\t\t\t<\/div>\n\t\t<\/section>\n\t\t\t\t\t\t\t\t\t<\/div>\n\t\t\t<\/div>\n\t\t\t\t\t<\/div>\n\t\t","protected":false},"excerpt":{"rendered":"<p>COOKIE POLICY INFORMATIVA In questa pagina si descrivono le modalit\u00e0 di gestione del presente sito in riferimento al trattamento dei dati personali degli utenti che lo consultano. Si tratta di un\u2019informativa che \u00e8 resa anche ai sensi dell\u2019art. 13 del Regolamento Europe 679\/2016 \u00a0a coloro che interagiscono con i servizi\u00a0web\u00a0del presente sito. L\u2019informativa \u00e8 resa&#8230;<\/p>\n","protected":false},"author":1,"featured_media":0,"parent":0,"menu_order":0,"comment_status":"closed","ping_status":"closed","template":"","meta":{"_kad_post_transparent":"","_kad_post_title":"hide","_kad_post_layout":"fullwidth","_kad_post_sidebar_id":"","_kad_post_content_style":"unboxed","_kad_post_vertical_padding":"hide","_kad_post_feature":"hide","_kad_post_feature_position":"","_kad_post_header":false,"_kad_post_footer":false,"footnotes":""},"class_list":["post-1195","page","type-page","status-publish","hentry"],"acf":[],"yoast_head":"<!-- This site is optimized with the Yoast SEO Premium plugin v18.5 (Yoast SEO v20.11) - https:\/\/yoast.com\/wordpress\/plugins\/seo\/ -->\n<title>Privacy Policy - #LABOCOSMETICA - IE - NEW<\/title>\n<meta name=\"robots\" content=\"index, follow, max-snippet:-1, max-image-preview:large, max-video-preview:-1\" \/>\n<link rel=\"canonical\" href=\"https:\/\/multisite.labocosmetica.it\/ie\/privacy-policy\/\" \/>\n<meta property=\"og:locale\" content=\"en_US\" \/>\n<meta property=\"og:type\" content=\"article\" \/>\n<meta property=\"og:title\" content=\"Privacy Policy\" \/>\n<meta property=\"og:description\" content=\"COOKIE POLICY INFORMATIVA In questa pagina si descrivono le modalit\u00e0 di gestione del presente sito in riferimento al trattamento dei dati personali degli utenti che lo consultano. Si tratta di un\u2019informativa che \u00e8 resa anche ai sensi dell\u2019art. 13 del Regolamento Europe 679\/2016 \u00a0a coloro che interagiscono con i servizi\u00a0web\u00a0del presente sito. L\u2019informativa \u00e8 resa...\" \/>\n<meta property=\"og:url\" content=\"https:\/\/multisite.labocosmetica.it\/ie\/privacy-policy\/\" \/>\n<meta property=\"og:site_name\" content=\"#LABOCOSMETICA - IE - NEW\" \/>\n<meta property=\"article:modified_time\" content=\"2022-02-10T18:15:58+00:00\" \/>\n<meta name=\"twitter:card\" content=\"summary_large_image\" \/>\n<meta name=\"twitter:label1\" content=\"Est. reading time\" \/>\n\t<meta name=\"twitter:data1\" content=\"7 minutes\" \/>\n<script type=\"application\/ld+json\" class=\"yoast-schema-graph\">{\"@context\":\"https:\/\/schema.org\",\"@graph\":[{\"@type\":\"WebPage\",\"@id\":\"https:\/\/multisite.labocosmetica.it\/ie\/privacy-policy\/\",\"url\":\"https:\/\/multisite.labocosmetica.it\/ie\/privacy-policy\/\",\"name\":\"Privacy Policy - #LABOCOSMETICA - IE - NEW\",\"isPartOf\":{\"@id\":\"https:\/\/multisite.labocosmetica.it\/ie\/#website\"},\"datePublished\":\"2022-02-10T17:47:11+00:00\",\"dateModified\":\"2022-02-10T18:15:58+00:00\",\"breadcrumb\":{\"@id\":\"https:\/\/multisite.labocosmetica.it\/ie\/privacy-policy\/#breadcrumb\"},\"inLanguage\":\"en-US\",\"potentialAction\":[{\"@type\":\"ReadAction\",\"target\":[\"https:\/\/multisite.labocosmetica.it\/ie\/privacy-policy\/\"]}]},{\"@type\":\"BreadcrumbList\",\"@id\":\"https:\/\/multisite.labocosmetica.it\/ie\/privacy-policy\/#breadcrumb\",\"itemListElement\":[{\"@type\":\"ListItem\",\"position\":1,\"name\":\"Home\",\"item\":\"https:\/\/multisite.labocosmetica.it\/ie\/\"},{\"@type\":\"ListItem\",\"position\":2,\"name\":\"Privacy Policy\"}]},{\"@type\":\"WebSite\",\"@id\":\"https:\/\/multisite.labocosmetica.it\/ie\/#website\",\"url\":\"https:\/\/multisite.labocosmetica.it\/ie\/\",\"name\":\"#LABOCOSMETICA - IE - NEW\",\"description\":\"For the best hands, for the best cars\",\"potentialAction\":[{\"@type\":\"SearchAction\",\"target\":{\"@type\":\"EntryPoint\",\"urlTemplate\":\"https:\/\/multisite.labocosmetica.it\/ie\/?s={search_term_string}\"},\"query-input\":\"required name=search_term_string\"}],\"inLanguage\":\"en-US\"}]}<\/script>\n<!-- \/ Yoast SEO Premium plugin. -->","yoast_head_json":{"title":"Privacy Policy - #LABOCOSMETICA - IE - NEW","robots":{"index":"index","follow":"follow","max-snippet":"max-snippet:-1","max-image-preview":"max-image-preview:large","max-video-preview":"max-video-preview:-1"},"canonical":"https:\/\/multisite.labocosmetica.it\/ie\/privacy-policy\/","og_locale":"en_US","og_type":"article","og_title":"Privacy Policy","og_description":"COOKIE POLICY INFORMATIVA In questa pagina si descrivono le modalit\u00e0 di gestione del presente sito in riferimento al trattamento dei dati personali degli utenti che lo consultano. Si tratta di un\u2019informativa che \u00e8 resa anche ai sensi dell\u2019art. 13 del Regolamento Europe 679\/2016 \u00a0a coloro che interagiscono con i servizi\u00a0web\u00a0del presente sito. L\u2019informativa \u00e8 resa...","og_url":"https:\/\/multisite.labocosmetica.it\/ie\/privacy-policy\/","og_site_name":"#LABOCOSMETICA - IE - NEW","article_modified_time":"2022-02-10T18:15:58+00:00","twitter_card":"summary_large_image","twitter_misc":{"Est. reading time":"7 minutes"},"schema":{"@context":"https:\/\/schema.org","@graph":[{"@type":"WebPage","@id":"https:\/\/multisite.labocosmetica.it\/ie\/privacy-policy\/","url":"https:\/\/multisite.labocosmetica.it\/ie\/privacy-policy\/","name":"Privacy Policy - #LABOCOSMETICA - IE - NEW","isPartOf":{"@id":"https:\/\/multisite.labocosmetica.it\/ie\/#website"},"datePublished":"2022-02-10T17:47:11+00:00","dateModified":"2022-02-10T18:15:58+00:00","breadcrumb":{"@id":"https:\/\/multisite.labocosmetica.it\/ie\/privacy-policy\/#breadcrumb"},"inLanguage":"en-US","potentialAction":[{"@type":"ReadAction","target":["https:\/\/multisite.labocosmetica.it\/ie\/privacy-policy\/"]}]},{"@type":"BreadcrumbList","@id":"https:\/\/multisite.labocosmetica.it\/ie\/privacy-policy\/#breadcrumb","itemListElement":[{"@type":"ListItem","position":1,"name":"Home","item":"https:\/\/multisite.labocosmetica.it\/ie\/"},{"@type":"ListItem","position":2,"name":"Privacy Policy"}]},{"@type":"WebSite","@id":"https:\/\/multisite.labocosmetica.it\/ie\/#website","url":"https:\/\/multisite.labocosmetica.it\/ie\/","name":"#LABOCOSMETICA - IE - NEW","description":"For the best hands, for the best cars","potentialAction":[{"@type":"SearchAction","target":{"@type":"EntryPoint","urlTemplate":"https:\/\/multisite.labocosmetica.it\/ie\/?s={search_term_string}"},"query-input":"required name=search_term_string"}],"inLanguage":"en-US"}]}},"_links":{"self":[{"href":"https:\/\/multisite.labocosmetica.it\/ie\/wp-json\/wp\/v2\/pages\/1195","targetHints":{"allow":["GET"]}}],"collection":[{"href":"https:\/\/multisite.labocosmetica.it\/ie\/wp-json\/wp\/v2\/pages"}],"about":[{"href":"https:\/\/multisite.labocosmetica.it\/ie\/wp-json\/wp\/v2\/types\/page"}],"author":[{"embeddable":true,"href":"https:\/\/multisite.labocosmetica.it\/ie\/wp-json\/wp\/v2\/users\/1"}],"replies":[{"embeddable":true,"href":"https:\/\/multisite.labocosmetica.it\/ie\/wp-json\/wp\/v2\/comments?post=1195"}],"version-history":[{"count":4,"href":"https:\/\/multisite.labocosmetica.it\/ie\/wp-json\/wp\/v2\/pages\/1195\/revisions"}],"predecessor-version":[{"id":1223,"href":"https:\/\/multisite.labocosmetica.it\/ie\/wp-json\/wp\/v2\/pages\/1195\/revisions\/1223"}],"wp:attachment":[{"href":"https:\/\/multisite.labocosmetica.it\/ie\/wp-json\/wp\/v2\/media?parent=1195"}],"curies":[{"name":"wp","href":"https:\/\/api.w.org\/{rel}","templated":true}]}}