{"id":757,"date":"2022-02-08T22:03:32","date_gmt":"2022-02-08T22:03:32","guid":{"rendered":"https:\/\/multisite.labocosmetica.it\/en\/?post_type=product&#038;p=757"},"modified":"2023-04-11T14:44:13","modified_gmt":"2023-04-11T14:44:13","slug":"semper-car-detailing-shampoo-ph-neutro","status":"publish","type":"product","link":"https:\/\/multisite.labocosmetica.it\/ru\/product\/semper-car-detailing-shampoo-ph-neutro\/","title":{"rendered":"#S\u00c8MPER"},"content":{"rendered":"<p>\u25ba <strong>\u041d\u0435\u0439\u0442\u0440\u0430\u043b\u044c\u043d\u044b\u0439 \u0443\u0445\u0430\u0436\u0438\u0432\u0430\u044e\u0449\u0438\u0439 \u0448\u0430\u043c\u043f\u0443\u043d\u044c<\/strong>, \u0441\u0443\u043f\u0435\u0440\u043a\u043e\u043d\u0446\u0435\u043d\u0442\u0440\u0438\u0440\u043e\u0432\u0430\u043d\u043d\u044b\u0439 \u0438 \u0441\u0438\u043b\u044c\u043d\u043e \u0441\u043c\u0430\u0437\u044b\u0432\u0430\u044e\u0449\u0438\u0439.<br \/>\n\u25ba <strong>\u041e\u0431\u043b\u0430\u0434\u0430\u0435\u0442 \u043e\u0442\u043b\u0438\u0447\u043d\u043e\u0439 \u043e\u0447\u0438\u0449\u0430\u044e\u0449\u0435\u0439 \u0441\u043f\u043e\u0441\u043e\u0431\u043d\u043e\u0441\u0442\u044c\u044e \u0438 \u043f\u0440\u0438\u044f\u0442\u043d\u044b\u043c \u0430\u0440\u043e\u043c\u0430\u0442\u043e\u043c.<\/strong><br \/>\n\u25ba <strong>\u041f\u043e\u043b\u043d\u043e\u0441\u0442\u044c\u044e \u0431\u0435\u0437\u043e\u043f\u0430\u0441\u0435\u043d<\/strong> \u0434\u043b\u044f \u043d\u0430\u043d\u043e\u043f\u043e\u043a\u0440\u044b\u0442\u0438\u0439 \u0438 \u0440\u0430\u043d\u0435\u0435 \u043d\u0430\u043d\u0435\u0441\u0435\u043d\u043d\u044b\u0445 \u0433\u0435\u0440\u043c\u0435\u0442\u0438\u043a\u043e\u0432.<br \/>\n\u25ba \u041c\u043e\u0436\u043d\u043e \u0438\u0441\u043f\u043e\u043b\u044c\u0437\u043e\u0432\u0430\u0442\u044c \u0431\u0435\u0437 \u0443\u0434\u0430\u043b\u0435\u043d\u0438\u044f \u043d\u0438\u0436\u0435\u043b\u0435\u0436\u0430\u0449\u0438\u0445 \u0441\u043b\u043e\u0435\u0432 \u0432\u043e\u0441\u043a\u0430, \u0434\u0430\u0436\u0435 \u0441\u0430\u043c\u044b\u0445 \u0434\u0435\u043b\u0438\u043a\u0430\u0442\u043d\u044b\u0445, \u043d\u0430\u043f\u0440\u0438\u043c\u0435\u0440, \u043d\u0430 \u043e\u0441\u043d\u043e\u0432\u0435 \u043a\u0430\u0440\u043d\u0430\u0443\u0431\u044b.<br \/>\n\u25ba \u041b\u0435\u0433\u043a\u043e \u043f\u0440\u043e\u043c\u044b\u0432\u0430\u0435\u0442\u0441\u044f \u0441 \u043f\u043e\u043c\u043e\u0449\u044c\u044e \u043d\u0430\u0441\u0430\u0434\u043a\u0438 <strong>(\u044d\u0444\u0444\u0435\u043a\u0442 \u00ab\u041b\u0435\u0433\u043a\u043e \u043f\u0440\u043e\u043c\u044b\u0442\u044c\u00bb).<\/strong><br \/>\n\u25ba \u041d\u0435 \u0441\u043e\u0434\u0435\u0440\u0436\u0438\u0442 \u0432\u043e\u0441\u043a\u0430 \u0438\u043b\u0438 \u0443\u0441\u0438\u043b\u0438\u0442\u0435\u043b\u0435\u0439 \u0441\u0432\u0435\u0442\u0430, \u043d\u0435 \u043e\u0441\u0442\u0430\u0432\u043b\u044f\u0435\u0442 \u0440\u0430\u0437\u0432\u043e\u0434\u043e\u0432 \u0438 \u043c\u043e\u0436\u0435\u0442 \u0442\u0430\u043a\u0436\u0435 \u0438\u0441\u043f\u043e\u043b\u044c\u0437\u043e\u0432\u0430\u0442\u044c\u0441\u044f \u043d\u0430 \u0441\u0442\u0435\u043a\u043b\u0435.<br \/>\n\u25ba \u0415\u0433\u043e \u043f\u0435\u043d\u0430 \u0440\u0430\u0441\u0442\u0432\u043e\u0440\u044f\u0435\u0442, \u043f\u043e\u0433\u043b\u043e\u0449\u0430\u0435\u0442 \u0438 \u0443\u0434\u0435\u0440\u0436\u0438\u0432\u0430\u0435\u0442 \u0433\u0440\u044f\u0437\u044c \u043d\u0430 \u043f\u043e\u0432\u0435\u0440\u0445\u043d\u043e\u0441\u0442\u0438 \u0430\u0432\u0442\u043e\u043c\u043e\u0431\u0438\u043b\u044f, \u0443\u0434\u0430\u043b\u044f\u044f \u0435\u0435 \u0431\u0435\u0437\u043e\u043f\u0430\u0441\u043d\u043e, \u043d\u043e \u043c\u044f\u0433\u043a\u043e.<br \/>\n\u25ba <strong>\u0418\u0441\u0441\u043b\u0435\u0434\u043e\u0432\u0430\u043d\u043e, \u0440\u0430\u0437\u0440\u0430\u0431\u043e\u0442\u0430\u043d\u043e \u0438 \u0442\u0449\u0430\u0442\u0435\u043b\u044c\u043d\u043e \u043f\u0440\u043e\u0442\u0435\u0441\u0442\u0438\u0440\u043e\u0432\u0430\u043d\u043e \u043b\u0430\u0431\u043e\u0440\u0430\u0442\u043e\u0440\u0438\u044f\u043c\u0438 Mafra<\/strong> \u0432 \u0441\u043e\u0442\u0440\u0443\u0434\u043d\u0438\u0447\u0435\u0441\u0442\u0432\u0435 \u0441 \u0441\u0430\u043c\u044b\u043c\u0438 \u043f\u0440\u0435\u0441\u0442\u0438\u0436\u043d\u044b\u043c\u0438 \u043f\u0440\u043e\u0438\u0437\u0432\u043e\u0434\u0438\u0442\u0435\u043b\u044f\u043c\u0438 \u0441\u043f\u043e\u0440\u0442\u0438\u0432\u043d\u044b\u0445 \u0430\u0432\u0442\u043e\u043c\u043e\u0431\u0438\u043b\u0435\u0439 \u0432 \u043c\u0438\u0440\u0435.<\/p>\n","protected":false},"excerpt":{"rendered":"<p>\u041d\u0415\u0419\u0422\u0420\u0410\u041b\u042c\u041d\u042b\u0419 \u0428\u0410\u041c\u041f\u0423\u041d\u042c \u0414\u041b\u042f \u0423\u0425\u041e\u0414\u0410<\/p>\n","protected":false},"featured_media":1969,"comment_status":"closed","ping_status":"closed","template":"","meta":{"_kad_post_transparent":"default","_kad_post_title":"","_kad_post_layout":"default","_kad_post_sidebar_id":"","_kad_post_content_style":"default","_kad_post_vertical_padding":"default","_kad_post_feature":"","_kad_post_feature_position":"","_kad_post_header":false,"_kad_post_footer":false},"product_cat":[30,27],"product_tag":[],"class_list":["post-757","product","type-product","status-publish","has-post-thumbnail","hentry","product_cat-wash","product_cat-maintenance","wvs-archive-product-wrapper","entry","content-bg","loop-entry"],"acf":[],"yoast_head":"<!-- This site is optimized with the Yoast SEO Premium plugin v18.5 (Yoast SEO v20.11) - https:\/\/yoast.com\/wordpress\/plugins\/seo\/ -->\n<title>#S\u00e8mper 500ml | \u041d\u0435\u0439\u0442\u0440\u0430\u043b\u044c\u043d\u044b\u0439 \u0448\u0430\u043c\u043f\u0443\u043d\u044c \u0434\u043b\u044f \u0442\u0435\u0445\u043d\u0438\u0447\u0435\u0441\u043a\u043e\u0433\u043e \u043e\u0431\u0441\u043b\u0443\u0436\u0438\u0432\u0430\u043d\u0438\u044f | #Labocosmetica<\/title>\n<meta name=\"description\" content=\"#S\u00c8MPER 500 \u043c\u043b \u043e\u0442 #Labocosmetica - \u0448\u0430\u043c\u043f\u0443\u043d\u044c \u043d\u0435\u0439\u0442\u0440\u0430\u043b\u044c\u043d\u043e\u0433\u043e \u0442\u0438\u043f\u0430, \u0441\u0443\u043f\u0435\u0440\u043a\u043e\u043d\u0446\u0435\u043d\u0442\u0440\u0430\u0442 \u0441 \u043c\u0430\u0441\u043b\u044f\u043d\u0438\u0441\u0442\u044b\u043c \u0434\u0435\u0439\u0441\u0442\u0432\u0438\u0435\u043c. #S\u00c8MPER, #REV\u00ccTAX, #PUR\u00ccFICA \u0438 #PR\u00ccMUS \u043a\u0443\u043f\u0435\u043b\u0438 \u0432 \u0446\u0438\u043a\u043b\u0435 \u043c\u044b\u0442\u044c\u044f \u043f\u043e\u0441\u0443\u0434\u044b \u0438\u0437 3-\u0445 \u0447\u0430\u0441\u0442\u0435\u0439 Labocosmetica.\" \/>\n<meta name=\"robots\" content=\"index, follow, max-snippet:-1, max-image-preview:large, max-video-preview:-1\" \/>\n<link rel=\"canonical\" href=\"https:\/\/multisite.labocosmetica.it\/ru\/product\/semper-car-detailing-shampoo-ph-neutro\/\" \/>\n<meta property=\"og:locale\" content=\"uk_UA\" \/>\n<meta property=\"og:type\" content=\"article\" \/>\n<meta property=\"og:title\" content=\"#S\u00c8MPER\" \/>\n<meta property=\"og:description\" content=\"#S\u00c8MPER 500 \u043c\u043b \u043e\u0442 #Labocosmetica - \u0448\u0430\u043c\u043f\u0443\u043d\u044c \u043d\u0435\u0439\u0442\u0440\u0430\u043b\u044c\u043d\u043e\u0433\u043e \u0442\u0438\u043f\u0430, \u0441\u0443\u043f\u0435\u0440\u043a\u043e\u043d\u0446\u0435\u043d\u0442\u0440\u0430\u0442 \u0441 \u043c\u0430\u0441\u043b\u044f\u043d\u0438\u0441\u0442\u044b\u043c \u0434\u0435\u0439\u0441\u0442\u0432\u0438\u0435\u043c. #S\u00c8MPER, #REV\u00ccTAX, #PUR\u00ccFICA \u0438 #PR\u00ccMUS \u043a\u0443\u043f\u0435\u043b\u0438 \u0432 \u0446\u0438\u043a\u043b\u0435 \u043c\u044b\u0442\u044c\u044f \u043f\u043e\u0441\u0443\u0434\u044b \u0438\u0437 3-\u0445 \u0447\u0430\u0441\u0442\u0435\u0439 Labocosmetica.\" \/>\n<meta property=\"og:url\" content=\"https:\/\/multisite.labocosmetica.it\/ru\/product\/semper-car-detailing-shampoo-ph-neutro\/\" \/>\n<meta property=\"og:site_name\" content=\"#LABOCOSMETICA - RU - NEW\" \/>\n<meta property=\"article:modified_time\" content=\"2023-04-11T14:44:13+00:00\" \/>\n<meta property=\"og:image\" content=\"https:\/\/multisite.labocosmetica.it\/ru\/wp-content\/uploads\/sites\/14\/2022\/02\/500ml-SEMPER.jpg\" \/>\n\t<meta property=\"og:image:width\" content=\"800\" \/>\n\t<meta property=\"og:image:height\" content=\"800\" \/>\n\t<meta property=\"og:image:type\" content=\"image\/jpeg\" \/>\n<meta name=\"twitter:card\" content=\"summary_large_image\" \/>\n<meta name=\"twitter:label1\" content=\"\u041f\u0440\u0438\u0431\u043b. \u0447\u0430\u0441 \u0447\u0438\u0442\u0430\u043d\u043d\u044f\" \/>\n\t<meta name=\"twitter:data1\" content=\"1 \u0445\u0432\u0438\u043b\u0438\u043d\u0430\" \/>\n<script type=\"application\/ld+json\" class=\"yoast-schema-graph\">{\"@context\":\"https:\/\/schema.org\",\"@graph\":[{\"@type\":\"WebPage\",\"@id\":\"https:\/\/multisite.labocosmetica.it\/ru\/product\/semper-car-detailing-shampoo-ph-neutro\/\",\"url\":\"https:\/\/multisite.labocosmetica.it\/ru\/product\/semper-car-detailing-shampoo-ph-neutro\/\",\"name\":\"#S\u00e8mper 500ml | \u041d\u0435\u0439\u0442\u0440\u0430\u043b\u044c\u043d\u044b\u0439 \u0448\u0430\u043c\u043f\u0443\u043d\u044c \u0434\u043b\u044f \u0442\u0435\u0445\u043d\u0438\u0447\u0435\u0441\u043a\u043e\u0433\u043e \u043e\u0431\u0441\u043b\u0443\u0436\u0438\u0432\u0430\u043d\u0438\u044f | #Labocosmetica\",\"isPartOf\":{\"@id\":\"https:\/\/multisite.labocosmetica.it\/ru\/#website\"},\"datePublished\":\"2022-02-08T22:03:32+00:00\",\"dateModified\":\"2023-04-11T14:44:13+00:00\",\"description\":\"#S\u00c8MPER 500 \u043c\u043b \u043e\u0442 #Labocosmetica - \u0448\u0430\u043c\u043f\u0443\u043d\u044c \u043d\u0435\u0439\u0442\u0440\u0430\u043b\u044c\u043d\u043e\u0433\u043e \u0442\u0438\u043f\u0430, \u0441\u0443\u043f\u0435\u0440\u043a\u043e\u043d\u0446\u0435\u043d\u0442\u0440\u0430\u0442 \u0441 \u043c\u0430\u0441\u043b\u044f\u043d\u0438\u0441\u0442\u044b\u043c \u0434\u0435\u0439\u0441\u0442\u0432\u0438\u0435\u043c. #S\u00c8MPER, #REV\u00ccTAX, #PUR\u00ccFICA \u0438 #PR\u00ccMUS \u043a\u0443\u043f\u0435\u043b\u0438 \u0432 \u0446\u0438\u043a\u043b\u0435 \u043c\u044b\u0442\u044c\u044f \u043f\u043e\u0441\u0443\u0434\u044b \u0438\u0437 3-\u0445 \u0447\u0430\u0441\u0442\u0435\u0439 Labocosmetica.\",\"breadcrumb\":{\"@id\":\"https:\/\/multisite.labocosmetica.it\/ru\/product\/semper-car-detailing-shampoo-ph-neutro\/#breadcrumb\"},\"inLanguage\":\"uk\",\"potentialAction\":[{\"@type\":\"ReadAction\",\"target\":[\"https:\/\/multisite.labocosmetica.it\/ru\/product\/semper-car-detailing-shampoo-ph-neutro\/\"]}]},{\"@type\":\"BreadcrumbList\",\"@id\":\"https:\/\/multisite.labocosmetica.it\/ru\/product\/semper-car-detailing-shampoo-ph-neutro\/#breadcrumb\",\"itemListElement\":[{\"@type\":\"ListItem\",\"position\":1,\"name\":\"Home\",\"item\":\"https:\/\/multisite.labocosmetica.it\/ru\/\"},{\"@type\":\"ListItem\",\"position\":2,\"name\":\"Shop\",\"item\":\"https:\/\/multisite.labocosmetica.it\/ru\/shop\/\"},{\"@type\":\"ListItem\",\"position\":3,\"name\":\"#S\u00c8MPER\"}]},{\"@type\":\"WebSite\",\"@id\":\"https:\/\/multisite.labocosmetica.it\/ru\/#website\",\"url\":\"https:\/\/multisite.labocosmetica.it\/ru\/\",\"name\":\"#LABOCOSMETICA - RU - NEW\",\"description\":\"The best hands, for the best cars\",\"potentialAction\":[{\"@type\":\"SearchAction\",\"target\":{\"@type\":\"EntryPoint\",\"urlTemplate\":\"https:\/\/multisite.labocosmetica.it\/ru\/?s={search_term_string}\"},\"query-input\":\"required name=search_term_string\"}],\"inLanguage\":\"uk\"}]}<\/script>\n<!-- \/ Yoast SEO Premium plugin. -->","yoast_head_json":{"title":"#S\u00e8mper 500ml | \u041d\u0435\u0439\u0442\u0440\u0430\u043b\u044c\u043d\u044b\u0439 \u0448\u0430\u043c\u043f\u0443\u043d\u044c \u0434\u043b\u044f \u0442\u0435\u0445\u043d\u0438\u0447\u0435\u0441\u043a\u043e\u0433\u043e \u043e\u0431\u0441\u043b\u0443\u0436\u0438\u0432\u0430\u043d\u0438\u044f | #Labocosmetica","description":"#S\u00c8MPER 500 \u043c\u043b \u043e\u0442 #Labocosmetica - \u0448\u0430\u043c\u043f\u0443\u043d\u044c \u043d\u0435\u0439\u0442\u0440\u0430\u043b\u044c\u043d\u043e\u0433\u043e \u0442\u0438\u043f\u0430, \u0441\u0443\u043f\u0435\u0440\u043a\u043e\u043d\u0446\u0435\u043d\u0442\u0440\u0430\u0442 \u0441 \u043c\u0430\u0441\u043b\u044f\u043d\u0438\u0441\u0442\u044b\u043c \u0434\u0435\u0439\u0441\u0442\u0432\u0438\u0435\u043c. #S\u00c8MPER, #REV\u00ccTAX, #PUR\u00ccFICA \u0438 #PR\u00ccMUS \u043a\u0443\u043f\u0435\u043b\u0438 \u0432 \u0446\u0438\u043a\u043b\u0435 \u043c\u044b\u0442\u044c\u044f \u043f\u043e\u0441\u0443\u0434\u044b \u0438\u0437 3-\u0445 \u0447\u0430\u0441\u0442\u0435\u0439 Labocosmetica.","robots":{"index":"index","follow":"follow","max-snippet":"max-snippet:-1","max-image-preview":"max-image-preview:large","max-video-preview":"max-video-preview:-1"},"canonical":"https:\/\/multisite.labocosmetica.it\/ru\/product\/semper-car-detailing-shampoo-ph-neutro\/","og_locale":"uk_UA","og_type":"article","og_title":"#S\u00c8MPER","og_description":"#S\u00c8MPER 500 \u043c\u043b \u043e\u0442 #Labocosmetica - \u0448\u0430\u043c\u043f\u0443\u043d\u044c \u043d\u0435\u0439\u0442\u0440\u0430\u043b\u044c\u043d\u043e\u0433\u043e \u0442\u0438\u043f\u0430, \u0441\u0443\u043f\u0435\u0440\u043a\u043e\u043d\u0446\u0435\u043d\u0442\u0440\u0430\u0442 \u0441 \u043c\u0430\u0441\u043b\u044f\u043d\u0438\u0441\u0442\u044b\u043c \u0434\u0435\u0439\u0441\u0442\u0432\u0438\u0435\u043c. #S\u00c8MPER, #REV\u00ccTAX, #PUR\u00ccFICA \u0438 #PR\u00ccMUS \u043a\u0443\u043f\u0435\u043b\u0438 \u0432 \u0446\u0438\u043a\u043b\u0435 \u043c\u044b\u0442\u044c\u044f \u043f\u043e\u0441\u0443\u0434\u044b \u0438\u0437 3-\u0445 \u0447\u0430\u0441\u0442\u0435\u0439 Labocosmetica.","og_url":"https:\/\/multisite.labocosmetica.it\/ru\/product\/semper-car-detailing-shampoo-ph-neutro\/","og_site_name":"#LABOCOSMETICA - RU - NEW","article_modified_time":"2023-04-11T14:44:13+00:00","og_image":[{"width":800,"height":800,"url":"https:\/\/multisite.labocosmetica.it\/ru\/wp-content\/uploads\/sites\/14\/2022\/02\/500ml-SEMPER.jpg","type":"image\/jpeg"}],"twitter_card":"summary_large_image","twitter_misc":{"\u041f\u0440\u0438\u0431\u043b. \u0447\u0430\u0441 \u0447\u0438\u0442\u0430\u043d\u043d\u044f":"1 \u0445\u0432\u0438\u043b\u0438\u043d\u0430"},"schema":{"@context":"https:\/\/schema.org","@graph":[{"@type":"WebPage","@id":"https:\/\/multisite.labocosmetica.it\/ru\/product\/semper-car-detailing-shampoo-ph-neutro\/","url":"https:\/\/multisite.labocosmetica.it\/ru\/product\/semper-car-detailing-shampoo-ph-neutro\/","name":"#S\u00e8mper 500ml | \u041d\u0435\u0439\u0442\u0440\u0430\u043b\u044c\u043d\u044b\u0439 \u0448\u0430\u043c\u043f\u0443\u043d\u044c \u0434\u043b\u044f \u0442\u0435\u0445\u043d\u0438\u0447\u0435\u0441\u043a\u043e\u0433\u043e \u043e\u0431\u0441\u043b\u0443\u0436\u0438\u0432\u0430\u043d\u0438\u044f | #Labocosmetica","isPartOf":{"@id":"https:\/\/multisite.labocosmetica.it\/ru\/#website"},"datePublished":"2022-02-08T22:03:32+00:00","dateModified":"2023-04-11T14:44:13+00:00","description":"#S\u00c8MPER 500 \u043c\u043b \u043e\u0442 #Labocosmetica - \u0448\u0430\u043c\u043f\u0443\u043d\u044c \u043d\u0435\u0439\u0442\u0440\u0430\u043b\u044c\u043d\u043e\u0433\u043e \u0442\u0438\u043f\u0430, \u0441\u0443\u043f\u0435\u0440\u043a\u043e\u043d\u0446\u0435\u043d\u0442\u0440\u0430\u0442 \u0441 \u043c\u0430\u0441\u043b\u044f\u043d\u0438\u0441\u0442\u044b\u043c \u0434\u0435\u0439\u0441\u0442\u0432\u0438\u0435\u043c. #S\u00c8MPER, #REV\u00ccTAX, #PUR\u00ccFICA \u0438 #PR\u00ccMUS \u043a\u0443\u043f\u0435\u043b\u0438 \u0432 \u0446\u0438\u043a\u043b\u0435 \u043c\u044b\u0442\u044c\u044f \u043f\u043e\u0441\u0443\u0434\u044b \u0438\u0437 3-\u0445 \u0447\u0430\u0441\u0442\u0435\u0439 Labocosmetica.","breadcrumb":{"@id":"https:\/\/multisite.labocosmetica.it\/ru\/product\/semper-car-detailing-shampoo-ph-neutro\/#breadcrumb"},"inLanguage":"uk","potentialAction":[{"@type":"ReadAction","target":["https:\/\/multisite.labocosmetica.it\/ru\/product\/semper-car-detailing-shampoo-ph-neutro\/"]}]},{"@type":"BreadcrumbList","@id":"https:\/\/multisite.labocosmetica.it\/ru\/product\/semper-car-detailing-shampoo-ph-neutro\/#breadcrumb","itemListElement":[{"@type":"ListItem","position":1,"name":"Home","item":"https:\/\/multisite.labocosmetica.it\/ru\/"},{"@type":"ListItem","position":2,"name":"Shop","item":"https:\/\/multisite.labocosmetica.it\/ru\/shop\/"},{"@type":"ListItem","position":3,"name":"#S\u00c8MPER"}]},{"@type":"WebSite","@id":"https:\/\/multisite.labocosmetica.it\/ru\/#website","url":"https:\/\/multisite.labocosmetica.it\/ru\/","name":"#LABOCOSMETICA - RU - NEW","description":"The best hands, for the best cars","potentialAction":[{"@type":"SearchAction","target":{"@type":"EntryPoint","urlTemplate":"https:\/\/multisite.labocosmetica.it\/ru\/?s={search_term_string}"},"query-input":"required name=search_term_string"}],"inLanguage":"uk"}]}},"_links":{"self":[{"href":"https:\/\/multisite.labocosmetica.it\/ru\/wp-json\/wp\/v2\/product\/757","targetHints":{"allow":["GET"]}}],"collection":[{"href":"https:\/\/multisite.labocosmetica.it\/ru\/wp-json\/wp\/v2\/product"}],"about":[{"href":"https:\/\/multisite.labocosmetica.it\/ru\/wp-json\/wp\/v2\/types\/product"}],"replies":[{"embeddable":true,"href":"https:\/\/multisite.labocosmetica.it\/ru\/wp-json\/wp\/v2\/comments?post=757"}],"wp:featuredmedia":[{"embeddable":true,"href":"https:\/\/multisite.labocosmetica.it\/ru\/wp-json\/wp\/v2\/media\/1969"}],"wp:attachment":[{"href":"https:\/\/multisite.labocosmetica.it\/ru\/wp-json\/wp\/v2\/media?parent=757"}],"wp:term":[{"taxonomy":"product_cat","embeddable":true,"href":"https:\/\/multisite.labocosmetica.it\/ru\/wp-json\/wp\/v2\/product_cat?post=757"},{"taxonomy":"product_tag","embeddable":true,"href":"https:\/\/multisite.labocosmetica.it\/ru\/wp-json\/wp\/v2\/product_tag?post=757"}],"curies":[{"name":"wp","href":"https:\/\/api.w.org\/{rel}","templated":true}]}}